{"id":7483,"date":"2025-02-05T13:31:13","date_gmt":"2025-02-05T16:31:13","guid":{"rendered":"https:\/\/pos.uel.br\/letras\/?page_id=7483"},"modified":"2025-03-20T00:24:49","modified_gmt":"2025-03-20T03:24:49","slug":"estudiante_especial","status":"publish","type":"page","link":"https:\/\/pos.uel.br\/letras\/es\/estudiante_especial\/","title":{"rendered":"Estudiante especial"},"content":{"rendered":"\n<p><\/p>\n\n\n\n<div class=\"wp-block-columns is-layout-flex wp-container-core-columns-is-layout-9d6595d7 wp-block-columns-is-layout-flex\">\n<div class=\"wp-block-column is-layout-flow wp-block-column-is-layout-flow\">\n<p>MODALIDADES DE INGRESO COMO ESTUDIANTE ESPECIAL EN LOS CURSOS\/PROGRAMAS DE LA UEL<br><br><strong>1.  Quienes posean el grado de Licenciado en Curso de grado<\/strong><\/p>\n\n\n\n<p>El ingreso se realiza a trav\u00e9s de un Proceso Selectivo que ocurre dos veces al a\u00f1o, de acuerdo con el calendario de la UEL y los criterios de selecci\u00f3n espec\u00edficos de cada curso.<br><br><strong>2.  Matriculado en un Programa <em>Stricto Sensu<\/em> de la UEL<\/strong><\/p>\n\n\n\n<p>El estudiante regularmente matriculado en un Programa de Posgrado en la UEL podr\u00e1 solicitar la inscripci\u00f3n en asignatura(s) ofrecida(s) por el Curso\/Programa de inter\u00e9s a trav\u00e9s del enlace \u2013 Incluir Asignaturas en el Portal del Estudiante. El per\u00edodo de inclusi\u00f3n comienza con el per\u00edodo lectivo de los Cursos de Posgrado de la UEL (<a href=\"https:\/\/pos.uel.br\/letras\/wp-content\/uploads\/2025\/01\/CalendarioStricto_2025-2026.pdf\" target=\"_blank\" rel=\"noreferrer noopener\">Calendario <em>Stricto Sensu<\/em><\/a>).<br><br><strong>* LOS EDITALES PARA LAS MODALIDADES ANTERIORES SE ENCUENTRAN EN LA PESTA\u00d1A DE LOS RESPECTIVOS PROCESOS SELECTIVOS EN LA P\u00c1GINA INICIAL DEL SITIO WEB DEL PPGL.<\/strong><br><\/p>\n\n\n\n<p><strong>3. Matriculado en un Programa <em>Stricto Sensu<\/em> de otra Instituci\u00f3n de Educaci\u00f3n Superior<\/strong><\/p>\n\n\n\n<p>El Reglamento General de los cursos <em>Stricto Sensu<\/em> de la UEL \u2013 Universidad Estatal de Londrina \u2013 establece, en su art\u00edculo 27, que los\/las estudiantes regularmente matriculados\/as en Cursos\/Programas de otras IES, debidamente reconocidos por la CAPES, podr\u00e1n cursar asignaturas como estudiante especial, ofrecidas en cualquier momento durante el per\u00edodo lectivo por los Programas de la UEL, siempre que sean autorizados\/as por el\/la docente responsable de la asignatura y por el\/la Coordinador\/a del Programa.<br><br>El cuadro de horarios con las asignaturas del segundo semestre de 2025 se presenta a continuaci\u00f3n:<br><br><\/p>\n\n\n\n<figure style=\"font-size:14px\" class=\"wp-block-table\"><table><tbody><tr><td><strong>DISCIPLINA<\/strong><\/td><td><strong>DOCENTE<\/strong><\/td><td><strong>DIA DE LA SEMANA\/HORARIO<\/strong><\/td><\/tr><tr><td><strong>2 LET 797<\/strong> \u2013 Seminario de Estudios Literarios (3 cr\/45h)<\/td><td>Prof\u00aa Dr\u00aa Ellen Mariany da Silva Dias<\/td><td>Mi\u00e9rcoles<br>9h00 \u2013 11h15<br><strong>Inicio: 26\/03\/2025<\/strong><\/td><\/tr><tr><td><strong>2 LET 952 \u2013 <\/strong>Voces femeninas en la literatura (3 cr\/45h)<\/td><td>Prof\u00aa Dr\u00aa Suely Leite<\/td><td>Jueves<br>9h00 \u2013 11h15<br><strong>Inicio: 03\/04\/2025<\/strong><\/td><\/tr><tr><td><strong>2 LET 956<\/strong> \u2013 Literatura, cine y sus materialidades (3 cr\/45h)<\/td><td>Prof\u00aa Dr\u00aa Barbara Cristina Marques<\/td><td>Jueves<br>16h00-18h15<br><strong>Inicio: 03\/04\/2025<\/strong><\/td><\/tr><tr><td><strong>2 LET 799<\/strong> \u2013 Poes\u00eda, poema y oralidades de vanguardia (3 cr\/45h)<\/td><td>Prof. Dr. Frederico Augusto Garcia Fernandes<\/td><td>Viernes<br>9h00-11h15<br>I<strong>nicio: 21\/03\/2025<\/strong><\/td><\/tr><tr><td><strong>2 ART 220<\/strong> \u2013 El Surrealismo y el reencantamiento de la vida (3 cr\/45h)<\/td><td>Prof\u00aa Dr\u00aa Marta Dantas da Silva<\/td><td>Viernes<br>13h30-15h45<br><strong>Inicio: 14\/03\/2025<\/strong><\/td><\/tr><\/tbody><\/table><\/figure>\n\n\n\n<p><strong><br>Lugar: aula 133 del CLCH<\/strong><br><br><strong>* Todas las disciplinas ser\u00e1n presenciales<\/strong><br><br><strong>Para acceder a los programas de las asignaturas ofrecidas a partir del ANEXO DE LA DELIBERACI\u00d3N \u2013 Colegio PPG Stricto Sensu N\u00ba 005\/2023, haga clic <a href=\"https:\/\/pos.uel.br\/letras\/disciplinas-eletivas\/\">AQU\u00cd<\/a>.<\/strong><br><br>Para fines de solicitud de asignatura(s), es obligatorio lo siguiente:<\/p>\n\n\n\n<p>I. Completar la Solicitud de Matr\u00edcula &#8211; Estudiante de Otra Instituci\u00f3n (Formulario en L\u00ednea), disponible <a href=\"https:\/\/docs.google.com\/forms\/d\/e\/1FAIpQLSfeAPHJtkoSJ8JV_ZDoHVnR4TjAbSJHUa3RiIqckrekyhGHmw\/viewform\" target=\"_blank\" rel=\"noreferrer noopener\">AQU\u00cd<\/a>. Para completarlo, tenga a la mano sus documentos personales, datos acad\u00e9micos de Grado, Posgrado y direcci\u00f3n;<br>II. Adjuntar a la Solicitud el comprobante de matr\u00edcula de la Instituci\u00f3n de origen, digitalizado en formato PDF;<br>III. Adjuntar a la Solicitud una carta del\/de la director\/a recomendando la realizaci\u00f3n de la(s) asignatura(s) (describir el c\u00f3digo y nombre de la asignatura a solicitar), digitalizada en formato PDF.<\/p>\n\n\n\n<p>El plazo para solicitar la matr\u00edcula en asignatura(s) es el <strong>21 de febrero de 2025.<\/strong><br><br>A) Despu\u00e9s de hacer clic en ENVIAR el Formulario en L\u00ednea, recibir\u00e1 en su correo electr\u00f3nico una copia de las respuestas como comprobante del env\u00edo.<br>B) Una vez recibido el pedido, la Coordinaci\u00f3n del Curso\/Programa realizar\u00e1 el an\u00e1lisis. El resultado de la solicitud ser\u00e1 informado al solicitante por correo electr\u00f3nico en un plazo de 5 d\u00edas.<\/p>\n\n\n\n<p><br><br><br><\/p>\n\n\n\n<p><br><br><\/p>\n<\/div>\n<\/div>\n","protected":false},"excerpt":{"rendered":"<p>MODALIDADES DE INGRESO COMO ESTUDIANTE ESPECIAL EN LOS CURSOS\/PROGRAMAS DE LA UEL 1. Quienes posean el grado de Licenciado en Curso de grado El ingreso se realiza a trav\u00e9s de un Proceso Selectivo que ocurre dos veces al a\u00f1o, de acuerdo con el calendario de la UEL y los criterios de selecci\u00f3n espec\u00edficos de cada [&hellip;]<\/p>\n","protected":false},"author":9,"featured_media":0,"parent":0,"menu_order":0,"comment_status":"closed","ping_status":"closed","template":"","meta":{"_acf_changed":false,"footnotes":""},"class_list":["post-7483","page","type-page","status-publish","hentry"],"acf":[],"_links":{"self":[{"href":"https:\/\/pos.uel.br\/letras\/wp-json\/wp\/v2\/pages\/7483","targetHints":{"allow":["GET"]}}],"collection":[{"href":"https:\/\/pos.uel.br\/letras\/wp-json\/wp\/v2\/pages"}],"about":[{"href":"https:\/\/pos.uel.br\/letras\/wp-json\/wp\/v2\/types\/page"}],"author":[{"embeddable":true,"href":"https:\/\/pos.uel.br\/letras\/wp-json\/wp\/v2\/users\/9"}],"replies":[{"embeddable":true,"href":"https:\/\/pos.uel.br\/letras\/wp-json\/wp\/v2\/comments?post=7483"}],"version-history":[{"count":32,"href":"https:\/\/pos.uel.br\/letras\/wp-json\/wp\/v2\/pages\/7483\/revisions"}],"predecessor-version":[{"id":9986,"href":"https:\/\/pos.uel.br\/letras\/wp-json\/wp\/v2\/pages\/7483\/revisions\/9986"}],"wp:attachment":[{"href":"https:\/\/pos.uel.br\/letras\/wp-json\/wp\/v2\/media?parent=7483"}],"curies":[{"name":"wp","href":"https:\/\/api.w.org\/{rel}","templated":true}]}}