{"id":747,"date":"2021-07-28T15:52:47","date_gmt":"2021-07-28T18:52:47","guid":{"rendered":"https:\/\/pos.uel.br\/letras\/?page_id=747"},"modified":"2026-01-20T11:52:40","modified_gmt":"2026-01-20T14:52:40","slug":"chamadas-de-bolsa","status":"publish","type":"page","link":"https:\/\/pos.uel.br\/letras\/chamadas-de-bolsa\/","title":{"rendered":"Chamada de Bolsas"},"content":{"rendered":"\n<div class=\"wp-block-columns is-layout-flex wp-container-core-columns-is-layout-9d6595d7 wp-block-columns-is-layout-flex\">\n<div class=\"wp-block-column is-layout-flow wp-block-column-is-layout-flow\">\n<p><\/p>\n<\/div>\n<\/div>\n\n\n\n<div class=\"wp-block-columns is-layout-flex wp-container-core-columns-is-layout-9d6595d7 wp-block-columns-is-layout-flex\">\n<div class=\"wp-block-column is-layout-flow wp-block-column-is-layout-flow\">\n<div class=\"wp-block-uel-card\">\n<p class=\"has-text-align-center\"><strong>Mestrado e Doutorado<\/strong><\/p>\n\n\n\n<p style=\"font-size:15px\"><br><strong>2026<\/strong><br><a href=\"https:\/\/pos.uel.br\/letras\/wp-content\/uploads\/2026\/01\/Edital02_20226_Chamada_Bolsa_Doutorado_assinado.pdf\" target=\"_blank\" rel=\"noreferrer noopener\">EDITAL N\u00ba 02\/2026 <\/a>\u2013 Chamada de Bolsas de Doutorado<br><a href=\"https:\/\/pos.uel.br\/letras\/wp-content\/uploads\/2026\/01\/Edital03_2026_Candidaturas_homologadas_assinado.pdf\" target=\"_blank\" rel=\"noreferrer noopener\">EDITAL N\u00ba 03\/2026<\/a> \u2013 Candidaturas homologadas<br><a href=\"https:\/\/pos.uel.br\/letras\/wp-content\/uploads\/2026\/01\/Edital04_2026_Resultado_final_assinado.pdf\" target=\"_blank\" rel=\"noreferrer noopener\">EDITAL N\u00ba 04\/2026<\/a> \u2013 Resultado da sele\u00e7\u00e3o<\/p>\n\n\n\n<div class=\"wp-block-columns is-layout-flex wp-container-core-columns-is-layout-9d6595d7 wp-block-columns-is-layout-flex\">\n<div class=\"wp-block-column is-layout-flow wp-block-column-is-layout-flow\" style=\"font-size:15px\">\n<p style=\"font-size:15px\"><strong>2025<\/strong><\/p>\n\n\n\n<p><strong>Julho<\/strong><br><a href=\"https:\/\/pos.uel.br\/letras\/wp-content\/uploads\/2025\/07\/Edital10_2025_Chamada_Bolsas_Mestrado_assinado.pdf\" target=\"_blank\" rel=\"noreferrer noopener\">EDITAL 10\/2025<\/a> \u2013 Chamada de Bolsas de Mestrado<br><a href=\"https:\/\/pos.uel.br\/letras\/wp-content\/uploads\/2025\/07\/Edital11_2025_Chamada_Bolsas_Mestrado_candidaturashomologadas_assinado.pdf\" target=\"_blank\" rel=\"noreferrer noopener\">EDITAL 11\/2025 <\/a>\u2013 Candidaturas homologadas<br><a href=\"https:\/\/pos.uel.br\/letras\/wp-content\/uploads\/2025\/07\/Edital12_2025_Chamada_Bolsas_Mestrado_resultadofinal_assinado.pdf\" target=\"_blank\" rel=\"noreferrer noopener\">EDITAL 12\/2025<\/a> \u2013 Resultado final<\/p>\n\n\n\n<p style=\"font-size:15px\"><strong>Fevereiro<\/strong><br><a href=\"https:\/\/pos.uel.br\/letras\/wp-content\/uploads\/2025\/02\/Edital-02-2025-chamada-bolsas-de-doutorado.pdf\" target=\"_blank\" rel=\"noreferrer noopener\">EDITAL 02\/2025<\/a> \u2013 Chamada de Bolsas de Doutorado<br><a href=\"https:\/\/pos.uel.br\/letras\/wp-content\/uploads\/2025\/02\/Edital-03-2025-candidaturas-homologadas-chamada-bolsas-D.pdf\" target=\"_blank\" rel=\"noreferrer noopener\">EDITAL 03\/2025<\/a> \u2013 Candidaturas homologadas<br><a href=\"https:\/\/pos.uel.br\/letras\/wp-content\/uploads\/2025\/02\/Edital-04-2025-resultado-bolsas-de-doutorado.pdf\" target=\"_blank\" rel=\"noreferrer noopener\">EDITAL 04\/2025<\/a> \u2013 Resultado<\/p>\n\n\n\n<div class=\"wp-block-columns is-layout-flex wp-container-core-columns-is-layout-9d6595d7 wp-block-columns-is-layout-flex\" style=\"font-size:15px\">\n<div class=\"wp-block-column is-layout-flow wp-block-column-is-layout-flow\">\n<h2 class=\"wp-block-heading\" style=\"font-size:15px\">2024<\/h2>\n\n\n\n<div class=\"wp-block-columns is-layout-flex wp-container-core-columns-is-layout-9d6595d7 wp-block-columns-is-layout-flex\">\n<div class=\"wp-block-column is-layout-flow wp-block-column-is-layout-flow\">\n<p style=\"font-size:15px\"><strong>Setembro<\/strong><br><a href=\"https:\/\/pos.uel.br\/letras\/wp-content\/uploads\/2024\/09\/Edital-38-2024-chamada-de-bolsas-de-doutorado.pdf\" target=\"_blank\" rel=\"noreferrer noopener\">EDITAL 38\/2024<\/a> \u2013 Chamada de Bolsas de Doutorado<br><a href=\"https:\/\/pos.uel.br\/letras\/wp-content\/uploads\/2024\/09\/Edital-39-2024-candidaturas-homologadas.pdf\" target=\"_blank\" rel=\"noreferrer noopener\">EDITAL 39\/2024<\/a> \u2013 Candidaturas homologadas<br><a href=\"https:\/\/pos.uel.br\/letras\/wp-content\/uploads\/2024\/09\/Edital-40-2024-resultado-chamada-de-bolsas.pdf\" target=\"_blank\" rel=\"noreferrer noopener\">EDITAL 40\/2024<\/a> \u2013 Resultado<\/p>\n\n\n\n<p><strong>Julho<\/strong><br><a href=\"https:\/\/pos.uel.br\/letras\/wp-content\/uploads\/2024\/07\/Edital-29-2024-chamada-de-bolsas-de-mestrado.pdf\" target=\"_blank\" rel=\"noreferrer noopener\">EDITAL 29\/2024<\/a> \u2013 Chamada de Bolsas de Mestrado<br><a href=\"https:\/\/pos.uel.br\/letras\/wp-content\/uploads\/2024\/07\/Edital-30-2024-candidaturas-homologadas-bolsas-mestrado.pdf\" target=\"_blank\" rel=\"noreferrer noopener\">EDITAL 30\/2024<\/a> \u2013 Candidaturas homologadas<br><a href=\"https:\/\/pos.uel.br\/letras\/wp-content\/uploads\/2024\/07\/Edital-31-2024-chamada-bolsa-mestrado-resultado-final.pdf\" target=\"_blank\" rel=\"noreferrer noopener\">EDITAL 31\/2024 <\/a> \u2013 Resultado<\/p>\n\n\n\n<p><strong>Mar\u00e7o<\/strong><br><a href=\"https:\/\/pos.uel.br\/letras\/wp-content\/uploads\/2024\/03\/Edital-11-2024-chamada-bolsa-doutorado.pdf\" target=\"_blank\" rel=\"noreferrer noopener\">EDITAL 11\/2024<\/a> \u2013 Chamada de Bolsas de Doutorado<br><a href=\"https:\/\/pos.uel.br\/letras\/wp-content\/uploads\/2024\/03\/Edital-12-2024-candidaturas-homologadas.pdf\" target=\"_blank\" rel=\"noreferrer noopener\">EDITAL 12\/2024<\/a> \u2013 Candidaturas homologadas<br><a href=\"https:\/\/pos.uel.br\/letras\/wp-content\/uploads\/2024\/03\/Edital-13-2024-resultado-final-chamada-bolsas.pdf\" target=\"_blank\" rel=\"noreferrer noopener\">EDITAL 13\/2024<\/a> \u2013 Resultado<\/p>\n\n\n\n<p><strong>Fevereiro<\/strong><br><a href=\"https:\/\/pos.uel.br\/letras\/wp-content\/uploads\/2024\/02\/Edital-04-2024-chamada-de-bolsas.pdf\" target=\"_blank\" rel=\"noreferrer noopener\">EDITAL 04\/2024<\/a> \u2013 Chamada de Bolsas de Mestrado e Doutorado<br><a href=\"https:\/\/pos.uel.br\/letras\/wp-content\/uploads\/2024\/02\/Edital-06-2024-homologac\u0327a\u0303o-candidaturas-bolsas-M-D.pdf\" target=\"_blank\" rel=\"noreferrer noopener\">EDITAL 06\/2024<\/a> \u2013 Candidaturas homologadas<br><a href=\"https:\/\/pos.uel.br\/letras\/wp-content\/uploads\/2024\/02\/Edital-07-2024-resultado-chamada-de-bolsas-M-D.pdf\" target=\"_blank\" rel=\"noreferrer noopener\">EDITAL 07\/2024<\/a> \u2013 Resultado<\/p>\n<\/div>\n<\/div>\n\n\n\n<div class=\"wp-block-buttons is-content-justification-center is-layout-flex wp-container-core-buttons-is-layout-16018d1d wp-block-buttons-is-layout-flex\">\n<div class=\"wp-block-button is-style-outline is-style-outline--1\"><a class=\"wp-block-button__link has-text-align-center has-custom-font-size wp-element-button\" href=\"https:\/\/pos.uel.br\/letras\/bolsas-mestrado-e-doutorado\/\" style=\"border-radius:4px;font-size:13px\" target=\"_blank\" rel=\"noreferrer noopener\">Ver mais<\/a><\/div>\n<\/div>\n<\/div>\n<\/div>\n<\/div>\n<\/div>\n<\/div>\n\n\n\n<div class=\"wp-block-columns is-layout-flex wp-container-core-columns-is-layout-9d6595d7 wp-block-columns-is-layout-flex\">\n<div class=\"wp-block-column is-layout-flow wp-block-column-is-layout-flow\">\n<div class=\"wp-block-uel-card\">\n<p class=\"has-text-align-center\" style=\"font-size:15px\"><strong>Bolsa S\u00eanior<\/strong><\/p>\n\n\n\n<p style=\"font-size:15px\"><strong>2023<\/strong><br><br><strong>Agosto<\/strong><br><a href=\"https:\/\/pos.uel.br\/letras\/wp-content\/uploads\/2023\/08\/Edital-28-2023-Bolsa-se\u0302nior.pdf\">EDITAL 28\/2023<\/a> &#8211; Chamada Bolsa S\u00eanior<br><a href=\"https:\/\/pos.uel.br\/letras\/wp-content\/uploads\/2023\/08\/Edital-29-2023-resultado-preliminar-bolsa-senior.pdf\">EDITAL 29\/2023<\/a> &#8211; Resultado preliminar <br><a href=\"https:\/\/pos.uel.br\/letras\/wp-content\/uploads\/2023\/09\/Edital-31-2023.pdf\">EDITAL 31\/2023 <\/a>&#8211; Resultado final <br><\/p>\n<\/div>\n<\/div>\n<\/div>\n<\/div>\n\n\n\n<div class=\"wp-block-column is-layout-flow wp-block-column-is-layout-flow\">\n<div class=\"wp-block-uel-card\">\n<p class=\"has-text-align-center\" style=\"font-size:15px\"><strong>PDSE \u2013 Programa de Doutorado Sandu\u00edche no Exterior<\/strong><\/p>\n\n\n\n<p><strong>2025<\/strong><\/p>\n\n\n\n<p><strong>Outubro<\/strong><br><a href=\"https:\/\/pos.uel.br\/letras\/wp-content\/uploads\/2025\/10\/Edital17_PDSE2025_completo_assinado.pdf\" target=\"_blank\" rel=\"noreferrer noopener\">EDITAL 17\/2025<\/a> \u2013 Sele\u00e7\u00e3o Interna PDSE<br><a href=\"https:\/\/pos.uel.br\/letras\/wp-content\/uploads\/2025\/10\/AnexoI_Termo_de_Outorga_.pdf\" target=\"_blank\" rel=\"noreferrer noopener\">ANEXO I <\/a>\u2013 Termo de outorga e aceite de bolsa<br><a href=\"https:\/\/pos.uel.br\/letras\/wp-content\/uploads\/2025\/10\/AnexoII_Declaracao_Reconhecimento_da_Fluencia_Linguistica_do_cooorientador_no_exterior__1_.pdf\" target=\"_blank\" rel=\"noreferrer noopener\">ANEXO II<\/a> \u2013 Declara\u00e7\u00e3o de flu\u00eancia lingu\u00edstica (coorientador)<br><a href=\"https:\/\/pos.uel.br\/letras\/wp-content\/uploads\/2025\/10\/AnexoIII_Declaracao-de-Reconhecimento-da-Fluencia-Linguistica_Orientador-no-Brasil.pdf\" target=\"_blank\" rel=\"noreferrer noopener\">ANEXO III<\/a> \u2013 Declara\u00e7\u00e3o de flu\u00eancia lingu\u00edstica (orientador)<br><a href=\"https:\/\/pos.uel.br\/letras\/wp-content\/uploads\/2025\/10\/AnexoIV__Requisitos-de-proficiencia-em-lingua-estrangeira-Alternativa-a-Declaracao.pdf\" target=\"_blank\" rel=\"noreferrer noopener\">ANEXO IV<\/a> \u2013 Profici\u00eancia em l\u00edngua estrangeira<br><a href=\"https:\/\/pos.uel.br\/letras\/wp-content\/uploads\/2025\/10\/AnexoV_MODELO_DA_DECLARACAO_DO_COORIENTADOR_NO_EXTERIOR_.pdf\" target=\"_blank\" rel=\"noreferrer noopener\">ANEXO V<\/a> \u2013 Modelo de carta (coorientador)<br><a href=\"https:\/\/pos.uel.br\/letras\/wp-content\/uploads\/2025\/12\/Edital27_2025_Resultado_preliminar_PDSE_assinado.pdf\" target=\"_blank\" rel=\"noreferrer noopener\">EDITAL 27\/2025 <\/a>\u2013 Resultado preliminar<br><a href=\"https:\/\/pos.uel.br\/letras\/wp-content\/uploads\/2025\/12\/Edital28_2025_Resultado_final_PDSE_2025_assinado.pdf\" target=\"_blank\" rel=\"noreferrer noopener\">EDITAL 28\/2025 <\/a>\u2013 Resultado final<\/p>\n\n\n\n<p style=\"font-size:15px\"><strong>2024<\/strong><\/p>\n\n\n\n<p style=\"font-size:15px\"><strong>Novembro<\/strong><br><a href=\"https:\/\/pos.uel.br\/letras\/wp-content\/uploads\/2024\/10\/Edital-41-2024-PDSE.pdf\" target=\"_blank\" rel=\"noreferrer noopener\">EDITAL 41\/2024<\/a> \u2013 Sele\u00e7\u00e3o PDSE<br><a href=\"https:\/\/pos.uel.br\/letras\/wp-content\/uploads\/2024\/10\/Anexo-I-Termo-de-outorga.pdf\" target=\"_blank\" rel=\"noreferrer noopener\">ANEXO I<\/a> \u2013 Termo de outorga e aceite de bolsa<br><a href=\"https:\/\/pos.uel.br\/letras\/wp-content\/uploads\/2024\/10\/Anexo-II-\u2013-Declarac\u0327a\u0303o-de-Reconhecimento-da-Flue\u0302ncia-Lingui\u0301stica-Instituic\u0327a\u0303o-no-Exterior.pdf\" target=\"_blank\" rel=\"noreferrer noopener\">ANEXO II<\/a> \u2013 Declara\u00e7\u00e3o de flu\u00eancia lingu\u00edstica (coorientador)<br><a href=\"https:\/\/pos.uel.br\/letras\/wp-content\/uploads\/2024\/10\/Anexo-III-\u2013-Declarac\u0327a\u0303o-de-Reconhecimento-da-Flue\u0302ncia-Lingui\u0301stica-Instituic\u0327a\u0303o-Brasileira.pdf\" target=\"_blank\" rel=\"noreferrer noopener\">ANEXO III<\/a> \u2013 Declara\u00e7\u00e3o de flu\u00eancia lingu\u00edstica (orientador)<br><a href=\"https:\/\/pos.uel.br\/letras\/wp-content\/uploads\/2024\/11\/Anexo-IV-Requisitos-de-proficie\u0302ncia-em-li\u0301ngua-estrangeira.pdf\">ANEXO IV <\/a>\u2013 Profici\u00eancia em l\u00edngua estrangeira<br><a href=\"https:\/\/pos.uel.br\/letras\/wp-content\/uploads\/2024\/10\/Anexo-V-\u2013-Modelo-da-carta-do-coorientador-no-exterior.pdf\" target=\"_blank\" rel=\"noreferrer noopener\">ANEXO V<\/a> \u2013 Modelo de carta (coorientador)<br><a href=\"https:\/\/pos.uel.br\/letras\/wp-content\/uploads\/2024\/12\/Comissa\u0303o-Examinadora.pdf\" target=\"_blank\" rel=\"noreferrer noopener\">RETIFICA\u00c7\u00c3O DA COMISS\u00c3O EXAMINADORA<\/a><br><a href=\"https:\/\/pos.uel.br\/letras\/wp-content\/uploads\/2024\/12\/Edital_50_resultado_preliminar_PDSE_assinado.pdf\">EDITAL 50\/2024<\/a> \u2013 Resultado preliminar<br><a href=\"https:\/\/pos.uel.br\/letras\/wp-content\/uploads\/2024\/12\/Edital_53_2024_resultado_final_PDSE_assinado.pdf\" target=\"_blank\" rel=\"noreferrer noopener\">EDITAL 53\/2024 <\/a>\u2013 Resultado final<\/p>\n\n\n\n<p style=\"font-size:15px\"><strong>Abril<\/strong><br><a href=\"https:\/\/pos.uel.br\/letras\/wp-content\/uploads\/2024\/04\/Edital-15-2024-PDSE.pdf\" target=\"_blank\" rel=\"noreferrer noopener\">EDITAL 15\/2024<\/a> \u2013 Sele\u00e7\u00e3o PDSE <br><a href=\"https:\/\/pos.uel.br\/letras\/wp-content\/uploads\/2024\/04\/Edital-15-2024-Anexo-I.pdf\" target=\"_blank\" rel=\"noreferrer noopener\">ANEXO I <\/a>\u2013 Termo de outorga e aceite de bolsa<br><a href=\"https:\/\/pos.uel.br\/letras\/wp-content\/uploads\/2024\/04\/Edital-15-2024-Anexo-II.pdf\" target=\"_blank\" rel=\"noreferrer noopener\">ANEXO II<\/a> \u2013 Declara\u00e7\u00e3o de flu\u00eancia lingu\u00edstica (coorientador)<br><a href=\"https:\/\/pos.uel.br\/letras\/wp-content\/uploads\/2024\/04\/Edital-15-2024-Anexo-III.pdf\" target=\"_blank\" rel=\"noreferrer noopener\">ANEXO III <\/a>\u2013 Declara\u00e7\u00e3o de flu\u00eancia lingu\u00edstica (orientador)<br><a href=\"https:\/\/pos.uel.br\/letras\/wp-content\/uploads\/2024\/04\/Edital-15-2024-Anexo-IV.pdf\" target=\"_blank\" rel=\"noreferrer noopener\">ANEXO IV<\/a> \u2013 Profici\u00eancia em l\u00edngua estrangeira<br><a href=\"https:\/\/pos.uel.br\/letras\/wp-content\/uploads\/2024\/04\/Edital-15-2024-Modelo-carta-coorientador.pdf\" target=\"_blank\" rel=\"noreferrer noopener\">Modelo de carta (coorientador) <\/a><br><a href=\"https:\/\/pos.uel.br\/letras\/wp-content\/uploads\/2024\/04\/Edital-17-2024-PDSE_assinado.pdf\" target=\"_blank\" rel=\"noreferrer noopener\">EDITAL 17\/2024<\/a> \u2013 Resultado preliminar<br><a href=\"https:\/\/pos.uel.br\/letras\/wp-content\/uploads\/2024\/04\/Edital-18-2024-Resultado-Final-PDSE.pdf\">EDITAL 18\/2024<\/a> \u2013 Resultado final<\/p>\n\n\n\n<p><\/p>\n\n\n\n<div class=\"wp-block-buttons is-content-justification-center is-layout-flex wp-container-core-buttons-is-layout-16018d1d wp-block-buttons-is-layout-flex\">\n<div class=\"wp-block-button is-style-outline is-style-outline--2\"><a class=\"wp-block-button__link has-text-align-center has-custom-font-size wp-element-button\" href=\"https:\/\/pos.uel.br\/letras\/bolsas-pdse-programa-de-doutorado-sanduiche-no-exterior\/\" style=\"border-radius:4px;font-size:13px\" target=\"_blank\" rel=\"noreferrer noopener\">Ver mais<\/a><\/div>\n<\/div>\n<\/div>\n\n\n\n<div class=\"wp-block-columns is-layout-flex wp-container-core-columns-is-layout-9d6595d7 wp-block-columns-is-layout-flex\">\n<div class=\"wp-block-column is-layout-flow wp-block-column-is-layout-flow\">\n<div class=\"wp-block-uel-card\">\n<p class=\"has-text-align-center\" style=\"font-size:15px\"><strong>P\u00f3s-doutorado<\/strong><\/p>\n\n\n\n<p style=\"font-size:15px\"><strong>2024<\/strong><br><br><strong>Janeiro<\/strong><br><a href=\"https:\/\/pos.uel.br\/letras\/wp-content\/uploads\/2024\/01\/Edital_01_2024_Selec%CC%A7a%CC%83o_Posdoc.pdf\" target=\"_blank\" rel=\"noreferrer noopener\">EDITAL 01\/2024<\/a>&nbsp;\u2013 Sele\u00e7\u00e3o para bolsa de p\u00f3s-doutorado<br><a href=\"https:\/\/pos.uel.br\/letras\/wp-content\/uploads\/2024\/02\/Edital-03-2024-homologac%CC%A7a%CC%83o-inscric%CC%A7o%CC%83es-bolsa-po%CC%81s-doc.pdf\" target=\"_blank\" rel=\"noreferrer noopener\">EDITAL 03\/2024<\/a>&nbsp;\u2013 Inscri\u00e7\u00f5es homologadas<br><a href=\"https:\/\/pos.uel.br\/letras\/wp-content\/uploads\/2024\/02\/Edital-05-2024-edital-final-inscric%CC%A7o%CC%83es-po%CC%81s-doc.pdf\" target=\"_blank\" rel=\"noreferrer noopener\">EDITAL 05\/2024<\/a>&nbsp;\u2013 Resultado final das Inscri\u00e7\u00f5es homologadas<br><a href=\"https:\/\/pos.uel.br\/letras\/wp-content\/uploads\/2024\/02\/Edital-09-2024-resultado-bolsista-po%CC%81s-doc.pdf\" target=\"_blank\" rel=\"noreferrer noopener\">EDITAL 09\/2024<\/a>&nbsp;\u2013 Resultado da sele\u00e7\u00e3o<br><a href=\"https:\/\/pos.uel.br\/letras\/wp-content\/uploads\/2024\/03\/Edital-10-2024-resultado-final-po%CC%81s-doc.pdf\" target=\"_blank\" rel=\"noreferrer noopener\">EDITAL 10\/2024<\/a>&nbsp;\u2013 Resultado final da sele\u00e7\u00e3o<br><br><strong>2022<\/strong><br><br><strong>Outubro<\/strong><br><a href=\"https:\/\/pos.uel.br\/letras\/wp-content\/uploads\/2022\/10\/Edital-Selecao-Pos-Doc-2022-PPGL-final.pdf\" target=\"_blank\" rel=\"noreferrer noopener\">EDITAL 28\/2022<\/a>&nbsp;\u2013 Sele\u00e7\u00e3o para bolsa de p\u00f3s-doutorado<br><a href=\"https:\/\/pos.uel.br\/letras\/wp-content\/uploads\/2022\/11\/inscricoes-homologadas-pos-doc-edital-29-2022.pdf\" target=\"_blank\" rel=\"noreferrer noopener\">EDITAL 29\/2022<\/a>&nbsp;\u2013 Inscri\u00e7\u00f5es homologadas<br><a href=\"https:\/\/pos.uel.br\/letras\/wp-content\/uploads\/2022\/11\/candidatos-aprovados-pos-doc-edital-30-2022.pdf\" target=\"_blank\" rel=\"noreferrer noopener\">EDITAL 30\/2022<\/a>&nbsp;\u2013 Resultado da sele\u00e7\u00e3o<\/p>\n<\/div>\n<\/div>\n<\/div>\n<\/div>\n<\/div>\n\n\n\n<p><\/p>\n\n\n\n<p><\/p>\n","protected":false},"excerpt":{"rendered":"","protected":false},"author":8,"featured_media":0,"parent":0,"menu_order":0,"comment_status":"closed","ping_status":"closed","template":"","meta":{"_acf_changed":false,"footnotes":""},"class_list":["post-747","page","type-page","status-publish","hentry"],"acf":[],"_links":{"self":[{"href":"https:\/\/pos.uel.br\/letras\/wp-json\/wp\/v2\/pages\/747","targetHints":{"allow":["GET"]}}],"collection":[{"href":"https:\/\/pos.uel.br\/letras\/wp-json\/wp\/v2\/pages"}],"about":[{"href":"https:\/\/pos.uel.br\/letras\/wp-json\/wp\/v2\/types\/page"}],"author":[{"embeddable":true,"href":"https:\/\/pos.uel.br\/letras\/wp-json\/wp\/v2\/users\/8"}],"replies":[{"embeddable":true,"href":"https:\/\/pos.uel.br\/letras\/wp-json\/wp\/v2\/comments?post=747"}],"version-history":[{"count":148,"href":"https:\/\/pos.uel.br\/letras\/wp-json\/wp\/v2\/pages\/747\/revisions"}],"predecessor-version":[{"id":10804,"href":"https:\/\/pos.uel.br\/letras\/wp-json\/wp\/v2\/pages\/747\/revisions\/10804"}],"wp:attachment":[{"href":"https:\/\/pos.uel.br\/letras\/wp-json\/wp\/v2\/media?parent=747"}],"curies":[{"name":"wp","href":"https:\/\/api.w.org\/{rel}","templated":true}]}}