{"id":7421,"date":"2025-02-05T10:20:26","date_gmt":"2025-02-05T13:20:26","guid":{"rendered":"https:\/\/pos.uel.br\/letras\/?page_id=7421"},"modified":"2025-03-20T09:52:56","modified_gmt":"2025-03-20T12:52:56","slug":"doctorado-en-el-extranjero","status":"publish","type":"page","link":"https:\/\/pos.uel.br\/letras\/es\/doctorado-en-el-extranjero\/","title":{"rendered":"Doctorado sandwich"},"content":{"rendered":"\n<p><\/p>\n\n\n\n<p style=\"font-size:15px\">El PPGL, a trav\u00e9s del Programa de Doctorado Sandwich en el Exterior (PDSE\/CAPES), fomenta y apoya a los estudiantes para que realicen una estancia doctoral en el extranjero. Los anuncios pueden ser consultados en la secci\u00f3n <a href=\"https:\/\/pos.uel.br\/letras\/es\/doctorado-en-el-extranjero-2\/\" target=\"_blank\" rel=\"noreferrer noopener\">Doctorado en el extranjero<\/a>.<br><\/p>\n\n\n\n<div class=\"wp-block-columns is-layout-flex wp-container-core-columns-is-layout-9d6595d7 wp-block-columns-is-layout-flex\">\n<div class=\"wp-block-column is-layout-flow wp-block-column-is-layout-flow\">\n<blockquote class=\"wp-block-quote is-layout-flow wp-block-quote-is-layout-flow\">\n<p><strong>Estudiantes beneficiados en el cuadrienio de 2021-2024<\/strong><\/p>\n<\/blockquote>\n\n\n\n<div class=\"wp-block-columns is-layout-flex wp-container-core-columns-is-layout-9d6595d7 wp-block-columns-is-layout-flex\">\n<div class=\"wp-block-column is-layout-flow wp-block-column-is-layout-flow\">\n<p style=\"font-size:15px\"><strong>Estudiante<\/strong>: Felipe Frasson Fusco<br><strong>Orientadora PPGL<\/strong>: Prof\u00aa Dr\u00aa Telma Maciel da Silva<br><strong>Instituci\u00f3n de la pasant\u00eda<\/strong>: Faculdade de Letras da Universidade de Coimbra (UC)<br><strong>Orientadora externa<\/strong>: Prof\u00aa Dr\u00aa Maria Helena Jacinto Santana<br><strong>Periodo<\/strong>: 01\/11\/2024 a 30\/04\/2025<br><br><strong>Estudiante<\/strong>: Matheus Willian Migotto<br><strong>Orientador PPGL<\/strong>: Prof. Dr. Miguel Heitor Braga Vieira<br><strong><strong>Instituci\u00f3n de la pasant\u00eda<\/strong><\/strong>: Departamento de Artes Integradas, da Facultad de Artes, da Universidad de Playa Ancha (Chile)<br><strong>Orientadora externa<\/strong>: Prof\u00aa Dr\u00aa Daiana Nascimento dos Santos<br><strong>Per\u00edodo<\/strong>: 10\/2025 a 06\/2026<br><br><strong><strong>Estudiante<\/strong><\/strong>: Luc\u00e9lia Canassa<br><strong>Orientadora PPGL<\/strong>: Prof\u00aa Dr\u00aa Maria Carolina de Godoy<br><strong><strong><strong>Instituci\u00f3n de la pasant\u00eda<\/strong><\/strong>:<\/strong> Dipartimento di Lingue, Letterature, Culture e Mediazioni, da Universit\u00e0 degli Studi di Milano<br><strong>Orientador extern<\/strong>o: Prof. Dr. Vicenzo Russo<br><strong>Periodo<\/strong>: 10\/2025 a 06\/2026<\/p>\n<\/div>\n<\/div>\n<\/div>\n<\/div>\n\n\n\n<div class=\"wp-block-columns is-layout-flex wp-container-core-columns-is-layout-9d6595d7 wp-block-columns-is-layout-flex\">\n<div class=\"wp-block-column is-layout-flow wp-block-column-is-layout-flow\">\n<blockquote class=\"wp-block-quote is-layout-flow wp-block-quote-is-layout-flow\">\n<p style=\"font-size:15px\"><strong>Tesis defendidas en el cuatrienio de 2021-2024 (PDSE)<\/strong><\/p>\n<\/blockquote>\n\n\n\n<div class=\"wp-block-columns is-layout-flex wp-container-core-columns-is-layout-9d6595d7 wp-block-columns-is-layout-flex\">\n<div class=\"wp-block-column is-layout-flow wp-block-column-is-layout-flow\">\n<p style=\"font-size:15px\"><strong>Estudiante:<\/strong>&nbsp;M\u00e1rcio Henrique de Almeida Soares<br><strong>Orientador PPGL<\/strong>: Prof. Dr. Adilson dos Santos<br><strong><strong><strong>Instituci\u00f3n de la pasant\u00eda<\/strong><\/strong>:<\/strong>&nbsp;Duke University&nbsp;<br><strong>Orientador externo:<\/strong>&nbsp;Prof. Dr. Frederic Jameson (EUA)<\/p>\n\n\n\n<p style=\"font-size:15px\"><strong>Aluno:<\/strong>&nbsp;Jefferson de Moura Saraiva \u2013 Bolsa PDSE CAPES<br><strong>Orientadora PPGL<\/strong>: Prof\u00aa Dr\u00aa \u00c2ngela Lamas Rodrigues<br><strong><strong>Instituci\u00f3n de la pasant\u00eda<\/strong><\/strong>:&nbsp;University of British Columbia<br><strong>Orientador externo:<\/strong>&nbsp;Prof. Dr. Greg Garrard<br><\/p>\n<\/div>\n<\/div>\n<\/div>\n<\/div>\n","protected":false},"excerpt":{"rendered":"<p>El PPGL, a trav\u00e9s del Programa de Doctorado Sandwich en el Exterior (PDSE\/CAPES), fomenta y apoya a los estudiantes para que realicen una estancia doctoral en el extranjero. Los anuncios pueden ser consultados en la secci\u00f3n Doctorado en el extranjero. Estudiantes beneficiados en el cuadrienio de 2021-2024 Estudiante: Felipe Frasson FuscoOrientadora PPGL: Prof\u00aa Dr\u00aa Telma [&hellip;]<\/p>\n","protected":false},"author":9,"featured_media":0,"parent":0,"menu_order":0,"comment_status":"closed","ping_status":"closed","template":"","meta":{"_acf_changed":false,"footnotes":""},"class_list":["post-7421","page","type-page","status-publish","hentry"],"acf":[],"_links":{"self":[{"href":"https:\/\/pos.uel.br\/letras\/wp-json\/wp\/v2\/pages\/7421","targetHints":{"allow":["GET"]}}],"collection":[{"href":"https:\/\/pos.uel.br\/letras\/wp-json\/wp\/v2\/pages"}],"about":[{"href":"https:\/\/pos.uel.br\/letras\/wp-json\/wp\/v2\/types\/page"}],"author":[{"embeddable":true,"href":"https:\/\/pos.uel.br\/letras\/wp-json\/wp\/v2\/users\/9"}],"replies":[{"embeddable":true,"href":"https:\/\/pos.uel.br\/letras\/wp-json\/wp\/v2\/comments?post=7421"}],"version-history":[{"count":21,"href":"https:\/\/pos.uel.br\/letras\/wp-json\/wp\/v2\/pages\/7421\/revisions"}],"predecessor-version":[{"id":10034,"href":"https:\/\/pos.uel.br\/letras\/wp-json\/wp\/v2\/pages\/7421\/revisions\/10034"}],"wp:attachment":[{"href":"https:\/\/pos.uel.br\/letras\/wp-json\/wp\/v2\/media?parent=7421"}],"curies":[{"name":"wp","href":"https:\/\/api.w.org\/{rel}","templated":true}]}}