{"id":7417,"date":"2025-02-05T10:18:58","date_gmt":"2025-02-05T13:18:58","guid":{"rendered":"https:\/\/pos.uel.br\/letras\/?page_id=7417"},"modified":"2025-03-20T00:45:54","modified_gmt":"2025-03-20T03:45:54","slug":"investigadores-visitantes-extranjeros","status":"publish","type":"page","link":"https:\/\/pos.uel.br\/letras\/es\/investigadores-visitantes-extranjeros\/","title":{"rendered":"Investigadores visitantes extranjeros"},"content":{"rendered":"\n<p><\/p>\n\n\n\n<p style=\"font-size:15px\">A lo largo de su historia, el PPGL ha recibido a varios investigadores visitantes extranjeros con el fin de promover la formaci\u00f3n de nuestros estudiantes, as\u00ed como posibilitar la cooperaci\u00f3n y asociaciones con instituciones de investigaci\u00f3n y de educaci\u00f3n superior internacionales.<\/p>\n\n\n\n<div class=\"wp-block-columns is-layout-flex wp-container-core-columns-is-layout-9d6595d7 wp-block-columns-is-layout-flex\">\n<div class=\"wp-block-column is-layout-flow wp-block-column-is-layout-flow\"><\/div>\n<\/div>\n\n\n\n<div class=\"wp-block-columns is-layout-flex wp-container-core-columns-is-layout-9d6595d7 wp-block-columns-is-layout-flex\">\n<div class=\"wp-block-column is-layout-flow wp-block-column-is-layout-flow\">\n<blockquote class=\"wp-block-quote is-layout-flow wp-block-quote-is-layout-flow\">\n<p style=\"font-size:15px\"><strong>CUATRIENIO 2021-2024<\/strong><\/p>\n<\/blockquote>\n\n\n\n<div class=\"wp-block-columns is-layout-flex wp-container-core-columns-is-layout-9d6595d7 wp-block-columns-is-layout-flex\">\n<div class=\"wp-block-column is-layout-flow wp-block-column-is-layout-flow\">\n<div class=\"wp-block-media-text is-stacked-on-mobile\" style=\"grid-template-columns:17% auto\"><figure class=\"wp-block-media-text__media\"><img loading=\"lazy\" decoding=\"async\" width=\"640\" height=\"640\" src=\"https:\/\/pos.uel.br\/letras\/wp-content\/uploads\/2024\/10\/WhatsApp-Image-2024-09-20-at-08.30.30.jpeg\" alt=\"\" class=\"wp-image-6254 size-full\" srcset=\"https:\/\/pos.uel.br\/letras\/wp-content\/uploads\/2024\/10\/WhatsApp-Image-2024-09-20-at-08.30.30.jpeg 640w, https:\/\/pos.uel.br\/letras\/wp-content\/uploads\/2024\/10\/WhatsApp-Image-2024-09-20-at-08.30.30-300x300.jpeg 300w, https:\/\/pos.uel.br\/letras\/wp-content\/uploads\/2024\/10\/WhatsApp-Image-2024-09-20-at-08.30.30-150x150.jpeg 150w\" sizes=\"auto, (max-width: 640px) 100vw, 640px\" \/><\/figure><div class=\"wp-block-media-text__content\">\n<blockquote class=\"wp-block-quote is-layout-flow wp-block-quote-is-layout-flow\">\n<p style=\"font-size:15px\"><strong>Kateryna Hodik<\/strong><br>hodik@uel.br<\/p>\n\n\n\n<p style=\"font-size:14px\">Doctorado en Historia Comparada de la Literatura (Instituto de Literatura T. H. Shevchenko de la NAS, 2018). Profesora Junior Researcher (Instituto de Literatura T. H. Shevchenko de la NAS). Revisora de proyecto de fomento (The European Council of Doctoral Candidates and Junior Researchers). Profesora visitante (UEL\/PPG en Letras). La investigadora becada forma parte del proyecto \u201cAcogida de investigadora ucraniana en el Programa de Posgrado en Letras de la UEL\u201d, presentado en la Convocatoria Arauc\u00e1ria 09\/2022, \u201cConvocatoria p\u00fablica N\u00ba 09\/2022 \u2013 Programa de acogida a cient\u00edficas ucranianas \u2013 flujo continuo\u201d, aprobado el 20-10-2022. El per\u00edodo de actuaci\u00f3n de la investigadora ser\u00e1 de 24 meses (enero\/2023 a diciembre\/2024).<\/p>\n\n\n\n<p><\/p>\n\n\n\n<div class=\"wp-block-buttons is-layout-flex wp-block-buttons-is-layout-flex\">\n<div class=\"wp-block-button has-custom-font-size has-small-font-size\"><a class=\"wp-block-button__link wp-element-button\" href=\"http:\/\/lattes.cnpq.br\/4657312732558880\" style=\"border-radius:0px\" target=\"_blank\" rel=\"noreferrer noopener\">Ver lattes<\/a><\/div>\n<\/div>\n<\/blockquote>\n<\/div><\/div>\n<\/div>\n<\/div>\n\n\n\n<div class=\"wp-block-columns is-layout-flex wp-container-core-columns-is-layout-9d6595d7 wp-block-columns-is-layout-flex\">\n<div class=\"wp-block-column is-layout-flow wp-block-column-is-layout-flow\">\n<blockquote class=\"wp-block-quote is-layout-flow wp-block-quote-is-layout-flow\">\n<p style=\"font-size:15px\"><strong>Profesores visitantes<\/strong> (desde 2003)<\/p>\n<\/blockquote>\n\n\n\n<div class=\"wp-block-columns is-layout-flex wp-container-core-columns-is-layout-9d6595d7 wp-block-columns-is-layout-flex\">\n<div class=\"wp-block-column is-layout-flow wp-block-column-is-layout-flow\">\n<p style=\"font-size:15px\">Prof. Dr.&nbsp;Tamer Thabet&nbsp;(Brock University) \u2013 CAPES\/2013<br>Prof. Dr.&nbsp;Robert Oakley &nbsp;(Birmighan University) \u2013 CAPES\/2009<br>Prof. Dr.&nbsp;Eduardo de Assis Duarte &nbsp;(UFMG) \u2013&nbsp; Funda\u00e7\u00e3o Arauc\u00e1ria\/2008<br>Prof\u00aa Dr\u00aa S\u00f4nia Maria van Dijck (UFPB) \u2013 CNPq\/2003<\/p>\n<\/div>\n<\/div>\n<\/div>\n<\/div>\n<\/div>\n<\/div>\n","protected":false},"excerpt":{"rendered":"<p>A lo largo de su historia, el PPGL ha recibido a varios investigadores visitantes extranjeros con el fin de promover la formaci\u00f3n de nuestros estudiantes, as\u00ed como posibilitar la cooperaci\u00f3n y asociaciones con instituciones de investigaci\u00f3n y de educaci\u00f3n superior internacionales. CUATRIENIO 2021-2024 Kateryna Hodikhodik@uel.br Doctorado en Historia Comparada de la Literatura (Instituto de Literatura [&hellip;]<\/p>\n","protected":false},"author":9,"featured_media":0,"parent":0,"menu_order":0,"comment_status":"closed","ping_status":"closed","template":"","meta":{"_acf_changed":false,"footnotes":""},"class_list":["post-7417","page","type-page","status-publish","hentry"],"acf":[],"_links":{"self":[{"href":"https:\/\/pos.uel.br\/letras\/wp-json\/wp\/v2\/pages\/7417","targetHints":{"allow":["GET"]}}],"collection":[{"href":"https:\/\/pos.uel.br\/letras\/wp-json\/wp\/v2\/pages"}],"about":[{"href":"https:\/\/pos.uel.br\/letras\/wp-json\/wp\/v2\/types\/page"}],"author":[{"embeddable":true,"href":"https:\/\/pos.uel.br\/letras\/wp-json\/wp\/v2\/users\/9"}],"replies":[{"embeddable":true,"href":"https:\/\/pos.uel.br\/letras\/wp-json\/wp\/v2\/comments?post=7417"}],"version-history":[{"count":15,"href":"https:\/\/pos.uel.br\/letras\/wp-json\/wp\/v2\/pages\/7417\/revisions"}],"predecessor-version":[{"id":10027,"href":"https:\/\/pos.uel.br\/letras\/wp-json\/wp\/v2\/pages\/7417\/revisions\/10027"}],"wp:attachment":[{"href":"https:\/\/pos.uel.br\/letras\/wp-json\/wp\/v2\/media?parent=7417"}],"curies":[{"name":"wp","href":"https:\/\/api.w.org\/{rel}","templated":true}]}}