{"id":7258,"date":"2025-01-31T21:12:00","date_gmt":"2025-02-01T00:12:00","guid":{"rendered":"https:\/\/pos.uel.br\/letras\/?page_id=7258"},"modified":"2025-03-08T10:31:03","modified_gmt":"2025-03-08T13:31:03","slug":"egresados","status":"publish","type":"page","link":"https:\/\/pos.uel.br\/letras\/es\/egresados\/","title":{"rendered":"Egresos"},"content":{"rendered":"\n<p><\/p>\n\n\n\n<div class=\"wp-block-columns is-layout-flex wp-container-core-columns-is-layout-9d6595d7 wp-block-columns-is-layout-flex\">\n<div class=\"wp-block-column is-layout-flow wp-block-column-is-layout-flow\">\n<blockquote class=\"wp-block-quote is-layout-flow wp-block-quote-is-layout-flow\">\n<p><strong>Experiencias &amp; Historias<\/strong><\/p>\n<\/blockquote>\n\n\n\n<div class=\"wp-block-columns is-layout-flex wp-container-core-columns-is-layout-9d6595d7 wp-block-columns-is-layout-flex\">\n<div class=\"wp-block-column is-layout-flow wp-block-column-is-layout-flow\">\n<div class=\"wp-block-columns alignwide is-layout-flex wp-container-core-columns-is-layout-829b1d53 wp-block-columns-is-layout-flex\" style=\"margin-bottom:0\">\n<div class=\"wp-block-column has-site-background-background-color has-text-color has-background has-link-color wp-elements-ea4ef59639dc0cb9184db98ff57fa2a7 is-layout-flow wp-block-column-is-layout-flow\" style=\"color:#000000;padding-top:2em;padding-right:2em;padding-bottom:2em;padding-left:2em\">\n<figure class=\"wp-block-image size-full is-style-default\"><img loading=\"lazy\" decoding=\"async\" width=\"443\" height=\"332\" src=\"https:\/\/pos.uel.br\/letras\/wp-content\/uploads\/2024\/08\/Captura-de-Tela-2024-08-10-a\u0300s-14.44.17-edited.png\" alt=\"\" class=\"wp-image-5201\" style=\"aspect-ratio:3\/2;object-fit:cover\" srcset=\"https:\/\/pos.uel.br\/letras\/wp-content\/uploads\/2024\/08\/Captura-de-Tela-2024-08-10-a\u0300s-14.44.17-edited.png 443w, https:\/\/pos.uel.br\/letras\/wp-content\/uploads\/2024\/08\/Captura-de-Tela-2024-08-10-a\u0300s-14.44.17-edited-300x225.png 300w\" sizes=\"auto, (max-width: 443px) 100vw, 443px\" \/><\/figure>\n\n\n\n<p class=\"has-text-align-center has-normal-font-size\" style=\"line-height:1.5\"><strong>Samantha Abreu<\/strong><\/p>\n\n\n\n<hr class=\"wp-block-separator has-text-color has-css-opacity has-background is-style-wide\" style=\"background-color:#000000;color:#000000\" \/>\n\n\n\n<p class=\"has-small-font-size\">Maestra por el PPGL (2019) bajo la orientaci\u00f3n de la Prof\u00aa Dr\u00aa Suely Leite. Productora cultural del SESC \u2013 Cadei\u00e3o\/Londrina-PR. Escritora, poeta y autora de los libros <em>Los movimientos de la cabeza<\/em> (2024), <em>El coraz\u00f3n y el vuelo<\/em> (2021), <em>Debajo de las u\u00f1as<\/em> (2020), <em>Peque\u00f1a mano de la ni\u00f1a muerta<\/em> (2018), <em>Mujeres fuera de control<\/em> (2015), <em>Fantas\u00edas para cuando venga la lluvia<\/em> (2011). Integra las antolog\u00edas: <em>El hilo de Ariadne<\/em> (2014), <em>29 de abril: el verso de la violencia<\/em> (2015), <em>Un dedo de prosa<\/em> (2016), <em>Bajo la piel de la lengua<\/em> (2018), <em>Las mujeres poetas en la literatura brasile\u00f1a<\/em> (2021) y el e-book <em>ComVersas &#8211; Antolog\u00eda Panor\u00e1mica<\/em> (2021). Ganadora del premio Outras Palavras (2020), de la Secretar\u00eda de Cultura de Paran\u00e1.<\/p>\n<\/div>\n\n\n\n<div class=\"wp-block-column has-site-background-background-color has-text-color has-background has-link-color wp-elements-f12544227e48468ad9c6a132dc40597b is-layout-flow wp-block-column-is-layout-flow\" style=\"color:#000000;padding-top:2em;padding-right:2em;padding-bottom:2em;padding-left:2em\">\n<figure class=\"wp-block-image size-full\"><img loading=\"lazy\" decoding=\"async\" width=\"664\" height=\"443\" src=\"https:\/\/pos.uel.br\/letras\/wp-content\/uploads\/2024\/08\/Captura-de-Tela-2024-08-11-a\u0300s-09.59.54-edited.png\" alt=\"\" class=\"wp-image-5224\" style=\"aspect-ratio:3\/2;object-fit:cover\" srcset=\"https:\/\/pos.uel.br\/letras\/wp-content\/uploads\/2024\/08\/Captura-de-Tela-2024-08-11-a\u0300s-09.59.54-edited.png 664w, https:\/\/pos.uel.br\/letras\/wp-content\/uploads\/2024\/08\/Captura-de-Tela-2024-08-11-a\u0300s-09.59.54-edited-300x200.png 300w\" sizes=\"auto, (max-width: 664px) 100vw, 664px\" \/><\/figure>\n\n\n\n<p class=\"has-text-align-center has-normal-font-size\" style=\"line-height:1.5\"><strong>Renato Forin<\/strong><\/p>\n\n\n\n<hr class=\"wp-block-separator has-css-opacity is-style-wide\" \/>\n\n\n\n<p class=\"has-small-font-size\">M\u00e1ster y Doctor por el PPGL (2013\/2017) bajo la orientaci\u00f3n de la Prof\u00aa Dr\u00aa Sonia Pascolati. Profesor colaborador del Departamento de Letras Vern\u00e1culas y Cl\u00e1sicas de la UEL. Coordinador de comunicaci\u00f3n y curador del Festival de Danza de Londrina. Curador del Bibliocircuito (Biblioteca P\u00fablica de Londrina). Autor del libro-CD <em>Samba de una noche de verano<\/em>, ganador del 59\u00ba Premio Jabuti (2017) y Premio &#8220;Outras Palavras&#8221; (2020). Es autor de <em>Ovo<\/em>, ganador de los Premios Literarios de la Fundaci\u00f3n Cultural de Par\u00e1 (2021) y Premio Arte Paran\u00e1 (2018).<br>&nbsp;<\/p>\n<\/div>\n\n\n\n<div class=\"wp-block-column has-site-background-background-color has-text-color has-background has-link-color wp-elements-dfb342f7e399dbf8bb73d86f05414290 is-layout-flow wp-block-column-is-layout-flow\" style=\"color:#000000;padding-top:2em;padding-right:2em;padding-bottom:2em;padding-left:2em\">\n<figure class=\"wp-block-image size-full\"><img loading=\"lazy\" decoding=\"async\" width=\"691\" height=\"581\" src=\"https:\/\/pos.uel.br\/letras\/wp-content\/uploads\/2024\/08\/Captura-de-Tela-2024-08-11-a\u0300s-10.04.10.png\" alt=\"\" class=\"wp-image-5228\" style=\"aspect-ratio:3\/2;object-fit:cover\" srcset=\"https:\/\/pos.uel.br\/letras\/wp-content\/uploads\/2024\/08\/Captura-de-Tela-2024-08-11-a\u0300s-10.04.10.png 691w, https:\/\/pos.uel.br\/letras\/wp-content\/uploads\/2024\/08\/Captura-de-Tela-2024-08-11-a\u0300s-10.04.10-300x252.png 300w\" sizes=\"auto, (max-width: 691px) 100vw, 691px\" \/><\/figure>\n\n\n\n<p class=\"has-text-align-center has-normal-font-size\"><strong>Ricardo Lima (Dalai)<\/strong><\/p>\n\n\n\n<hr class=\"wp-block-separator has-css-opacity is-style-wide\" \/>\n\n\n\n<p class=\"has-small-font-size\">M\u00e1ster y Doctor por el PPGL (2013\/2017) bajo la orientaci\u00f3n de la Prof\u00aa Dr\u00aa Sonia Pascolati. Docente del Departamento de Teor\u00edas Ling\u00fc\u00edsticas y Literarias en la Universidad Estatal de Maring\u00e1. Tiene poemas y cuentos publicados en antolog\u00edas y libros did\u00e1cticos. Es autor de las obras <em>Historias bien contadas: cuentos de la tradici\u00f3n popular brasile\u00f1a<\/em>, <em>El pr\u00edncipe retrasado: una parodia teatral de los cuentos de hadas<\/em> y <em>Nueve leyendas urbanas aterradoras<\/em>, aprobadas en el Programa Nacional del Libro Did\u00e1ctico (PNLD\/2020). En 2022, public\u00f3 la novela autoficcional <em>Treinta y tres<\/em>, por la editorial Patu\u00e1.<\/p>\n<\/div>\n<\/div>\n\n\n\n<div class=\"wp-block-columns is-layout-flex wp-container-core-columns-is-layout-9d6595d7 wp-block-columns-is-layout-flex\">\n<div class=\"wp-block-column is-layout-flow wp-block-column-is-layout-flow\">\n<div class=\"wp-block-columns is-layout-flex wp-container-core-columns-is-layout-9d6595d7 wp-block-columns-is-layout-flex\">\n<div class=\"wp-block-column is-layout-flow wp-block-column-is-layout-flow\">\n<div class=\"wp-block-columns alignwide is-layout-flex wp-container-core-columns-is-layout-829b1d53 wp-block-columns-is-layout-flex\" style=\"margin-bottom:0\">\n<div class=\"wp-block-column has-site-background-background-color has-text-color has-background has-link-color wp-elements-843e9fbda7ca59b581f3a05800687e0f is-layout-flow wp-block-column-is-layout-flow\" style=\"color:#000000;padding-top:2em;padding-right:2em;padding-bottom:2em;padding-left:2em\">\n<figure class=\"wp-block-image size-full is-style-default\"><img loading=\"lazy\" decoding=\"async\" width=\"504\" height=\"336\" src=\"https:\/\/pos.uel.br\/letras\/wp-content\/uploads\/2024\/08\/Captura-de-Tela-2024-08-11-a\u0300s-13.38.29-edited.png\" alt=\"\" class=\"wp-image-5239\" style=\"aspect-ratio:3\/2;object-fit:cover\" srcset=\"https:\/\/pos.uel.br\/letras\/wp-content\/uploads\/2024\/08\/Captura-de-Tela-2024-08-11-a\u0300s-13.38.29-edited.png 504w, https:\/\/pos.uel.br\/letras\/wp-content\/uploads\/2024\/08\/Captura-de-Tela-2024-08-11-a\u0300s-13.38.29-edited-300x200.png 300w\" sizes=\"auto, (max-width: 504px) 100vw, 504px\" \/><\/figure>\n\n\n\n<p class=\"has-text-align-center has-normal-font-size\" style=\"line-height:1.5\"><strong>\u00c1lvaro Canholi<\/strong><\/p>\n\n\n\n<hr class=\"wp-block-separator has-text-color has-css-opacity has-background is-style-wide\" style=\"background-color:#000000;color:#000000\" \/>\n\n\n\n<p class=\"has-small-font-size\">Doctor por el PPGL (2024) bajo la orientaci\u00f3n de la Prof\u00aa Laura Taddei Brandini. Productor cultural, actor y videomaker. Director de la productora P\u00c1! Art\u00edstica, participando en diversos proyectos, en la creaci\u00f3n, co-creaci\u00f3n, coordinaci\u00f3n de procesos creativos y producci\u00f3n ejecutiva.<\/p>\n<\/div>\n\n\n\n<div class=\"wp-block-column has-site-background-background-color has-text-color has-background has-link-color wp-elements-b5ea758603bb2dc8779e3691a9aaeca0 is-layout-flow wp-block-column-is-layout-flow\" style=\"color:#000000;padding-top:2em;padding-right:2em;padding-bottom:2em;padding-left:2em\">\n<figure class=\"wp-block-image size-full is-style-default\"><img loading=\"lazy\" decoding=\"async\" width=\"523\" height=\"349\" src=\"https:\/\/pos.uel.br\/letras\/wp-content\/uploads\/2024\/08\/Captura-de-Tela-2024-08-11-a\u0300s-13.43.37-edited-1.png\" alt=\"\" class=\"wp-image-5247\" style=\"aspect-ratio:3\/2;object-fit:cover\" srcset=\"https:\/\/pos.uel.br\/letras\/wp-content\/uploads\/2024\/08\/Captura-de-Tela-2024-08-11-a\u0300s-13.43.37-edited-1.png 523w, https:\/\/pos.uel.br\/letras\/wp-content\/uploads\/2024\/08\/Captura-de-Tela-2024-08-11-a\u0300s-13.43.37-edited-1-300x200.png 300w\" sizes=\"auto, (max-width: 523px) 100vw, 523px\" \/><\/figure>\n\n\n\n<p class=\"has-text-align-center has-normal-font-size\" style=\"line-height:1.5\"><strong>Layse Barnab\u00e9 de Moraes<\/strong><\/p>\n\n\n\n<hr class=\"wp-block-separator has-text-color has-css-opacity has-background is-style-wide\" style=\"background-color:#000000;color:#000000\" \/>\n\n\n\n<p class=\"has-small-font-size\">Maestra y Doctora por el PPGL (2015\/2022) bajo la orientaci\u00f3n del Prof. Dr. Luiz Carlos Santos Simon. Docente del Departamento de Comunicaci\u00f3n de la UNOPAR. Periodista, poeta y escritora. Imparte diversas oficinas sobre Escritura y curaci\u00f3n. Autora del libro de poemas <em>Molhados e escorregadios<\/em> (2024). Organizadora del ebook <em>Uma vontade enorme de gritar: Antolog\u00eda de escritos del proyecto &#8220;Escrita e Cura &#8211; Oficina de creaci\u00f3n literaria para mujeres&#8221; en la C\u00e1rcel P\u00fablica Femenina de Londrina<\/em>.<\/p>\n<\/div>\n\n\n\n<div class=\"wp-block-column has-site-background-background-color has-text-color has-background has-link-color wp-elements-c6c63c1e9d0b2fead5924b6f633f2cf0 is-layout-flow wp-block-column-is-layout-flow\" style=\"color:#000000;padding-top:2em;padding-right:2em;padding-bottom:2em;padding-left:2em\">\n<figure class=\"wp-block-image size-full is-style-default\"><img loading=\"lazy\" decoding=\"async\" width=\"466\" height=\"463\" src=\"https:\/\/pos.uel.br\/letras\/wp-content\/uploads\/2025\/01\/Captura-de-Tela-2025-01-21-a\u0300s-17.15.39.png\" alt=\"\" class=\"wp-image-6679\" style=\"aspect-ratio:3\/2;object-fit:cover\" srcset=\"https:\/\/pos.uel.br\/letras\/wp-content\/uploads\/2025\/01\/Captura-de-Tela-2025-01-21-a\u0300s-17.15.39.png 466w, https:\/\/pos.uel.br\/letras\/wp-content\/uploads\/2025\/01\/Captura-de-Tela-2025-01-21-a\u0300s-17.15.39-300x298.png 300w, https:\/\/pos.uel.br\/letras\/wp-content\/uploads\/2025\/01\/Captura-de-Tela-2025-01-21-a\u0300s-17.15.39-150x150.png 150w\" sizes=\"auto, (max-width: 466px) 100vw, 466px\" \/><\/figure>\n\n\n\n<p class=\"has-text-align-center has-normal-font-size\" style=\"line-height:1.5\"><strong>Amanda Crispim<\/strong><\/p>\n\n\n\n<hr class=\"wp-block-separator has-text-color has-css-opacity has-background is-style-wide\" style=\"background-color:#000000;color:#000000\" \/>\n\n\n\n<p class=\"has-small-font-size\">Doctora por el PPGL (2020) bajo la orientaci\u00f3n del Prof. Dr. Luiz Carlos Migliozzi Ferreira de Mello. Docente de Letras-Portugu\u00e9s de la UTFPR (Curitiba). Es autora del libro <em>A poesia de Carolina Maria de Jesus: un estudio de su proyecto est\u00e9tico, sus tem\u00e1ticas y su naturaleza quilombola<\/em> (2022), referencia en los estudios sobre la obra de Carolina Maria de Jesus. Integra el Consejo Editorial responsable de la publicaci\u00f3n de la obra completa de Carolina Maria de Jesus, en la editorial Companhia das Letras.<\/p>\n<\/div>\n<\/div>\n\n\n\n<div class=\"wp-block-columns is-layout-flex wp-container-core-columns-is-layout-9d6595d7 wp-block-columns-is-layout-flex\">\n<div class=\"wp-block-column is-layout-flow wp-block-column-is-layout-flow\">\n<div class=\"wp-block-columns alignwide is-layout-flex wp-container-core-columns-is-layout-829b1d53 wp-block-columns-is-layout-flex\" style=\"margin-bottom:0\">\n<div class=\"wp-block-column has-site-background-background-color has-text-color has-background has-link-color wp-elements-d9f0caf4499a94d21a777e0d17773955 is-layout-flow wp-block-column-is-layout-flow\" style=\"color:#000000;padding-top:2em;padding-right:2em;padding-bottom:2em;padding-left:2em\">\n<figure class=\"wp-block-image size-full is-style-default\"><img loading=\"lazy\" decoding=\"async\" width=\"559\" height=\"573\" src=\"https:\/\/pos.uel.br\/letras\/wp-content\/uploads\/2025\/01\/Captura-de-Tela-2025-01-21-a\u0300s-17.45.52.png\" alt=\"\" class=\"wp-image-6687\" style=\"aspect-ratio:3\/2;object-fit:cover\" srcset=\"https:\/\/pos.uel.br\/letras\/wp-content\/uploads\/2025\/01\/Captura-de-Tela-2025-01-21-a\u0300s-17.45.52.png 559w, https:\/\/pos.uel.br\/letras\/wp-content\/uploads\/2025\/01\/Captura-de-Tela-2025-01-21-a\u0300s-17.45.52-293x300.png 293w\" sizes=\"auto, (max-width: 559px) 100vw, 559px\" \/><\/figure>\n\n\n\n<p class=\"has-text-align-center has-normal-font-size\" style=\"line-height:1.5\"><strong>Rodrigo Grota<\/strong><\/p>\n\n\n\n<hr class=\"wp-block-separator has-text-color has-css-opacity has-background is-style-wide\" style=\"background-color:#000000;color:#000000\" \/>\n\n\n\n<p class=\"has-small-font-size\">M\u00e1ster y Doctor por el PPGL (2009\/2020) bajo la orientaci\u00f3n de la Prof\u00aa Dr\u00aa Marta Dantas da Silva y del Prof. Dr. Frederico Garcia Fernandes. Cineasta, creador de Kinoarte (Instituto de Cine de Londrina), socio de Kinopus. Autor de <em>Anota\u00e7\u00f5es para o leste<\/em> y <em>Fantasm\u00e1tika &#8211; Teoria para um Cinema Po\u00e9tico<\/em> (2023). Director de <em>Trilogia do esquecimento: Satori Uso<\/em> (2007), <em>Booker Pittman<\/em> (2008), <em>Haruo Ohara<\/em> (2010), pel\u00edculas premiadas en ediciones del Festival de Gramado. Director de los largometrajes <em>Leste Oeste<\/em> (2016), <em>Isto (n\u00e3o) \u00e9 um Assalto<\/em> (2018), <em>Passagem Secreta<\/em> (2021), <em>Noite e Dia &#8211; Lima Barreto, Obra &amp; Vida<\/em> (2023), <em>O Homem Crocodilo<\/em> (2024) y de las series de televisi\u00f3n \u2013 <em>Super Fam\u00edlia<\/em> (2019), <em>Dramaturgias<\/em> (2024) y <em>Libert\u00e1rias &#8211; Mulheres Inspiradoras na Hist\u00f3ria do Brasil<\/em> (2024).<\/p>\n<\/div>\n\n\n\n<div class=\"wp-block-column has-site-background-background-color has-text-color has-background has-link-color wp-elements-ff70bf17e652632cc0a8927f587dd687 is-layout-flow wp-block-column-is-layout-flow\" style=\"color:#000000;padding-top:2em;padding-right:2em;padding-bottom:2em;padding-left:2em\">\n<figure class=\"wp-block-image size-full is-style-default\"><img loading=\"lazy\" decoding=\"async\" width=\"546\" height=\"373\" src=\"https:\/\/pos.uel.br\/letras\/wp-content\/uploads\/2025\/01\/Roberta-Shizuko-Takamatsu-reproducao-Instagram-@kinopus_.jpg\" alt=\"\" class=\"wp-image-6696\" style=\"aspect-ratio:3\/2;object-fit:cover\" srcset=\"https:\/\/pos.uel.br\/letras\/wp-content\/uploads\/2025\/01\/Roberta-Shizuko-Takamatsu-reproducao-Instagram-@kinopus_.jpg 546w, https:\/\/pos.uel.br\/letras\/wp-content\/uploads\/2025\/01\/Roberta-Shizuko-Takamatsu-reproducao-Instagram-@kinopus_-300x205.jpg 300w\" sizes=\"auto, (max-width: 546px) 100vw, 546px\" \/><\/figure>\n\n\n\n<p class=\"has-text-align-center has-normal-font-size\" style=\"line-height:1.5\"><strong>Roberta Takamatsu<\/strong><\/p>\n\n\n\n<hr class=\"wp-block-separator has-text-color has-css-opacity has-background is-style-wide\" style=\"background-color:#000000;color:#000000\" \/>\n\n\n\n<p class=\"has-small-font-size\">M\u00e1ster por el PPGL (2020) bajo la orientaci\u00f3n del Prof. Dr. Miguel Braga Vieira. Guionista de las series de TV <em>Brincando com a ci\u00eancia<\/em> (2017) y <em>Super fam\u00edlia<\/em> (2019), estrenadas en TV Cultura y en Canal Brasil. Directora de la Productora Filmes com Saqu\u00ea. Guionista y directora de la pel\u00edcula <em>P\u00e9s que sangram<\/em> (2022), seleccionada para la 26\u00aa Muestra de Cine de Tiradentes. Guionista de las pel\u00edculas <em>Passagem secreta<\/em> (2021) y <em>Pequenos delitos<\/em> (2020).<\/p>\n<\/div>\n\n\n\n<div class=\"wp-block-column has-site-background-background-color has-text-color has-background has-link-color wp-elements-1db87bdfd2978324b4c919a26cb51f3b is-layout-flow wp-block-column-is-layout-flow\" style=\"color:#000000;padding-top:2em;padding-right:2em;padding-bottom:2em;padding-left:2em\">\n<figure class=\"wp-block-image size-full is-style-default\"><img loading=\"lazy\" decoding=\"async\" width=\"623\" height=\"437\" src=\"https:\/\/pos.uel.br\/letras\/wp-content\/uploads\/2025\/01\/Captura-de-Tela-2025-01-21-a\u0300s-17.48.02.png\" alt=\"\" class=\"wp-image-6690\" style=\"aspect-ratio:3\/2;object-fit:cover\" srcset=\"https:\/\/pos.uel.br\/letras\/wp-content\/uploads\/2025\/01\/Captura-de-Tela-2025-01-21-a\u0300s-17.48.02.png 623w, https:\/\/pos.uel.br\/letras\/wp-content\/uploads\/2025\/01\/Captura-de-Tela-2025-01-21-a\u0300s-17.48.02-300x210.png 300w\" sizes=\"auto, (max-width: 623px) 100vw, 623px\" \/><\/figure>\n\n\n\n<p class=\"has-text-align-center has-normal-font-size\" style=\"line-height:1.5\"><strong>Marina Stuchi<\/strong><\/p>\n\n\n\n<hr class=\"wp-block-separator has-text-color has-css-opacity has-background is-style-wide\" style=\"background-color:#000000;color:#000000\" \/>\n\n\n\n<p class=\"has-small-font-size\">M\u00e1ster y Doctora por el PPGL (2012\/2020) bajo la orientaci\u00f3n de la Prof\u00aa Dr\u00aa Sonia Pascolati. Actriz, productora, guionista y directora del cortometraje <em>Manicure<\/em>. Guionista del cortometraje <em>Como llegu\u00e9 hasta aqu\u00ed<\/em> (2022). Directora e idealizadora del proyecto de performance-conferencia <em>Ll\u00e1mame por mi nombre<\/em> (PROMIC, 2023). Trabaj\u00f3 en la producci\u00f3n de varios proyectos cinematogr\u00e1ficos, imparte talleres sobre violencia de g\u00e9nero. T\u00e9cnica cultural del SESC-PR.<\/p>\n<\/div>\n<\/div>\n<\/div>\n<\/div>\n\n\n\n<hr class=\"wp-block-separator has-text-color has-secondary-accent-color has-alpha-channel-opacity has-secondary-accent-background-color has-background is-style-wide\" \/>\n\n\n\n<div class=\"wp-block-columns is-layout-flex wp-container-core-columns-is-layout-9d6595d7 wp-block-columns-is-layout-flex\">\n<div class=\"wp-block-column is-layout-flow wp-block-column-is-layout-flow\">\n<blockquote class=\"wp-block-quote is-layout-flow wp-block-quote-is-layout-flow\">\n<p><strong>Perfil del Egresado del PPGL<\/strong><\/p>\n<\/blockquote>\n\n\n\n<div class=\"wp-block-columns is-layout-flex wp-container-core-columns-is-layout-9d6595d7 wp-block-columns-is-layout-flex\">\n<div class=\"wp-block-column is-layout-flow wp-block-column-is-layout-flow\">\n<p>El seguimiento de los egresos es una herramienta importante de autoevaluaci\u00f3n, ya que permite analizar el verdadero alcance del objetivo general del curso, es decir, formar y calificar a profesionales t\u00e9cnica y cient\u00edficamente para el ejercicio de actividades de ense\u00f1anza e investigaci\u00f3n en Letras\/Estudios Literarios, de manera que se atienda a la demanda de instituciones de educaci\u00f3n superior en la regi\u00f3n de influencia de la UEL, buscando paralelamente la mejor intersecci\u00f3n entre grado y posgrado. En este sentido, el Programa ha prestado atenci\u00f3n al seguimiento de los egresados, tratando de obtener la mayor variedad de informaci\u00f3n sobre el \u00e1mbito profesional de los exalumnos como una forma, sobre todo, de pensar constantemente en la propuesta del curso y proponer acciones para que sus objetivos sean alcanzados.<\/p>\n\n\n\n<p>Seg\u00fan nuestro seguimiento de egresos, presentamos a los egresos a partir de 2019 con sus respectivas actividades profesionales actuales. Cabe se\u00f1alar que, de algunos egresos, no fue posible obtener informaci\u00f3n sobre sus actividades en este momento.<\/p>\n<\/div>\n<\/div>\n\n\n\n<p><a href=\"https:\/\/pos.uel.br\/letras\/titulados-em-2024\/\" target=\"_blank\" rel=\"noreferrer noopener\">Titulados em 2024<\/a><br><a href=\"https:\/\/pos.uel.br\/letras\/titulados-em-2023\/\" target=\"_blank\" rel=\"noreferrer noopener\">Titulados em 2023<\/a><br><a href=\"https:\/\/pos.uel.br\/letras\/titulados-em-2022\/\" target=\"_blank\" rel=\"noreferrer noopener\">Titulados em 2022<\/a><br><a href=\"https:\/\/pos.uel.br\/letras\/titulados-em-2021\/\" target=\"_blank\" rel=\"noreferrer noopener\">Titulados em 2021<\/a><br><a href=\"https:\/\/pos.uel.br\/letras\/titulados-em-2020\/\" target=\"_blank\" rel=\"noreferrer noopener\">Titulados em 2020<\/a><br><a href=\"https:\/\/pos.uel.br\/letras\/titulados-em-2019\/\" target=\"_blank\" rel=\"noreferrer noopener\">Titulados em 2019<\/a><\/p>\n<\/div>\n<\/div>\n<\/div>\n<\/div>\n<\/div>\n<\/div>\n<\/div>\n<\/div>\n<\/div>\n<\/div>\n","protected":false},"excerpt":{"rendered":"<p>Experiencias &amp; Historias Samantha Abreu Maestra por el PPGL (2019) bajo la orientaci\u00f3n de la Prof\u00aa Dr\u00aa Suely Leite. Productora cultural del SESC \u2013 Cadei\u00e3o\/Londrina-PR. Escritora, poeta y autora de los libros Los movimientos de la cabeza (2024), El coraz\u00f3n y el vuelo (2021), Debajo de las u\u00f1as (2020), Peque\u00f1a mano de la ni\u00f1a muerta [&hellip;]<\/p>\n","protected":false},"author":9,"featured_media":0,"parent":0,"menu_order":0,"comment_status":"closed","ping_status":"closed","template":"","meta":{"_acf_changed":false,"footnotes":""},"class_list":["post-7258","page","type-page","status-publish","hentry"],"acf":[],"_links":{"self":[{"href":"https:\/\/pos.uel.br\/letras\/wp-json\/wp\/v2\/pages\/7258","targetHints":{"allow":["GET"]}}],"collection":[{"href":"https:\/\/pos.uel.br\/letras\/wp-json\/wp\/v2\/pages"}],"about":[{"href":"https:\/\/pos.uel.br\/letras\/wp-json\/wp\/v2\/types\/page"}],"author":[{"embeddable":true,"href":"https:\/\/pos.uel.br\/letras\/wp-json\/wp\/v2\/users\/9"}],"replies":[{"embeddable":true,"href":"https:\/\/pos.uel.br\/letras\/wp-json\/wp\/v2\/comments?post=7258"}],"version-history":[{"count":24,"href":"https:\/\/pos.uel.br\/letras\/wp-json\/wp\/v2\/pages\/7258\/revisions"}],"predecessor-version":[{"id":9130,"href":"https:\/\/pos.uel.br\/letras\/wp-json\/wp\/v2\/pages\/7258\/revisions\/9130"}],"wp:attachment":[{"href":"https:\/\/pos.uel.br\/letras\/wp-json\/wp\/v2\/media?parent=7258"}],"curies":[{"name":"wp","href":"https:\/\/api.w.org\/{rel}","templated":true}]}}