{"id":7221,"date":"2025-01-31T20:23:59","date_gmt":"2025-01-31T23:23:59","guid":{"rendered":"https:\/\/pos.uel.br\/letras\/?page_id=7221"},"modified":"2025-03-08T11:29:23","modified_gmt":"2025-03-08T14:29:23","slug":"estudiantes-extranjeros","status":"publish","type":"page","link":"https:\/\/pos.uel.br\/letras\/es\/estudiantes-extranjeros\/","title":{"rendered":"Estudiantes extranjeros"},"content":{"rendered":"\n<p><\/p>\n\n\n\n<p style=\"font-size:15px\">Desde 2016, el PPGL ha recibido doctorandos extranjeros a trav\u00e9s del Programa de Alianzas para la Educaci\u00f3n y la Capacitaci\u00f3n (PAEC OEA\/CGUB). Esta iniciativa ha propiciado un importante intercambio entre estudiantes brasile\u00f1os y extranjeros.<\/p>\n\n\n\n<p style=\"font-size:15px\"><br><strong>Estudiante:<\/strong>\u00a0M\u00e9lida Paola Frye C\u00f3rdoba (Col\u00f4mbia \u2013 Per\u00edodo de 2016 a 2020 \u2013 Doutorado)<br><strong>Orientadora de doctorado:\u00a0<\/strong>Prof\u00aa Dr\u00aa Luciana Brito<br><br><strong>Estudiante:<\/strong>\u00a0Gustavo Adolfo Zuluaga Hoyos (Col\u00f4mbia \u2013 Per\u00edodo de 2017 a 2022 \u2013 Doutorado)<br><strong>Orientador de doctorado:\u00a0<\/strong>Prof. Dr. Frederico Garcia Fernandes<\/p>\n\n\n\n<p style=\"font-size:15px\"><strong>Estudiante:<\/strong>\u00a0Daniela Rebeca Campos Atienzo (Venezuela \u2013 Per\u00edodo de 2018 a 2022 \u2013 Doutorado)<br><strong>Orientadora de doctorado:\u00a0<\/strong>Prof\u00aa Dr\u00aa Maria Carolina de Godoy<br><strong>Coorientadora:<\/strong>\u00a0Prof\u00aa Dr\u00aa Suely Leite<\/p>\n\n\n\n<p><\/p>\n","protected":false},"excerpt":{"rendered":"<p>Desde 2016, el PPGL ha recibido doctorandos extranjeros a trav\u00e9s del Programa de Alianzas para la Educaci\u00f3n y la Capacitaci\u00f3n (PAEC OEA\/CGUB). Esta iniciativa ha propiciado un importante intercambio entre estudiantes brasile\u00f1os y extranjeros. Estudiante:\u00a0M\u00e9lida Paola Frye C\u00f3rdoba (Col\u00f4mbia \u2013 Per\u00edodo de 2016 a 2020 \u2013 Doutorado)Orientadora de doctorado:\u00a0Prof\u00aa Dr\u00aa Luciana Brito Estudiante:\u00a0Gustavo Adolfo Zuluaga [&hellip;]<\/p>\n","protected":false},"author":9,"featured_media":0,"parent":0,"menu_order":0,"comment_status":"closed","ping_status":"closed","template":"","meta":{"_acf_changed":false,"footnotes":""},"class_list":["post-7221","page","type-page","status-publish","hentry"],"acf":[],"_links":{"self":[{"href":"https:\/\/pos.uel.br\/letras\/wp-json\/wp\/v2\/pages\/7221","targetHints":{"allow":["GET"]}}],"collection":[{"href":"https:\/\/pos.uel.br\/letras\/wp-json\/wp\/v2\/pages"}],"about":[{"href":"https:\/\/pos.uel.br\/letras\/wp-json\/wp\/v2\/types\/page"}],"author":[{"embeddable":true,"href":"https:\/\/pos.uel.br\/letras\/wp-json\/wp\/v2\/users\/9"}],"replies":[{"embeddable":true,"href":"https:\/\/pos.uel.br\/letras\/wp-json\/wp\/v2\/comments?post=7221"}],"version-history":[{"count":5,"href":"https:\/\/pos.uel.br\/letras\/wp-json\/wp\/v2\/pages\/7221\/revisions"}],"predecessor-version":[{"id":9236,"href":"https:\/\/pos.uel.br\/letras\/wp-json\/wp\/v2\/pages\/7221\/revisions\/9236"}],"wp:attachment":[{"href":"https:\/\/pos.uel.br\/letras\/wp-json\/wp\/v2\/media?parent=7221"}],"curies":[{"name":"wp","href":"https:\/\/api.w.org\/{rel}","templated":true}]}}