{"id":7217,"date":"2025-01-31T20:22:57","date_gmt":"2025-01-31T23:22:57","guid":{"rendered":"https:\/\/pos.uel.br\/letras\/?page_id=7217"},"modified":"2025-03-20T11:01:11","modified_gmt":"2025-03-20T14:01:11","slug":"convenios-y-acuerdos-interacionales","status":"publish","type":"page","link":"https:\/\/pos.uel.br\/letras\/es\/convenios-y-acuerdos-interacionales\/","title":{"rendered":"Convenios y Acuerdos Interacionales"},"content":{"rendered":"\n<p><br><\/p>\n\n\n\n<p style=\"font-size:15px\">El PPGL, a trav\u00e9s de la <a href=\"https:\/\/sites.uel.br\/ari\/\" target=\"_blank\" rel=\"noreferrer noopener\">ARI (Asesor\u00eda de Relaciones Internacionales)<\/a>, \u00f3rgano de la Universidad Estatal de Londrina responsable de establecer acuerdos con instituciones extranjeras, ha trabajado intensamente en acciones que busquen la cooperaci\u00f3n acad\u00e9mica internacional.<br><br>De 2019 a 2022, el PPGL mantuvo la colaboraci\u00f3n con el Programa de Posgrado en Literatura Comparada (PPGLC) de la <strong>Universidad Federal de la Integraci\u00f3n Latinoamericana (UNILA)<\/strong>, con el objetivo de establecer relaciones de cooperaci\u00f3n en las respectivas \u00e1reas de actuaci\u00f3n. Durante este per\u00edodo, se desarrollaron diversas actividades como la oferta de Estudios Avanzados para los estudiantes del PPGL y la participaci\u00f3n en tribunales de ex\u00e1menes de calificaci\u00f3n y defensa.<br><\/p>\n\n\n\n<div class=\"wp-block-columns is-layout-flex wp-container-core-columns-is-layout-9d6595d7 wp-block-columns-is-layout-flex\">\n<div class=\"wp-block-column is-layout-flow wp-block-column-is-layout-flow\"><\/div>\n<\/div>\n\n\n\n<div class=\"wp-block-columns is-layout-flex wp-container-core-columns-is-layout-9d6595d7 wp-block-columns-is-layout-flex\">\n<div class=\"wp-block-column is-layout-flow wp-block-column-is-layout-flow\">\n<blockquote class=\"wp-block-quote is-layout-flow wp-block-quote-is-layout-flow\">\n<p style=\"font-size:15px\"><strong>Acuerdos de Cooperaci\u00f3n<\/strong> <\/p>\n<\/blockquote>\n\n\n\n<p style=\"font-size:15px\"><strong>Universidad Playa Ancha (UPLA)<\/strong><br>Asociaci\u00f3n did\u00e1ctico-cient\u00edfica entre el PPGL de la UEL y el Doctorado en Artes Integradas de la Universidad de Playa Ancha, en Chile. Oferta rec\u00edproca de cursos\/seminarios\/conferencias de manera presencial y remota; participaci\u00f3n en comit\u00e9s de defensa de tesis de maestr\u00eda y doctorado; organizaci\u00f3n de eventos conjuntos; env\u00edo y recepci\u00f3n de estudiantes para cursar asignaturas y m\u00f3dulos en los programas de posgrado de ambas instituciones.<br><strong>Vigencia: 2024 a 2028<\/strong><br><br><br><strong>Universit\u00e0 degli Studi Internazionali de Roma<\/strong> <strong>(UNINT)<\/strong><br>El acuerdo de cooperaci\u00f3n internacional, celebrado en 2021 entre la Universit\u00e0 degli Studi Internazionali de Roma y la Universidade Estadual de Londrina, prev\u00e9 la movilidad de estudiantes e investigadores con fines de investigaci\u00f3n, ense\u00f1anza y extensi\u00f3n. El Prof. Silvio Cesar dos Santos Alves es el coordinador acad\u00e9mico del acuerdo espec\u00edfico entre la Facultad de Interpretaci\u00f3n y Traducci\u00f3n (FIT) de la UNINT y el Departamento de Letras Vern\u00e1culas y Cl\u00e1sicas de la UEL.<br><strong>Vigencia: <strong>2021 a 2026<\/strong><\/strong><br><br><br><strong>Universidad Nacional de Catamarca (UNCA)<\/strong><br>acuerdo de cooperaci\u00f3n acad\u00e9mica, cient\u00edfica y t\u00e9cnica celebrada entre la Universidad Nacional de Catamarca y la Universidade Estadual de Londrina.<br><strong>Vigencia: 2017 a 2022<br><\/strong><\/p>\n<\/div>\n<\/div>\n\n\n\n<p><\/p>\n","protected":false},"excerpt":{"rendered":"<p>El PPGL, a trav\u00e9s de la ARI (Asesor\u00eda de Relaciones Internacionales), \u00f3rgano de la Universidad Estatal de Londrina responsable de establecer acuerdos con instituciones extranjeras, ha trabajado intensamente en acciones que busquen la cooperaci\u00f3n acad\u00e9mica internacional. De 2019 a 2022, el PPGL mantuvo la colaboraci\u00f3n con el Programa de Posgrado en Literatura Comparada (PPGLC) de [&hellip;]<\/p>\n","protected":false},"author":9,"featured_media":0,"parent":0,"menu_order":0,"comment_status":"closed","ping_status":"closed","template":"","meta":{"_acf_changed":false,"footnotes":""},"class_list":["post-7217","page","type-page","status-publish","hentry"],"acf":[],"_links":{"self":[{"href":"https:\/\/pos.uel.br\/letras\/wp-json\/wp\/v2\/pages\/7217","targetHints":{"allow":["GET"]}}],"collection":[{"href":"https:\/\/pos.uel.br\/letras\/wp-json\/wp\/v2\/pages"}],"about":[{"href":"https:\/\/pos.uel.br\/letras\/wp-json\/wp\/v2\/types\/page"}],"author":[{"embeddable":true,"href":"https:\/\/pos.uel.br\/letras\/wp-json\/wp\/v2\/users\/9"}],"replies":[{"embeddable":true,"href":"https:\/\/pos.uel.br\/letras\/wp-json\/wp\/v2\/comments?post=7217"}],"version-history":[{"count":23,"href":"https:\/\/pos.uel.br\/letras\/wp-json\/wp\/v2\/pages\/7217\/revisions"}],"predecessor-version":[{"id":10106,"href":"https:\/\/pos.uel.br\/letras\/wp-json\/wp\/v2\/pages\/7217\/revisions\/10106"}],"wp:attachment":[{"href":"https:\/\/pos.uel.br\/letras\/wp-json\/wp\/v2\/media?parent=7217"}],"curies":[{"name":"wp","href":"https:\/\/api.w.org\/{rel}","templated":true}]}}