{"id":7171,"date":"2025-01-30T12:03:47","date_gmt":"2025-01-30T15:03:47","guid":{"rendered":"https:\/\/pos.uel.br\/letras\/?page_id=7171"},"modified":"2025-03-07T19:04:17","modified_gmt":"2025-03-07T22:04:17","slug":"proyectos-de-investigacion","status":"publish","type":"page","link":"https:\/\/pos.uel.br\/letras\/es\/proyectos-de-investigacion\/","title":{"rendered":"Proyectos de investigaci\u00f3n"},"content":{"rendered":"\n<div class=\"wp-block-columns is-layout-flex wp-container-core-columns-is-layout-9d6595d7 wp-block-columns-is-layout-flex\">\n<div class=\"wp-block-column is-layout-flow wp-block-column-is-layout-flow\"><\/div>\n<\/div>\n\n\n\n<div class=\"wp-block-columns is-layout-flex wp-container-core-columns-is-layout-9d6595d7 wp-block-columns-is-layout-flex\">\n<div class=\"wp-block-column is-layout-flow wp-block-column-is-layout-flow\" style=\"flex-basis:66.66%\">\n<p class=\"has-primary-text-color has-text-color\" style=\"font-size:15px\"><strong>Alamir Aquino Corr\u00eaa<\/strong><br>Proyecto: <a href=\"https:\/\/www.sistemasweb.uel.br\/system\/prj\/pes\/pdf\/pes_pesquisa_13112.pdf\" target=\"_blank\" rel=\"noreferrer noopener\">Est\u00e9tica da perda e da aus\u00eancia em romances brasileiros contempor\u00e2neos<\/a>&#8220;<br>Per\u00edodo: 03\/03\/2022 a 02\/03\/2025 \u2551 Colaboradores: 2<\/p>\n\n\n\n<p class=\"has-primary-text-color has-text-color\" style=\"font-size:15px\"><strong><span class=\"has-inline-color has-primary-text-color\">Barbara Cristina Marques<\/span><\/strong><br>Proyecto:&nbsp;Imagens para o futuro na literatura e no cinema latinoamericanos contempor\u00e2neos sob a perspectiva dos Novos Materialismos<br>Per\u00edodo: \u2551 Colaboradores:<\/p>\n\n\n\n<p class=\"has-primary-text-color has-text-color\" style=\"font-size:15px\"><strong>Cl\u00e1udia Camardella Rio Doce<\/strong><br>Proyecto:&nbsp;<a href=\"https:\/\/www.sistemasweb.uel.br\/system\/prj\/pes\/pdf\/pes_pesquisa_14048.pdf\" target=\"_blank\" rel=\"noreferrer noopener\">Releituras no Modernismo<\/a><br>Per\u00edodo: 04\/06\/2024 a 03\/06\/2027\u2551 Colaboradores: 7<br><br><strong>Cl\u00e1udia Cristina Ferreira<\/strong><br>Proyecto: <a href=\"https:\/\/www.sistemasweb.uel.br\/system\/prj\/pes\/pdf\/pes_pesquisa_12774.pdf\" data-type=\"URL\" data-id=\"https:\/\/www.sistemasweb.uel.br\/system\/prj\/pes\/pdf\/pes_pesquisa_12774.pdf\" target=\"_blank\" rel=\"noreferrer noopener\">Iluminuras do ins\u00f3lito na literatura latinoamericana dos s\u00e9culos XIX e XX<\/a><br>Per\u00edodo: 03\/05\/2022 a 02\/05\/2025 | Colaboradores: 38<br><br><strong>Ellen Mariany da Silva Dias<\/strong><br>Proyecto: <a href=\"https:\/\/www.sistemasweb.uel.br\/system\/prj\/pes\/pdf\/pes_pesquisa_14167.pdf\" target=\"_blank\" rel=\"noreferrer noopener\">Interartes e Interm\u00eddias em tr\u00e2nsito: o corpo como pot\u00eancia nas representa\u00e7\u00f5es do feminino em Aline Bei, Louise Bourgeois e Adriana Varej\u00e3o<\/a><br>Per\u00edodo: 03\/09\/2024 a 02\/09\/2027 | Colaboradores: 4<\/p>\n\n\n\n<p class=\"has-primary-text-color has-text-color\" style=\"font-size:15px\"><strong>Frederico Augusto Garcia Fernandes<\/strong><br>Proyecto:&nbsp;<a href=\"https:\/\/www.sistemasweb.uel.br\/system\/prj\/pes\/pdf\/pes_pesquisa_13475.pdf\" target=\"_blank\" rel=\"noreferrer noopener\">Coletivos po\u00e9ticos e pol\u00edticas p\u00fablicas de inclus\u00e3o: inova\u00e7\u00e3o social na cena liter\u00e1ria<\/a><br>Per\u00edodo: 03\/12\/2021 a 02\/06\/2025 \u2551 Colaboradores: 9<br><br>Proyecto: <a href=\"https:\/\/www.sistemasweb.uel.br\/system\/prj\/pes\/pdf\/pes_pesquisa_12534.pdf\" target=\"_blank\" rel=\"noreferrer noopener\">COVID-19: experi\u00eancias e relatos<\/a><br>Per\u00edodo: 23\/06\/2020 a 22\/03\/2025 \u2551 Colaboradores: 58<\/p>\n\n\n\n<p class=\"has-primary-text-color has-text-color\" style=\"font-size:15px\"><strong>Laura Taddei Brandini<\/strong><br>Proyecto:&nbsp;<a href=\"https:\/\/www.sistemasweb.uel.br\/system\/prj\/pes\/pdf\/pes_pesquisa_12482.pdf\" target=\"_blank\" rel=\"noreferrer noopener\">Um olhar comparatista sobre a obra de Roland Barthes<\/a><br>Per\u00edodo: 17\/05\/2020 a 16\/02\/2025 \u2551 Colaboradores: 14<br><br>Proyecto: <a href=\"https:\/\/www.sistemasweb.uel.br\/system\/prj\/pes\/pdf\/pes_pesquisa_13843.pdf\" target=\"_blank\" rel=\"noreferrer noopener\">As viagens da escrita em Roland Barthes<\/a><br>Per\u00edodo: 11\/10\/2022 a 10\/10\/2025 \u2551 Colaboradores: 6<\/p>\n\n\n\n<p class=\"has-primary-text-color has-text-color\" style=\"font-size:15px\"><strong>Luiz Carlos Migliozzi Ferreira de Mello<\/strong><br>Proyecto:&nbsp;<a href=\"https:\/\/www.sistemasweb.uel.br\/system\/prj\/pes\/pdf\/pes_pesquisa_10715.pdf\" data-type=\"URL\" data-id=\"https:\/\/www.sistemasweb.uel.br\/system\/prj\/pes\/pdf\/pes_pesquisa_10715.pdf\" target=\"_blank\" rel=\"noreferrer noopener\">O processo da transmuta\u00e7\u00e3o dos efeitos de sentidos: ruptura e continuidade<\/a><br>Per\u00edodo: 06\/06\/2017 a 05\/05\/2025 \u2551 Colaboradores: 1<br><br>Proyecto: <a href=\"https:\/\/www.sistemasweb.uel.br\/system\/prj\/pes\/pdf\/pes_pesquisa_13341.pdf\" target=\"_blank\" rel=\"noreferrer noopener\">Doutrinas teol\u00f3gicas em uma perspectiva semi\u00f3tica<\/a><br>Per\u00edodo: 02\/04\/2024 a 01\/04\/2027 \u2551 Colaboradores: 16<\/p>\n\n\n\n<p class=\"has-primary-text-color has-text-color\" style=\"font-size:15px\"><strong>Luiz Carlos Santos Simon<\/strong><br>Proyecto:&nbsp;<a href=\"https:\/\/www.sistemasweb.uel.br\/system\/prj\/pes\/pdf\/pes_pesquisa_13365.pdf\" target=\"_blank\" rel=\"noreferrer noopener\">As masculinidades em cem anos de romances brasileiros: de 1870 a 1970<\/a><br>Per\u00edodo: 07\/03\/2023 a 06\/03\/2026 \u2551 Colaboradores: 8<\/p>\n\n\n\n<p class=\"has-primary-text-color has-text-color\" style=\"font-size:15px\"><strong>Maria Carolina de Godoy<\/strong><br>Proyecto:&nbsp;<a href=\"https:\/\/www.sistemasweb.uel.br\/system\/prj\/pes\/pdf\/pes_pesquisa_12645.pdf\" target=\"_blank\" rel=\"noreferrer noopener\">Literatura afro-brasileira e identidade: vozes (trans)bordam inf\u00e2ncias<\/a><br>Per\u00edodo: 04\/11\/2020 a 03\/08\/2025\u2551&nbsp;Colaboradores: 34<\/p>\n\n\n\n<p class=\"has-primary-text-color has-text-color\" style=\"font-size:15px\"><strong>Marta Dantas da Silva<\/strong><br>Proyecto:&nbsp;<a href=\"https:\/\/www.sistemasweb.uel.br\/system\/prj\/pes\/pdf\/pes_pesquisa_13585.pdf\" target=\"_blank\" rel=\"noreferrer noopener\">O fant\u00e1stico e o maravilhoso: uma investiga\u00e7\u00e3o sobre a concep\u00e7\u00e3o de realidade e de surrealidade, do liter\u00e1rio e do extra-liter\u00e1rio no Surrealismo<\/a><br>Per\u00edodo: 10\/07\/2023 a 09\/07\/2026 \u2551 Colaboradores: 1<\/p>\n\n\n\n<p class=\"has-primary-text-color has-text-color\" style=\"font-size:15px\"><strong>Miguel Heitor Braga Vieira<\/strong><br>Proyecto:&nbsp;<a href=\"https:\/\/www.sistemasweb.uel.br\/system\/prj\/pes\/pdf\/pes_pesquisa_12348.pdf\" data-type=\"URL\" data-id=\"https:\/\/www.sistemasweb.uel.br\/system\/prj\/pes\/pdf\/pes_pesquisa_12348.pdf\" target=\"_blank\" rel=\"noreferrer noopener\">O soneto na poesia brasileira contempor\u00e2nea<\/a><br>Per\u00edodo: 03\/03\/2020 a 02\/12\/2024 \u2551 Colaboradores:&nbsp;9<\/p>\n\n\n\n<p class=\"has-primary-text-color has-text-color\" style=\"font-size:15px\"><strong>Regina C\u00e9lia dos Santos Alves<\/strong><br>Proyecto:&nbsp;<a href=\"https:\/\/www.sistemasweb.uel.br\/system\/prj\/pes\/pdf\/pes_pesquisa_14186.pdf\" target=\"_blank\" rel=\"noreferrer noopener\">Estudos da paisagem na prosa e na poesia no contexto da literatura brasileira contempor\u00e2nea<\/a><br>Per\u00edodo: 02\/10\/2024 a 01\/10\/2027 \u2551 Colaboradores: 4<\/p>\n\n\n\n<p class=\"has-primary-text-color has-text-color\" style=\"font-size:15px\"><strong>Silvio Cesar dos Santos Alves<\/strong><br>Proyecto:&nbsp;<a href=\"https:\/\/www.sistemasweb.uel.br\/system\/prj\/pes\/pdf\/pes_pesquisa_12874.pdf\" target=\"_blank\" rel=\"noreferrer noopener\">O ceticismo na fic\u00e7\u00e3o e no jornalismo de E\u00e7a de Queir\u00f3s&nbsp;<\/a><br>Per\u00edodo: 09\/06\/2021 a 08\/12\/2024 \u2551 Colaboradores: 1<\/p>\n\n\n\n<p class=\"has-primary-text-color has-text-color\" style=\"font-size:15px\"><strong>Suely Leite<\/strong><br>Proyecto:&nbsp;<a href=\"https:\/\/www.sistemasweb.uel.br\/system\/prj\/pes\/pdf\/pes_pesquisa_13424.pdf\" target=\"_blank\" rel=\"noreferrer noopener\">Representa\u00e7\u00f5es de g\u00eanero em contos de autoria feminina elencados nas obras <em>O conto brasileiro contempor\u00e2neo <\/em>(1985)<em>, Gera\u00e7\u00e3o 90: os transgressores <\/em>(2003)<em> e Hist\u00f3ria da literatura brasileira <\/em>(2004)<\/a><br>Per\u00edodo: 07\/03\/2023 a 06\/03\/2026 \u2551 Colaboradores: 13<\/p>\n\n\n\n<p class=\"has-primary-text-color has-text-color\" style=\"font-size:15px\"><strong>Telma Maciel da Silva<br><\/strong>Proyecto:&nbsp;<span class=\"has-inline-color has-primary-accent-color\"><a href=\"https:\/\/www.sistemasweb.uel.br\/system\/prj\/pes\/pdf\/pes_pesquisa_12535.pdf\" data-type=\"URL\" data-id=\"https:\/\/www.sistemasweb.uel.br\/system\/prj\/pes\/pdf\/pes_pesquisa_12535.pdf\" target=\"_blank\" rel=\"noreferrer noopener\">Cartas como acervo liter\u00e1rio: manuscritos, rabiscos e processos criativos<\/a><\/span><br>Per\u00edodo: 08\/07\/2020 a 07\/04\/2025 \u2551 Colaboradores: 7<\/p>\n<\/div>\n<\/div>\n","protected":false},"excerpt":{"rendered":"<p>Alamir Aquino Corr\u00eaaProyecto: Est\u00e9tica da perda e da aus\u00eancia em romances brasileiros contempor\u00e2neos&#8220;Per\u00edodo: 03\/03\/2022 a 02\/03\/2025 \u2551 Colaboradores: 2 Barbara Cristina MarquesProyecto:&nbsp;Imagens para o futuro na literatura e no cinema latinoamericanos contempor\u00e2neos sob a perspectiva dos Novos MaterialismosPer\u00edodo: \u2551 Colaboradores: Cl\u00e1udia Camardella Rio DoceProyecto:&nbsp;Releituras no ModernismoPer\u00edodo: 04\/06\/2024 a 03\/06\/2027\u2551 Colaboradores: 7 Cl\u00e1udia Cristina FerreiraProyecto: Iluminuras [&hellip;]<\/p>\n","protected":false},"author":9,"featured_media":0,"parent":0,"menu_order":0,"comment_status":"closed","ping_status":"closed","template":"","meta":{"_acf_changed":false,"footnotes":""},"class_list":["post-7171","page","type-page","status-publish","hentry"],"acf":[],"_links":{"self":[{"href":"https:\/\/pos.uel.br\/letras\/wp-json\/wp\/v2\/pages\/7171","targetHints":{"allow":["GET"]}}],"collection":[{"href":"https:\/\/pos.uel.br\/letras\/wp-json\/wp\/v2\/pages"}],"about":[{"href":"https:\/\/pos.uel.br\/letras\/wp-json\/wp\/v2\/types\/page"}],"author":[{"embeddable":true,"href":"https:\/\/pos.uel.br\/letras\/wp-json\/wp\/v2\/users\/9"}],"replies":[{"embeddable":true,"href":"https:\/\/pos.uel.br\/letras\/wp-json\/wp\/v2\/comments?post=7171"}],"version-history":[{"count":3,"href":"https:\/\/pos.uel.br\/letras\/wp-json\/wp\/v2\/pages\/7171\/revisions"}],"predecessor-version":[{"id":8984,"href":"https:\/\/pos.uel.br\/letras\/wp-json\/wp\/v2\/pages\/7171\/revisions\/8984"}],"wp:attachment":[{"href":"https:\/\/pos.uel.br\/letras\/wp-json\/wp\/v2\/media?parent=7171"}],"curies":[{"name":"wp","href":"https:\/\/api.w.org\/{rel}","templated":true}]}}