{"id":7168,"date":"2025-01-30T12:03:47","date_gmt":"2025-01-30T15:03:47","guid":{"rendered":"https:\/\/pos.uel.br\/letras\/?page_id=7168"},"modified":"2025-03-19T23:49:33","modified_gmt":"2025-03-20T02:49:33","slug":"disciplinas_esp","status":"publish","type":"page","link":"https:\/\/pos.uel.br\/letras\/es\/disciplinas_esp\/","title":{"rendered":"Disciplinas"},"content":{"rendered":"\n<p><\/p>\n\n\n\n<p style=\"font-size:15px\"><strong>2 ART 220<\/strong> \u2013 <strong>El Surrealismo y el Reencantamiento de la vida<\/strong><br>S\u00edntesis: Estudio sobre el proyecto surrealista de reencantamiento de la vida a trav\u00e9s de la literatura y las artes. Estudio de la relaci\u00f3n entre el azar, la poes\u00eda, la locura, el amor, la libertad y lo maravilloso.<\/p>\n\n\n\n<p style=\"font-size:15px\"><strong>2 LET 767 \u2013<\/strong> <strong>Literatura y oralidad<\/strong><br><strong>S\u00edntesis:<\/strong> Estudio del texto oral como forma literaria, discutiendo sus formas de producci\u00f3n, manifestaci\u00f3n, circulaci\u00f3n y almacenamiento.<br><br><strong>2 LET 797 \u2013 Seminario de Estudios Literarios<\/strong><br><strong>Programa:<\/strong> Debates te\u00f3rico-pr\u00e1cticos sobre g\u00e9neros, obras y autores de la modernidad.<\/p>\n\n\n\n<p style=\"font-size:15px\"><strong>2 LET 799 \u2013 Poes\u00eda, poema y oralidades de vanguardia<\/strong><br><strong>Programa:<\/strong> La construcci\u00f3n de la l\u00edrica moderna, sus variaciones formales y de contenido. An\u00e1lisis de manifiestos po\u00e9ticos y poemas, con \u00e9nfasis en las oralidades de vanguardia: poes\u00eda sonora, cin\u00e9tica y polipoes\u00eda.<\/p>\n\n\n\n<p style=\"font-size:15px\"><strong>2 LET 871 \u2013 La muerte en la literatura y en las artes<\/strong><br><strong>Programa:<\/strong> La muerte como tema y constante en la literatura y en las artes, a trav\u00e9s de la discusi\u00f3n de su papel m\u00edtico y socio-org\u00e1nico, incluyendo la anticipaci\u00f3n de la muerte y la tentativa de su alejamiento, la relaci\u00f3n del moribundo y sus familiares con la muerte, los rituales de la muerte y el luto, la falta de significado de la muerte, la muerte en masa, la muerte y el cuerpo, el deseo de muerte, la negaci\u00f3n moderna de la muerte y la pornograf\u00eda del sentimiento de la muerte anunciada.<\/p>\n\n\n\n<p style=\"font-size:15px\"><strong>2 LET 831 \u2013 Literatura y poder: fundamentos semi\u00f3ticos<\/strong><br><strong>Programa:<\/strong> Representaciones del poder en la literatura: enunciaci\u00f3n, figuratividad, narratividad y afectividad. El proceso de creaci\u00f3n de significados. Estrategias de manipulaci\u00f3n y estados emocionales de los sujetos representados en textos literarios. Estudio anal\u00edtico de algunos recorridos pasionales, como la verg\u00fcenza, el miedo, la c\u00f3lera, el resentimiento y la venganza. Fundamentos de la Semi\u00f3tica greimasiana.<\/p>\n\n\n\n<p style=\"font-size:15px\"><strong>2 LET 872 \u2013 Literatura y medios <\/strong><br><strong>Programa:<\/strong> Hibridismos entre alta y baja cultura. Intermedialidades y remediaci\u00f3n. Literatura en medios digitales. Literatura y videojuegos.<\/p>\n\n\n\n<p style=\"font-size:15px\"><strong>2 LET 873 \u2013 Walter Benjamin y la Modernidad<\/strong><br><strong>Programa:<\/strong> Estudio de aspectos de la modernidad a partir de los textos de Walter Benjamin y sus lectores, as\u00ed como su posible di\u00e1logo con otros textos\/autores. Reflexiones sobre categor\u00edas como los fen\u00f3menos urbanos, las palabras y las im\u00e1genes, y su interpenetraci\u00f3n, como herramienta te\u00f3rica en la lectura y an\u00e1lisis de obras literarias y otras.<\/p>\n\n\n\n<p style=\"font-size:15px\"><strong>2 LET 875 \u2013 Seminario de Literatura Comparada<\/strong><br><strong>Programa:<\/strong> Tendencias de la Literatura Comparada: historia de la disciplina, contextos culturales y formulaciones contempor\u00e1neas.<\/p>\n\n\n\n<p style=\"font-size:15px\"><strong>2 LET 956 \u2013 Literatura, cine y sus materialidades<\/strong><br><strong>Programa:<\/strong> Estudios de las relaciones entre literatura y cine, con reflexiones sobre los procesos intermediales entre la escritura literaria y la f\u00edlmica a partir de conceptos como intermedialidad, materialidad, remediaci\u00f3n y convergencia.<\/p>\n\n\n\n<p style=\"font-size:15px\"><strong>2 LEM 271 \u2013 El extranjero en la literatura<\/strong><br><strong>Programa:<\/strong> Estudio de las configuraciones del extranjero en la literatura en sus diferentes formas: como personaje, voz narrativa, espacio o lenguaje, considerando reflexiones sobre &#8220;lo propio y lo ajeno&#8221; en la literatura, as\u00ed como cuestiones relativas a la identidad y la alteridad.<\/p>\n\n\n\n<p style=\"font-size:15px\"><strong>2 LET 464 \u2013 Literatura afrobrasile\u00f1a<\/strong><br><strong>Programa:<\/strong> Historia de la literatura afrobrasile\u00f1a, incluyendo la discusi\u00f3n sobre aspectos de edici\u00f3n y divulgaci\u00f3n. Debates sobre la producci\u00f3n literaria de autores y autoras afrodescendientes. Problem\u00e1ticas del concepto de literatura afrobrasile\u00f1a.<\/p>\n\n\n\n<p style=\"font-size:15px\"><strong>2 LET 508 \u2013 La novela brasile\u00f1a en el siglo XX<\/strong><br><strong>Programa:<\/strong> Estudio de algunas formas adoptadas por la novela brasile\u00f1a a lo largo del siglo XX, considerando ciertas l\u00edneas de continuidad, as\u00ed como manifestaciones innovadoras y rupturas del g\u00e9nero en el per\u00edodo analizado.<\/p>\n\n\n\n<p style=\"font-size:15px\"><strong>2 LET 768 \u2013 Cr\u00edtica literaria brasile\u00f1a en el siglo XX<\/strong><br><strong>Programa:<\/strong> Estudio de algunas de las principales tendencias de la cr\u00edtica literaria brasile\u00f1a en el siglo XX en relaci\u00f3n con la tradici\u00f3n cr\u00edtica occidental y el proceso de organizaci\u00f3n de la vida cultural brasile\u00f1a.<\/p>\n\n\n\n<p style=\"font-size:15px\"><strong>2 LET 882 \u2013 Seminario de Literatura Brasile\u00f1a<\/strong><br><strong>Programa:<\/strong> Tendencias de la Literatura Brasile\u00f1a en los siglos XX y XXI: contextos culturales, autores y obras relevantes.<\/p>\n\n\n\n<p style=\"font-size:15px\"><strong>2 LET 883 \u2013 Seminario de otras Literaturas Vern\u00e1culas<\/strong><br><strong>Programa:<\/strong> Tendencias de otras literaturas vern\u00e1culas en los siglos XX y XXI: contextos culturales, autores y obras relevantes.<\/p>\n\n\n\n<p style=\"font-size:15px\"><strong>2 LET 952 \u2013 Voces femeninas en la literatura<\/strong><br><strong>Programa:<\/strong> Fundamentos de la teor\u00eda y la cr\u00edtica literaria feminista y estudios de g\u00e9nero. Estudio de representaciones de g\u00e9nero en textos literarios escritos por mujeres.<\/p>\n\n\n\n<p style=\"font-size:15px\"><strong>3 LET 001 \u2013 Poes\u00eda brasile\u00f1a moderna y contempor\u00e1nea<\/strong><br><strong>Programa:<\/strong> Estudio de autores, obras, generaciones y movimientos representativos de la poes\u00eda brasile\u00f1a de los siglos XX y XXI desde la perspectiva de sus variaciones formales y tem\u00e1ticas.<\/p>\n\n\n\n<p style=\"font-size:15px\"><strong>3 LET 002 \u2013 Di\u00e1logos epistolares<\/strong><br><strong>Programa:<\/strong> An\u00e1lisis de correspondencias de escritores, con base en la cr\u00edtica gen\u00e9tica y textual.<\/p>\n\n\n\n<p style=\"font-size:15px\"><strong>2 LEM 286 \u2013 Representaciones de lo ins\u00f3lito en la literatura latinoamericana<\/strong><br><strong>Programa:<\/strong> Estudio te\u00f3rico-cr\u00edtico de las figuraciones de lo ins\u00f3lito en la literatura latinoamericana. An\u00e1lisis de producciones literarias latinoamericanas de los siglos XIX y XX.<\/p>\n\n\n\n<p style=\"font-size:15px\"><strong>2 LET 024 \u2013 Di\u00e1logos entre Caio Fernando Abreu y Clarice Lispector<\/strong><br><strong>Programa:<\/strong> Debates te\u00f3rico-pr\u00e1cticos sobre g\u00e9neros, obras y autores de la modernidad.<\/p>\n\n\n\n<p style=\"font-size:15px\"><strong>2 LET 971 \u2013 La literatura portuguesa y el nihilismo europeo<\/strong><br><strong>Programa:<\/strong> &#8220;Muerte de Dios&#8221;, satanismo, inversi\u00f3n de valores y subversi\u00f3n de lo real en la Literatura Portuguesa de la segunda mitad del siglo XIX.<br><br><\/p>\n","protected":false},"excerpt":{"rendered":"<p>2 ART 220 \u2013 El Surrealismo y el Reencantamiento de la vidaS\u00edntesis: Estudio sobre el proyecto surrealista de reencantamiento de la vida a trav\u00e9s de la literatura y las artes. Estudio de la relaci\u00f3n entre el azar, la poes\u00eda, la locura, el amor, la libertad y lo maravilloso. 2 LET 767 \u2013 Literatura y oralidadS\u00edntesis: [&hellip;]<\/p>\n","protected":false},"author":9,"featured_media":0,"parent":0,"menu_order":0,"comment_status":"closed","ping_status":"closed","template":"","meta":{"_acf_changed":false,"footnotes":""},"class_list":["post-7168","page","type-page","status-publish","hentry"],"acf":[],"_links":{"self":[{"href":"https:\/\/pos.uel.br\/letras\/wp-json\/wp\/v2\/pages\/7168","targetHints":{"allow":["GET"]}}],"collection":[{"href":"https:\/\/pos.uel.br\/letras\/wp-json\/wp\/v2\/pages"}],"about":[{"href":"https:\/\/pos.uel.br\/letras\/wp-json\/wp\/v2\/types\/page"}],"author":[{"embeddable":true,"href":"https:\/\/pos.uel.br\/letras\/wp-json\/wp\/v2\/users\/9"}],"replies":[{"embeddable":true,"href":"https:\/\/pos.uel.br\/letras\/wp-json\/wp\/v2\/comments?post=7168"}],"version-history":[{"count":8,"href":"https:\/\/pos.uel.br\/letras\/wp-json\/wp\/v2\/pages\/7168\/revisions"}],"predecessor-version":[{"id":8865,"href":"https:\/\/pos.uel.br\/letras\/wp-json\/wp\/v2\/pages\/7168\/revisions\/8865"}],"wp:attachment":[{"href":"https:\/\/pos.uel.br\/letras\/wp-json\/wp\/v2\/media?parent=7168"}],"curies":[{"name":"wp","href":"https:\/\/api.w.org\/{rel}","templated":true}]}}