{"id":7156,"date":"2025-01-30T11:56:48","date_gmt":"2025-01-30T14:56:48","guid":{"rendered":"https:\/\/pos.uel.br\/letras\/?page_id=7156"},"modified":"2025-03-06T11:05:49","modified_gmt":"2025-03-06T14:05:49","slug":"estructura-curricular","status":"publish","type":"page","link":"https:\/\/pos.uel.br\/letras\/es\/estructura-curricular\/","title":{"rendered":"Cursos Y Estructura Curricular"},"content":{"rendered":"\n<p><\/p>\n\n\n\n<p style=\"font-size:15px\">El Programa de Posgrado en Letras de la UEL, fundado en 1993, cuenta actualmente con un \u00c1rea de Concentraci\u00f3n: <strong>Estudios Literarios<\/strong>, y tres l\u00edneas de investigaci\u00f3n: <strong>Representaciones y textualidades<\/strong>, <strong>Intermedialidades y nuevas formas art\u00edsticas<\/strong>, y <strong>Construcciones y procesos identitarios<\/strong>. El PPGL ofrece los cursos de Maestr\u00eda y Doctorado en las tres l\u00edneas de investigaci\u00f3n.<\/p>\n\n\n\n<div class=\"wp-block-columns is-layout-flex wp-container-core-columns-is-layout-9d6595d7 wp-block-columns-is-layout-flex\">\n<div class=\"wp-block-column is-layout-flow wp-block-column-is-layout-flow\"><\/div>\n<\/div>\n\n\n\n<p style=\"font-size:16px\"><strong>MATRIZ CURRICULAR<\/strong><\/p>\n\n\n\n<div class=\"wp-block-columns is-layout-flex wp-container-core-columns-is-layout-9d6595d7 wp-block-columns-is-layout-flex\">\n<div class=\"wp-block-column is-layout-flow wp-block-column-is-layout-flow\">\n<p><\/p>\n\n\n\n<div class=\"wp-block-columns is-layout-flex wp-container-core-columns-is-layout-9d6595d7 wp-block-columns-is-layout-flex\">\n<div class=\"wp-block-column is-layout-flow wp-block-column-is-layout-flow\">\n<div class=\"wp-block-columns is-layout-flex wp-container-core-columns-is-layout-9d6595d7 wp-block-columns-is-layout-flex\">\n<div class=\"wp-block-column is-layout-flow wp-block-column-is-layout-flow\">\n<blockquote class=\"wp-block-quote is-layout-flow wp-block-quote-is-layout-flow\">\n<p style=\"font-size:15px\"><strong>MAESTR\u00cdA<\/strong><\/p>\n<\/blockquote>\n\n\n\n<div class=\"wp-block-columns is-layout-flex wp-container-core-columns-is-layout-9d6595d7 wp-block-columns-is-layout-flex\">\n<div class=\"wp-block-column is-layout-flow wp-block-column-is-layout-flow\">\n<p style=\"font-size:15px\">El curso de Maestr\u00eda tiene una duraci\u00f3n estimada de 2 a\u00f1os lectivos, durante los cuales el estudiante es acompa\u00f1ado en sus actividades de formaci\u00f3n e investigaci\u00f3n por un docente orientador.<br>En el primer a\u00f1o, el estudiante deber\u00e1 cursar 4 asignaturas optativas y 2 Estudios Avanzados (generalmente de 15 horas cada uno). Adem\u00e1s, participar\u00e1 como oyente en las actividades del <strong>Seminario de Disertaciones y Tesis en Desarrollo (SEDA)<\/strong>, cumpliendo con el requisito del <strong>Coloquio de Investigaci\u00f3n<\/strong>.<br>En el segundo a\u00f1o, el estudiante se enfocar\u00e1 en su investigaci\u00f3n, debiendo someterse al <strong>examen de calificaci\u00f3n<\/strong> y, finalmente, a la <strong>defensa de su disertaci\u00f3n<\/strong>.<br>El curso de Maestr\u00eda exige que el estudiante realice una <strong>pasant\u00eda docente<\/strong> en la ense\u00f1anza de grado bajo la supervisi\u00f3n de su orientador.<br>El estudiante deber\u00e1 cumplir <strong>51 cr\u00e9ditos<\/strong>, equivalentes a <strong>765 horas<\/strong>, cumpliendo con los requisitos m\u00ednimos.<br><br><strong>Requisitos de cr\u00e9ditos:<\/strong><\/p>\n\n\n\n<p style=\"font-size:14px\">a) 3 cr\u00e9ditos en Actividades Especiales<br>b) 2 cr\u00e9ditos en Estudios Avanzados<br>c) 2 cr\u00e9ditos en Coloquio de Investigaci\u00f3n<br>d) 30 cr\u00e9ditos en Disertaci\u00f3n<br>e) 2 cr\u00e9ditos en Pasant\u00eda docente en la ense\u00f1anza de grado, sin posibilidad de equivalencia<br>f) 12 cr\u00e9ditos en Asignaturas optativas, con posibilidad de convalidar hasta 3 cr\u00e9ditos en asignaturas cursadas en otros programas de posgrado<\/p>\n\n\n\n<p style=\"font-size:14px\"><strong>Otros requisitos:<\/strong><\/p>\n\n\n\n<p style=\"font-size:14px\">a) Examen de competencia lectora (o equivalente) en ingl\u00e9s o franc\u00e9s<br>b) Examen de calificaci\u00f3n<br>c) Defensa de la disertaci\u00f3n<\/p>\n<\/div>\n<\/div>\n<\/div>\n<\/div>\n<\/div>\n\n\n\n<div class=\"wp-block-column is-layout-flow wp-block-column-is-layout-flow\">\n<div class=\"wp-block-columns is-layout-flex wp-container-core-columns-is-layout-9d6595d7 wp-block-columns-is-layout-flex\">\n<div class=\"wp-block-column is-layout-flow wp-block-column-is-layout-flow\">\n<blockquote class=\"wp-block-quote is-layout-flow wp-block-quote-is-layout-flow\">\n<p style=\"font-size:15px\"><strong>DOCTORADO<\/strong><\/p>\n<\/blockquote>\n\n\n\n<div class=\"wp-block-columns is-layout-flex wp-container-core-columns-is-layout-9d6595d7 wp-block-columns-is-layout-flex\">\n<div class=\"wp-block-column is-layout-flow wp-block-column-is-layout-flow\" style=\"font-size:14px\">\n<p style=\"font-size:15px\">El curso de Doctorado tiene una duraci\u00f3n estimada de <strong>4 a\u00f1os lectivos<\/strong>, durante los cuales el estudiante es acompa\u00f1ado en sus actividades de formaci\u00f3n e investigaci\u00f3n por un docente orientador.<br>Generalmente, a lo largo de los dos primeros a\u00f1os, el estudiante cursar\u00e1 <strong>8 asignaturas optativas<\/strong> y <strong>4 Estudios Avanzados<\/strong> (generalmente de 15 horas cada uno). A partir del segundo a\u00f1o, participar\u00e1 en las actividades del <strong>Seminario de Disertaciones y Tesis en Desarrollo (SEDA)<\/strong>, cumpliendo con los requisitos del <strong>Coloquio de Investigaci\u00f3n<\/strong>.<br>A lo largo del curso, el estudiante se enfocar\u00e1 en su investigaci\u00f3n, debiendo someterse al <strong>examen de calificaci\u00f3n<\/strong> y, finalmente, a la <strong>defensa de la tesis<\/strong>.<br>El curso de Doctorado exige que el estudiante realice una <strong>pasant\u00eda docente en la ense\u00f1anza de grado<\/strong> bajo la supervisi\u00f3n de su orientador. Se permite la equivalencia de actividades docentes realizadas despu\u00e9s de la obtenci\u00f3n del t\u00edtulo de Maestr\u00eda.<br>El estudiante deber\u00e1 cumplir <strong>250 cr\u00e9ditos<\/strong>, equivalentes a <strong>3.750 horas<\/strong>, cumpliendo con los siguientes requisitos m\u00ednimos:<\/p>\n\n\n\n<h3 class=\"wp-block-heading\" style=\"font-size:15px\"><strong>Requisitos de cr\u00e9ditos:<\/strong><\/h3>\n\n\n\n<p style=\"font-size:15px\">a) 15 cr\u00e9ditos en Actividades Especiales de Doctorado<br>b) 4 cr\u00e9ditos en Estudios Avanzados<br>c) 3 cr\u00e9ditos en Coloquio de Investigaci\u00f3n<br>d) 200 cr\u00e9ditos en Tesis<br>e) 4 cr\u00e9ditos en Pasant\u00eda docente en la ense\u00f1anza de grado, permitida la equivalencia de actividades docentes realizadas despu\u00e9s de la obtenci\u00f3n del t\u00edtulo de Maestr\u00eda<br>f) 24 cr\u00e9ditos en Asignaturas optativas, permitida la equivalencia de hasta 9 cr\u00e9ditos en asignaturas cursadas en la Maestr\u00eda y la convalidaci\u00f3n de hasta 6 cr\u00e9ditos en asignaturas cursadas en otros programas de posgrado, con un m\u00e1ximo de 9 cr\u00e9ditos convalidados y\/o equivalentes<\/p>\n\n\n\n<h3 class=\"wp-block-heading\" style=\"font-size:15px\"><strong>Otros requisitos:<\/strong><\/h3>\n\n\n\n<p style=\"font-size:15px\">a) Examen de competencia lectora (o equivalente) en ingl\u00e9s y franc\u00e9s<br>b) Examen de calificaci\u00f3n<br>c) Defensa de la tesis<\/p>\n\n\n\n<p><\/p>\n<\/div>\n<\/div>\n<\/div>\n<\/div>\n<\/div>\n<\/div>\n\n\n\n<div class=\"wp-block-columns is-layout-flex wp-container-core-columns-is-layout-9d6595d7 wp-block-columns-is-layout-flex\">\n<div class=\"wp-block-column is-layout-flow wp-block-column-is-layout-flow\">\n<ul class=\"wp-block-list\">\n<li style=\"font-size:15px\">Leer la <a href=\"https:\/\/pos.uel.br\/letras\/wp-content\/uploads\/2023\/09\/Delib05-2023.pdf\" target=\"_blank\" rel=\"noreferrer noopener\">Deliberaci\u00f3n N\u00ba 005\/2023<\/a> del Colegiado de los Programas de Posgrado de la UEL que norma los requisitos para los cursos de Maestr\u00eda y Doctorado del PPG en Letras.<\/li>\n\n\n\n<li style=\"font-size:15px\">Lea la <a href=\"https:\/\/pos.uel.br\/letras\/wp-content\/uploads\/2023\/08\/Atividades-Especiais-cre\u0301ditos.pdf\" target=\"_blank\" rel=\"noreferrer noopener\">informaci\u00f3n adicional<\/a> sobre las Actividades Especiales, Estudios Avanzados y Coloquio de Investigaci\u00f3n.<\/li>\n\n\n\n<li style=\"font-size:15px\">Lea la <a href=\"https:\/\/pos.uel.br\/letras\/wp-content\/uploads\/2024\/09\/Delib-001-2023-Normas-para-mudanc\u0327a-de-ni\u0301vel-Stricto-sensu.pdf\" target=\"_blank\" rel=\"noreferrer noopener\">Deliberaci\u00f3n N\u00ba 001\/2023<\/a> del Claustro PPG <em>Stricto sensu<\/em> que trata del cambio de nivel de curso (Maestr\u00eda a Doctorado).<\/li>\n<\/ul>\n\n\n\n<p><\/p>\n<\/div>\n<\/div>\n<\/div>\n<\/div>\n","protected":false},"excerpt":{"rendered":"<p>El Programa de Posgrado en Letras de la UEL, fundado en 1993, cuenta actualmente con un \u00c1rea de Concentraci\u00f3n: Estudios Literarios, y tres l\u00edneas de investigaci\u00f3n: Representaciones y textualidades, Intermedialidades y nuevas formas art\u00edsticas, y Construcciones y procesos identitarios. El PPGL ofrece los cursos de Maestr\u00eda y Doctorado en las tres l\u00edneas de investigaci\u00f3n. MATRIZ [&hellip;]<\/p>\n","protected":false},"author":9,"featured_media":0,"parent":0,"menu_order":0,"comment_status":"closed","ping_status":"closed","template":"","meta":{"_acf_changed":false,"footnotes":""},"class_list":["post-7156","page","type-page","status-publish","hentry"],"acf":[],"_links":{"self":[{"href":"https:\/\/pos.uel.br\/letras\/wp-json\/wp\/v2\/pages\/7156","targetHints":{"allow":["GET"]}}],"collection":[{"href":"https:\/\/pos.uel.br\/letras\/wp-json\/wp\/v2\/pages"}],"about":[{"href":"https:\/\/pos.uel.br\/letras\/wp-json\/wp\/v2\/types\/page"}],"author":[{"embeddable":true,"href":"https:\/\/pos.uel.br\/letras\/wp-json\/wp\/v2\/users\/9"}],"replies":[{"embeddable":true,"href":"https:\/\/pos.uel.br\/letras\/wp-json\/wp\/v2\/comments?post=7156"}],"version-history":[{"count":18,"href":"https:\/\/pos.uel.br\/letras\/wp-json\/wp\/v2\/pages\/7156\/revisions"}],"predecessor-version":[{"id":8850,"href":"https:\/\/pos.uel.br\/letras\/wp-json\/wp\/v2\/pages\/7156\/revisions\/8850"}],"wp:attachment":[{"href":"https:\/\/pos.uel.br\/letras\/wp-json\/wp\/v2\/media?parent=7156"}],"curies":[{"name":"wp","href":"https:\/\/api.w.org\/{rel}","templated":true}]}}