{"id":7153,"date":"2025-01-30T11:56:48","date_gmt":"2025-01-30T14:56:48","guid":{"rendered":"https:\/\/pos.uel.br\/letras\/?page_id=7153"},"modified":"2025-03-06T11:13:43","modified_gmt":"2025-03-06T14:13:43","slug":"lineas-de-investigacion","status":"publish","type":"page","link":"https:\/\/pos.uel.br\/letras\/es\/lineas-de-investigacion\/","title":{"rendered":"L\u00edneas de investigaci\u00f3n"},"content":{"rendered":"\n<div class=\"wp-block-columns is-layout-flex wp-container-core-columns-is-layout-9d6595d7 wp-block-columns-is-layout-flex\">\n<div class=\"wp-block-column is-layout-flow wp-block-column-is-layout-flow\">\n<div class=\"wp-block-columns is-layout-flex wp-container-core-columns-is-layout-9d6595d7 wp-block-columns-is-layout-flex\">\n<div class=\"wp-block-column is-layout-flow wp-block-column-is-layout-flow\"><\/div>\n<\/div>\n\n\n\n<p style=\"font-size:15px\">El PPG en Letras cuenta actualmente con un \u00c1rea de Concentraci\u00f3n en Estudios Literarios y tres l\u00edneas de investigaci\u00f3n.<\/p>\n\n\n\n<p style=\"font-size:15px\"><strong>L1: Representaciones y textualidades<\/strong><br><strong>S\u00edntesis:<\/strong> Estudio de las representaciones del mundo y de la historia, poniendo en discusi\u00f3n los conceptos de texto, hipertexto e intertexto, as\u00ed como las pr\u00e1cticas discursivas y constitutivas en los objetos literarios, y las relaciones sociales de poder en sus manifestaciones y contestaciones.<br><br>Prof. Dr. Alamir Aquino Corr\u00eaa<br>Prof\u00aa Dr\u00aa Cl\u00e1udia Camardella Rio Doce<br>Prof\u00aa Dr\u00aa Cl\u00e1udia Cristina Ferreira<br>Prof\u00aa Dr\u00aa Laura Taddei Brandini<br>Prof. Dr. Luiz Carlos Migliozzi Ferreira de Mello<br>Prof\u00aa Dr\u00aa Marta Dantas da Silva<br>Prof. Dr. Miguel Heitor Braga Vieira<br>Prof\u00aa Dr\u00aa Regina C\u00e9lia dos Santos Alves<br><br><strong>L2: Intermedialidades y nuevas formas art\u00edsticas<\/strong><br><strong>S\u00edntesis:<\/strong> Estudio de la intermedialidad como fen\u00f3meno de creaci\u00f3n\/producci\u00f3n de nuevas formas art\u00edsticas (en los campos de la literatura, m\u00fasica, teatro, artes visuales, radio, cine y nuevos medios) y de cr\u00edticas innovadoras en las pr\u00e1cticas culturales contempor\u00e1neas. Se analizan los aspectos de la globalizaci\u00f3n como transgresi\u00f3n de los loci de producci\u00f3n\/recepci\u00f3n y su relaci\u00f3n con la industria cultural.<br><br>Prof. Dr. Alamir Aquino Corr\u00eaa<br>Prof\u00aa Dr\u00aa Barbara Cristina Marques<br>Prof. Dr. Frederico Augusto Garcia Fernandes<br>Prof\u00aa Dr\u00aa Ellen Mariany da Silva Dias<br>Prof. Dr. Luiz Carlos Santos Simon<br>Prof\u00aa Dr\u00aa Marta Dantas da Silva<br><br><strong>L3: Construcciones y procesos identitarios<\/strong><br><strong>S\u00edntesis:<\/strong> Estudio de las identidades en los objetos literarios, con el objetivo de reflexionar sobre las diferencias existentes y fundamentadas en g\u00e9nero, grupo etario, constituci\u00f3n familiar y parentesco, vivencia de las sexualidades, religiosidades, etnia\/etnicidades, nacionalidades y regionalidades.<br><br>Prof\u00aa Dr\u00aa Ellen Mariany da Silva Dias<br>Prof. Dr. Luiz Carlos Santos Simon<br>Prof\u00aa Dr\u00aa Maria Carolina de Godoy<br>Prof. Dr. Silvio Cesar dos Santos Alves<br>Prof\u00aa Dr\u00aa Suely Leite<br>Prof\u00aa Dr\u00aa Telma Maciel da Silva<br><br><br><br><br><br><br><br><\/p>\n<\/div>\n<\/div>\n","protected":false},"excerpt":{"rendered":"<p>El PPG en Letras cuenta actualmente con un \u00c1rea de Concentraci\u00f3n en Estudios Literarios y tres l\u00edneas de investigaci\u00f3n. L1: Representaciones y textualidadesS\u00edntesis: Estudio de las representaciones del mundo y de la historia, poniendo en discusi\u00f3n los conceptos de texto, hipertexto e intertexto, as\u00ed como las pr\u00e1cticas discursivas y constitutivas en los objetos literarios, y [&hellip;]<\/p>\n","protected":false},"author":9,"featured_media":0,"parent":0,"menu_order":0,"comment_status":"closed","ping_status":"closed","template":"","meta":{"_acf_changed":false,"footnotes":""},"class_list":["post-7153","page","type-page","status-publish","hentry"],"acf":[],"_links":{"self":[{"href":"https:\/\/pos.uel.br\/letras\/wp-json\/wp\/v2\/pages\/7153","targetHints":{"allow":["GET"]}}],"collection":[{"href":"https:\/\/pos.uel.br\/letras\/wp-json\/wp\/v2\/pages"}],"about":[{"href":"https:\/\/pos.uel.br\/letras\/wp-json\/wp\/v2\/types\/page"}],"author":[{"embeddable":true,"href":"https:\/\/pos.uel.br\/letras\/wp-json\/wp\/v2\/users\/9"}],"replies":[{"embeddable":true,"href":"https:\/\/pos.uel.br\/letras\/wp-json\/wp\/v2\/comments?post=7153"}],"version-history":[{"count":5,"href":"https:\/\/pos.uel.br\/letras\/wp-json\/wp\/v2\/pages\/7153\/revisions"}],"predecessor-version":[{"id":8862,"href":"https:\/\/pos.uel.br\/letras\/wp-json\/wp\/v2\/pages\/7153\/revisions\/8862"}],"wp:attachment":[{"href":"https:\/\/pos.uel.br\/letras\/wp-json\/wp\/v2\/media?parent=7153"}],"curies":[{"name":"wp","href":"https:\/\/api.w.org\/{rel}","templated":true}]}}