{"id":654,"date":"2021-07-27T11:43:54","date_gmt":"2021-07-27T14:43:54","guid":{"rendered":"https:\/\/pos.uel.br\/letras\/?page_id=654"},"modified":"2025-03-09T23:44:11","modified_gmt":"2025-03-10T02:44:11","slug":"estagio-doutoral-no-exterior","status":"publish","type":"page","link":"https:\/\/pos.uel.br\/letras\/estagio-doutoral-no-exterior\/","title":{"rendered":"Est\u00e1gio doutoral no exterior"},"content":{"rendered":"\n<p><\/p>\n\n\n\n<p style=\"font-size:15px\"><br>O Programa de Doutorado Sandu\u00edche no Exterior (PDSE\/CAPES) tem por objetivo apoiar a forma\u00e7\u00e3o de recursos humanos de alto n\u00edvel por meio da concess\u00e3o de cotas de bolsas de doutorado sandu\u00edche no exterior \u00e0s Institui\u00e7\u00f5es de Ensino Superior com cursos de Doutorado reconhecidos pela Capes. O est\u00e1gio no exterior deve contemplar, prioritariamente, a realiza\u00e7\u00e3o de pesquisas em \u00e1reas do conhecimento menos consolidadas no Brasil.<br><br><strong>O benefici\u00e1rio do PDSE realizar\u00e1 partes das atividades concernentes ao curso de doutorado em institui\u00e7\u00e3o no exterior e dever\u00e1 retornar ao Brasil ap\u00f3s a conclus\u00e3o da bolsa para a defesa da tese e a finaliza\u00e7\u00e3o do doutorado.<\/strong><br><br><strong>S\u00e3o objetivos do PDSE:<\/strong><\/p>\n\n\n\n<p style=\"font-size:15px\">I &#8211; complementar e expandir as possibilidades de forma\u00e7\u00e3o ofertadas pelos programas de p\u00f3s-gradua\u00e7\u00e3o no Brasil;<br>II &#8211; oferecer oportunidades para a atualiza\u00e7\u00e3o de conhecimentos t\u00e9cnicos, cient\u00edficos, tecnol\u00f3gicos e acad\u00eamicos;<br>III &#8211; ampliar o n\u00edvel de colabora\u00e7\u00e3o e de publica\u00e7\u00f5es conjuntas entre a comunidade acad\u00eamica que atua no Brasil e no exterior;<br>IV &#8211; ampliar o acesso da comunidade acad\u00eamica brasileira aos centros internacionais de excel\u00eancia;<br>V &#8211; proporcionar maior visibilidade internacional \u00e0 produ\u00e7\u00e3o cient\u00edfica, tecnol\u00f3gica e cultural brasileira;<br>VI &#8211; promover a reflex\u00e3o sobre a base curricular dos cursos de p\u00f3s-gradua\u00e7\u00e3o brasileiros;<br>VII- fortalecer os programas de p\u00f3s-gradua\u00e7\u00e3o e o interc\u00e2mbio entre Institui\u00e7\u00f5es de Ensino Superior ou grupos de pesquisa brasileiros e internacionais;<br>VIII &#8211; estimular a ado\u00e7\u00e3o de novos modelos de gest\u00e3o da pesquisa por parte dos estudantes brasileiros; e<br>IX &#8211; auxiliar no processo de internacionaliza\u00e7\u00e3o do ensino superior bem como da ci\u00eancia, tecnologia e inova\u00e7\u00e3o brasileiras.<br><br>O PPGL publica periodicamente os editais de oferta de concess\u00e3o de Bolsas PDSE\/CAPES.<br>Para conferir os editais publicados, <a href=\"https:\/\/pos.uel.br\/letras\/chamadas-de-bolsa\/\" target=\"_blank\" rel=\"noreferrer noopener\">clique aqui<\/a>.<br><br><strong><a href=\"https:\/\/pos.uel.br\/letras\/wp-content\/uploads\/2025\/03\/Portaria-no-77-de-8-de-Marc\u0327o-de-2024.pdf\" target=\"_blank\" rel=\"noreferrer noopener\">PORTARIA CAPES N\u00ba 77\/2024<\/a> \u2013 <\/strong>Disp\u00f5e sobre o Regulamento do Programa Institucional de Doutorado Sandu\u00edche no Exterior \u2013 PDSE<\/p>\n\n\n\n<p><\/p>\n","protected":false},"excerpt":{"rendered":"<p>O Programa de Doutorado Sandu\u00edche no Exterior (PDSE\/CAPES) tem por objetivo apoiar a forma\u00e7\u00e3o de recursos humanos de alto n\u00edvel por meio da concess\u00e3o de cotas de bolsas de doutorado sandu\u00edche no exterior \u00e0s Institui\u00e7\u00f5es de Ensino Superior com cursos de Doutorado reconhecidos pela Capes. O est\u00e1gio no exterior deve contemplar, prioritariamente, a realiza\u00e7\u00e3o de [&hellip;]<\/p>\n","protected":false},"author":8,"featured_media":0,"parent":0,"menu_order":0,"comment_status":"closed","ping_status":"closed","template":"","meta":{"_acf_changed":false,"footnotes":""},"class_list":["post-654","page","type-page","status-publish","hentry"],"acf":[],"_links":{"self":[{"href":"https:\/\/pos.uel.br\/letras\/wp-json\/wp\/v2\/pages\/654","targetHints":{"allow":["GET"]}}],"collection":[{"href":"https:\/\/pos.uel.br\/letras\/wp-json\/wp\/v2\/pages"}],"about":[{"href":"https:\/\/pos.uel.br\/letras\/wp-json\/wp\/v2\/types\/page"}],"author":[{"embeddable":true,"href":"https:\/\/pos.uel.br\/letras\/wp-json\/wp\/v2\/users\/8"}],"replies":[{"embeddable":true,"href":"https:\/\/pos.uel.br\/letras\/wp-json\/wp\/v2\/comments?post=654"}],"version-history":[{"count":36,"href":"https:\/\/pos.uel.br\/letras\/wp-json\/wp\/v2\/pages\/654\/revisions"}],"predecessor-version":[{"id":9923,"href":"https:\/\/pos.uel.br\/letras\/wp-json\/wp\/v2\/pages\/654\/revisions\/9923"}],"wp:attachment":[{"href":"https:\/\/pos.uel.br\/letras\/wp-json\/wp\/v2\/media?parent=654"}],"curies":[{"name":"wp","href":"https:\/\/api.w.org\/{rel}","templated":true}]}}