{"id":6464,"date":"2024-11-22T00:12:48","date_gmt":"2024-11-22T03:12:48","guid":{"rendered":"https:\/\/pos.uel.br\/letras\/?page_id=6464"},"modified":"2024-11-22T00:14:30","modified_gmt":"2024-11-22T03:14:30","slug":"formularios","status":"publish","type":"page","link":"https:\/\/pos.uel.br\/letras\/formularios\/","title":{"rendered":"Formul\u00e1rios"},"content":{"rendered":"\n<p>Formul\u00e1rio de solicita\u00e7\u00e3o de viagem \u2013 <a href=\"https:\/\/pos.uel.br\/letras\/wp-content\/uploads\/2024\/11\/Formula\u0301rio-solicitac\u0327a\u0303o-docente.docx\" target=\"_blank\" rel=\"noreferrer noopener\">acessar aqui<\/a><br>Relat\u00f3rio t\u00e9cnico de viagem \u2013 <a href=\"https:\/\/pos.uel.br\/letras\/wp-content\/uploads\/2024\/11\/Relato\u0301rio-te\u0301cnico-de-viagem.doc\" target=\"_blank\" rel=\"noreferrer noopener\">acessar aqui<\/a><\/p>\n","protected":false},"excerpt":{"rendered":"<p>Formul\u00e1rio de solicita\u00e7\u00e3o de viagem \u2013 acessar aquiRelat\u00f3rio t\u00e9cnico de viagem \u2013 acessar aqui<\/p>\n","protected":false},"author":9,"featured_media":0,"parent":0,"menu_order":0,"comment_status":"closed","ping_status":"closed","template":"","meta":{"_acf_changed":false,"footnotes":""},"class_list":["post-6464","page","type-page","status-publish","hentry"],"acf":[],"_links":{"self":[{"href":"https:\/\/pos.uel.br\/letras\/wp-json\/wp\/v2\/pages\/6464","targetHints":{"allow":["GET"]}}],"collection":[{"href":"https:\/\/pos.uel.br\/letras\/wp-json\/wp\/v2\/pages"}],"about":[{"href":"https:\/\/pos.uel.br\/letras\/wp-json\/wp\/v2\/types\/page"}],"author":[{"embeddable":true,"href":"https:\/\/pos.uel.br\/letras\/wp-json\/wp\/v2\/users\/9"}],"replies":[{"embeddable":true,"href":"https:\/\/pos.uel.br\/letras\/wp-json\/wp\/v2\/comments?post=6464"}],"version-history":[{"count":2,"href":"https:\/\/pos.uel.br\/letras\/wp-json\/wp\/v2\/pages\/6464\/revisions"}],"predecessor-version":[{"id":6469,"href":"https:\/\/pos.uel.br\/letras\/wp-json\/wp\/v2\/pages\/6464\/revisions\/6469"}],"wp:attachment":[{"href":"https:\/\/pos.uel.br\/letras\/wp-json\/wp\/v2\/media?parent=6464"}],"curies":[{"name":"wp","href":"https:\/\/api.w.org\/{rel}","templated":true}]}}