{"id":616,"date":"2021-07-27T11:11:40","date_gmt":"2021-07-27T14:11:40","guid":{"rendered":"https:\/\/pos.uel.br\/letras\/?page_id=616"},"modified":"2025-12-05T16:07:29","modified_gmt":"2025-12-05T19:07:29","slug":"disciplinas_port","status":"publish","type":"page","link":"https:\/\/pos.uel.br\/letras\/disciplinas_port\/","title":{"rendered":"Disciplinas"},"content":{"rendered":"\n<p><\/p>\n\n\n\n<p><strong>2 LEM 294 \u2013 A interface literatura e psican\u00e1lise<\/strong><br><strong>Ementa: <\/strong>An\u00e1lise da intertextualidade entre as obras liter\u00e1rias e as forma\u00e7\u00f5es do inconsciente. Utiliza\u00e7\u00e3o da Cr\u00edtica Liter\u00e1ria Psicanal\u00edtica para a leitura, an\u00e1lise e interpreta\u00e7\u00e3o da narrativa liter\u00e1ria. Investiga\u00e7\u00e3o do percurso de cria\u00e7\u00e3o liter\u00e1ria que se depreende do texto liter\u00e1rio a partir da abordagem da cr\u00edtica psicanal\u00edtica.<br><br><strong>3 LET 040 \u2013 Literatura juvenil e outras m\u00eddias<\/strong><br><strong>Ementa: <\/strong>Debate em torno das articula\u00e7\u00f5es entre a literatura juvenil e os meios de comunica\u00e7\u00e3o de massa, com destaque para as hist\u00f3rias em quadrinhos e a anima\u00e7\u00e3o gr\u00e1fica, tendo em vista os diferentes ve\u00edculos midi\u00e1ticos e multimodais.<br><br><strong>2 NIC 330 \u2013 Literatura e Fenomenologia<\/strong><br><strong>Ementa:<\/strong> Discutir a presen\u00e7a da literatura a partir dos conceitos b\u00e1sicos da fenomenologia nas obras de Sartre, Merleau-Ponty, Nunes, Jauss, Iser e Gumbrecht. Enfoque na experi\u00eancia liter\u00e1ria enquanto s\u00edntese da cria\u00e7\u00e3o e percep\u00e7\u00e3o.<br><br><strong>2 LEM 295 \u2013 Narrativas da mem\u00f3ria: literatura e resist\u00eancia<\/strong><br><strong>Ementa: <\/strong>As rela\u00e7\u00f5es entre literatura, hist\u00f3ria e mem\u00f3ria, nas narrativas liter\u00e1rias, com base em contribui\u00e7\u00f5es te\u00f3ricas sobre ambas as \u00e1reas do conhecimento. Conceitos b\u00e1sicos sobre os g\u00eaneros da mem\u00f3ria: romance hist\u00f3rico, literatura de testemunho, biografia, autobiografia e autofic\u00e7\u00e3o.<\/p>\n\n\n\n<p style=\"font-size:15px\"><strong>2 ART 220<\/strong> \u2013 <strong>O Surrealismo e o Reencantamento da vida<\/strong><br><strong>Ementa:<\/strong> Estudo sobre o projeto surrealista de reencantamento da vida por meio da literatura e das artes. Estudo da rela\u00e7\u00e3o entre o acaso, a poesia, a loucura, o amor, a liberdade e o maravilhoso.<\/p>\n\n\n\n<p style=\"font-size:15px\"><strong>2 LET 767 \u2013 Literatura e oralidade<\/strong><br><strong>Ementa:<\/strong> Estudo do texto oral, enquanto forma liter\u00e1ria, discutindo suas formas de produ\u00e7\u00e3o, manifesta\u00e7\u00e3o, circula\u00e7\u00e3o e armazenamento.<\/p>\n\n\n\n<p style=\"font-size:15px\"><strong>2 LET 797 \u2013 Semin\u00e1rio de Estudos Liter\u00e1rios<\/strong><br><strong>Ementa: <\/strong>Discuss\u00f5es te\u00f3rico-pr\u00e1ticas de g\u00eaneros, obras e autores da modernidade.<\/p>\n\n\n\n<p style=\"font-size:15px\"><strong>2 LET 799 \u2013 Poesia, poema e oralidades de vanguarda<\/strong><br><strong>Ementa:<\/strong> A constru\u00e7\u00e3o da l\u00edrica moderna, suas varia\u00e7\u00f5es formais e de conte\u00fado. An\u00e1lise de manifestos po\u00e9ticos e poemas, com \u00eanfase nas oralidades de vanguarda: poesia sonora, cin\u00e9tica e polipoesia.<\/p>\n\n\n\n<p style=\"font-size:15px\"><strong>2 LET 871 \u2013 A morte na literatura e nas artes<\/strong><br><strong>Ementa:<\/strong> A morte como tema e const\u00e2ncia na literatura e nas artes, por meio da discuss\u00e3o de seu papel m\u00edtico e s\u00f3cio-org\u00e2nico, incluindo a futuri\u00e7\u00e3o da morte e a tentativa de seu afastamento, o envolvimento do moribundo e seus familiares com a morte, os rituais da morte e do luto, a aus\u00eancia de significado da morte, a morte em massa, a morte e o corpo, o desejo pela morte, a nega\u00e7\u00e3o moderna da morte e a pornografia do sentimento da morte anunciada.<\/p>\n\n\n\n<p style=\"font-size:15px\"><strong>2 LET 831 \u2013 Literatura e poder: fundamentos semi\u00f3ticos<\/strong><br><strong>Ementa: <\/strong>Representa\u00e7\u00f5es do poder na literatura: enuncia\u00e7\u00e3o, figuratividade, narratividade e afetividade. O processo da cria\u00e7\u00e3o dos sentidos. Estrat\u00e9gias de manipula\u00e7\u00e3o e estados de alma de sujeitos representados em textos liter\u00e1rios. Estudo anal\u00edtico de alguns percursos passionais, como a vergonha, o medo, a c\u00f3lera, o ressentimento e a vingan\u00e7a. Fundamentos da Semi\u00f3tica greimasiana.<\/p>\n\n\n\n<p style=\"font-size:15px\"><strong>2 LET 872 \u2013 Literatura e m\u00eddia<\/strong><br><strong>Ementa: <\/strong>Hibridismos entre alta e baixa culturas. Intermidialidades e remedia\u00e7\u00e3o. Literatura em meio digital. Literatura e videogames.<\/p>\n\n\n\n<p style=\"font-size:15px\"><strong>2 LET 873 \u2013 Walter Benjamin e a Modernidade<\/strong><br><strong>Ementa:<\/strong> Estudo de aspectos da modernidade a partir dos textos de Walter Benjamin e de seus leitores, assim como seu poss\u00edvel di\u00e1logo com outros textos\/autores. Reflex\u00f5es acerca de categorias, como os fen\u00f4menos urbanos, as palavras e as imagens, bem como a interpenetra\u00e7\u00e3o entre elas, como instrumental te\u00f3rico na leitura e an\u00e1lise de obras liter\u00e1rias e outras.<\/p>\n\n\n\n<p style=\"font-size:15px\"><strong>2 LET 875 \u2013 Semin\u00e1rio de Literatura Comparada<\/strong><br><strong>Ementa: <\/strong>Tend\u00eancias da Literatura Comparada: hist\u00f3rico da disciplina, contextos culturais e formula\u00e7\u00f5es contempor\u00e2neas.<\/p>\n\n\n\n<p style=\"font-size:15px\"><strong>2 LET 956 \u2013 Literatura, cinema e suas materialidades<\/strong><br><strong>Ementa:<\/strong> Estudos das rela\u00e7\u00f5es entre literatura e cinema com reflex\u00f5es a respeito dos processos intermediais entre escrituras liter\u00e1ria e f\u00edlmica a partir de conceitos como intermidialidade, materialidade, remedia\u00e7\u00e3o (<em>remediation<\/em>) e converg\u00eancia.<\/p>\n\n\n\n<p style=\"font-size:15px\"><strong>2 LEM 271 \u2013 O estrangeiro na literatura<\/strong><br><strong>Ementa: <\/strong>Estudo das configura\u00e7\u00f5es do estrangeiro na literatura em suas diferentes formas: como personagem, voz narrativa, espa\u00e7o ou linguagem, tendo em vista reflex\u00f5es tanto sobre o \u201cpr\u00f3prio e o alheio\u201d na literatura, quanto sobre quest\u00f5es relativas \u00e0 identidade e \u00e0 alteridade.<\/p>\n\n\n\n<p style=\"font-size:15px\"><strong>2 LET 464 \u2013 Literatura afro-brasileira<\/strong><br><strong>Ementa: <\/strong>Hist\u00f3ria da literatura afro-brasileira, incluindo a discuss\u00e3o de aspectos de editora\u00e7\u00e3o e divulga\u00e7\u00e3o. Discuss\u00f5es sobre a produ\u00e7\u00e3o liter\u00e1ria de autores e autoras afrodescendentes. Problematiza\u00e7\u00e3o do conceito de literatura afro-brasileira.<\/p>\n\n\n\n<p style=\"font-size:15px\"><strong>2 LET 508 \u2013 O romance brasileiro no s\u00e9culo XX<\/strong><br><strong>Ementa:<\/strong> Estudo de algumas formas assumidas pelo romance brasileiro no decorrer do s\u00e9culo XX, pensando em certas linhas de for\u00e7a que se mant\u00eam ao longo do s\u00e9culo bem como em manifesta\u00e7\u00f5es inovadoras e de ruptura apresentadas pelo g\u00eanero no per\u00edodo focado.<\/p>\n\n\n\n<p style=\"font-size:15px\"><strong>2 LET 768 \u2013 Cr\u00edtica liter\u00e1ria brasileira no s\u00e9culo XX<\/strong><br><strong>Ementa: <\/strong>Estudo de algumas das principais tend\u00eancias da cr\u00edtica liter\u00e1ria brasileira no s\u00e9culo XX face \u00e0 tradi\u00e7\u00e3o cr\u00edtica ocidental e ao processo de organiza\u00e7\u00e3o da vida cultural brasileira.<\/p>\n\n\n\n<p style=\"font-size:15px\"><strong>2 LET 882 \u2013 Semin\u00e1rio de Literatura Brasileira<\/strong><br><strong>Ementa:<\/strong> Tend\u00eancias da Literatura Brasileira nos s\u00e9culos XX e XXI: contextos culturais, autores e obras relevantes.<\/p>\n\n\n\n<p style=\"font-size:15px\"><strong>2 LET 883 \u2013 Semin\u00e1rio de outras Literaturas Vern\u00e1culas<\/strong><br><strong>Ementa: <\/strong>Tend\u00eancias de Outras Literaturas Vern\u00e1culas nos s\u00e9culos XX e XXI: contextos culturais, autores e obras relevantes.<\/p>\n\n\n\n<p style=\"font-size:15px\"><strong>2 LET 952 \u2013 Vozes femininas na literatura<\/strong><br><strong>Ementa: <\/strong>Fundamentos de teoria, cr\u00edtica liter\u00e1ria feminista e estudos de g\u00eanero. Estudo de representa\u00e7\u00f5es de g\u00eanero em textos liter\u00e1rios produzidos por mulheres.<\/p>\n\n\n\n<p style=\"font-size:15px\"><strong>3 LET 001<\/strong> \u2013 <strong>Poesia brasileira moderna e contempor\u00e2nea<\/strong><br><strong>Ementa: <\/strong>Estudo de autores, obras, gera\u00e7\u00f5es e movimentos representativos da poesia brasileira dos s\u00e9culos XX e XXI sob a perspectiva de suas varia\u00e7\u00f5es formais e tem\u00e1ticas.<\/p>\n\n\n\n<p style=\"font-size:15px\"><strong>3 LET 002<\/strong> \u2013 <strong>Di\u00e1logos epistolares: a carta como objeto (para)liter\u00e1rio<\/strong><br><strong>Ementa:<\/strong> An\u00e1lise de correspond\u00eancias de escritores, tendo como base a cr\u00edtica gen\u00e9tica e textual.<\/p>\n\n\n\n<p style=\"font-size:15px\"><strong>2 LEM 286<\/strong> \u2013 <strong>Representa\u00e7\u00f5es do ins\u00f3lito na literatura latinoamericana<\/strong><br><strong>Ementa:<\/strong> Estudo te\u00f3rico-cr\u00edtico das figura\u00e7\u00f5es do ins\u00f3lito na literatura latino-americana. An\u00e1lise de produ\u00e7\u00f5es liter\u00e1rias latino-americanas dos s\u00e9culos XIX e XX.<\/p>\n\n\n\n<p style=\"font-size:15px\"><strong>2 LET 024 \u2013 Di\u00e1logos entre Caio Fernando Abreu e Clarice Lispector<\/strong><br><strong>Ementa:<\/strong> Discuss\u00f5es te\u00f3rico-pr\u00e1ticas de g\u00eaneros, obras e autores da modernidade.<br><br><strong>3 LET 038 \u2013 A tradi\u00e7\u00e3o do autorretrato na poesia moderna e contempor\u00e2nea de l\u00edngua portuguesa<\/strong><br><strong>Ementa: <\/strong>Rela\u00e7\u00f5es entre poesia e epistemologia, sobreposi\u00e7\u00f5es de paradigmas e hibridismos entre confiss\u00e3o e textualismo na poesia moderna e contempor\u00e2nea de l\u00edngua portuguesa.<\/p>\n\n\n\n<p style=\"font-size:15px\"><\/p>\n\n\n\n<p style=\"font-size:15px\"><\/p>\n","protected":false},"excerpt":{"rendered":"<p>2 LEM 294 \u2013 A interface literatura e psican\u00e1liseEmenta: An\u00e1lise da intertextualidade entre as obras liter\u00e1rias e as forma\u00e7\u00f5es do inconsciente. Utiliza\u00e7\u00e3o da Cr\u00edtica Liter\u00e1ria Psicanal\u00edtica para a leitura, an\u00e1lise e interpreta\u00e7\u00e3o da narrativa liter\u00e1ria. Investiga\u00e7\u00e3o do percurso de cria\u00e7\u00e3o liter\u00e1ria que se depreende do texto liter\u00e1rio a partir da abordagem da cr\u00edtica psicanal\u00edtica. 3 [&hellip;]<\/p>\n","protected":false},"author":8,"featured_media":0,"parent":0,"menu_order":0,"comment_status":"closed","ping_status":"closed","template":"","meta":{"_acf_changed":false,"footnotes":""},"class_list":["post-616","page","type-page","status-publish","hentry"],"acf":[],"_links":{"self":[{"href":"https:\/\/pos.uel.br\/letras\/wp-json\/wp\/v2\/pages\/616","targetHints":{"allow":["GET"]}}],"collection":[{"href":"https:\/\/pos.uel.br\/letras\/wp-json\/wp\/v2\/pages"}],"about":[{"href":"https:\/\/pos.uel.br\/letras\/wp-json\/wp\/v2\/types\/page"}],"author":[{"embeddable":true,"href":"https:\/\/pos.uel.br\/letras\/wp-json\/wp\/v2\/users\/8"}],"replies":[{"embeddable":true,"href":"https:\/\/pos.uel.br\/letras\/wp-json\/wp\/v2\/comments?post=616"}],"version-history":[{"count":31,"href":"https:\/\/pos.uel.br\/letras\/wp-json\/wp\/v2\/pages\/616\/revisions"}],"predecessor-version":[{"id":10664,"href":"https:\/\/pos.uel.br\/letras\/wp-json\/wp\/v2\/pages\/616\/revisions\/10664"}],"wp:attachment":[{"href":"https:\/\/pos.uel.br\/letras\/wp-json\/wp\/v2\/media?parent=616"}],"curies":[{"name":"wp","href":"https:\/\/api.w.org\/{rel}","templated":true}]}}