{"id":613,"date":"2021-07-27T11:09:26","date_gmt":"2021-07-27T14:09:26","guid":{"rendered":"https:\/\/pos.uel.br\/letras\/?page_id=613"},"modified":"2025-11-04T11:51:48","modified_gmt":"2025-11-04T14:51:48","slug":"cursos_estrutura_curricular","status":"publish","type":"page","link":"https:\/\/pos.uel.br\/letras\/cursos_estrutura_curricular\/","title":{"rendered":"Cursos e Estrutura curricular"},"content":{"rendered":"\n<div class=\"wp-block-columns is-layout-flex wp-container-core-columns-is-layout-9d6595d7 wp-block-columns-is-layout-flex\">\n<div class=\"wp-block-column is-layout-flow wp-block-column-is-layout-flow\">\n<p style=\"font-size:15px\">O Programa de P\u00f3s-gradua\u00e7\u00e3o em Letras da UEL possui uma \u00c1rea de concentra\u00e7\u00e3o em <strong>Estudos Liter\u00e1rios<\/strong> e tr\u00eas linhas de pesquisa \u2013 <strong>Representa\u00e7\u00f5es e textualidades<\/strong>, <strong>Intermedialidades e novas formas art\u00edsticas<\/strong> e <strong>Constru\u00e7\u00f5es e processos identit\u00e1rios<\/strong>. O PPGL oferta anualmente vagas para os cursos de Mestrado e Doutorado nas tr\u00eas linhas de pesquisa por meio de Processo seletivo. As ofertas de Sele\u00e7\u00e3o para ingresso nos cursos do PPGL podem ser acessadas na aba &#8220;Sele\u00e7\u00e3o&#8221; do Menu superior.<\/p>\n\n\n\n<p><\/p>\n\n\n\n<div class=\"wp-block-columns is-layout-flex wp-container-core-columns-is-layout-9d6595d7 wp-block-columns-is-layout-flex\">\n<div class=\"wp-block-column is-layout-flow wp-block-column-is-layout-flow\" style=\"font-size:15px\">\n<p style=\"font-size:15px\"><strong>MATRIZ CURRICULAR<\/strong><\/p>\n<\/div>\n<\/div>\n\n\n\n<div class=\"wp-block-columns is-layout-flex wp-container-core-columns-is-layout-9d6595d7 wp-block-columns-is-layout-flex\">\n<div class=\"wp-block-column is-layout-flow wp-block-column-is-layout-flow\">\n<div class=\"wp-block-uel-card\">\n<blockquote class=\"wp-block-quote is-layout-flow wp-block-quote-is-layout-flow\">\n<p style=\"font-size:15px\"><strong>MESTRADO<\/strong><\/p>\n<\/blockquote>\n\n\n\n<p style=\"font-size:15px\"><strong>Dura\u00e7\u00e3o m\u00ednima:<\/strong> 2 anos ou 4 per\u00edodos letivos (tempo regular)<br><strong>N\u00famero de cr\u00e9ditos:<\/strong> 51 cr\u00e9ditos correspondentes a 765 horas<br><strong>Requisitos m\u00ednimos:<\/strong><br><br>I) 12 cr\u00e9ditos em disciplinas eletivas (4 disciplinas), permitida a convalida\u00e7\u00e3o de at\u00e9 3 cr\u00e9ditos (1 disciplina) em disciplinas cursadas em outros Programas de P\u00f3s-Gradua\u00e7\u00e3o <em>Stricto sensu<\/em>.<br>II) 2 cr\u00e9ditos em Estudos Avan\u00e7ados (2 EA).<br>III) 3 cr\u00e9ditos em Atividades Especiais de Mestrado.<br>IV) 2 cr\u00e9ditos em Col\u00f3quio de Pesquisa.<br>V) 2 cr\u00e9ditos (30h) em Est\u00e1gio de doc\u00eancia na Gradua\u00e7\u00e3o, vedada a equival\u00eancia.<br>VI) 30 cr\u00e9ditos em Disserta\u00e7\u00e3o.<br><br><strong>Outros requisitos:<\/strong><\/p>\n\n\n\n<p style=\"font-size:15px\">a) Prova de profici\u00eancia em l\u00edngua estrangeira (1 l\u00edngua) dentre as quais: ingl\u00eas, franc\u00eas ou espanhol.<br>b) Exame de qualifica\u00e7\u00e3o.<br>c) Defesa da disserta\u00e7\u00e3o.<\/p>\n<\/div>\n<\/div>\n\n\n\n<div class=\"wp-block-column is-layout-flow wp-block-column-is-layout-flow\">\n<div class=\"wp-block-uel-card\">\n<blockquote class=\"wp-block-quote is-layout-flow wp-block-quote-is-layout-flow\">\n<p style=\"font-size:15px\"><strong>DOUTORADO<\/strong><\/p>\n<\/blockquote>\n\n\n\n<p style=\"font-size:15px\"><strong>Dura\u00e7\u00e3o m\u00ednima:<\/strong> 4 anos ou 8 per\u00edodos letivos (tempo regular)<br><strong>N\u00famero de cr\u00e9ditos:<\/strong> 250 cr\u00e9ditos correspondentes a 3.750 horas<br><strong>Requisitos m\u00ednimos:<\/strong><br><br>I) 24 cr\u00e9ditos em disciplinas eletivas (8 disciplinas), permitida a equival\u00eancia<br>de at\u00e9 9 cr\u00e9ditos (3 disciplinas) em disciplinas cursadas no Mestrado e a<br>convalida\u00e7\u00e3o de at\u00e9 6 cr\u00e9ditos (2 disciplinas) em disciplinas cursadas em outros Programas de P\u00f3s-Gradua\u00e7\u00e3o, observado o m\u00e1ximo de 9 cr\u00e9ditos<br>convalidados e\/ou equivalentes.<br>II) 4 cr\u00e9ditos em Estudos Avan\u00e7ados (4 EA).<br>III) 15 cr\u00e9ditos em Atividades Especiais de Doutorado.<br>IV) 3 cr\u00e9ditos em Col\u00f3quio de Pesquisa.<br>V) 4 cr\u00e9ditos (60h) em Est\u00e1gio de doc\u00eancia na Gradua\u00e7\u00e3o, vedada a equival\u00eancia.<br>VI) 200 cr\u00e9ditos em Tese.<br><br><strong>Outros requisitos:<\/strong><br><br>a) Prova de profici\u00eancia em l\u00edngua estrangeira (2 l\u00edngua) dentre as quais: ingl\u00eas, franc\u00eas ou espanhol. O\/a aluno\/a poder\u00e1 ser dispensado de 1 destas caso tenha cumprido o requisito no curso de Mestrado.<br>b) Exame de qualifica\u00e7\u00e3o.<br>d) Defesa da tese.<\/p>\n<\/div>\n<\/div>\n<\/div>\n<\/div>\n<\/div>\n\n\n\n<div class=\"wp-block-columns is-layout-flex wp-container-core-columns-is-layout-9d6595d7 wp-block-columns-is-layout-flex\">\n<div class=\"wp-block-column is-layout-flow wp-block-column-is-layout-flow\"><\/div>\n<\/div>\n\n\n\n<div class=\"wp-block-columns is-layout-flex wp-container-core-columns-is-layout-9d6595d7 wp-block-columns-is-layout-flex\">\n<div class=\"wp-block-column is-layout-flow wp-block-column-is-layout-flow\">\n<div class=\"wp-block-uel-card\">\n<blockquote class=\"wp-block-quote is-layout-flow wp-block-quote-is-layout-flow\">\n<p><strong>Documentos importantes<\/strong><\/p>\n<\/blockquote>\n\n\n\n<p>Todos os documentos regimentais e regulamentares referentes ao PPGL\/UEL podem ser acessados na aba <a href=\"https:\/\/pos.uel.br\/letras\/legislacao\/\" target=\"_blank\" rel=\"noreferrer noopener\">Legisla\u00e7\u00e3o<\/a> do menu <strong>O Programa<\/strong>.<\/p>\n<\/div>\n<\/div>\n<\/div>\n\n\n\n<p><\/p>\n","protected":false},"excerpt":{"rendered":"<p>O Programa de P\u00f3s-gradua\u00e7\u00e3o em Letras da UEL possui uma \u00c1rea de concentra\u00e7\u00e3o em Estudos Liter\u00e1rios e tr\u00eas linhas de pesquisa \u2013 Representa\u00e7\u00f5es e textualidades, Intermedialidades e novas formas art\u00edsticas e Constru\u00e7\u00f5es e processos identit\u00e1rios. O PPGL oferta anualmente vagas para os cursos de Mestrado e Doutorado nas tr\u00eas linhas de pesquisa por meio de [&hellip;]<\/p>\n","protected":false},"author":9,"featured_media":0,"parent":0,"menu_order":0,"comment_status":"closed","ping_status":"closed","template":"","meta":{"_acf_changed":false,"footnotes":""},"class_list":["post-613","page","type-page","status-publish","hentry"],"acf":[],"_links":{"self":[{"href":"https:\/\/pos.uel.br\/letras\/wp-json\/wp\/v2\/pages\/613","targetHints":{"allow":["GET"]}}],"collection":[{"href":"https:\/\/pos.uel.br\/letras\/wp-json\/wp\/v2\/pages"}],"about":[{"href":"https:\/\/pos.uel.br\/letras\/wp-json\/wp\/v2\/types\/page"}],"author":[{"embeddable":true,"href":"https:\/\/pos.uel.br\/letras\/wp-json\/wp\/v2\/users\/9"}],"replies":[{"embeddable":true,"href":"https:\/\/pos.uel.br\/letras\/wp-json\/wp\/v2\/comments?post=613"}],"version-history":[{"count":80,"href":"https:\/\/pos.uel.br\/letras\/wp-json\/wp\/v2\/pages\/613\/revisions"}],"predecessor-version":[{"id":10631,"href":"https:\/\/pos.uel.br\/letras\/wp-json\/wp\/v2\/pages\/613\/revisions\/10631"}],"wp:attachment":[{"href":"https:\/\/pos.uel.br\/letras\/wp-json\/wp\/v2\/media?parent=613"}],"curies":[{"name":"wp","href":"https:\/\/api.w.org\/{rel}","templated":true}]}}