{"id":5974,"date":"2024-10-16T10:32:22","date_gmt":"2024-10-16T13:32:22","guid":{"rendered":"https:\/\/pos.uel.br\/letras\/?page_id=5974"},"modified":"2024-11-11T20:06:43","modified_gmt":"2024-11-11T23:06:43","slug":"inscricoes","status":"publish","type":"page","link":"https:\/\/pos.uel.br\/letras\/inscricoes\/","title":{"rendered":"Inscricoes"},"content":{"rendered":"\n<div class=\"wp-block-columns is-layout-flex wp-container-core-columns-is-layout-9d6595d7 wp-block-columns-is-layout-flex\">\n<div class=\"wp-block-column is-layout-flow wp-block-column-is-layout-flow\">\n<div class=\"wp-block-columns is-layout-flex wp-container-core-columns-is-layout-9d6595d7 wp-block-columns-is-layout-flex\">\n<div class=\"wp-block-column is-layout-flow wp-block-column-is-layout-flow\" style=\"flex-basis:66.66%\">\n<h2 class=\"wp-block-heading has-text-color has-link-color wp-elements-d166b4425bdaa1e66677351b75fad5d5\" style=\"color:#964749\">INSCRI\u00c7\u00d5ES<br><\/h2>\n\n\n\n<div class=\"wp-block-columns is-layout-flex wp-container-core-columns-is-layout-9d6595d7 wp-block-columns-is-layout-flex\">\n<div class=\"wp-block-column is-layout-flow wp-block-column-is-layout-flow\">\n<div class=\"wp-block-columns is-layout-flex wp-container-core-columns-is-layout-9d6595d7 wp-block-columns-is-layout-flex\">\n<div class=\"wp-block-column is-layout-flow wp-block-column-is-layout-flow\">\n<p><strong>*AS INSCRI\u00c7\u00d5ES PARA SUBMISS\u00c3O DE APRESENTA\u00c7\u00c3O DE TRABALHO FORAM PRORROGADAS AT\u00c9 DIA <span style=\"text-decoration: underline\">15 DE NOVEMBRO DE 2024<\/span>.<\/strong><\/p>\n<\/div>\n<\/div>\n<\/div>\n<\/div>\n\n\n\n<div class=\"wp-block-columns is-layout-flex wp-container-core-columns-is-layout-9d6595d7 wp-block-columns-is-layout-flex\">\n<div class=\"wp-block-column is-layout-flow wp-block-column-is-layout-flow\">\n<p><br>Todas as inscri\u00e7\u00f5es devem ser feitas na <a href=\"https:\/\/www.sistemasweb.uel.br\/index.php?contents=system\/insc\/index.php&amp;pagina=view\/inscricoes\/seleciona_evento.php&amp;cod_evento=9870\" target=\"_blank\" rel=\"noreferrer noopener\">p\u00e1gina de eventos da Universidade Estadual de Londrina<\/a>. <br>As inscri\u00e7\u00f5es para <strong>apresenta\u00e7\u00e3o de trabalho<\/strong>, independentemente da Modalidade de Inscri\u00e7\u00e3o, ser\u00e3o feitas do dia <strong>24 de outubro a <\/strong><s><strong>08 de novembro de 2024<\/strong>.<\/s><br>Para a submiss\u00e3o de resumos dos trabalhos, consultar a p\u00e1gina <a href=\"https:\/\/pos.uel.br\/letras\/resumo\/\" target=\"_blank\" rel=\"noreferrer noopener\">RESUMO<\/a>. <br>Os participantes s\u00f3 poder\u00e3o se inscrever em <strong>1 (um) Eixo Tem\u00e1tico e apenas com um trabalho<\/strong>.<br>Todos os inscritos receber\u00e3o Certificado de 15h de acordo com a Modalidade de Inscri\u00e7\u00e3o.<br>Todas as Modalidades de Inscri\u00e7\u00e3o podem apresentar trabalho (Comunica\u00e7\u00e3o oral), <strong>exceto Ouvintes<\/strong>.<br>Alunos de gradua\u00e7\u00e3o poder\u00e3o submeter Resumo para a Comunica\u00e7\u00e3o oral desde que em coautoria com um docente-orientador.<br><br><strong>TODAS AS COMUNICA\u00c7\u00d5ES SER\u00c3O PRESENCIAIS.<\/strong><br><\/p>\n<\/div>\n<\/div>\n<\/div>\n\n\n\n<div class=\"wp-block-column is-layout-flow wp-block-column-is-layout-flow\" style=\"flex-basis:33.33%\">\n<figure class=\"wp-block-image size-full is-resized\"><img loading=\"lazy\" decoding=\"async\" width=\"547\" height=\"636\" src=\"https:\/\/pos.uel.br\/letras\/wp-content\/uploads\/2024\/10\/Captura-de-Tela-2024-10-16-a\u0300s-12.07.11.png\" alt=\"\" class=\"wp-image-5995\" style=\"width:326px;height:auto\" srcset=\"https:\/\/pos.uel.br\/letras\/wp-content\/uploads\/2024\/10\/Captura-de-Tela-2024-10-16-a\u0300s-12.07.11.png 547w, https:\/\/pos.uel.br\/letras\/wp-content\/uploads\/2024\/10\/Captura-de-Tela-2024-10-16-a\u0300s-12.07.11-258x300.png 258w\" sizes=\"auto, (max-width: 547px) 100vw, 547px\" \/><\/figure>\n<\/div>\n<\/div>\n<\/div>\n<\/div>\n\n\n\n<div class=\"wp-block-columns is-layout-flex wp-container-core-columns-is-layout-9d6595d7 wp-block-columns-is-layout-flex\">\n<div class=\"wp-block-column is-layout-flow wp-block-column-is-layout-flow\">\n<blockquote class=\"wp-block-quote is-layout-flow wp-block-quote-is-layout-flow\">\n<p class=\"has-text-color has-link-color has-medium-font-size wp-elements-2f928676645093292d381f29193d30bd\" style=\"color:#964749\"><strong>MODALIDADES DE INSCRI\u00c7\u00c3O<\/strong><\/p>\n<\/blockquote>\n<\/div>\n<\/div>\n\n\n\n<p><strong>PROFESSORES DE IES E PESQUISADORES<\/strong><br><br>Destinada a Docentes de Ensino Superior e Pesquisadores (P\u00f3s-doutorandos vinculados a Programas de P\u00f3s-Gradua\u00e7\u00e3o) <br><strong>Per\u00edodo de Inscri\u00e7\u00e3o:<\/strong> 25 de outubro a <strong>15 de novembro de 2024<\/strong><br><strong>Valor da Inscri\u00e7\u00e3o: <\/strong>R$ 50,00<\/p>\n\n\n\n<div class=\"wp-block-buttons is-layout-flex wp-block-buttons-is-layout-flex\">\n<div class=\"wp-block-button has-custom-font-size has-small-font-size\"><a class=\"wp-block-button__link wp-element-button\" href=\"https:\/\/www.sistemasweb.uel.br\/index.php?contents=system\/insc\/index.php&amp;pagina=view\/inscricoes\/seleciona_evento.php&amp;cod_evento=9870\" style=\"border-radius:0px\" target=\"_blank\" rel=\"noreferrer noopener\">Inscreva-se aqui<\/a><\/div>\n<\/div>\n\n\n\n<p><br><strong>ALUNOS DE P\u00d3S-GRADUA\u00c7\u00c3O<\/strong><br><br>Destinada a alunos de P\u00f3s-Gradua\u00e7\u00e3o <em>latu sensu<\/em> e <em>stricto sensu<\/em><br><strong>Per\u00edodo de Inscri\u00e7\u00e3o: <\/strong>25 de outubro a <strong>15 de novembro de 2024<\/strong><br><strong>Valor da Inscri\u00e7\u00e3o: <\/strong>R$ 30,00<\/p>\n\n\n\n<div class=\"wp-block-buttons is-layout-flex wp-block-buttons-is-layout-flex\">\n<div class=\"wp-block-button has-custom-font-size has-small-font-size\"><a class=\"wp-block-button__link wp-element-button\" href=\"https:\/\/www.sistemasweb.uel.br\/index.php?contents=system\/insc\/index.php&amp;pagina=view\/inscricoes\/seleciona_evento.php&amp;cod_evento=9870\" style=\"border-radius:0px\" target=\"_blank\" rel=\"noreferrer noopener\">Inscreva-se aqui<\/a><\/div>\n<\/div>\n\n\n\n<p><br><strong>ALUNOS DE GRADUA\u00c7\u00c3O<\/strong><br><br>Destinada a alunos de gradua\u00e7\u00e3o com apresenta\u00e7\u00e3o de trabalho em coautoria com um docente-orientador<br><strong>Per\u00edodo de Inscri\u00e7\u00e3o: <\/strong>25 de outubro a <strong>15 de novembro de 2024<\/strong><br><strong>Valor da Inscri\u00e7\u00e3o: <\/strong>R$ 20,00<\/p>\n\n\n\n<div class=\"wp-block-buttons is-layout-flex wp-block-buttons-is-layout-flex\">\n<div class=\"wp-block-button has-custom-font-size has-small-font-size\"><a class=\"wp-block-button__link wp-element-button\" href=\"https:\/\/www.sistemasweb.uel.br\/index.php?contents=system\/insc\/index.php&amp;pagina=view\/inscricoes\/seleciona_evento.php&amp;cod_evento=9870\" style=\"border-radius:0px\">Inscreva-se aqui<\/a><\/div>\n<\/div>\n\n\n\n<p><br><strong>PROFESSORES DA REDE P\u00daBLICA <\/strong><br><br>Destinada a Professores da Rede P\u00fablica de Ensino<br><strong>Per\u00edodo de Inscri\u00e7\u00e3o: <\/strong>25 de outubro a <strong>15 de novembro de 2024<\/strong><br><strong>Valor da Inscri\u00e7\u00e3o: <\/strong>R$ 20,00<\/p>\n\n\n\n<div class=\"wp-block-buttons is-layout-flex wp-block-buttons-is-layout-flex\">\n<div class=\"wp-block-button has-custom-font-size has-small-font-size\"><a class=\"wp-block-button__link wp-element-button\" href=\"https:\/\/www.sistemasweb.uel.br\/index.php?contents=system\/insc\/index.php&amp;pagina=view\/inscricoes\/seleciona_evento.php&amp;cod_evento=9870\" style=\"border-radius:0px\" target=\"_blank\" rel=\"noreferrer noopener\">Inscreva-se aqui<\/a><\/div>\n<\/div>\n\n\n\n<p><br><strong>OUVINTES<\/strong><br><br>Destinada \u00e0 comunidade em geral sem apresenta\u00e7\u00e3o de trabalho<br>Per\u00edodo de Inscri\u00e7\u00e3o: 25 de outubro a 24 de novembro de 2024<br>Valor da Inscri\u00e7\u00e3o: R$ 10,00<\/p>\n\n\n\n<div class=\"wp-block-buttons is-layout-flex wp-block-buttons-is-layout-flex\">\n<div class=\"wp-block-button has-custom-font-size has-small-font-size\"><a class=\"wp-block-button__link wp-element-button\" href=\"https:\/\/www.sistemasweb.uel.br\/index.php?contents=system\/insc\/index.php&amp;pagina=view\/inscricoes\/seleciona_evento.php&amp;cod_evento=9870\" style=\"border-radius:0px\" target=\"_blank\" rel=\"noreferrer noopener\">Inscreva-se aqui<\/a><\/div>\n<\/div>\n","protected":false},"excerpt":{"rendered":"<p>INSCRI\u00c7\u00d5ES *AS INSCRI\u00c7\u00d5ES PARA SUBMISS\u00c3O DE APRESENTA\u00c7\u00c3O DE TRABALHO FORAM PRORROGADAS AT\u00c9 DIA 15 DE NOVEMBRO DE 2024. Todas as inscri\u00e7\u00f5es devem ser feitas na p\u00e1gina de eventos da Universidade Estadual de Londrina. As inscri\u00e7\u00f5es para apresenta\u00e7\u00e3o de trabalho, independentemente da Modalidade de Inscri\u00e7\u00e3o, ser\u00e3o feitas do dia 24 de outubro a 08 de novembro [&hellip;]<\/p>\n","protected":false},"author":9,"featured_media":0,"parent":0,"menu_order":0,"comment_status":"closed","ping_status":"closed","template":"page-templates\/template-without-title.php","meta":{"_acf_changed":false,"footnotes":""},"class_list":["post-5974","page","type-page","status-publish","hentry"],"acf":[],"_links":{"self":[{"href":"https:\/\/pos.uel.br\/letras\/wp-json\/wp\/v2\/pages\/5974","targetHints":{"allow":["GET"]}}],"collection":[{"href":"https:\/\/pos.uel.br\/letras\/wp-json\/wp\/v2\/pages"}],"about":[{"href":"https:\/\/pos.uel.br\/letras\/wp-json\/wp\/v2\/types\/page"}],"author":[{"embeddable":true,"href":"https:\/\/pos.uel.br\/letras\/wp-json\/wp\/v2\/users\/9"}],"replies":[{"embeddable":true,"href":"https:\/\/pos.uel.br\/letras\/wp-json\/wp\/v2\/comments?post=5974"}],"version-history":[{"count":29,"href":"https:\/\/pos.uel.br\/letras\/wp-json\/wp\/v2\/pages\/5974\/revisions"}],"predecessor-version":[{"id":6449,"href":"https:\/\/pos.uel.br\/letras\/wp-json\/wp\/v2\/pages\/5974\/revisions\/6449"}],"wp:attachment":[{"href":"https:\/\/pos.uel.br\/letras\/wp-json\/wp\/v2\/media?parent=5974"}],"curies":[{"name":"wp","href":"https:\/\/api.w.org\/{rel}","templated":true}]}}