{"id":5972,"date":"2024-10-16T10:32:01","date_gmt":"2024-10-16T13:32:01","guid":{"rendered":"https:\/\/pos.uel.br\/letras\/?page_id=5972"},"modified":"2024-10-23T10:18:50","modified_gmt":"2024-10-23T13:18:50","slug":"conferencistas-2","status":"publish","type":"page","link":"https:\/\/pos.uel.br\/letras\/conferencistas-2\/","title":{"rendered":"Conferencistas"},"content":{"rendered":"\n<div class=\"wp-block-columns is-layout-flex wp-container-core-columns-is-layout-9d6595d7 wp-block-columns-is-layout-flex\">\n<div class=\"wp-block-column is-layout-flow wp-block-column-is-layout-flow\">\n<h2 class=\"wp-block-heading is-style-default has-text-color has-link-color wp-elements-f3243a21c530d45fb8adae63764e56fe\" style=\"color:#964749\">CONFERENCISTAS<br><\/h2>\n\n\n\n<div class=\"wp-block-columns is-layout-flex wp-container-core-columns-is-layout-9d6595d7 wp-block-columns-is-layout-flex\">\n<div class=\"wp-block-column is-layout-flow wp-block-column-is-layout-flow\"><\/div>\n<\/div>\n\n\n\n<div class=\"wp-block-columns is-layout-flex wp-container-core-columns-is-layout-9d6595d7 wp-block-columns-is-layout-flex\">\n<div class=\"wp-block-column is-layout-flow wp-block-column-is-layout-flow\">\n<div class=\"wp-block-columns alignwide is-layout-flex wp-container-core-columns-is-layout-829b1d53 wp-block-columns-is-layout-flex\" style=\"margin-bottom:0\">\n<div class=\"wp-block-column has-text-color has-background has-link-color wp-elements-3de77714421ea764783a1e2f8ee5821e is-layout-flow wp-block-column-is-layout-flow\" style=\"color:#000000;background-color:#e3e3e3;padding-top:2em;padding-right:2em;padding-bottom:2em;padding-left:2em\"><div class=\"wp-block-image\">\n<figure class=\"aligncenter size-full is-resized\"><img loading=\"lazy\" decoding=\"async\" width=\"283\" height=\"287\" src=\"https:\/\/pos.uel.br\/letras\/wp-content\/uploads\/2021\/07\/alamir2-4.jpg\" alt=\"\" class=\"wp-image-570\" style=\"object-fit:cover;width:153px;height:150px\" \/><\/figure>\n<\/div>\n\n\n<p class=\"has-text-align-center has-text-color has-link-color wp-elements-690f983c6b4054eb4fba9e042311c99e\" style=\"color:#964749;font-size:15px\"><strong>ALAMIR AQUINO CORR\u00caA<\/strong><br>Universidade Estadual de Londrina<\/p>\n\n\n\n<hr class=\"wp-block-separator has-text-color has-css-opacity has-background is-style-wide\" style=\"background-color:#000000;color:#000000\" \/>\n\n\n\n<p class=\"has-small-font-size\">Doutor em Literaturas Hisp\u00e2nicas pela Indiana University Bloomington (1990), foi Pesquisador visitante nas University of Alberta, University of Virginia e Universidad Complutense de Madrid. Professor S\u00eanior do Programa de P\u00f3s-gradua\u00e7\u00e3o em Letras da Universidade Estadual de Londrina, institui\u00e7\u00e3o onde atua desde 1987, e Pesquisador de Produtividade do CNPq. Um dos pioneiros dos estudos sobre literatura digital no Brasil, tem concentrado sua pesquisa no uso de tecnologias e suportes materiais na produ\u00e7\u00e3o de obras liter\u00e1rias digitais.<\/p>\n<\/div>\n\n\n\n<div class=\"wp-block-column has-text-color has-background has-link-color wp-elements-ae139a756156ac7bcc952f7aca5f73a2 is-layout-flow wp-block-column-is-layout-flow\" style=\"color:#000000;background-color:#e3e3e3;padding-top:2em;padding-right:2em;padding-bottom:2em;padding-left:2em\"><div class=\"wp-block-image\">\n<figure class=\"aligncenter size-full is-resized\"><img loading=\"lazy\" decoding=\"async\" width=\"192\" height=\"149\" src=\"https:\/\/pos.uel.br\/letras\/wp-content\/uploads\/2024\/10\/Captura-de-Tela-2024-10-16-a\u0300s-20.51.23.png\" alt=\"\" class=\"wp-image-6015\" style=\"object-fit:cover;width:153px;height:150px\" \/><\/figure>\n<\/div>\n\n\n<p class=\"has-text-align-center has-text-color has-link-color wp-elements-b2001006b6336bed4cc2666878e77bdc\" style=\"color:#964749;font-size:15px;line-height:1.5\"><strong>ALEX MARTONI<\/strong><br>PUC-Minas<\/p>\n\n\n\n<hr class=\"wp-block-separator has-text-color has-secondary-text-color has-alpha-channel-opacity has-secondary-text-background-color has-background is-style-wide\" \/>\n\n\n\n<p class=\"has-small-font-size\">Professor do Programa de P\u00f3s-Gradua\u00e7\u00e3o em Letras e do Curso de Gradua\u00e7\u00e3o em Letras da PUC Minas. Doutor em Estudos de Literatura pela Universidade Federal Fluminense com doutorado-sandu\u00edche\/CAPES pela Stanford University &#8211; EUA. Realizou est\u00e1gio p\u00f3s-doutoral como coordenador do Laborat\u00f3rio de Imagem e Som da Universidade Federal Fluminense (2015-2016). \u00c9 vice-coordenador do GT ANPOLL &#8220;Intermidialidade: Literatura, Artes e M\u00eddias&#8221;, vice-l\u00edder do &#8220;Grupo de Pesquisas Avan\u00e7adas em Materialidades, Ambi\u00eancias e Tecnologias&#8221; (UFSB) e membro dos grupos de pesquisa &#8220;Interm\u00eddia: estudos sobre a intermidialidade&#8221; (UFMG) e &#8220;Leitura comparada das m\u00eddias&#8221; (UNISC). \u00c9 tamb\u00e9m professor visitante na Universidad de las Artes, em Buenos Aires, membro fundador da &#8220;Red Latinoamericana de Investigaciones en Pr\u00e1cticas y Medios de la Imagen&#8221; e membro da &#8220;International Association of Word and Image Studies&#8221;. Tem experi\u00eancia profissional nas \u00e1reas de Letras, Artes e Comunica\u00e7\u00e3o, com \u00eanfase em Teoria da Literatura, Literatura Comparada, Cinema, M\u00fasica e Filosofia, atuando nas \u00e1reas de Teoria Liter\u00e1ria, Literatura Brasileira, Ensino de Literatura, Intermidialidade e Estudos de Som. Atualmente, realiza est\u00e1gio p\u00f3s-doutoral no PPGCOM\/UERJ.<\/p>\n<\/div>\n<\/div>\n\n\n\n<div class=\"wp-block-columns is-layout-flex wp-container-core-columns-is-layout-9d6595d7 wp-block-columns-is-layout-flex\">\n<div class=\"wp-block-column is-layout-flow wp-block-column-is-layout-flow\"><\/div>\n<\/div>\n\n\n\n<div class=\"wp-block-columns is-layout-flex wp-container-core-columns-is-layout-9d6595d7 wp-block-columns-is-layout-flex\">\n<div class=\"wp-block-column is-layout-flow wp-block-column-is-layout-flow\">\n<div class=\"wp-block-columns alignwide is-layout-flex wp-container-core-columns-is-layout-829b1d53 wp-block-columns-is-layout-flex\" style=\"margin-bottom:0\">\n<div class=\"wp-block-column has-text-color has-background has-link-color wp-elements-f030995e267e5078f8e50cb966e6304e is-layout-flow wp-block-column-is-layout-flow\" style=\"color:#000000;background-color:#e3e3e3;padding-top:2em;padding-right:2em;padding-bottom:2em;padding-left:2em\"><div class=\"wp-block-image\">\n<figure class=\"aligncenter size-full is-resized\"><img loading=\"lazy\" decoding=\"async\" width=\"610\" height=\"622\" src=\"https:\/\/pos.uel.br\/letras\/wp-content\/uploads\/2024\/10\/Captura-de-Tela-2024-10-16-a\u0300s-20.33.41.png\" alt=\"\" class=\"wp-image-6011\" style=\"object-fit:cover;width:153px;height:150px\" srcset=\"https:\/\/pos.uel.br\/letras\/wp-content\/uploads\/2024\/10\/Captura-de-Tela-2024-10-16-a\u0300s-20.33.41.png 610w, https:\/\/pos.uel.br\/letras\/wp-content\/uploads\/2024\/10\/Captura-de-Tela-2024-10-16-a\u0300s-20.33.41-294x300.png 294w\" sizes=\"auto, (max-width: 610px) 100vw, 610px\" \/><\/figure>\n<\/div>\n\n\n<p class=\"has-text-align-center has-text-color has-link-color wp-elements-f07bc063d2febe7282d6646f8d009a7a\" style=\"color:#964749;font-size:15px\"><strong>FERNANDO P\u00c9REZ VILLAL\u00d3N<\/strong><br>Universidad Alberto Hurtado\/Chile<\/p>\n\n\n\n<hr class=\"wp-block-separator has-text-color has-css-opacity has-background is-style-wide\" style=\"background-color:#000000;color:#000000\" \/>\n\n\n\n<p class=\"has-small-font-size\">Escritor e acad\u00eamico da Universidad Alberto Hurtado em Santiago do Chile, onde, atualmente, dirige o PhD em Estudos de M\u00eddia. Se formou como PhD em Literatura Comparada pela New York University. Publicou v\u00e1rios livros de poemas e livros-objetos, tradu\u00e7\u00f5es de poesia cl\u00e1ssica chinesa (<em>Escrito en el aire<\/em>, 2013) e brasileira (<em>Encrucijadas: antolog\u00eda po\u00e9tica de Ricardo Aleixo<\/em>), os livros de ensaio <em>La imagen inquieta: Juan Downey y Ra\u00fal Ruiz en contrapunto <\/em>(2016), <em>Im\u00e1genes de im\u00e1genes: del cuadro a la pantalla<\/em> (2022) e <em>Poes\u00eda en expansi\u00f3n: pr\u00e1cticas literarias experimentales en Chile 2000-2020<\/em> e o livro de contos <em>Variaciones (<\/em>2021). Ele faz parte do projeto de poesia e m\u00fasica &#8220;Orquesta de poetas&#8221;, com o qual publicou o disco livro <em>Todas voces<\/em>, em 2023.<\/p>\n<\/div>\n\n\n\n<div class=\"wp-block-column has-text-color has-background has-link-color wp-elements-a78bbccfa251894369c5a9491896a809 is-layout-flow wp-block-column-is-layout-flow\" style=\"color:#000000;background-color:#e3e3e3;padding-top:2em;padding-right:2em;padding-bottom:2em;padding-left:2em\"><div class=\"wp-block-image\">\n<figure class=\"aligncenter size-full is-resized\"><img loading=\"lazy\" decoding=\"async\" width=\"358\" height=\"368\" src=\"https:\/\/pos.uel.br\/letras\/wp-content\/uploads\/2024\/10\/Captura-de-Tela-2024-10-16-a\u0300s-21.23.36.png\" alt=\"\" class=\"wp-image-6034\" style=\"object-fit:cover;width:153px;height:150px\" srcset=\"https:\/\/pos.uel.br\/letras\/wp-content\/uploads\/2024\/10\/Captura-de-Tela-2024-10-16-a\u0300s-21.23.36.png 358w, https:\/\/pos.uel.br\/letras\/wp-content\/uploads\/2024\/10\/Captura-de-Tela-2024-10-16-a\u0300s-21.23.36-292x300.png 292w\" sizes=\"auto, (max-width: 358px) 100vw, 358px\" \/><\/figure>\n<\/div>\n\n\n<p class=\"has-text-align-center has-text-color has-link-color wp-elements-7e81e05d038417c9d7d0a0f105bf9553\" style=\"color:#964749;font-size:15px\"><strong>MIRIAM DE PAIVA VIEIRA<\/strong><br>Universidade Federal de S\u00e3o Jo\u00e3o del-Rei<\/p>\n\n\n\n<hr class=\"wp-block-separator has-text-color has-secondary-text-color has-alpha-channel-opacity has-secondary-text-background-color has-background is-style-wide\" \/>\n\n\n\n<p class=\"has-small-font-size\">Miriam de Paiva Vieira \u00e9&nbsp;professora do Departamento de Letras, Artes e Cultura e coordenadora do Programa de P\u00f3s-Gradua\u00e7\u00e3o em Letras da Universidade&nbsp;Federal de&nbsp;S\u00e3o&nbsp;Jo\u00e3o&nbsp;del-Rei.&nbsp;Bolsista Produtividade CNPq\/PQ2.&nbsp;Pesquisadora convidada do&nbsp;Lars&nbsp;Ellestr\u00f6m&nbsp;Guest&nbsp;Lecture, 2024, pelo&nbsp;Centre for Intermedial&nbsp;andMultimodal&nbsp;Studies, Linnaeus&nbsp;Universitet, Su\u00e9cia.&nbsp;Doutora em Estudos Liter\u00e1rios,&nbsp;Poslit\/FALE\/UFMG, com mobilidade na&nbsp;Lunds&nbsp;Universitet, Su\u00e9cia, financiada pelo programa Babel\/Eramus&nbsp;Mundus. Realizou p\u00f3s doutoramento no Departamento de Literatura e Cultura da Universidade Cat\u00f3lica Jo\u00e3o Paulo II de Lublin, Pol\u00f4nia,(2022\/2023), e tamb\u00e9m no&nbsp;P\u00f3sLit\/FALE\/UFMG, financiada pelo programa PDJ\/CNPq(2017-2018). Mestre em Letras: Estudos Liter\u00e1rios pelo&nbsp;Poslit\/FALE\/UFMG. Especialista em Ensino de Idiomas pelo&nbsp;PosLin\/FALE\/UFMG. Graduada em Arquitetura e Urbanismo, FAMIH.&nbsp;Coordenadora do GT&nbsp;Anpoll&nbsp;Intermidialidade: Literaturas, artes e m\u00eddias, membro do conselho da&nbsp;<em>International&nbsp;Society for Intermedial&nbsp;Studies,<\/em>&nbsp;membro dos&nbsp;Grupos&nbsp;de Pesquisa Interm\u00eddia&nbsp;e&nbsp;Leitura Comparada das M\u00eddias&nbsp;(CNPq).&nbsp;Credenciada nas associa\u00e7\u00f5es IAWIS:&nbsp;International Association of Word and Image Studies&nbsp;e CRIalt:&nbsp;Centre de recherches interm\u00e9diales sur les arts, les lettres et les techniques, Universit\u00e9 de Montr\u00e9al.&nbsp;\u00c1reas de interesse: estudos sobre a&nbsp;intermidialidade,&nbsp;\u00e9cfrase, rela\u00e7\u00f5es entre literatura, narrativas multimodais e arquitetura. Entre suas publica\u00e7\u00f5es, destaca-se a coedi\u00e7\u00e3o do&nbsp;<em>The&nbsp;Palgrave&nbsp;Handbook&nbsp;ofIntermediality<\/em>.&nbsp;<\/p>\n<\/div>\n<\/div>\n\n\n\n<div class=\"wp-block-columns is-layout-flex wp-container-core-columns-is-layout-9d6595d7 wp-block-columns-is-layout-flex\">\n<div class=\"wp-block-column is-layout-flow wp-block-column-is-layout-flow\"><\/div>\n<\/div>\n\n\n\n<div class=\"wp-block-columns is-layout-flex wp-container-core-columns-is-layout-9d6595d7 wp-block-columns-is-layout-flex\">\n<div class=\"wp-block-column is-layout-flow wp-block-column-is-layout-flow\">\n<div class=\"wp-block-columns alignwide is-layout-flex wp-container-core-columns-is-layout-829b1d53 wp-block-columns-is-layout-flex\" style=\"margin-bottom:0\">\n<div class=\"wp-block-column has-text-color has-background has-link-color wp-elements-e20bbdd69813c1ceff584e14719a5138 is-layout-flow wp-block-column-is-layout-flow\" style=\"color:#000000;background-color:#e3e3e3;padding-top:2em;padding-right:2em;padding-bottom:2em;padding-left:2em\"><div class=\"wp-block-image\">\n<figure class=\"aligncenter size-full is-resized\"><img loading=\"lazy\" decoding=\"async\" width=\"368\" height=\"478\" src=\"https:\/\/pos.uel.br\/letras\/wp-content\/uploads\/2024\/10\/Captura-de-Tela-2024-10-16-a\u0300s-20.39.54.png\" alt=\"\" class=\"wp-image-6012\" style=\"object-fit:cover;width:153px;height:150px\" srcset=\"https:\/\/pos.uel.br\/letras\/wp-content\/uploads\/2024\/10\/Captura-de-Tela-2024-10-16-a\u0300s-20.39.54.png 368w, https:\/\/pos.uel.br\/letras\/wp-content\/uploads\/2024\/10\/Captura-de-Tela-2024-10-16-a\u0300s-20.39.54-231x300.png 231w\" sizes=\"auto, (max-width: 368px) 100vw, 368px\" \/><\/figure>\n<\/div>\n\n\n<p class=\"has-text-align-center has-text-color has-link-color wp-elements-fc35bd2557a9505062e4909c38efcb8f\" style=\"color:#964749;font-size:15px\"><strong>OSVALDO SILVESTRE<\/strong><br>Universidade de Coimbra\/Portugal<\/p>\n\n\n\n<hr class=\"wp-block-separator has-text-color has-secondary-text-color has-alpha-channel-opacity has-secondary-text-background-color has-background is-style-wide\" \/>\n\n\n\n<p class=\"has-small-font-size\">\u00c9 coordenador do Instituto de Estudos Brasileiros e dirigiu, no bi\u00e9nio 2021-23, o Departamento de L\u00ednguas, Literaturas e Culturas da sua Faculdade. Foi Professor Visitante na Universidade de Santiago de Compostela (Espanha), na Universidade Estadual de Campinas (UNICAMP) por duas vezes, e na Universidade do Estado do Rio de Janeiro (UERJ). \u00c9 membro integrado do Centro de Literatura Portuguesa, unidade de I&amp;D da Funda\u00e7\u00e3o para a Ci\u00eancia e Tecnologia com sede na Faculdade de Letras da Universidade de Coimbra, coordenando a\u00ed, no \u00e2mbito do Grupo de Trabalho em media\u00e7\u00e3o Digital e Materialidades da Literatura, o projeto&nbsp;\u2018VOX MEDIA. A Voz na Literatura\u2019. \u00c9 respons\u00e1vel cient\u00edfico pelo&nbsp;acervo&nbsp;do escritor&nbsp;Carlos de Oliveira no Museu do&nbsp;Neo-Realismo,&nbsp;o qual teve&nbsp;uma primeira exposi\u00e7\u00e3o no Museu do&nbsp;Neo-Realismo, em Vila Franca de Xira,&nbsp;em 2017 (\u201cCarlos de Oliveira: A Face Oculta do Iceberg\u201d).&nbsp; As suas \u00faltimas publica\u00e7\u00f5es s\u00e3o o volume&nbsp;<em>Confer\u00eancias do Cinquenten\u00e1rio da Teoria da Literatura de V\u00edtor Aguiar e Silva<\/em>, Braga, Universidade do&nbsp;Minho Editora, 2020, coorganizado com Rita Patr\u00edcio; o dossi\u00ea tem\u00e1tico do n\u00famero 209, de janeiro de 2022, da revista&nbsp;<em>Col\u00f3quio\/Letras<\/em>, com o t\u00edtulo \u201cA Voz na Literatura\u201d, coorganizado com Pedro Serra; o volume coletivo, coordenado por si,&nbsp;<em>Eduardo Louren\u00e7o: um tempo brasileiro breve, mas duradouro<\/em>, 2024, editado pelo Centro de Estudos Ib\u00e9ricos; o volume 14 da Revista de Estudos Liter\u00e1rios, do Centro de Literatura Portuguesa da FLUC, dedicado ao tema \u201cA Teoria da Literatura no Brasil\u201d, coorganizado com Diego Gim\u00e9nez.<\/p>\n<\/div>\n\n\n\n<div class=\"wp-block-column has-text-color has-background has-link-color wp-elements-c308203c9581523a41c326e2e0b34b97 is-layout-flow wp-block-column-is-layout-flow\" style=\"color:#000000;background-color:#e3e3e3;padding-top:2em;padding-right:2em;padding-bottom:2em;padding-left:2em\"><div class=\"wp-block-image\">\n<figure class=\"aligncenter size-full is-resized\"><img loading=\"lazy\" decoding=\"async\" width=\"254\" height=\"283\" src=\"https:\/\/pos.uel.br\/letras\/wp-content\/uploads\/2024\/10\/Captura-de-Tela-2024-10-16-a\u0300s-21.48.10.png\" alt=\"\" class=\"wp-image-6045\" style=\"object-fit:cover;width:153px;height:150px\" \/><\/figure>\n<\/div>\n\n\n<p class=\"has-text-align-center has-text-color has-link-color wp-elements-669ea53a053f788b50a101ab2de47807\" style=\"color:#964749;font-size:15px;line-height:1.5\"><strong>VER\u00d4NICA STIGGER<\/strong><br>Escritora, pesquisadora e cr\u00edtica de arte<\/p>\n\n\n\n<hr class=\"wp-block-separator has-text-color has-secondary-text-color has-alpha-channel-opacity has-secondary-text-background-color has-background is-style-wide\" \/>\n\n\n\n<p class=\"has-small-font-size\">Escritora, cr\u00edtica de arte, curadora independente e professora universit\u00e1ria. Doutorou-se em Teoria e Cr\u00edtica de Arte pela Universidade de S\u00e3o Paulo (USP) e realizou pesquisas de p\u00f3s-doutorado junto \u00e0 Universit\u00e0 degli Studi di Roma \u201cLa Sapienza\u201d, ao Museu de Arte Contempor\u00e2nea da USP e ao Instituto de Estudos da Linguagem da Unicamp, estudando, entre outros, os artistas Maria Martins e Fl\u00e1vio de Carvalho. Atualmente, desenvolve nova pesquisa de p\u00f3s-doutorado junto ao Departamento de Literatura Brasileira da Faculdade de Filosofia, Letras e Ci\u00eancias Humanas (FFLCH) da USP. Foi curadora, entre outras, das exposi\u00e7\u00f5es Maria Martins: metamorfoses e O \u00fatero do mundo, ambas no Museu de Arte Moderna de S\u00e3o Paulo (2013 e 2016). Com Eucana\u00e3 Ferraz, assinou a curadoria da exposi\u00e7\u00e3o Constela\u00e7\u00e3o Clarice (2021-2022), no Instituto Moreira Salles (IMS), e com Eduardo Sterzi e Marta Mestre, a da Desvairar 22 (2022), no Sesc Pinheiros. Com a exposi\u00e7\u00e3o sobre Maria Martins, angariou o Grande Pr\u00eamio da Cr\u00edtica da APCA e o Pr\u00eamio Maria Eug\u00eania Franco, concedido pela ABCA, para melhor curadoria do ano. Pela exposi\u00e7\u00e3o O \u00fatero do mundo, foi uma das tr\u00eas finalistas do Pr\u00eamio Maria Eug\u00eania Franco. Entre seus 14 livros de fic\u00e7\u00e3o publicados, est\u00e3o <em>Opisanie \u015bwiata<\/em> (2013), <em>Sul<\/em> (2016), <em>Sombrio ermo turvo<\/em> (2019) e <em>Krakatoa<\/em> (2024). Com <em>Opisanie \u015bwiata<\/em>, seu primeiro romance, recebeu os pr\u00eamios Machado de Assis, S\u00e3o Paulo (autor estreante) e A\u00e7orianos (narrativa longa). Com Sul, ganhou o Pr\u00eamio Jabuti. Sombrio ermo turvo, por sua vez, foi finalista dos pr\u00eamios Jabuti, Oceanos, AGEs e Minuano.<\/p>\n<\/div>\n<\/div>\n<\/div>\n<\/div>\n<\/div>\n<\/div>\n<\/div>\n<\/div>\n<\/div>\n<\/div>\n","protected":false},"excerpt":{"rendered":"<p>CONFERENCISTAS ALAMIR AQUINO CORR\u00caAUniversidade Estadual de Londrina Doutor em Literaturas Hisp\u00e2nicas pela Indiana University Bloomington (1990), foi Pesquisador visitante nas University of Alberta, University of Virginia e Universidad Complutense de Madrid. Professor S\u00eanior do Programa de P\u00f3s-gradua\u00e7\u00e3o em Letras da Universidade Estadual de Londrina, institui\u00e7\u00e3o onde atua desde 1987, e Pesquisador de Produtividade do CNPq. [&hellip;]<\/p>\n","protected":false},"author":9,"featured_media":0,"parent":0,"menu_order":0,"comment_status":"closed","ping_status":"closed","template":"page-templates\/template-without-title.php","meta":{"_acf_changed":false,"footnotes":""},"class_list":["post-5972","page","type-page","status-publish","hentry"],"acf":[],"_links":{"self":[{"href":"https:\/\/pos.uel.br\/letras\/wp-json\/wp\/v2\/pages\/5972","targetHints":{"allow":["GET"]}}],"collection":[{"href":"https:\/\/pos.uel.br\/letras\/wp-json\/wp\/v2\/pages"}],"about":[{"href":"https:\/\/pos.uel.br\/letras\/wp-json\/wp\/v2\/types\/page"}],"author":[{"embeddable":true,"href":"https:\/\/pos.uel.br\/letras\/wp-json\/wp\/v2\/users\/9"}],"replies":[{"embeddable":true,"href":"https:\/\/pos.uel.br\/letras\/wp-json\/wp\/v2\/comments?post=5972"}],"version-history":[{"count":31,"href":"https:\/\/pos.uel.br\/letras\/wp-json\/wp\/v2\/pages\/5972\/revisions"}],"predecessor-version":[{"id":6395,"href":"https:\/\/pos.uel.br\/letras\/wp-json\/wp\/v2\/pages\/5972\/revisions\/6395"}],"wp:attachment":[{"href":"https:\/\/pos.uel.br\/letras\/wp-json\/wp\/v2\/media?parent=5972"}],"curies":[{"name":"wp","href":"https:\/\/api.w.org\/{rel}","templated":true}]}}