{"id":5858,"date":"2024-08-30T17:15:34","date_gmt":"2024-08-30T20:15:34","guid":{"rendered":"https:\/\/pos.uel.br\/letras\/?page_id=5858"},"modified":"2025-03-19T23:29:45","modified_gmt":"2025-03-20T02:29:45","slug":"2025-1","status":"publish","type":"page","link":"https:\/\/pos.uel.br\/letras\/2025-1\/","title":{"rendered":"Sele\u00e7\u00e3o 2025\/1"},"content":{"rendered":"\n<p><\/p>\n\n\n\n<p style=\"font-size:15px\"><a href=\"https:\/\/pos.uel.br\/letras\/wp-content\/uploads\/2024\/08\/Edital-34-2024-selec\u0327a\u0303o.pdf\" target=\"_blank\" rel=\"noreferrer noopener\">EDITAL N\u00ba 34\/2024<\/a> \u2013 Sele\u00e7\u00e3o Mestrado e Doutorado <br><a href=\"https:\/\/pos.uel.br\/letras\/wp-content\/uploads\/2024\/08\/Modelo-de-pre\u0301-projeto-de-pesquisa.docx\" target=\"_blank\" rel=\"noreferrer noopener\">FORMUL\u00c1RIO PR\u00c9-PROJETO DE PESQUISA<\/a><br><a href=\"http:\/\/www.uel.br\/eventos\/sigec\/?id=9672\" data-type=\"link\" data-id=\"http:\/\/www.uel.br\/eventos\/sigec\/?id=9672\" target=\"_blank\" rel=\"noreferrer noopener\">REQUERIMENTO CAD\u00daNICO<\/a><br><a href=\"https:\/\/pos.uel.br\/letras\/wp-content\/uploads\/2024\/10\/NORMAS-PARA-O-PROCESSO-DE-SELEC\u0327A\u0303O-MESTRADO-E-DOUTORADO.pdf\" target=\"_blank\" rel=\"noreferrer noopener\">NORMAS PARA O PROCESSO SELETIVO 2025\/1<\/a><br><mark style=\"background-color:#F5F5F5\" class=\"has-inline-color has-primary-accent-color\"><strong>* Sobre a prova de profici\u00eancia, ver art. 8<\/strong><\/mark><br><a href=\"https:\/\/pos.uel.br\/letras\/wp-content\/uploads\/2024\/09\/Edital-35-2024-resultado-cadunico.pdf\" target=\"_blank\" rel=\"noreferrer noopener\">EDITAL N\u00ba 35\/2024<\/a> \u2013 Resultado CAD\u00daNICO<br><a href=\"https:\/\/pos.uel.br\/letras\/wp-content\/uploads\/2024\/11\/Edital-42-2024-homologac\u0327a\u0303o-de-inscric\u0327o\u0303es.pdf\">EDITAL N\u00ba 42\/2024<\/a> \u2013 Inscri\u00e7\u00f5es homologadas<br><a href=\"https:\/\/pos.uel.br\/letras\/wp-content\/uploads\/2024\/11\/017-resultado-ac\u0327o\u0303es-afirmativas.pdf\" target=\"_blank\" rel=\"noreferrer noopener\">RESULTADO DAS A\u00c7\u00d5ES AFIRMATIVAS<\/a><br><a href=\"https:\/\/pos.uel.br\/letras\/wp-content\/uploads\/2024\/11\/Prova-Literatura-com-respostas-esperadas.pdf\" target=\"_blank\" rel=\"noreferrer noopener\">PROVA DE LITERATURA<\/a><br><a href=\"https:\/\/pos.uel.br\/letras\/wp-content\/uploads\/2024\/11\/Prova-Proficie\u0302ncia-Ingle\u0302s-com-respostas-esperadas.pdf\" target=\"_blank\" rel=\"noreferrer noopener\">PROVA DE INGL\u00caS<\/a><br><a href=\"https:\/\/pos.uel.br\/letras\/wp-content\/uploads\/2024\/11\/Prova-Proficie\u0302ncia-France\u0302s-com-respostas-esperadas.pdf\" target=\"_blank\" rel=\"noreferrer noopener\">PROVA DE FRANC\u00caS<\/a><br><a href=\"https:\/\/pos.uel.br\/letras\/wp-content\/uploads\/2024\/11\/Edital-43-2024-resultado-provas.pdf\" target=\"_blank\" rel=\"noreferrer noopener\">EDITAL N\u00ba 43\/2024<\/a> \u2013 Resultado das Provas<br><a href=\"https:\/\/pos.uel.br\/letras\/wp-content\/uploads\/2024\/11\/Edital-44-2024-resultado-revisa\u0303o-de-nota.pdf\" target=\"_blank\" rel=\"noreferrer noopener\">EDITAL N\u00ba 44\/2024<\/a> \u2013 Resultado de pedido de revis\u00e3o de nota<br><a href=\"https:\/\/pos.uel.br\/letras\/wp-content\/uploads\/2024\/11\/Edital-45-2024-resultado-de-ana\u0301lise-de-projetos.pdf\" target=\"_blank\" rel=\"noreferrer noopener\">EDITAL N\u00ba 45\/2024<\/a> \u2013 Resultado da an\u00e1lise de pr\u00e9-projetos<br><a href=\"https:\/\/pos.uel.br\/letras\/wp-content\/uploads\/2024\/11\/Edital-46-2024-RESULTADO-DO-PEDIDO-DE-REVISA\u0303O-DE-PRE\u0301-PROJETO.pdf\">EDITAL N\u00ba 46\/2024<\/a> \u2013 Resultado dos pedidos de revis\u00e3o de nota de pr\u00e9-projetos<br><a href=\"https:\/\/pos.uel.br\/letras\/wp-content\/uploads\/2024\/11\/Edital-47-2024-cronograma-de-entrevistas-3.pdf\">EDITAL N\u00ba 47\/2024<\/a>\u2013 Cronograma das entrevistas<br><a href=\"https:\/\/pos.uel.br\/letras\/wp-content\/uploads\/2024\/12\/Edital-48-2024-resultado-das-entrevistas.pdf\" target=\"_blank\" rel=\"noreferrer noopener\">EDITAL N\u00ba 48\/2024<\/a> \u2013 Resultado das entrevistas<br><a href=\"https:\/\/pos.uel.br\/letras\/wp-content\/uploads\/2024\/12\/Edital-49-2024-resultado-de-pedido-revisa\u0303o-de-entrevista.pdf\" target=\"_blank\" rel=\"noreferrer noopener\">EDITAL N\u00ba 49\/2024<\/a> \u2013 Resultado de pedido de revis\u00e3o de entrevista<br><a href=\"https:\/\/pos.uel.br\/letras\/wp-content\/uploads\/2024\/12\/Edital-51-2024-Resultado-final-convocac\u0327a\u0303o-matri\u0301cula-Doutorado.pdf\" target=\"_blank\" rel=\"noreferrer noopener\">EDITAL N\u00ba 51\/2024<\/a> \u2013 Resultado final e Convoca\u00e7\u00e3o para matr\u00edcula \u2013 DOUTORADO<br><a href=\"https:\/\/pos.uel.br\/letras\/wp-content\/uploads\/2024\/12\/Edital-52-2024-Resultado-final-convocac\u0327a\u0303o-matri\u0301cula-Mestrado.pdf\" target=\"_blank\" rel=\"noreferrer noopener\">EDITAL N\u00ba 52\/2024<\/a> \u2013 Resultado final e Convoca\u00e7\u00e3o para matr\u00edcula \u2013 MESTRADO<br><br><strong>Aviso importante: as entrevistas ocorrer\u00e3o no dia 02 de dezembro, segunda-feira. O edital foi retificado.<br><\/strong><br><mark style=\"background-color:#d7d3d3\" class=\"has-inline-color has-primary-accent-color\">ATEN\u00c7\u00c3O: Todos\/as os\/as inscritos\/as devem fazer a prova de profici\u00eancia em l\u00edngua estrangeira, mesmo que tenham anexado certificado relacionado a &#8220;Exame de Profici\u00eancia&#8221; no Sistema UEL. Apenas candidatos\/as a Doutorado podem eliminar uma das l\u00ednguas opcionais (ingl\u00eas, ou franc\u00eas).<\/mark><br><br><br><strong><span style=\"text-decoration: underline\">EDITAIS PARA ESTUDANTE ESPECIAL<\/span><\/strong><br><br><a href=\"https:\/\/pos.uel.br\/letras\/wp-content\/uploads\/2024\/12\/Edital-54-2024-estudante-especial.pdf\" target=\"_blank\" rel=\"noreferrer noopener\">EDITAL N\u00ba 54\/2024<\/a> \u2013 Estudante Especial<br><a href=\"https:\/\/pos.uel.br\/letras\/wp-content\/uploads\/2025\/02\/Edital-01-2025-Oferta-Estudante-Especial-PPGL-retificac\u0327a\u0303o.pdf\" target=\"_blank\" rel=\"noreferrer noopener\">EDITAL N\u00ba 01\/2025<\/a> \u2013 Retifica\u00e7\u00e3o do EDITAL N\u00ba 54\/2024<br><a href=\"https:\/\/pos.uel.br\/letras\/wp-content\/uploads\/2025\/02\/Edital-05-2025-resultado-estudantes-especiais.pdf\" target=\"_blank\" rel=\"noreferrer noopener\">EDITAL N\u00ba 05\/2025<\/a> \u2013 Resultado<\/p>\n\n\n\n<p><\/p>\n","protected":false},"excerpt":{"rendered":"<p>EDITAL N\u00ba 34\/2024 \u2013 Sele\u00e7\u00e3o Mestrado e Doutorado FORMUL\u00c1RIO PR\u00c9-PROJETO DE PESQUISAREQUERIMENTO CAD\u00daNICONORMAS PARA O PROCESSO SELETIVO 2025\/1* Sobre a prova de profici\u00eancia, ver art. 8EDITAL N\u00ba 35\/2024 \u2013 Resultado CAD\u00daNICOEDITAL N\u00ba 42\/2024 \u2013 Inscri\u00e7\u00f5es homologadasRESULTADO DAS A\u00c7\u00d5ES AFIRMATIVASPROVA DE LITERATURAPROVA DE INGL\u00caSPROVA DE FRANC\u00caSEDITAL N\u00ba 43\/2024 \u2013 Resultado das ProvasEDITAL N\u00ba 44\/2024 \u2013 Resultado [&hellip;]<\/p>\n","protected":false},"author":9,"featured_media":0,"parent":0,"menu_order":0,"comment_status":"closed","ping_status":"closed","template":"","meta":{"_acf_changed":false,"footnotes":""},"class_list":["post-5858","page","type-page","status-publish","hentry"],"acf":[],"_links":{"self":[{"href":"https:\/\/pos.uel.br\/letras\/wp-json\/wp\/v2\/pages\/5858","targetHints":{"allow":["GET"]}}],"collection":[{"href":"https:\/\/pos.uel.br\/letras\/wp-json\/wp\/v2\/pages"}],"about":[{"href":"https:\/\/pos.uel.br\/letras\/wp-json\/wp\/v2\/types\/page"}],"author":[{"embeddable":true,"href":"https:\/\/pos.uel.br\/letras\/wp-json\/wp\/v2\/users\/9"}],"replies":[{"embeddable":true,"href":"https:\/\/pos.uel.br\/letras\/wp-json\/wp\/v2\/comments?post=5858"}],"version-history":[{"count":31,"href":"https:\/\/pos.uel.br\/letras\/wp-json\/wp\/v2\/pages\/5858\/revisions"}],"predecessor-version":[{"id":9953,"href":"https:\/\/pos.uel.br\/letras\/wp-json\/wp\/v2\/pages\/5858\/revisions\/9953"}],"wp:attachment":[{"href":"https:\/\/pos.uel.br\/letras\/wp-json\/wp\/v2\/media?parent=5858"}],"curies":[{"name":"wp","href":"https:\/\/api.w.org\/{rel}","templated":true}]}}