{"id":4779,"date":"2024-07-21T23:51:45","date_gmt":"2024-07-22T02:51:45","guid":{"rendered":"https:\/\/pos.uel.br\/letras\/?page_id=4779"},"modified":"2025-07-08T23:32:27","modified_gmt":"2025-07-09T02:32:27","slug":"seda","status":"publish","type":"page","link":"https:\/\/pos.uel.br\/letras\/seda\/","title":{"rendered":"SEDA"},"content":{"rendered":"\n<p><\/p>\n\n\n\n<p style=\"font-size:15px\">O SEDA \u2013 Semin\u00e1rio de Disserta\u00e7\u00f5es e Teses em Andamento \u2013 \u00e9 uma atividade do PPGL regularmente ofertada a cada semestre. \u00c9 a oportunidade para que mestrandos e doutorandos exponham os trabalhos em andamento (<em>work in progress<\/em>), de forma que os outros alunos possam conhecer os trabalhos de seus colegas.<br>O formato \u00e9 o de apresenta\u00e7\u00e3o de resultados parciais da pesquisa pelo mestrando ou pelo doutorando, acompanhado de seu orientador. Esta exposi\u00e7\u00e3o \u00e9 articulada com coment\u00e1rios cr\u00edticos efetuados normalmente por um outro professor do PPGL, que atua como debatedor.<\/p>\n\n\n\n<p style=\"font-size:15px\">O SEDA \u00e9 atividade obrigat\u00f3ria para os alunos matriculados em Col\u00f3quio de Pesquisa, observado o fato de que&nbsp;<strong>alunos de mestrado em primeiro semestre de matr\u00edcula<\/strong>&nbsp;participam do SEDA&nbsp; sem apresentar trabalhos.<\/p>\n\n\n\n<p style=\"font-size:15px\">Exceto no primeiro semestre, os\/as discentes apresentam trabalhos nos semestres \u00edmpares que estiverem cursando:<\/p>\n\n\n\n<p style=\"font-size:15px\">Col\u00f3quio de pesquisa I \u2013 1\u00ba semestre Mestrado \u2013 n\u00e3o apresenta trabalho.<br>Col\u00f3quio de pesquisa II \u2013 3\u00ba semestre Mestrado \u2013 apresenta trabalho.<br>Col\u00f3quio de pesquisa III \u2013 3\u00ba semestre Doutorado \u2013 apresenta trabalho.<br>Col\u00f3quio de pesquisa IV \u2013 5\u00ba semestre Doutorado \u2013 apresenta trabalho.<br>Col\u00f3quio de pesquisa V \u2013 7\u00ba semestre Doutorado \u2013 apresenta trabalho.<\/p>\n\n\n\n<div class=\"wp-block-columns is-layout-flex wp-container-core-columns-is-layout-9d6595d7 wp-block-columns-is-layout-flex\">\n<div class=\"wp-block-column is-layout-flow wp-block-column-is-layout-flow\"><\/div>\n<\/div>\n\n\n\n<div class=\"wp-block-columns is-layout-flex wp-container-core-columns-is-layout-9d6595d7 wp-block-columns-is-layout-flex\">\n<div class=\"wp-block-column is-layout-flow wp-block-column-is-layout-flow\">\n<div class=\"wp-block-uel-card\">\n<p class=\"has-text-align-center\" style=\"font-size:15px\"><strong>SEDA 2025\/1<br>Caderno de Resumos<\/strong><\/p>\n\n\n<div class=\"wp-block-image\">\n<figure class=\"aligncenter size-full is-resized\"><img loading=\"lazy\" decoding=\"async\" width=\"570\" height=\"784\" src=\"https:\/\/pos.uel.br\/letras\/wp-content\/uploads\/2025\/07\/Captura-de-Tela-2025-07-08-a\u0300s-23.26.13.png\" alt=\"\" class=\"wp-image-10296\" style=\"width:215px\" srcset=\"https:\/\/pos.uel.br\/letras\/wp-content\/uploads\/2025\/07\/Captura-de-Tela-2025-07-08-a\u0300s-23.26.13.png 570w, https:\/\/pos.uel.br\/letras\/wp-content\/uploads\/2025\/07\/Captura-de-Tela-2025-07-08-a\u0300s-23.26.13-218x300.png 218w\" sizes=\"auto, (max-width: 570px) 100vw, 570px\" \/><\/figure>\n<\/div>\n\n\n<div class=\"wp-block-buttons is-content-justification-center is-layout-flex wp-container-core-buttons-is-layout-16018d1d wp-block-buttons-is-layout-flex\">\n<div class=\"wp-block-button\"><a class=\"wp-block-button__link has-custom-font-size wp-element-button\" href=\"https:\/\/pos.uel.br\/letras\/wp-content\/uploads\/2025\/07\/SEDA-2025-1-CADERNO-DE-RESUMOS-final.pdf\" style=\"border-radius:0px;font-size:14px\" target=\"_blank\" rel=\"noreferrer noopener\">Baixar<\/a><\/div>\n<\/div>\n<\/div>\n<\/div>\n\n\n\n<div class=\"wp-block-column is-layout-flow wp-block-column-is-layout-flow\"><\/div>\n<\/div>\n\n\n\n<div class=\"wp-block-columns is-layout-flex wp-container-core-columns-is-layout-9d6595d7 wp-block-columns-is-layout-flex\">\n<div class=\"wp-block-column is-layout-flow wp-block-column-is-layout-flow\">\n<div class=\"wp-block-columns is-layout-flex wp-container-core-columns-is-layout-9d6595d7 wp-block-columns-is-layout-flex\">\n<div class=\"wp-block-column is-layout-flow wp-block-column-is-layout-flow\"><\/div>\n\n\n\n<div class=\"wp-block-column is-layout-flow wp-block-column-is-layout-flow\"><\/div>\n<\/div>\n\n\n\n<div class=\"wp-block-columns is-layout-flex wp-container-core-columns-is-layout-9d6595d7 wp-block-columns-is-layout-flex\">\n<div class=\"wp-block-column is-layout-flow wp-block-column-is-layout-flow\">\n<div class=\"wp-block-columns is-layout-flex wp-container-core-columns-is-layout-9d6595d7 wp-block-columns-is-layout-flex\">\n<div class=\"wp-block-column is-layout-flow wp-block-column-is-layout-flow\">\n<div class=\"wp-block-uel-card\">\n<p class=\"has-text-align-center\" style=\"font-size:15px\"><strong>SEDA 2024\/2<br>Caderno de Resumos<\/strong><\/p>\n\n\n<div class=\"wp-block-image\">\n<figure class=\"aligncenter size-full is-resized\"><img loading=\"lazy\" decoding=\"async\" width=\"539\" height=\"763\" src=\"https:\/\/pos.uel.br\/letras\/wp-content\/uploads\/2025\/03\/Captura-de-Tela-2025-03-09-a\u0300s-19.54.48.png\" alt=\"\" class=\"wp-image-9619\" style=\"width:214px;height:auto\" srcset=\"https:\/\/pos.uel.br\/letras\/wp-content\/uploads\/2025\/03\/Captura-de-Tela-2025-03-09-a\u0300s-19.54.48.png 539w, https:\/\/pos.uel.br\/letras\/wp-content\/uploads\/2025\/03\/Captura-de-Tela-2025-03-09-a\u0300s-19.54.48-212x300.png 212w\" sizes=\"auto, (max-width: 539px) 100vw, 539px\" \/><\/figure>\n<\/div>\n\n\n<div class=\"wp-block-buttons alignwide is-content-justification-center is-layout-flex wp-container-core-buttons-is-layout-16018d1d wp-block-buttons-is-layout-flex\">\n<div class=\"wp-block-button is-style-fill\"><a class=\"wp-block-button__link has-custom-font-size wp-element-button\" href=\"https:\/\/pos.uel.br\/letras\/wp-content\/uploads\/2025\/03\/Caderno-20242.pdf\" style=\"border-radius:0px;font-size:14px\" target=\"_blank\" rel=\"noreferrer noopener\">Baixar<\/a><\/div>\n<\/div>\n<\/div>\n\n\n\n<div class=\"wp-block-uel-card\">\n<p class=\"has-text-align-center\" style=\"font-size:15px\"><strong>SEDA 2023\/2<br>Caderno de Resumos<\/strong><\/p>\n\n\n<div class=\"wp-block-image\">\n<figure class=\"aligncenter size-full is-resized\"><img loading=\"lazy\" decoding=\"async\" width=\"505\" height=\"716\" src=\"https:\/\/pos.uel.br\/letras\/wp-content\/uploads\/2025\/03\/Captura-de-Tela-2025-03-09-a\u0300s-20.08.48.png\" alt=\"\" class=\"wp-image-9631\" style=\"width:214px\" srcset=\"https:\/\/pos.uel.br\/letras\/wp-content\/uploads\/2025\/03\/Captura-de-Tela-2025-03-09-a\u0300s-20.08.48.png 505w, https:\/\/pos.uel.br\/letras\/wp-content\/uploads\/2025\/03\/Captura-de-Tela-2025-03-09-a\u0300s-20.08.48-212x300.png 212w\" sizes=\"auto, (max-width: 505px) 100vw, 505px\" \/><\/figure>\n<\/div>\n\n\n<div class=\"wp-block-buttons alignwide is-content-justification-center is-layout-flex wp-container-core-buttons-is-layout-16018d1d wp-block-buttons-is-layout-flex\">\n<div class=\"wp-block-button is-style-fill\"><a class=\"wp-block-button__link has-custom-font-size wp-element-button\" href=\"https:\/\/pos.uel.br\/letras\/wp-content\/uploads\/2024\/07\/Caderno20232.pdf\" style=\"border-radius:0px;font-size:14px\" target=\"_blank\" rel=\"noreferrer noopener\">Baixar<\/a><\/div>\n<\/div>\n<\/div>\n\n\n\n<div class=\"wp-block-uel-card\">\n<p class=\"has-text-align-center\" style=\"font-size:15px\"><strong>SEDA 2022\/2<br>Caderno de Resumos<\/strong><\/p>\n\n\n<div class=\"wp-block-image\">\n<figure class=\"aligncenter size-full is-resized\"><img loading=\"lazy\" decoding=\"async\" width=\"535\" height=\"760\" src=\"https:\/\/pos.uel.br\/letras\/wp-content\/uploads\/2025\/03\/Captura-de-Tela-2025-03-09-a\u0300s-20.16.02.png\" alt=\"\" class=\"wp-image-9644\" style=\"width:214px\" srcset=\"https:\/\/pos.uel.br\/letras\/wp-content\/uploads\/2025\/03\/Captura-de-Tela-2025-03-09-a\u0300s-20.16.02.png 535w, https:\/\/pos.uel.br\/letras\/wp-content\/uploads\/2025\/03\/Captura-de-Tela-2025-03-09-a\u0300s-20.16.02-211x300.png 211w\" sizes=\"auto, (max-width: 535px) 100vw, 535px\" \/><\/figure>\n<\/div>\n\n\n<div class=\"wp-block-buttons alignwide is-content-justification-center is-layout-flex wp-container-core-buttons-is-layout-16018d1d wp-block-buttons-is-layout-flex\">\n<div class=\"wp-block-button is-style-fill\"><a class=\"wp-block-button__link has-custom-font-size wp-element-button\" href=\"https:\/\/pos.uel.br\/letras\/wp-content\/uploads\/2025\/03\/CADERNO-DE-RESUMOS-SEDA-2022.2-ATUAL.pdf\" style=\"border-radius:0px;font-size:14px\" target=\"_blank\" rel=\"noreferrer noopener\">Baixar<\/a><\/div>\n<\/div>\n<\/div>\n\n\n\n<div class=\"wp-block-uel-card\">\n<p class=\"has-text-align-center\" style=\"font-size:15px\"><strong>SEDA 2021\/2<br>Caderno de Resumos<\/strong><\/p>\n\n\n<div class=\"wp-block-image\">\n<figure class=\"aligncenter size-full is-resized\"><img loading=\"lazy\" decoding=\"async\" width=\"498\" height=\"713\" src=\"https:\/\/pos.uel.br\/letras\/wp-content\/uploads\/2025\/03\/Captura-de-Tela-2025-03-09-a\u0300s-20.22.18.png\" alt=\"\" class=\"wp-image-9655\" style=\"width:214px\" srcset=\"https:\/\/pos.uel.br\/letras\/wp-content\/uploads\/2025\/03\/Captura-de-Tela-2025-03-09-a\u0300s-20.22.18.png 498w, https:\/\/pos.uel.br\/letras\/wp-content\/uploads\/2025\/03\/Captura-de-Tela-2025-03-09-a\u0300s-20.22.18-210x300.png 210w\" sizes=\"auto, (max-width: 498px) 100vw, 498px\" \/><\/figure>\n<\/div>\n\n\n<div class=\"wp-block-buttons alignwide is-content-justification-center is-layout-flex wp-container-core-buttons-is-layout-16018d1d wp-block-buttons-is-layout-flex\">\n<div class=\"wp-block-button is-style-fill\"><a class=\"wp-block-button__link has-custom-font-size wp-element-button\" href=\"https:\/\/pos.uel.br\/letras\/wp-content\/uploads\/2024\/07\/Caderno20212.pdf\" style=\"border-radius:0px;font-size:14px\" target=\"_blank\" rel=\"noreferrer noopener\">Baixar<\/a><\/div>\n<\/div>\n<\/div>\n<\/div>\n\n\n\n<div class=\"wp-block-column is-layout-flow wp-block-column-is-layout-flow\">\n<div class=\"wp-block-uel-card\">\n<p class=\"has-text-align-center\" style=\"font-size:15px\"><strong>SEDA 2024\/1<\/strong><br><strong>Caderno de Resumos<\/strong><\/p>\n\n\n<div class=\"wp-block-image\">\n<figure class=\"aligncenter size-full is-resized\"><img loading=\"lazy\" decoding=\"async\" width=\"539\" height=\"763\" src=\"https:\/\/pos.uel.br\/letras\/wp-content\/uploads\/2025\/03\/Captura-de-Tela-2025-03-09-a\u0300s-20.02.06.png\" alt=\"\" class=\"wp-image-9625\" style=\"width:214px\" srcset=\"https:\/\/pos.uel.br\/letras\/wp-content\/uploads\/2025\/03\/Captura-de-Tela-2025-03-09-a\u0300s-20.02.06.png 539w, https:\/\/pos.uel.br\/letras\/wp-content\/uploads\/2025\/03\/Captura-de-Tela-2025-03-09-a\u0300s-20.02.06-212x300.png 212w\" sizes=\"auto, (max-width: 539px) 100vw, 539px\" \/><\/figure>\n<\/div>\n\n\n<div class=\"wp-block-buttons alignwide is-content-justification-center is-layout-flex wp-container-core-buttons-is-layout-16018d1d wp-block-buttons-is-layout-flex\">\n<div class=\"wp-block-button is-style-fill\"><a class=\"wp-block-button__link has-custom-font-size wp-element-button\" href=\"https:\/\/pos.uel.br\/letras\/wp-content\/uploads\/2025\/03\/Caderno-20241.pdf\" style=\"border-radius:0px;font-size:14px\" target=\"_blank\" rel=\"noreferrer noopener\">Baixar<\/a><\/div>\n<\/div>\n<\/div>\n\n\n\n<div class=\"wp-block-uel-card\">\n<p class=\"has-text-align-center\" style=\"font-size:15px\"><strong>SEDA 2023\/1<br>Caderno de Resumos<\/strong><\/p>\n\n\n<div class=\"wp-block-image\">\n<figure class=\"aligncenter size-full is-resized\"><img loading=\"lazy\" decoding=\"async\" width=\"501\" height=\"716\" src=\"https:\/\/pos.uel.br\/letras\/wp-content\/uploads\/2025\/03\/Captura-de-Tela-2025-03-09-a\u0300s-20.13.18.png\" alt=\"\" class=\"wp-image-9638\" style=\"width:214px\" srcset=\"https:\/\/pos.uel.br\/letras\/wp-content\/uploads\/2025\/03\/Captura-de-Tela-2025-03-09-a\u0300s-20.13.18.png 501w, https:\/\/pos.uel.br\/letras\/wp-content\/uploads\/2025\/03\/Captura-de-Tela-2025-03-09-a\u0300s-20.13.18-210x300.png 210w\" sizes=\"auto, (max-width: 501px) 100vw, 501px\" \/><\/figure>\n<\/div>\n\n\n<div class=\"wp-block-buttons alignwide is-content-justification-center is-layout-flex wp-container-core-buttons-is-layout-16018d1d wp-block-buttons-is-layout-flex\">\n<div class=\"wp-block-button is-style-fill\"><a class=\"wp-block-button__link has-custom-font-size wp-element-button\" href=\"https:\/\/pos.uel.br\/letras\/wp-content\/uploads\/2024\/07\/Caderno20231.pdf\" style=\"border-radius:0px;font-size:14px\" target=\"_blank\" rel=\"noreferrer noopener\">Baixar<\/a><\/div>\n<\/div>\n<\/div>\n\n\n\n<div class=\"wp-block-uel-card\">\n<p class=\"has-text-align-center\" style=\"font-size:15px\"><strong>SEDA 2022\/1<br>Caderno de Resumos<\/strong><\/p>\n\n\n<div class=\"wp-block-image\">\n<figure class=\"aligncenter size-full is-resized\"><img loading=\"lazy\" decoding=\"async\" width=\"527\" height=\"735\" src=\"https:\/\/pos.uel.br\/letras\/wp-content\/uploads\/2025\/03\/Captura-de-Tela-2025-03-09-a\u0300s-20.19.05.png\" alt=\"\" class=\"wp-image-9650\" style=\"width:214px\" srcset=\"https:\/\/pos.uel.br\/letras\/wp-content\/uploads\/2025\/03\/Captura-de-Tela-2025-03-09-a\u0300s-20.19.05.png 527w, https:\/\/pos.uel.br\/letras\/wp-content\/uploads\/2025\/03\/Captura-de-Tela-2025-03-09-a\u0300s-20.19.05-215x300.png 215w\" sizes=\"auto, (max-width: 527px) 100vw, 527px\" \/><\/figure>\n<\/div>\n\n\n<div class=\"wp-block-buttons alignwide is-content-justification-center is-layout-flex wp-container-core-buttons-is-layout-16018d1d wp-block-buttons-is-layout-flex\">\n<div class=\"wp-block-button is-style-fill\"><a class=\"wp-block-button__link has-custom-font-size wp-element-button\" href=\"https:\/\/pos.uel.br\/letras\/wp-content\/uploads\/2025\/03\/Caderno-20221.pdf\" style=\"border-radius:0px;font-size:14px\" target=\"_blank\" rel=\"noreferrer noopener\">Baixar<\/a><\/div>\n<\/div>\n<\/div>\n\n\n\n<div class=\"wp-block-uel-card\">\n<p class=\"has-text-align-center\" style=\"font-size:15px\"><strong>SEDA 2021\/1<\/strong><br><strong>Caderno de Resumos<\/strong><\/p>\n\n\n<div class=\"wp-block-image\">\n<figure class=\"aligncenter size-full is-resized\"><img loading=\"lazy\" decoding=\"async\" width=\"539\" height=\"760\" src=\"https:\/\/pos.uel.br\/letras\/wp-content\/uploads\/2025\/03\/Captura-de-Tela-2025-03-09-a\u0300s-20.22.44.png\" alt=\"\" class=\"wp-image-9656\" style=\"width:214px\" srcset=\"https:\/\/pos.uel.br\/letras\/wp-content\/uploads\/2025\/03\/Captura-de-Tela-2025-03-09-a\u0300s-20.22.44.png 539w, https:\/\/pos.uel.br\/letras\/wp-content\/uploads\/2025\/03\/Captura-de-Tela-2025-03-09-a\u0300s-20.22.44-213x300.png 213w\" sizes=\"auto, (max-width: 539px) 100vw, 539px\" \/><\/figure>\n<\/div>\n\n\n<div class=\"wp-block-buttons alignwide is-content-justification-center is-layout-flex wp-container-core-buttons-is-layout-16018d1d wp-block-buttons-is-layout-flex\">\n<div class=\"wp-block-button is-style-fill\"><a class=\"wp-block-button__link has-custom-font-size wp-element-button\" href=\"https:\/\/pos.uel.br\/letras\/wp-content\/uploads\/2024\/07\/Caderno20211.pdf\" style=\"border-radius:0px;font-size:14px\" target=\"_blank\" rel=\"noreferrer noopener\">Baixar<\/a><\/div>\n<\/div>\n<\/div>\n<\/div>\n<\/div>\n<\/div>\n<\/div>\n<\/div>\n<\/div>\n\n\n\n<p><\/p>\n","protected":false},"excerpt":{"rendered":"<p>O SEDA \u2013 Semin\u00e1rio de Disserta\u00e7\u00f5es e Teses em Andamento \u2013 \u00e9 uma atividade do PPGL regularmente ofertada a cada semestre. \u00c9 a oportunidade para que mestrandos e doutorandos exponham os trabalhos em andamento (work in progress), de forma que os outros alunos possam conhecer os trabalhos de seus colegas.O formato \u00e9 o de apresenta\u00e7\u00e3o [&hellip;]<\/p>\n","protected":false},"author":9,"featured_media":0,"parent":0,"menu_order":0,"comment_status":"closed","ping_status":"closed","template":"","meta":{"_acf_changed":false,"footnotes":""},"class_list":["post-4779","page","type-page","status-publish","hentry"],"acf":[],"_links":{"self":[{"href":"https:\/\/pos.uel.br\/letras\/wp-json\/wp\/v2\/pages\/4779","targetHints":{"allow":["GET"]}}],"collection":[{"href":"https:\/\/pos.uel.br\/letras\/wp-json\/wp\/v2\/pages"}],"about":[{"href":"https:\/\/pos.uel.br\/letras\/wp-json\/wp\/v2\/types\/page"}],"author":[{"embeddable":true,"href":"https:\/\/pos.uel.br\/letras\/wp-json\/wp\/v2\/users\/9"}],"replies":[{"embeddable":true,"href":"https:\/\/pos.uel.br\/letras\/wp-json\/wp\/v2\/comments?post=4779"}],"version-history":[{"count":70,"href":"https:\/\/pos.uel.br\/letras\/wp-json\/wp\/v2\/pages\/4779\/revisions"}],"predecessor-version":[{"id":10305,"href":"https:\/\/pos.uel.br\/letras\/wp-json\/wp\/v2\/pages\/4779\/revisions\/10305"}],"wp:attachment":[{"href":"https:\/\/pos.uel.br\/letras\/wp-json\/wp\/v2\/media?parent=4779"}],"curies":[{"name":"wp","href":"https:\/\/api.w.org\/{rel}","templated":true}]}}