{"id":4022,"date":"2024-02-15T14:23:24","date_gmt":"2024-02-15T17:23:24","guid":{"rendered":"https:\/\/pos.uel.br\/letras\/?page_id=4022"},"modified":"2025-03-09T22:45:46","modified_gmt":"2025-03-10T01:45:46","slug":"procedimentos-para-a-defesa","status":"publish","type":"page","link":"https:\/\/pos.uel.br\/letras\/procedimentos-para-a-defesa\/","title":{"rendered":"P\u00f3s-defesa: Procedimentos e documentos"},"content":{"rendered":"\n<p><\/p>\n\n\n\n<p style=\"font-size:15px\">Considerando a obrigatoriedade de finaliza\u00e7\u00e3o do compromisso ap\u00f3s a defesa da disserta\u00e7\u00e3o de mestrado ou tese de doutorado, o aluno dever\u00e1 seguir as orienta\u00e7\u00f5es abaixo:<\/p>\n\n\n\n<p><\/p>\n\n\n\n<ul class=\"wp-block-list\">\n<li style=\"font-size:15px\">No prazo de 30 dias, a contar da data da defesa, enviar ao e-mail da Secretaria de P\u00f3s-gradua\u00e7\u00e3o stricto sensu do CLCH (<a href=\"mailto:secposcch@uel.br\" target=\"_blank\" rel=\"noreferrer noopener\">secposcch@uel.br<\/a>) a vers\u00e3o final do trabalho em formato digital \u2013 extens\u00e3o doc. ou pdf. O prazo poder\u00e1 ser superior, caso a banca, no dia da defesa, tenha estabelecido prazo diferente.<\/li>\n\n\n\n<li style=\"font-size:15px\">O trabalho dever\u00e1 estar de acordo com as Normas da ABNT e com a logo da Universidade Estadual de Londrina (<a href=\"https:\/\/sites.uel.br\/bibliotecas\/modelo-padrao-uel\/\" target=\"_blank\" rel=\"noreferrer noopener\">acessar modelo padr\u00e3o da UEL<\/a>)<\/li>\n\n\n\n<li style=\"font-size:15px\">Para emiss\u00e3o da ficha catalogr\u00e1fica, <a href=\"https:\/\/sites.uel.br\/bibliotecas\/geracao-automatica-de-ficha-catalografica\/\" target=\"_blank\" rel=\"noreferrer noopener\">acessar aqui<\/a>.<\/li>\n<\/ul>\n\n\n\n<p style=\"font-size:15px\"><strong>Sobre o Conte\u00fado do Arquivo eletr\u00f4nico (IS PROPPG N\u00ba 002\/2020)<\/strong><br><br>O conte\u00fado e apresenta\u00e7\u00e3o do arquivo s\u00e3o de inteira responsabilidade do autor e de seu orientador.<br>O conte\u00fado do arquivo eletr\u00f4nico da tese\/disserta\u00e7\u00e3o dever\u00e1 ser a \u00faltima vers\u00e3o, id\u00eantica a que foi entregue para homologa\u00e7\u00e3o, devendo incluir:<br><br>a) As corre\u00e7\u00f5es e contribui\u00e7\u00f5es sugeridas pela banca examinadora;<br>b) Conter os elementos obrigat\u00f3rios das p\u00e1ginas pr\u00e9-textuais:<br><br>&#8211; Capa<br>&#8211; Folha de rosto<br>&#8211; Ficha catalogr\u00e1fica<br>&#8211; Folha de aprova\u00e7\u00e3o com assinatura do orientador; se poss\u00edvel, com as assinaturas da banca examinadora. Esta \u00e9 a folha que consta os nomes dos<br>membros da banca examinadora, logo ap\u00f3s a folha da ficha catalogr\u00e1fica.<br>&#8211; Sum\u00e1rio: a numera\u00e7\u00e3o das folhas do conte\u00fado deve coincidir com o descrito no sum\u00e1rio do trabalho. Caso contr\u00e1rio, o autor ser\u00e1 contatado para que ele a reestruture.<br>&#8211; Refer\u00eancia bibliogr\u00e1fica em l\u00edngua vern\u00e1cula e l\u00edngua inglesa, precedendo resumo e o <em>abstract<\/em>, respectivamente.<\/p>\n\n\n\n<p style=\"font-size:15px\">c) Normaliza\u00e7\u00e3o de refer\u00eancia e cita\u00e7\u00e3o estabelecidas pelo programa de p\u00f3s-gradua\u00e7\u00e3o (ABNT, APA, VANCOUVER, IEEE e outras);<br>d) Se a fonte (tipo de letra) n\u00e3o for usual do editor de texto utilizado, o autor deve enviar junto com o arquivo da tese\/disserta\u00e7\u00e3o uma c\u00f3pia do arquivo da fonte. Contudo, considerando a facilidade de acesso e leitura, recomenda-se o uso de fontes usuais, como Arial ou Times New Roman;<br>e) Dever\u00e3o ser entregues dois arquivos: em formato Portable Document Format (pdf), Word (doc, docx, rtf), ou Portable Document Format (pdf) + LaTex (tex). N\u00e3o ser\u00e3o aceitos outros tipos de formatos, cabendo ao autor a convers\u00e3o dos documentos que n\u00e3o estejam nos formatos estabelecidos para o aceite da publica\u00e7\u00e3o na Biblioteca Digital\/UEL;<br>f) N\u00e3o devem conter chaves que restrinjam o acesso ao conte\u00fado a ser publicado na Biblioteca Digital\/UEL;<br>g) Figuras, todos os ap\u00eandices, todos os anexos digitalizados, entre outros, dever\u00e3o fazer parte do arquivo eletr\u00f4nico entregue para publica\u00e7\u00e3o na Biblioteca Digital\/UEL;<br>h) Lista de refer\u00eancias ao final do trabalho.<\/p>\n\n\n\n<p style=\"font-size:15px\"><strong>Sobre o Termo de Autoriza\u00e7\u00e3o de publica\u00e7\u00e3o na Biblioteca Digital da UEL<br><\/strong><br>A Secretaria de P\u00f3s-gradua\u00e7\u00e3o stricto sensu do CLCH enviar\u00e1 ao discente o formul\u00e1rio do Termo de Autoriza\u00e7\u00e3o de publica\u00e7\u00e3o na Biblioteca Digital da UEL. O formul\u00e1rio dever\u00e1 ser enviado em anexo, digitalizado em formato PDF, para <a href=\"mailto:secposcch@uel.br\">secposcch@uel.br<\/a> devidamente preenchido e assinado pelo(a) orientador(a). <br><br>Ap\u00f3s o recebimento dos documentos requeridos e da Ata da defesa, a Secretaria de P\u00f3s-gradua\u00e7\u00e3o stricto sensu do CLCH enviar\u00e1 para a Biblioteca que dever\u00e1 publicar a disserta\u00e7\u00e3o ou a tese no Banco de teses da Biblioteca Digital da UEL. Para a Pr\u00f3-Reitoria de Pesquisa e P\u00f3s-Gradua\u00e7\u00e3o\/PROPPG da UEL ser\u00e1 enviada a Ata da defesa para a emiss\u00e3o do Diploma e do Hist\u00f3rico. O aluno ser\u00e1 comunicado sobre a retirada desses documentos que dever\u00e1 ser realizada na PROPPG. Para verificar se o documento foi emitido, o aluno poder\u00e1 entrar em contato com o atendimento da PROPPG pelo e-mail <a href=\"mailto:atendimentoproppg@uel.br\">atendimentoproppg@uel.br<\/a> ou pelo telefone (43) 3371-4780.<\/p>\n","protected":false},"excerpt":{"rendered":"<p>Considerando a obrigatoriedade de finaliza\u00e7\u00e3o do compromisso ap\u00f3s a defesa da disserta\u00e7\u00e3o de mestrado ou tese de doutorado, o aluno dever\u00e1 seguir as orienta\u00e7\u00f5es abaixo: Sobre o Conte\u00fado do Arquivo eletr\u00f4nico (IS PROPPG N\u00ba 002\/2020) O conte\u00fado e apresenta\u00e7\u00e3o do arquivo s\u00e3o de inteira responsabilidade do autor e de seu orientador.O conte\u00fado do arquivo eletr\u00f4nico [&hellip;]<\/p>\n","protected":false},"author":9,"featured_media":0,"parent":0,"menu_order":0,"comment_status":"closed","ping_status":"closed","template":"","meta":{"_acf_changed":false,"footnotes":""},"class_list":["post-4022","page","type-page","status-publish","hentry"],"acf":[],"_links":{"self":[{"href":"https:\/\/pos.uel.br\/letras\/wp-json\/wp\/v2\/pages\/4022","targetHints":{"allow":["GET"]}}],"collection":[{"href":"https:\/\/pos.uel.br\/letras\/wp-json\/wp\/v2\/pages"}],"about":[{"href":"https:\/\/pos.uel.br\/letras\/wp-json\/wp\/v2\/types\/page"}],"author":[{"embeddable":true,"href":"https:\/\/pos.uel.br\/letras\/wp-json\/wp\/v2\/users\/9"}],"replies":[{"embeddable":true,"href":"https:\/\/pos.uel.br\/letras\/wp-json\/wp\/v2\/comments?post=4022"}],"version-history":[{"count":18,"href":"https:\/\/pos.uel.br\/letras\/wp-json\/wp\/v2\/pages\/4022\/revisions"}],"predecessor-version":[{"id":9800,"href":"https:\/\/pos.uel.br\/letras\/wp-json\/wp\/v2\/pages\/4022\/revisions\/9800"}],"wp:attachment":[{"href":"https:\/\/pos.uel.br\/letras\/wp-json\/wp\/v2\/media?parent=4022"}],"curies":[{"name":"wp","href":"https:\/\/api.w.org\/{rel}","templated":true}]}}