{"id":3256,"date":"2023-07-24T17:36:26","date_gmt":"2023-07-24T20:36:26","guid":{"rendered":"https:\/\/pos.uel.br\/letras\/?page_id=3256"},"modified":"2025-03-09T22:23:18","modified_gmt":"2025-03-10T01:23:18","slug":"relatorio-semestral-2","status":"publish","type":"page","link":"https:\/\/pos.uel.br\/letras\/relatorio-semestral-2\/","title":{"rendered":"Relat\u00f3rio semestral"},"content":{"rendered":"\n<p style=\"font-size:15px\"><br>Todos os estudantes dos cursos de Mestrado e Doutorado do PPGL dever\u00e3o entregar, conforme modelo abaixo, o relat\u00f3rio semestral de atividades.<br>Clique <a href=\"https:\/\/pos.uel.br\/letras\/wp-content\/uploads\/2023\/07\/Relato\u0301rio-Semestral-de-Atividades-Modelo.doc\" target=\"_blank\" rel=\"noreferrer noopener\">aqui<\/a> para baixar o modelo de relat\u00f3rio.<\/p>\n\n\n\n<p><\/p>\n","protected":false},"excerpt":{"rendered":"<p>Todos os estudantes dos cursos de Mestrado e Doutorado do PPGL dever\u00e3o entregar, conforme modelo abaixo, o relat\u00f3rio semestral de atividades.Clique aqui para baixar o modelo de relat\u00f3rio.<\/p>\n","protected":false},"author":9,"featured_media":0,"parent":0,"menu_order":0,"comment_status":"closed","ping_status":"closed","template":"","meta":{"_acf_changed":false,"footnotes":""},"class_list":["post-3256","page","type-page","status-publish","hentry"],"acf":[],"_links":{"self":[{"href":"https:\/\/pos.uel.br\/letras\/wp-json\/wp\/v2\/pages\/3256","targetHints":{"allow":["GET"]}}],"collection":[{"href":"https:\/\/pos.uel.br\/letras\/wp-json\/wp\/v2\/pages"}],"about":[{"href":"https:\/\/pos.uel.br\/letras\/wp-json\/wp\/v2\/types\/page"}],"author":[{"embeddable":true,"href":"https:\/\/pos.uel.br\/letras\/wp-json\/wp\/v2\/users\/9"}],"replies":[{"embeddable":true,"href":"https:\/\/pos.uel.br\/letras\/wp-json\/wp\/v2\/comments?post=3256"}],"version-history":[{"count":4,"href":"https:\/\/pos.uel.br\/letras\/wp-json\/wp\/v2\/pages\/3256\/revisions"}],"predecessor-version":[{"id":9787,"href":"https:\/\/pos.uel.br\/letras\/wp-json\/wp\/v2\/pages\/3256\/revisions\/9787"}],"wp:attachment":[{"href":"https:\/\/pos.uel.br\/letras\/wp-json\/wp\/v2\/media?parent=3256"}],"curies":[{"name":"wp","href":"https:\/\/api.w.org\/{rel}","templated":true}]}}