{"id":2770,"date":"2022-09-02T08:24:33","date_gmt":"2022-09-02T11:24:33","guid":{"rendered":"https:\/\/pos.uel.br\/letras\/?page_id=2770"},"modified":"2025-12-08T21:45:17","modified_gmt":"2025-12-09T00:45:17","slug":"disciplinas","status":"publish","type":"page","link":"https:\/\/pos.uel.br\/letras\/disciplinas\/","title":{"rendered":"Disciplinas 2026\/2025"},"content":{"rendered":"\n<h2 class=\"wp-block-heading is-style-highlighted-heading has-medium-font-size\"><br>ANO 2026<\/h2>\n\n\n\n<div class=\"wp-block-columns is-layout-flex wp-container-core-columns-is-layout-9d6595d7 wp-block-columns-is-layout-flex\">\n<div class=\"wp-block-column is-layout-flow wp-block-column-is-layout-flow\">\n<div class=\"wp-block-uel-card\">\n<div class=\"wp-block-columns is-layout-flex wp-container-core-columns-is-layout-9d6595d7 wp-block-columns-is-layout-flex\">\n<div class=\"wp-block-column is-layout-flow wp-block-column-is-layout-flow\">\n<div class=\"wp-block-uel-card\">\n<p style=\"font-size:15px\"><strong>1\u00ba SEMESTRE LETIVO<\/strong><br><br>2 LET 464 \u2013 Literatura afro-brasileira<br>3 LET 040 \u2013 Literatura juvenil e outras m\u00eddias<br>2 LET 508 \u2013 O romance brasileiro no s\u00e9culo XX<br>2 LEM 294 \u2013 A interface literatura e psican\u00e1lise<br>2 NIC 330 \u2013 Literatura e Fenomenologia<\/p>\n<\/div>\n<\/div>\n\n\n\n<div class=\"wp-block-column is-layout-flow wp-block-column-is-layout-flow\">\n<div class=\"wp-block-uel-card\">\n<p style=\"font-size:15px\"><strong>2\u00ba SEMESTRE LETIVO<\/strong><\/p>\n<\/div>\n<\/div>\n<\/div>\n<\/div>\n<\/div>\n<\/div>\n\n\n\n<div class=\"wp-block-columns is-layout-flex wp-container-core-columns-is-layout-9d6595d7 wp-block-columns-is-layout-flex\">\n<div class=\"wp-block-column is-layout-flow wp-block-column-is-layout-flow\">\n<blockquote class=\"wp-block-quote is-layout-flow wp-block-quote-is-layout-flow\">\n<p><strong>Quadro de disciplinas ofertadas 2026\/1<\/strong><\/p>\n<\/blockquote>\n<\/div>\n<\/div>\n\n\n\n<div class=\"wp-block-columns is-layout-flex wp-container-core-columns-is-layout-9d6595d7 wp-block-columns-is-layout-flex\">\n<div class=\"wp-block-column is-layout-flow wp-block-column-is-layout-flow\">\n<div class=\"wp-block-uel-card\">\n<figure style=\"font-size:15px\" class=\"wp-block-table\"><table><tbody><tr><td><strong>DISCIPLINA<\/strong><\/td><td><strong>DOCENTE<\/strong><\/td><td><strong>DIA DA SEMANA<\/strong>\/<br><strong>HOR\u00c1RIO<\/strong><\/td><td><strong>N\u00daMERO DE VAGAS \u2013 <br>ESTUDANTE ESPECIAL<\/strong><\/td><\/tr><tr><td>2 LET 464 \u2013 Literatura afro-brasileira <\/td><td>Prof\u00aa Dr\u00aa Maria Carolina de Godoy<\/td><td>4\u00aa feira \u2013 9h \u00e0s 11h15<\/td><td>5<\/td><\/tr><tr><td>3 LET 040 \u2013 Literatura juvenil e outras m\u00eddias<\/td><td>Prof. Dr. Fernando Teixeira Luiz<\/td><td>5\u00aa feira \u2013 9h \u00e0s 11h15<\/td><td>5<\/td><\/tr><tr><td>2 LET 508 \u2013 O romance brasileiro no s\u00e9culo XX<\/td><td>Prof\u00aa Dr\u00aa Regina C\u00e9lia dos Santos Alves<\/td><td>6\u00aa feira \u2013 9h \u00e0s 11h15<\/td><td>5<\/td><\/tr><tr><td>2 LEM 294 \u2013 A interface literatura e psican\u00e1lise<\/td><td>Prof. Dr. Gustavo Javier Figliolo<\/td><td>6\u00aa feira \u2013 13h30 \u00e0s 15h45<\/td><td>5<\/td><\/tr><tr><td>2 NIC 330 \u2013 Literatura e Fenomenologia<\/td><td>Prof. Dr. Rodolfo Rorato Londero<\/td><td>6\u00aa feira \u2013 16h \u00e0s 18h15<\/td><td>5<\/td><\/tr><\/tbody><\/table><\/figure>\n\n\n\n<div class=\"wp-block-columns is-layout-flex wp-container-core-columns-is-layout-9d6595d7 wp-block-columns-is-layout-flex\">\n<div class=\"wp-block-column is-layout-flow wp-block-column-is-layout-flow\">\n<p style=\"font-size:15px\"><strong>As aulas ter\u00e3o in\u00edcio em 18\/03\/2026 e ser\u00e3o ministradas presencialmente na sala 133 do CLCH \u2013 Centro de Letras e Ci\u00eancias Humanas.<br>Todas as disciplinas t\u00eam 45h equivalentes a 3 cr\u00e9ditos.<\/strong><br><\/p>\n<\/div>\n<\/div>\n<\/div>\n\n\n\n<div class=\"wp-block-columns is-layout-flex wp-container-core-columns-is-layout-9d6595d7 wp-block-columns-is-layout-flex\">\n<div class=\"wp-block-column is-layout-flow wp-block-column-is-layout-flow\">\n<h2 class=\"wp-block-heading has-primary-accent-color has-text-color has-link-color has-medium-font-size wp-elements-38e159524fb886224eb72acdbfd1d910\">ANO 2025<\/h2>\n<\/div>\n<\/div>\n<\/div>\n<\/div>\n\n\n\n<div class=\"wp-block-columns is-layout-flex wp-container-core-columns-is-layout-9d6595d7 wp-block-columns-is-layout-flex\">\n<div class=\"wp-block-column is-layout-flow wp-block-column-is-layout-flow\">\n<div class=\"wp-block-uel-card\">\n<p style=\"font-size:15px\"><strong>1\u00ba SEMESTRE LETIVO<\/strong><br><br>2 LET 797 \u2013 Semin\u00e1rio de Estudos Liter\u00e1rios<br>2 LET 952 \u2013 Vozes femininas na literatura<br>2 LET 956 \u2013 Literatura, cinema e suas materialidades<br>2 LET 799 \u2013 Poesia, poema e oralidades de vanguarda<br>2 ART 220 \u2013 O Surrealismo e o Reencantamento da vida<\/p>\n<\/div>\n<\/div>\n\n\n\n<div class=\"wp-block-column is-layout-flow wp-block-column-is-layout-flow\">\n<div class=\"wp-block-uel-card\">\n<p style=\"font-size:15px\"><strong>2\u00ba SEMESTRE LETIVO<\/strong><br><br>2 LET 871 &#8211; A morte na literatura e nas artes<br>2 LET 831 \u2013 Literatura e poder: fundamentos semi\u00f3ticos<br>2&nbsp;LEM 286 \u2013&nbsp;Representa\u00e7\u00f5es do ins\u00f3lito na literatura latino-americana<br>2 LET 873 \u2013 Walter Benjamin e a Modernidade<\/p>\n<\/div>\n<\/div>\n<\/div>\n\n\n\n<ul class=\"wp-block-list\">\n<li style=\"font-size:15px\"><strong><a href=\"https:\/\/pos.uel.br\/letras\/wp-content\/uploads\/2025\/01\/CalendarioStricto_2025-2026.pdf\" target=\"_blank\" rel=\"noreferrer noopener\">CALEND\u00c1RIO ACAD\u00caMICO <em>STRICTO SENSU <\/em> PPG\/UEL \u2013 2025\/2026<\/a><\/strong><\/li>\n<\/ul>\n\n\n\n<p><\/p>\n\n\n\n<h4 class=\"wp-block-heading\" style=\"font-size:15px\"><strong>HOR\u00c1RIO 202<\/strong>5\/1<br><\/h4>\n\n\n\n<p style=\"font-size:15px\">* Em raz\u00e3o das f\u00e9rias da Universidade Estadual de Londrina, o in\u00edcio das aulas de cada disciplina consta no quadro abaixo.<br><strong>Local: sala 133 do CLCH<\/strong><br><\/p>\n\n\n\n<figure style=\"font-size:14px\" class=\"wp-block-table\"><table><tbody><tr><td><strong>DISCIPLINA<\/strong><\/td><td><strong>DOCENTE<\/strong><\/td><td><strong>DIA DA SEMANA\/HOR\u00c1RIO<\/strong><\/td><\/tr><tr><td><strong>2 LET 797<\/strong> \u2013 Semin\u00e1rio de Estudos Liter\u00e1rios (3 cr\/45h)<\/td><td>Prof\u00aa Dr\u00aa Ellen Mariany da Silva Dias<\/td><td>Quarta-feira<br>9h00 \u2013 11h15<br><strong>In\u00edcio: 26\/03\/2025<\/strong><\/td><\/tr><tr><td><strong>2 LET 952 \u2013 <\/strong>Vozes femininas na literatura (3 cr\/45h)<\/td><td>Prof\u00aa Dr\u00aa Suely Leite<\/td><td>Quinta-feira<br>9h00 \u2013 11h15<br><strong>In\u00edcio: 03\/04\/2025<\/strong><\/td><\/tr><tr><td><strong>2 LET 956<\/strong> \u2013 Literatura, cinema e suas materialidades (3 cr\/45h)<\/td><td>Prof\u00aa Dr\u00aa Barbara Cristina Marques<\/td><td>Quinta-feira<br>16h00-18h15<br><strong>In\u00edcio: 03\/04\/2025<\/strong><\/td><\/tr><tr><td><strong>2 LET 799<\/strong> \u2013 Poesia, poema e oralidades de vanguarda (3 cr\/45h)<\/td><td>Prof. Dr. Frederico Augusto Garcia Fernandes<\/td><td>Sexta-feira<br>9h00-11h15<br><strong>In\u00edcio: 21\/03\/2025<\/strong><\/td><\/tr><tr><td><strong>2 ART 220<\/strong> \u2013 O Surrealismo e o Reencantamento da vida (3 cr\/45h)<\/td><td>Prof\u00aa Dr\u00aa Marta Dantas da Silva<\/td><td>Sexta-feira<br>13h30-15h45<br><strong>In\u00edcio: 14\/03\/2025<\/strong><\/td><\/tr><\/tbody><\/table><\/figure>\n\n\n\n<p style=\"font-size:14px\"><br><\/p>\n\n\n\n<p style=\"font-size:15px\"><strong>HOR\u00c1RIO 2025\/2<\/strong><br><strong>Local: sala 133 do CLCH<\/strong><\/p>\n\n\n\n<figure style=\"font-size:14px\" class=\"wp-block-table\"><table><tbody><tr><td><strong>DISCIPLINA<\/strong><\/td><td><strong>DOCENTE<\/strong><\/td><td><strong>DIA DA SEMANA\/HOR\u00c1RIO<\/strong><\/td><\/tr><tr><td><strong>2 LET 871<\/strong> &#8211; A morte na literatura e nas artes (3 cr\/45h)<\/td><td>Prof. Dr. Alamir Aquino Corr\u00eaa<\/td><td>Quarta-feira<br>8h45 \u2013 11h45<br><strong>In\u00edcio: 18\/08\/2025<\/strong><br><strong>Presencial<\/strong><\/td><\/tr><tr><td><strong>2 LET 831 <\/strong>\u2013 Literatura e poder: fundamentos semi\u00f3ticos (3 cr\/45h)<\/td><td>Prof. Dr. Luiz Carlos Migliozzi Ferreira de Mello<\/td><td>Quarta-feira<br>13h30 \u2013 15h45<br><strong>In\u00edcio: <strong>18\/08\/2025<\/strong><\/strong><br><strong>Presencial<\/strong><\/td><\/tr><tr><td><strong>2&nbsp;LEM 286<\/strong> \u2013&nbsp;Representa\u00e7\u00f5es do ins\u00f3lito na literatura latino-americana (3 cr\/45h)<\/td><td>Prof\u00aa Dr\u00aa Cl\u00e1udia Cristina Ferreira<\/td><td>Quinta-feira<br>13h30 \u2013 15h45<br><strong>In\u00edcio: <strong>18\/08\/2025<\/strong><\/strong><br><strong>Presencial<\/strong><\/td><\/tr><tr><td><strong>2 LET 873 <\/strong>\u2013 Walter Benjamin e a Modernidade (3 cr\/45h)<\/td><td>Prof\u00aa Dr\u00aa Cl\u00e1udia Camardella Rio Doce<\/td><td>Quinta-feira<br>16h00 \u2013 18h15<br><strong><strong>In\u00edcio: <strong>18\/08\/2025<\/strong><\/strong><\/strong><br><strong>Presencial<\/strong><\/td><\/tr><\/tbody><\/table><\/figure>\n\n\n\n<p><\/p>\n","protected":false},"excerpt":{"rendered":"<p>ANO 2026 Quadro de disciplinas ofertadas 2026\/1 ANO 2025 HOR\u00c1RIO 2025\/1 * Em raz\u00e3o das f\u00e9rias da Universidade Estadual de Londrina, o in\u00edcio das aulas de cada disciplina consta no quadro abaixo.Local: sala 133 do CLCH DISCIPLINA DOCENTE DIA DA SEMANA\/HOR\u00c1RIO 2 LET 797 \u2013 Semin\u00e1rio de Estudos Liter\u00e1rios (3 cr\/45h) Prof\u00aa Dr\u00aa Ellen Mariany [&hellip;]<\/p>\n","protected":false},"author":9,"featured_media":0,"parent":0,"menu_order":0,"comment_status":"closed","ping_status":"closed","template":"","meta":{"_acf_changed":false,"footnotes":""},"class_list":["post-2770","page","type-page","status-publish","hentry"],"acf":[],"_links":{"self":[{"href":"https:\/\/pos.uel.br\/letras\/wp-json\/wp\/v2\/pages\/2770","targetHints":{"allow":["GET"]}}],"collection":[{"href":"https:\/\/pos.uel.br\/letras\/wp-json\/wp\/v2\/pages"}],"about":[{"href":"https:\/\/pos.uel.br\/letras\/wp-json\/wp\/v2\/types\/page"}],"author":[{"embeddable":true,"href":"https:\/\/pos.uel.br\/letras\/wp-json\/wp\/v2\/users\/9"}],"replies":[{"embeddable":true,"href":"https:\/\/pos.uel.br\/letras\/wp-json\/wp\/v2\/comments?post=2770"}],"version-history":[{"count":96,"href":"https:\/\/pos.uel.br\/letras\/wp-json\/wp\/v2\/pages\/2770\/revisions"}],"predecessor-version":[{"id":10678,"href":"https:\/\/pos.uel.br\/letras\/wp-json\/wp\/v2\/pages\/2770\/revisions\/10678"}],"wp:attachment":[{"href":"https:\/\/pos.uel.br\/letras\/wp-json\/wp\/v2\/media?parent=2770"}],"curies":[{"name":"wp","href":"https:\/\/api.w.org\/{rel}","templated":true}]}}