{"id":2112,"date":"2021-10-06T18:45:01","date_gmt":"2021-10-06T21:45:01","guid":{"rendered":"https:\/\/pos.uel.br\/letras\/?page_id=2112"},"modified":"2025-03-06T11:33:48","modified_gmt":"2025-03-06T14:33:48","slug":"insercao-social","status":"publish","type":"page","link":"https:\/\/pos.uel.br\/letras\/insercao-social\/","title":{"rendered":"Inser\u00e7\u00e3o Social"},"content":{"rendered":"\n<p><br><\/p>\n\n\n\n<blockquote class=\"wp-block-quote is-layout-flow wp-block-quote-is-layout-flow\">\n<h2 class=\"wp-block-heading\" style=\"font-size:15px\">SESC\/PR<\/h2>\n<\/blockquote>\n\n\n\n<div class=\"wp-block-columns is-layout-flex wp-container-core-columns-is-layout-9d6595d7 wp-block-columns-is-layout-flex\">\n<div class=\"wp-block-column is-layout-flow wp-block-column-is-layout-flow\">\n<div class=\"wp-block-media-text is-stacked-on-mobile\" style=\"grid-template-columns:32% auto\"><figure class=\"wp-block-media-text__media\"><img loading=\"lazy\" decoding=\"async\" width=\"1024\" height=\"1018\" src=\"https:\/\/pos.uel.br\/letras\/wp-content\/uploads\/2024\/08\/SESC2-1024x1018.jpeg\" alt=\"\" class=\"wp-image-5144 size-full\" srcset=\"https:\/\/pos.uel.br\/letras\/wp-content\/uploads\/2024\/08\/SESC2-1024x1018.jpeg 1024w, https:\/\/pos.uel.br\/letras\/wp-content\/uploads\/2024\/08\/SESC2-300x298.jpeg 300w, https:\/\/pos.uel.br\/letras\/wp-content\/uploads\/2024\/08\/SESC2-150x150.jpeg 150w, https:\/\/pos.uel.br\/letras\/wp-content\/uploads\/2024\/08\/SESC2-768x764.jpeg 768w, https:\/\/pos.uel.br\/letras\/wp-content\/uploads\/2024\/08\/SESC2.jpeg 1080w\" sizes=\"auto, (max-width: 1024px) 100vw, 1024px\" \/><\/figure><div class=\"wp-block-media-text__content\">\n<p style=\"font-size:15px\"><strong>43\u00aa SEMANA LITER\u00c1RIA DO SESC\/PR<br><\/strong><br>O PPG em Letras da UEL, ao longo dos seus trinta anos de exist\u00eancia, tem participado ativamente de eventos liter\u00e1rios. A Semana Liter\u00e1ria do SESC\/PR \u00e9 um importante evento que traz diversos escritores conhecidos em \u00e2mbito nacional e internacional, promove oficinas de escrita, atividades liter\u00e1rias para a comunidade em geral, al\u00e9m da exposi\u00e7\u00e3o da feira de livros com editoras locais. O PPGL tem tido a grata satisfa\u00e7\u00e3o de contribuir com este evento por meio de v\u00e1rias atividades, seja na media\u00e7\u00e3o feita por docentes e discentes do programa em mesas com escritores, na oferta de minicursos e\/ou oficinas com discentes e egressos do PPGL e com exposi\u00e7\u00f5es de livros. <br><br>Em Londrina, a 43\u00aa Semana Liter\u00e1ria do SESC\/PR foi aberta com a escritora a Socorro Acioli com media\u00e7\u00e3o da Prof\u00aa Barbara Marques. Luc\u00e9lia Canassa, doutoranda do PPGL, mediou a conversa com as autoras Giovana Madalosso e Micheliny Verunschk. O bate-papo com a escritora Ryane Le\u00e3o foi mediado por Amanda Crispim, egressa do PPGL e professora da UTFPR. Houve tamb\u00e9m a presen\u00e7a da doutoranda do PPGL Amanda Dam\u00e1sio, no bate-papo, junto de Isabela Berber, <em>A cria\u00e7\u00e3o como um salto no vazio: a literatura e o poder do coletivo<\/em>.<\/p>\n<\/div><\/div>\n<\/div>\n<\/div>\n\n\n\n<div class=\"alignnormal\"><div id=\"metaslider-id-5341\" style=\"width: 100%; margin: 0 auto;\" class=\"ml-slider-3-90-1 metaslider metaslider-flex metaslider-5341 ml-slider ms-theme-clarity nav-hidden has-carousel-mode\" role=\"region\" aria-roledescription=\"Slideshow\" aria-label=\"Sesc\">\n    <div id=\"metaslider_container_5341\">\n        <div id=\"metaslider_5341\">\n            <ul class='slides'>\n                <li style=\"display: none; width: 100%;\" class=\"slide-5342 ms-image \" aria-roledescription=\"slide\" aria-label=\"slide-5342\"><img loading=\"lazy\" decoding=\"async\" src=\"https:\/\/pos.uel.br\/letras\/wp-content\/uploads\/2024\/08\/Sesc1-500x300.jpg\" height=\"300\" width=\"500\" alt=\"\" class=\"slider-5341 slide-5342\" title=\"Sesc1\" \/><\/li>\n                <li style=\"display: none; width: 100%;\" class=\"slide-5343 ms-image \" aria-roledescription=\"slide\" aria-label=\"slide-5343\"><img loading=\"lazy\" decoding=\"async\" src=\"https:\/\/pos.uel.br\/letras\/wp-content\/uploads\/2024\/08\/Sesc2-500x300.jpg\" height=\"300\" width=\"500\" alt=\"\" class=\"slider-5341 slide-5343\" title=\"Sesc2\" \/><\/li>\n                <li style=\"display: none; width: 100%;\" class=\"slide-5344 ms-image \" aria-roledescription=\"slide\" aria-label=\"slide-5344\"><img loading=\"lazy\" decoding=\"async\" src=\"https:\/\/pos.uel.br\/letras\/wp-content\/uploads\/2024\/08\/Sesc3-500x300.jpg\" height=\"300\" width=\"500\" alt=\"\" class=\"slider-5341 slide-5344\" title=\"Sesc3\" \/><\/li>\n                <li style=\"display: none; width: 100%;\" class=\"slide-5345 ms-image \" aria-roledescription=\"slide\" aria-label=\"slide-5345\"><img loading=\"lazy\" decoding=\"async\" src=\"https:\/\/pos.uel.br\/letras\/wp-content\/uploads\/2024\/08\/Sesc4-1-500x300.jpg\" height=\"300\" width=\"500\" alt=\"\" class=\"slider-5341 slide-5345\" title=\"Sesc4\" \/><\/li>\n            <\/ul>\n        <\/div>\n        \n    <\/div>\n<\/div><\/div>\n\n\n\n<div class=\"wp-block-columns is-layout-flex wp-container-core-columns-is-layout-9d6595d7 wp-block-columns-is-layout-flex\">\n<div class=\"wp-block-column is-layout-flow wp-block-column-is-layout-flow\">\n<blockquote class=\"wp-block-quote is-layout-flow wp-block-quote-is-layout-flow\">\n<p style=\"font-size:15px\"><strong>COLUNA &#8220;LITERATURA VIVA&#8221; \u2013 R\u00c1DIO UEL FM<\/strong><\/p>\n<\/blockquote>\n\n\n\n<div class=\"wp-block-columns is-layout-flex wp-container-core-columns-is-layout-9d6595d7 wp-block-columns-is-layout-flex\">\n<div class=\"wp-block-column is-layout-flow wp-block-column-is-layout-flow\">\n<div class=\"wp-block-media-text is-stacked-on-mobile\"><figure class=\"wp-block-media-text__media\"><img loading=\"lazy\" decoding=\"async\" width=\"1024\" height=\"576\" src=\"https:\/\/pos.uel.br\/letras\/wp-content\/uploads\/2025\/03\/Literatura-Viva-1024x576.png\" alt=\"\" class=\"wp-image-8645 size-full\" srcset=\"https:\/\/pos.uel.br\/letras\/wp-content\/uploads\/2025\/03\/Literatura-Viva-1024x576.png 1024w, https:\/\/pos.uel.br\/letras\/wp-content\/uploads\/2025\/03\/Literatura-Viva-300x169.png 300w, https:\/\/pos.uel.br\/letras\/wp-content\/uploads\/2025\/03\/Literatura-Viva-768x432.png 768w, https:\/\/pos.uel.br\/letras\/wp-content\/uploads\/2025\/03\/Literatura-Viva-1536x864.png 1536w, https:\/\/pos.uel.br\/letras\/wp-content\/uploads\/2025\/03\/Literatura-Viva-2048x1152.png 2048w\" sizes=\"auto, (max-width: 1024px) 100vw, 1024px\" \/><\/figure><div class=\"wp-block-media-text__content\">\n<p style=\"font-size:15px\">Produzida e apresentada pelo Prof. Frederico Fernandes, a Coluna Literatura Viva, da R\u00e1dio UEL FM, traz semanalmente convidados\/as ligados\/as \u00e0 produ\u00e7\u00e3o e circula\u00e7\u00e3o de obras e manifesta\u00e7\u00f5es liter\u00e1rias. Criada em 2019, a Coluna Literatura Viva conta com mais de 100 produ\u00e7\u00f5es.<\/p>\n<\/div><\/div>\n<\/div>\n<\/div>\n<\/div>\n<\/div>\n\n\n\n<blockquote class=\"wp-block-quote is-layout-flow wp-block-quote-is-layout-flow\">\n<h2 class=\"wp-block-heading\" style=\"font-size:15px\">LONDRIX \u2013 FESTIVAL LITER\u00c1RIO DE LONDRINA<\/h2>\n<\/blockquote>\n\n\n\n<div class=\"wp-block-media-text is-stacked-on-mobile\"><figure class=\"wp-block-media-text__media\"><img loading=\"lazy\" decoding=\"async\" width=\"603\" height=\"305\" src=\"https:\/\/pos.uel.br\/letras\/wp-content\/uploads\/2024\/08\/Captura-de-Tela-2024-08-16-a\u0300s-21.51.17.png\" alt=\"\" class=\"wp-image-5354 size-full\" srcset=\"https:\/\/pos.uel.br\/letras\/wp-content\/uploads\/2024\/08\/Captura-de-Tela-2024-08-16-a\u0300s-21.51.17.png 603w, https:\/\/pos.uel.br\/letras\/wp-content\/uploads\/2024\/08\/Captura-de-Tela-2024-08-16-a\u0300s-21.51.17-300x152.png 300w\" sizes=\"auto, (max-width: 603px) 100vw, 603px\" \/><\/figure><div class=\"wp-block-media-text__content\">\n<p style=\"font-size:15px\">O Festival Liter\u00e1rio de Londrina, criado em 2005, \u00e9 um dos festivais mais importantes da cena liter\u00e1ria no pa\u00eds. Com o patroc\u00ednio do PROMIC (Programa Municipal de Incentivo \u00e0 Cultura), o Londrix efetiva a\u00e7\u00f5es de incentivo \u00e0 leitura e \u00e0 produ\u00e7\u00e3o liter\u00e1ria e cultural do pa\u00eds. Desde 2009, docentes, discentes e egressos do PPGL t\u00eam participado e contribu\u00eddo no debate e media\u00e7\u00e3o com escritores, em oficinas, em palestras e outras atividades promovidas pelo festival. O Prof. Frederico Garcia Fernandes \u00e9 um dos curadores do festival. <\/p>\n<\/div><\/div>\n\n\n\n<div class=\"wp-block-columns is-layout-flex wp-container-core-columns-is-layout-9d6595d7 wp-block-columns-is-layout-flex\">\n<div class=\"wp-block-column is-layout-flow wp-block-column-is-layout-flow\"><\/div>\n<\/div>\n\n\n\n<p><br><\/p>\n\n\n\n<blockquote class=\"wp-block-quote is-layout-flow wp-block-quote-is-layout-flow\">\n<h2 class=\"wp-block-heading\" style=\"font-size:15px\">LITERATURA NA BIBLIOTECA<\/h2>\n<\/blockquote>\n\n\n\n<div class=\"wp-block-media-text is-stacked-on-mobile\"><figure class=\"wp-block-media-text__media\"><img loading=\"lazy\" decoding=\"async\" width=\"843\" height=\"373\" src=\"https:\/\/pos.uel.br\/letras\/wp-content\/uploads\/2024\/08\/Captura-de-Tela-2024-08-16-a\u0300s-22.18.29.png\" alt=\"\" class=\"wp-image-5361 size-full\" srcset=\"https:\/\/pos.uel.br\/letras\/wp-content\/uploads\/2024\/08\/Captura-de-Tela-2024-08-16-a\u0300s-22.18.29.png 843w, https:\/\/pos.uel.br\/letras\/wp-content\/uploads\/2024\/08\/Captura-de-Tela-2024-08-16-a\u0300s-22.18.29-300x133.png 300w, https:\/\/pos.uel.br\/letras\/wp-content\/uploads\/2024\/08\/Captura-de-Tela-2024-08-16-a\u0300s-22.18.29-768x340.png 768w\" sizes=\"auto, (max-width: 843px) 100vw, 843px\" \/><\/figure><div class=\"wp-block-media-text__content\">\n<p style=\"font-size:15px\">Literatura na Biblioteca \u00e9 um projeto desenvolvido pela Secretaria Municipal de Cultura de Londrina, por meio da Diretoria de Bibliotecas P\u00fablicas Municipais, em parceria com o PPG em Letras da Universidade Estadual de Londrina. O projeto oferece \u00e0 comunidade local uma s\u00e9rie de palestras e debates sobre as obras liter\u00e1rias exigidas pelo vestibular da UEL. Os encontros, realizados na Biblioteca P\u00fablica Municipal, conta, desde sua primeira edi\u00e7\u00e3o em 2017, com a participa\u00e7\u00e3o dos docentes e discentes (mestrandos e doutorandos) do PPGL. <\/p>\n<\/div><\/div>\n\n\n\n<p><\/p>\n\n\n\n<p><\/p>\n","protected":false},"excerpt":{"rendered":"<p>SESC\/PR 43\u00aa SEMANA LITER\u00c1RIA DO SESC\/PRO PPG em Letras da UEL, ao longo dos seus trinta anos de exist\u00eancia, tem participado ativamente de eventos liter\u00e1rios. A Semana Liter\u00e1ria do SESC\/PR \u00e9 um importante evento que traz diversos escritores conhecidos em \u00e2mbito nacional e internacional, promove oficinas de escrita, atividades liter\u00e1rias para a comunidade em geral, [&hellip;]<\/p>\n","protected":false},"author":9,"featured_media":0,"parent":0,"menu_order":0,"comment_status":"closed","ping_status":"closed","template":"","meta":{"_acf_changed":false,"footnotes":""},"class_list":["post-2112","page","type-page","status-publish","hentry"],"acf":[],"_links":{"self":[{"href":"https:\/\/pos.uel.br\/letras\/wp-json\/wp\/v2\/pages\/2112","targetHints":{"allow":["GET"]}}],"collection":[{"href":"https:\/\/pos.uel.br\/letras\/wp-json\/wp\/v2\/pages"}],"about":[{"href":"https:\/\/pos.uel.br\/letras\/wp-json\/wp\/v2\/types\/page"}],"author":[{"embeddable":true,"href":"https:\/\/pos.uel.br\/letras\/wp-json\/wp\/v2\/users\/9"}],"replies":[{"embeddable":true,"href":"https:\/\/pos.uel.br\/letras\/wp-json\/wp\/v2\/comments?post=2112"}],"version-history":[{"count":81,"href":"https:\/\/pos.uel.br\/letras\/wp-json\/wp\/v2\/pages\/2112\/revisions"}],"predecessor-version":[{"id":8879,"href":"https:\/\/pos.uel.br\/letras\/wp-json\/wp\/v2\/pages\/2112\/revisions\/8879"}],"wp:attachment":[{"href":"https:\/\/pos.uel.br\/letras\/wp-json\/wp\/v2\/media?parent=2112"}],"curies":[{"name":"wp","href":"https:\/\/api.w.org\/{rel}","templated":true}]}}