{"id":168,"date":"2021-07-07T10:36:04","date_gmt":"2021-07-07T13:36:04","guid":{"rendered":"https:\/\/pos.uel.br\/letras\/?page_id=168"},"modified":"2025-03-09T23:48:12","modified_gmt":"2025-03-10T02:48:12","slug":"estagio-pos-doutoral","status":"publish","type":"page","link":"https:\/\/pos.uel.br\/letras\/estagio-pos-doutoral\/","title":{"rendered":"Est\u00e1gio p\u00f3s-doutoral"},"content":{"rendered":"\n<p><\/p>\n\n\n\n<p style=\"font-size:15px\">O PPGL, em conson\u00e2ncia com a <a href=\"https:\/\/pos.uel.br\/letras\/wp-content\/uploads\/2025\/03\/Resolucao-CEPE-no-053-2019-Pos-doutoral.pdf\" target=\"_blank\" rel=\"noreferrer noopener\">RESOLU\u00c7\u00c3O CEPE N\u00ba 053\/2019<\/a>, que trata das normas e condi\u00e7\u00f5es para a realiza\u00e7\u00e3o de est\u00e1gio p\u00f3s-doutoral na Universidade Estadual de Londrina, recebe propostas em fluxo cont\u00ednuo. <br>Os interessados podem consultar os supervisores e seus respectivos Lattes&nbsp;<a href=\"https:\/\/pos.uel.br\/letras\/corpo-docente\/\" target=\"_blank\" rel=\"noreferrer noopener\">clicando aqui.<\/a><\/p>\n\n\n\n<p style=\"font-size:15px\"><a href=\"https:\/\/pos.uel.br\/letras\/wp-content\/uploads\/2025\/03\/053-2019-ANEXO-I.docx\" target=\"_blank\" rel=\"noreferrer noopener\">ANEXO I \u2013 Formul\u00e1rio para inscri\u00e7\u00e3o em Est\u00e1gio P\u00f3s-doutoral<\/a><br><a href=\"https:\/\/pos.uel.br\/letras\/wp-content\/uploads\/2025\/03\/053-2019-ANEXO-II.docx\" target=\"_blank\" rel=\"noreferrer noopener\">ANEXO II \u2013 Solicita\u00e7\u00e3o de prorroga\u00e7\u00e3o do Est\u00e1gio P\u00f3s-doutoral<\/a><br><a href=\"https:\/\/pos.uel.br\/letras\/wp-content\/uploads\/2025\/03\/053-2019-ANEXO-III.docx\" target=\"_blank\" rel=\"noreferrer noopener\">ANEXO III \u2013 Formul\u00e1rio de avalia\u00e7\u00e3o do Est\u00e1gio P\u00f3s-doutoral<\/a><br><br><\/p>\n\n\n\n<p><\/p>\n","protected":false},"excerpt":{"rendered":"<p>O PPGL, em conson\u00e2ncia com a RESOLU\u00c7\u00c3O CEPE N\u00ba 053\/2019, que trata das normas e condi\u00e7\u00f5es para a realiza\u00e7\u00e3o de est\u00e1gio p\u00f3s-doutoral na Universidade Estadual de Londrina, recebe propostas em fluxo cont\u00ednuo. Os interessados podem consultar os supervisores e seus respectivos Lattes&nbsp;clicando aqui. ANEXO I \u2013 Formul\u00e1rio para inscri\u00e7\u00e3o em Est\u00e1gio P\u00f3s-doutoralANEXO II \u2013 Solicita\u00e7\u00e3o [&hellip;]<\/p>\n","protected":false},"author":8,"featured_media":0,"parent":0,"menu_order":0,"comment_status":"closed","ping_status":"closed","template":"","meta":{"_acf_changed":false,"footnotes":""},"class_list":["post-168","page","type-page","status-publish","hentry"],"acf":[],"_links":{"self":[{"href":"https:\/\/pos.uel.br\/letras\/wp-json\/wp\/v2\/pages\/168","targetHints":{"allow":["GET"]}}],"collection":[{"href":"https:\/\/pos.uel.br\/letras\/wp-json\/wp\/v2\/pages"}],"about":[{"href":"https:\/\/pos.uel.br\/letras\/wp-json\/wp\/v2\/types\/page"}],"author":[{"embeddable":true,"href":"https:\/\/pos.uel.br\/letras\/wp-json\/wp\/v2\/users\/8"}],"replies":[{"embeddable":true,"href":"https:\/\/pos.uel.br\/letras\/wp-json\/wp\/v2\/comments?post=168"}],"version-history":[{"count":36,"href":"https:\/\/pos.uel.br\/letras\/wp-json\/wp\/v2\/pages\/168\/revisions"}],"predecessor-version":[{"id":9425,"href":"https:\/\/pos.uel.br\/letras\/wp-json\/wp\/v2\/pages\/168\/revisions\/9425"}],"wp:attachment":[{"href":"https:\/\/pos.uel.br\/letras\/wp-json\/wp\/v2\/media?parent=168"}],"curies":[{"name":"wp","href":"https:\/\/api.w.org\/{rel}","templated":true}]}}