{"id":164,"date":"2021-07-07T10:22:37","date_gmt":"2021-07-07T13:22:37","guid":{"rendered":"https:\/\/pos.uel.br\/letras\/?page_id=164"},"modified":"2025-03-08T17:42:49","modified_gmt":"2025-03-08T20:42:49","slug":"estagio-de-docencia","status":"publish","type":"page","link":"https:\/\/pos.uel.br\/letras\/estagio-de-docencia\/","title":{"rendered":"Est\u00e1gio de doc\u00eancia"},"content":{"rendered":"\n<p><\/p>\n\n\n\n<div class=\"wp-block-columns is-layout-flex wp-container-core-columns-is-layout-9d6595d7 wp-block-columns-is-layout-flex\">\n<div class=\"wp-block-column is-layout-flow wp-block-column-is-layout-flow\">\n<p style=\"font-size:15px\">1. O Est\u00e1gio de Doc\u00eancia \u00e9 obrigat\u00f3rio para todos os estudantes regularmente matriculados, bolsistas e n\u00e3o-bolsistas, em n\u00edvel de Mestrado e Doutorado, PPGL.<br>2. As atividades do est\u00e1gio constar\u00e3o de:<br>a) Monitoria;<br>b) Reg\u00eancia entre duas e seis aulas na disciplina em que o est\u00e1gio for realizado, com a supervis\u00e3o do orientador e presen\u00e7a do professor respons\u00e1vel pela disciplina;<br>c) Prepara\u00e7\u00e3o de aulas.<br>3. Para os estudantes bolsistas, o est\u00e1gio dever\u00e1 ser realizado, obrigatoriamente, na Institui\u00e7\u00e3o em que faz o curso, preferencialmente em disciplina ministrada pelo orientador.<br>4. Para os estudantes n\u00e3o-bolsistas, o est\u00e1gio poder\u00e1 ser realizado em outra Institui\u00e7\u00e3o de Ensino Superior, com anu\u00eancia do orientador e da Coordena\u00e7\u00e3o, desde que em disciplina compat\u00edvel com a \u00e1rea de concentra\u00e7\u00e3o do Programa e sob a responsabilidade de um professor doutor.<br>5. O est\u00e1gio de doc\u00eancia dever\u00e1 limitar-se a uma \u00fanica turma, de disciplina anual ou de disciplinas semestrais (desde que em semestres diferentes), com dura\u00e7\u00e3o de, no m\u00e1ximo, um semestre letivo para o Mestrado e at\u00e9 dois para o Doutorado.<br>6. Para todos os casos, a solicita\u00e7\u00e3o do est\u00e1gio deve ser feita antes de sua realiza\u00e7\u00e3o.<br>7. Somente estudantes de Doutorado poder\u00e3o solicitar equival\u00eancia de atividades de doc\u00eancia realizadas ap\u00f3s a obten\u00e7\u00e3o do t\u00edtulo de mestrado.<br><br><strong>OBSERVA\u00c7\u00c3O:\u00a0O ALUNO N\u00c3O PODER\u00c1 SER RESPONS\u00c1VEL POR DISCIPLINA<\/strong><\/p>\n<\/div>\n<\/div>\n\n\n\n<p><br><\/p>\n","protected":false},"excerpt":{"rendered":"<p>1. O Est\u00e1gio de Doc\u00eancia \u00e9 obrigat\u00f3rio para todos os estudantes regularmente matriculados, bolsistas e n\u00e3o-bolsistas, em n\u00edvel de Mestrado e Doutorado, PPGL.2. As atividades do est\u00e1gio constar\u00e3o de:a) Monitoria;b) Reg\u00eancia entre duas e seis aulas na disciplina em que o est\u00e1gio for realizado, com a supervis\u00e3o do orientador e presen\u00e7a do professor respons\u00e1vel pela [&hellip;]<\/p>\n","protected":false},"author":8,"featured_media":0,"parent":0,"menu_order":0,"comment_status":"closed","ping_status":"closed","template":"","meta":{"_acf_changed":false,"footnotes":""},"class_list":["post-164","page","type-page","status-publish","hentry"],"acf":[],"_links":{"self":[{"href":"https:\/\/pos.uel.br\/letras\/wp-json\/wp\/v2\/pages\/164","targetHints":{"allow":["GET"]}}],"collection":[{"href":"https:\/\/pos.uel.br\/letras\/wp-json\/wp\/v2\/pages"}],"about":[{"href":"https:\/\/pos.uel.br\/letras\/wp-json\/wp\/v2\/types\/page"}],"author":[{"embeddable":true,"href":"https:\/\/pos.uel.br\/letras\/wp-json\/wp\/v2\/users\/8"}],"replies":[{"embeddable":true,"href":"https:\/\/pos.uel.br\/letras\/wp-json\/wp\/v2\/comments?post=164"}],"version-history":[{"count":5,"href":"https:\/\/pos.uel.br\/letras\/wp-json\/wp\/v2\/pages\/164\/revisions"}],"predecessor-version":[{"id":9383,"href":"https:\/\/pos.uel.br\/letras\/wp-json\/wp\/v2\/pages\/164\/revisions\/9383"}],"wp:attachment":[{"href":"https:\/\/pos.uel.br\/letras\/wp-json\/wp\/v2\/media?parent=164"}],"curies":[{"name":"wp","href":"https:\/\/api.w.org\/{rel}","templated":true}]}}