{"id":1468,"date":"2021-10-01T10:32:55","date_gmt":"2021-10-01T13:32:55","guid":{"rendered":"https:\/\/pos.uel.br\/letras\/?page_id=1468"},"modified":"2025-03-20T00:16:18","modified_gmt":"2025-03-20T03:16:18","slug":"revistas-do-ppgl","status":"publish","type":"page","link":"https:\/\/pos.uel.br\/letras\/revistas-do-ppgl\/","title":{"rendered":"Revistas do PPGL"},"content":{"rendered":"\n<p><\/p>\n\n\n\n<div class=\"wp-block-columns is-layout-flex wp-container-core-columns-is-layout-9d6595d7 wp-block-columns-is-layout-flex\">\n<div class=\"wp-block-column is-layout-flow wp-block-column-is-layout-flow\">\n<div class=\"wp-block-uel-card\"><div class=\"wp-block-image\">\n<figure class=\"aligncenter size-full is-resized\"><img loading=\"lazy\" decoding=\"async\" width=\"1414\" height=\"2000\" src=\"https:\/\/pos.uel.br\/letras\/wp-content\/uploads\/2024\/07\/terra-1.jpg\" alt=\"\" class=\"wp-image-4996\" style=\"width:219px;height:auto\" srcset=\"https:\/\/pos.uel.br\/letras\/wp-content\/uploads\/2024\/07\/terra-1.jpg 1414w, https:\/\/pos.uel.br\/letras\/wp-content\/uploads\/2024\/07\/terra-1-212x300.jpg 212w, https:\/\/pos.uel.br\/letras\/wp-content\/uploads\/2024\/07\/terra-1-724x1024.jpg 724w, https:\/\/pos.uel.br\/letras\/wp-content\/uploads\/2024\/07\/terra-1-768x1086.jpg 768w, https:\/\/pos.uel.br\/letras\/wp-content\/uploads\/2024\/07\/terra-1-1086x1536.jpg 1086w\" sizes=\"auto, (max-width: 1414px) 100vw, 1414px\" \/><\/figure>\n<\/div>\n\n\n<p style=\"font-size:15px\"><br><a href=\"https:\/\/ojs.uel.br\/revistas\/uel\/index.php\/terraroxa\/.\" data-type=\"URL\" target=\"_blank\" rel=\"noreferrer noopener\">Terra Roxa e Outras Terras<\/a> \u00e9 um peri\u00f3dico do PPGL da Universidade Estadual de Londrina com publica\u00e7\u00e3o semestral em acesso livre. Tem como prop\u00f3sito acolher e divulgar estudos cr\u00edticos, entrevistas e resenhas na \u00e1rea de Estudos Liter\u00e1rios.<br>ISSN: 1678-2054<br>Qualis Capes \u2013 A1 no quadri\u00eanio 2017-2020 na \u00e1rea de Lingu\u00edstica e Literatura<\/p>\n<\/div>\n<\/div>\n\n\n\n<div class=\"wp-block-column is-layout-flow wp-block-column-is-layout-flow\">\n<div class=\"wp-block-uel-card\"><div class=\"wp-block-image\">\n<figure class=\"aligncenter size-large is-resized\"><img loading=\"lazy\" decoding=\"async\" width=\"724\" height=\"1024\" src=\"https:\/\/pos.uel.br\/letras\/wp-content\/uploads\/2024\/07\/EL-1-724x1024.jpg\" alt=\"\" class=\"wp-image-4997\" style=\"width:219px\" srcset=\"https:\/\/pos.uel.br\/letras\/wp-content\/uploads\/2024\/07\/EL-1-724x1024.jpg 724w, https:\/\/pos.uel.br\/letras\/wp-content\/uploads\/2024\/07\/EL-1-212x300.jpg 212w, https:\/\/pos.uel.br\/letras\/wp-content\/uploads\/2024\/07\/EL-1-768x1086.jpg 768w, https:\/\/pos.uel.br\/letras\/wp-content\/uploads\/2024\/07\/EL-1-1086x1536.jpg 1086w, https:\/\/pos.uel.br\/letras\/wp-content\/uploads\/2024\/07\/EL-1.jpg 1414w\" sizes=\"auto, (max-width: 724px) 100vw, 724px\" \/><\/figure>\n<\/div>\n\n\n<p style=\"font-size:15px\"><br><a href=\"https:\/\/www.uel.br\/revistas\/uel\/index.php\/estacaoliteraria\" data-type=\"URL\" data-id=\"https:\/\/www.uel.br\/revistas\/uel\/index.php\/estacaoliteraria\" target=\"_blank\" rel=\"noreferrer noopener\">Esta\u00e7\u00e3o Liter\u00e1ria<\/a> \u00e9 uma publica\u00e7\u00e3o semestral do PPGL da Universidade Estadual de Londrina.<br>Foi criada em 2008, com o objetivo de divulgar trabalhos ligados aos Estudos Liter\u00e1rios e Culturais de pesquisadores brasileiros e estrangeiros.<br>ISSN: 1983-1048<br>Qualis Capes \u2013 A4 no quadri\u00eanio 2017-2020 na \u00e1rea de Lingu\u00edstica e Literatura<\/p>\n<\/div>\n<\/div>\n<\/div>\n\n\n\n<p><\/p>\n\n\n\n<p><\/p>\n\n\n\n<p><\/p>\n","protected":false},"excerpt":{"rendered":"","protected":false},"author":9,"featured_media":0,"parent":0,"menu_order":0,"comment_status":"closed","ping_status":"closed","template":"","meta":{"_acf_changed":false,"footnotes":""},"class_list":["post-1468","page","type-page","status-publish","hentry"],"acf":[],"_links":{"self":[{"href":"https:\/\/pos.uel.br\/letras\/wp-json\/wp\/v2\/pages\/1468","targetHints":{"allow":["GET"]}}],"collection":[{"href":"https:\/\/pos.uel.br\/letras\/wp-json\/wp\/v2\/pages"}],"about":[{"href":"https:\/\/pos.uel.br\/letras\/wp-json\/wp\/v2\/types\/page"}],"author":[{"embeddable":true,"href":"https:\/\/pos.uel.br\/letras\/wp-json\/wp\/v2\/users\/9"}],"replies":[{"embeddable":true,"href":"https:\/\/pos.uel.br\/letras\/wp-json\/wp\/v2\/comments?post=1468"}],"version-history":[{"count":17,"href":"https:\/\/pos.uel.br\/letras\/wp-json\/wp\/v2\/pages\/1468\/revisions"}],"predecessor-version":[{"id":9982,"href":"https:\/\/pos.uel.br\/letras\/wp-json\/wp\/v2\/pages\/1468\/revisions\/9982"}],"wp:attachment":[{"href":"https:\/\/pos.uel.br\/letras\/wp-json\/wp\/v2\/media?parent=1468"}],"curies":[{"name":"wp","href":"https:\/\/api.w.org\/{rel}","templated":true}]}}