{"id":1365,"date":"2021-09-30T12:17:25","date_gmt":"2021-09-30T15:17:25","guid":{"rendered":"https:\/\/pos.uel.br\/letras\/?page_id=1365"},"modified":"2024-08-20T09:03:56","modified_gmt":"2024-08-20T12:03:56","slug":"grupos-de-pesquisa-cnpq","status":"publish","type":"page","link":"https:\/\/pos.uel.br\/letras\/grupos-de-pesquisa-cnpq\/","title":{"rendered":"Grupos de pesquisa (CNPq)"},"content":{"rendered":"\n<p><\/p>\n\n\n\n<p><\/p>\n\n\n\n<blockquote class=\"wp-block-quote is-layout-flow wp-block-quote-is-layout-flow\">\n<p><strong>GRUPOS DE PESQUISA CNPq liderados pelos docentes do PPGL\/UEL<\/strong><\/p>\n<\/blockquote>\n\n\n\n<p class=\"has-text-align-center has-extra-2-color has-text-color\"><br><\/p>\n\n\n\n<h2 class=\"wp-block-heading is-style-highlighted-heading has-secondary-accent-color has-text-color has-link-color has-medium-font-size wp-elements-1097f750e11e29616f205c003ce2d0c5\"><a href=\"http:\/\/dgp.cnpq.br\/dgp\/espelhogrupo\/4832336211137907\" data-type=\"URL\" data-id=\"http:\/\/dgp.cnpq.br\/dgp\/espelhogrupo\/4832336211137907\" target=\"_blank\" rel=\"noreferrer noopener\">Literatura afro-brasileira e sua divulga\u00e7\u00e3o em rede<\/a><\/h2>\n\n\n\n<p class=\"has-extra-2-color has-text-color\">L\u00edder: Prof\u00aa Dr\u00aa Maria Carolina de Godoy<\/p>\n\n\n\n<h2 class=\"wp-block-heading is-style-highlighted-heading has-secondary-accent-color has-text-color has-link-color has-medium-font-size wp-elements-d94f5ac56f973fcc6c860cf278be22a2\"><a href=\"http:\/\/dgp.cnpq.br\/dgp\/espelhogrupo\/7582439760770140\" data-type=\"URL\" data-id=\"http:\/\/dgp.cnpq.br\/dgp\/espelhogrupo\/7582439760770140\" target=\"_blank\" rel=\"noreferrer noopener\">Experi\u00eancias entre Literatura, Cinema e suas materialidades<\/a><\/h2>\n\n\n\n<p class=\"has-extra-2-color has-text-color\">L\u00edder: Prof\u00aa Dr\u00aa Barbara Cristina Marques<\/p>\n\n\n\n<h2 class=\"wp-block-heading is-style-highlighted-heading has-secondary-accent-color has-text-color has-link-color has-medium-font-size wp-elements-f35920335600f12f25d239d63cd12bc1\"><a href=\"http:\/\/dgp.cnpq.br\/dgp\/espelhogrupo\/8633493061670158\" data-type=\"URL\" data-id=\"http:\/\/dgp.cnpq.br\/dgp\/espelhogrupo\/8633493061670158\" target=\"_blank\" rel=\"noreferrer noopener\">Cartografia de Po\u00e9ticas Orais do Brasil<\/a><\/h2>\n\n\n\n<p class=\"has-extra-2-color has-text-color\">L\u00edder(es): Prof. Dr. Frederico Garcia Fernandes e Prof. Dr. Alexandre Ranieri Ferreira (UEM)<\/p>\n\n\n\n<h2 class=\"wp-block-heading is-style-highlighted-heading has-secondary-accent-color has-text-color has-link-color has-medium-font-size wp-elements-127316c423b125e89982ff0e9c6aed02\"><a href=\"http:\/\/dgp.cnpq.br\/dgp\/espelhogrupo\/4423270050910689\" data-type=\"URL\" data-id=\"http:\/\/dgp.cnpq.br\/dgp\/espelhogrupo\/4423270050910689\" target=\"_blank\" rel=\"noreferrer noopener\">Representa\u00e7\u00f5es da morte na literatura e nas artes<\/a><\/h2>\n\n\n\n<p class=\"has-extra-2-color has-text-color\">L\u00edder: Prof. Dr. Alamir Aquino Corr\u00eaa<\/p>\n\n\n\n<div class=\"wp-block-group\"><div class=\"wp-block-group__inner-container is-layout-flow wp-block-group-is-layout-flow\">\n<h2 class=\"wp-block-heading is-style-highlighted-heading has-secondary-accent-color has-text-color has-link-color has-medium-font-size wp-elements-008c748622f2e72c1328e71c116e5638\"><a href=\"http:\/\/dgp.cnpq.br\/dgp\/espelhogrupo\/3579532459353780\" data-type=\"URL\" data-id=\"http:\/\/dgp.cnpq.br\/dgp\/espelhogrupo\/3579532459353780\" target=\"_blank\" rel=\"noreferrer noopener\">Representa\u00e7\u00f5es do urbano na narrativa brasileira no s\u00e9culo XX<\/a><\/h2>\n\n\n\n<p class=\"has-extra-2-color has-text-color\">L\u00edder: Prof\u00aa Dr\u00aa Regina C\u00e9lia dos Santos Alves<\/p>\n<\/div><\/div>\n\n\n\n<h2 class=\"wp-block-heading is-style-highlighted-heading has-secondary-accent-color has-text-color has-link-color has-medium-font-size wp-elements-e9a95223b4ac573983cc6ffeac033c7c\"><a href=\"http:\/\/dgp.cnpq.br\/dgp\/espelhogrupo\/7250170430280951\" data-type=\"URL\" data-id=\"http:\/\/dgp.cnpq.br\/dgp\/espelhogrupo\/7250170430280951\" target=\"_blank\" rel=\"noreferrer noopener\">Di\u00e1logos art\u00edsticos e liter\u00e1rios entre Brasil, Fran\u00e7a e pa\u00edses de express\u00e3o francesa<\/a><\/h2>\n\n\n\n<p class=\"has-extra-2-color has-text-color\">L\u00edder: Prof\u00aa Dr\u00aa Laura Taddei Brandini<\/p>\n\n\n\n<h2 class=\"wp-block-heading is-style-highlighted-heading has-secondary-accent-color has-text-color has-link-color has-medium-font-size wp-elements-686fdff37503f4a22f5708533494f565\"><a href=\"http:\/\/dgp.cnpq.br\/dgp\/espelhogrupo\/2283280282012662\" data-type=\"URL\" data-id=\"http:\/\/dgp.cnpq.br\/dgp\/espelhogrupo\/2283280282012662\" target=\"_blank\" rel=\"noreferrer noopener\">Cen\u00e1culo: fluxos e afluxos da Gera\u00e7\u00e3o de 70<\/a><\/h2>\n\n\n\n<p class=\"has-extra-2-color has-text-color\">L\u00edder: Prof. Dr. Silvio C\u00e9sar dos Santos Alves<\/p>\n\n\n\n<h2 class=\"wp-block-heading is-style-highlighted-heading has-secondary-accent-color has-text-color has-link-color has-medium-font-size wp-elements-cc4e6717cfd30446fcc75f8f626dd27b\"><a href=\"http:\/\/dgp.cnpq.br\/dgp\/espelhogrupo\/4304004342735805\" data-type=\"URL\" data-id=\"http:\/\/dgp.cnpq.br\/dgp\/espelhogrupo\/4304004342735805\" target=\"_blank\" rel=\"noreferrer noopener\">Poesia brasileira moderna e contempor\u00e2nea<\/a><\/h2>\n\n\n\n<p class=\"has-extra-2-color has-text-color\">L\u00edder: Prof. Dr. Miguel Heitor Braga Vieira<\/p>\n\n\n\n<h2 class=\"wp-block-heading is-style-highlighted-heading has-secondary-accent-color has-text-color has-link-color has-medium-font-size wp-elements-4fca76ab7bbbfaaad6322dcafb65ac40\"><a rel=\"noreferrer noopener\" href=\"http:\/\/dgp.cnpq.br\/dgp\/espelhogrupo\/42816\" data-type=\"URL\" data-id=\"http:\/\/dgp.cnpq.br\/dgp\/espelhogrupo\/42816\" target=\"_blank\">Legado intelectual e produ\u00e7\u00e3o liter\u00e1ria de autoria feminina na Am\u00e9rica Latina<\/a><\/h2>\n\n\n\n<p class=\"has-extra-2-color has-text-color\">L\u00edder(es): Prof\u00aa Dr\u00aa Suely Leite e Prof\u00aa Dr\u00aa Jacicarla Souza da Silva (UEL)<\/p>\n","protected":false},"excerpt":{"rendered":"<p>GRUPOS DE PESQUISA CNPq liderados pelos docentes do PPGL\/UEL Literatura afro-brasileira e sua divulga\u00e7\u00e3o em rede L\u00edder: Prof\u00aa Dr\u00aa Maria Carolina de Godoy Experi\u00eancias entre Literatura, Cinema e suas materialidades L\u00edder: Prof\u00aa Dr\u00aa Barbara Cristina Marques Cartografia de Po\u00e9ticas Orais do Brasil L\u00edder(es): Prof. Dr. Frederico Garcia Fernandes e Prof. Dr. Alexandre Ranieri Ferreira (UEM) [&hellip;]<\/p>\n","protected":false},"author":9,"featured_media":0,"parent":0,"menu_order":0,"comment_status":"closed","ping_status":"closed","template":"","meta":{"_acf_changed":false,"footnotes":""},"class_list":["post-1365","page","type-page","status-publish","hentry"],"acf":[],"_links":{"self":[{"href":"https:\/\/pos.uel.br\/letras\/wp-json\/wp\/v2\/pages\/1365","targetHints":{"allow":["GET"]}}],"collection":[{"href":"https:\/\/pos.uel.br\/letras\/wp-json\/wp\/v2\/pages"}],"about":[{"href":"https:\/\/pos.uel.br\/letras\/wp-json\/wp\/v2\/types\/page"}],"author":[{"embeddable":true,"href":"https:\/\/pos.uel.br\/letras\/wp-json\/wp\/v2\/users\/9"}],"replies":[{"embeddable":true,"href":"https:\/\/pos.uel.br\/letras\/wp-json\/wp\/v2\/comments?post=1365"}],"version-history":[{"count":45,"href":"https:\/\/pos.uel.br\/letras\/wp-json\/wp\/v2\/pages\/1365\/revisions"}],"predecessor-version":[{"id":5569,"href":"https:\/\/pos.uel.br\/letras\/wp-json\/wp\/v2\/pages\/1365\/revisions\/5569"}],"wp:attachment":[{"href":"https:\/\/pos.uel.br\/letras\/wp-json\/wp\/v2\/media?parent=1365"}],"curies":[{"name":"wp","href":"https:\/\/api.w.org\/{rel}","templated":true}]}}