{"id":122,"date":"2021-07-06T15:32:37","date_gmt":"2021-07-06T18:32:37","guid":{"rendered":"https:\/\/pos.uel.br\/letras\/?page_id=122"},"modified":"2025-03-19T23:30:52","modified_gmt":"2025-03-20T02:30:52","slug":"selecao-2023-2","status":"publish","type":"page","link":"https:\/\/pos.uel.br\/letras\/selecao-2023-2\/","title":{"rendered":"Sele\u00e7\u00e3o 2023\/2"},"content":{"rendered":"\n<div class=\"wp-block-columns is-layout-flex wp-container-core-columns-is-layout-9d6595d7 wp-block-columns-is-layout-flex\">\n<div class=\"wp-block-column is-layout-flow wp-block-column-is-layout-flow\" style=\"flex-basis:66.66%\">\n<p style=\"font-size:15px\"><br><a href=\"https:\/\/pos.uel.br\/letras\/wp-content\/uploads\/2023\/03\/Edital-10-2023-processo-seletivo-final-revisado.pdf\" target=\"_blank\" rel=\"noreferrer noopener\">EDITAL N\u00ba 10\/2023<\/a> \u2013 Sele\u00e7\u00e3o Mestrado e Doutorado <br><a href=\"https:\/\/pos.uel.br\/letras\/wp-content\/uploads\/2023\/03\/Modelo_pre_projeto-2023-2.pdf\" target=\"_blank\" rel=\"noreferrer noopener\">MODELO DE PR\u00c9-PROJETO DE PESQUISA<\/a><br><a href=\"https:\/\/www.sistemasweb.uel.br\/index.php?contents=system\/insc\/index.php&amp;pagina=view\/inscricoes\/seleciona_evento.php&amp;cod_evento=8177\" target=\"_blank\" rel=\"noreferrer noopener\">REQUERIMENTO DE ISEN\u00c7\u00c3O CA\u00daNICO<\/a><br><a href=\"https:\/\/pos.uel.br\/letras\/wp-content\/uploads\/2023\/04\/Edital-resultado-Cadunico-2023.pdf\" target=\"_blank\" rel=\"noreferrer noopener\">EDITAL N\u00ba 11\/2023<\/a> \u2013 Resultado CAD\u00daNICO<br><a href=\"https:\/\/pos.uel.br\/letras\/wp-content\/uploads\/2023\/05\/017-Resultado-Cotas.pdf\" target=\"_blank\" rel=\"noreferrer noopener\">RESULTADO DAS COTAS<\/a><br><a href=\"https:\/\/pos.uel.br\/letras\/wp-content\/uploads\/2023\/06\/Edital-15-2023-homologacao-das-inscricoes.pdf\" target=\"_blank\" rel=\"noreferrer noopener\">EDITAL N\u00ba 15\/2023<\/a> \u2013 Inscri\u00e7\u00f5es homologadas<br><a href=\"https:\/\/pos.uel.br\/letras\/wp-content\/uploads\/2023\/06\/Edital16_2023_Resultado_FaseI.pdf\" target=\"_blank\" rel=\"noreferrer noopener\">EDITAL N\u00ba 16\/2023<\/a> \u2013 Resultado Fase I<br><a href=\"https:\/\/pos.uel.br\/letras\/wp-content\/uploads\/2023\/06\/Edital-017-2023-Fase-II.pdf\" target=\"_blank\" rel=\"noreferrer noopener\">EDITAL N\u00ba 17\/2023<\/a> \u2013 Resultado Fase II <br><a href=\"https:\/\/pos.uel.br\/letras\/wp-content\/uploads\/2023\/06\/Edital-de-recurso-Fase-I.pdf\" target=\"_blank\" rel=\"noreferrer noopener\">EDITAL N\u00ba 18\/2023<\/a> \u2013 Resultado recurso Fase I<br><a href=\"https:\/\/pos.uel.br\/letras\/wp-content\/uploads\/2023\/06\/Edital-de-entrevistas-para-2023-2.pdf\" target=\"_blank\" rel=\"noreferrer noopener\">EDITAL N\u00ba 19\/2023<\/a> \u2013 Cronograma entrevistas Fase III<br><a href=\"https:\/\/pos.uel.br\/letras\/wp-content\/uploads\/2023\/06\/Edital-resultado-fase-III-selecao-para-2023-2.pdf\">EDITAL N\u00ba 20\/2023<\/a> \u2013 Resultado Fase III<a href=\"https:\/\/pos.uel.br\/letras\/wp-content\/uploads\/2023\/06\/Edital-resultado-fase-III-selecao-para-2023-2.pdf\"><br><\/a><a href=\"https:\/\/pos.uel.br\/letras\/wp-content\/uploads\/2023\/07\/Edital-22_2023_Resultado-Final_convocac\u0327a\u0303o-matri\u0301cula_DOUTORADO-2.pdf\" target=\"_blank\" rel=\"noreferrer noopener\">EDITAL N\u00ba 22\/2023<\/a> \u2013 Resultado final e Convoca\u00e7\u00e3o para matr\u00edcula DOUTORADO<br><a href=\"https:\/\/pos.uel.br\/letras\/wp-content\/uploads\/2023\/07\/Edital-23_2023_Resultado-Final_convocac\u0327a\u0303o-matri\u0301cula_MESTRADO-2.pdf\" target=\"_blank\" rel=\"noreferrer noopener\">EDITAL N\u00ba 23\/2023<\/a> \u2013 Resultado final e Convoca\u00e7\u00e3o para matr\u00edcula MESTRADO<\/p>\n<\/div>\n\n\n\n<div class=\"wp-block-column is-layout-flow wp-block-column-is-layout-flow\" style=\"flex-basis:33.33%\"><\/div>\n<\/div>\n\n\n\n<p style=\"font-size:15px\"><strong>EDITAIS PARA ESTUDANTE ESPECIAL<\/strong><\/p>\n\n\n\n<p style=\"font-size:15px\"><a href=\"https:\/\/pos.uel.br\/letras\/wp-content\/uploads\/2023\/07\/Edital_21_2023-Oferta-Estudante-Especial-PPGL-2023_2.pdf\" target=\"_blank\" rel=\"noreferrer noopener\">EDITAL N\u00ba 21\/2023<\/a>&nbsp;\u2013 Sele\u00e7\u00e3o Estudante Especial<br><a href=\"https:\/\/pos.uel.br\/letras\/wp-content\/uploads\/2023\/07\/2-Edital-27-2023-Resultado-Estudante-Especial-PPGL-2023-2.pdf\" target=\"_blank\" rel=\"noreferrer noopener\">EDITAL N\u00ba 27\/2023<\/a>&nbsp;\u2013 Resultado e Convoca\u00e7\u00e3o para matr\u00edcula<\/p>\n\n\n\n<p><br><\/p>\n","protected":false},"excerpt":{"rendered":"<p>EDITAL N\u00ba 10\/2023 \u2013 Sele\u00e7\u00e3o Mestrado e Doutorado MODELO DE PR\u00c9-PROJETO DE PESQUISAREQUERIMENTO DE ISEN\u00c7\u00c3O CA\u00daNICOEDITAL N\u00ba 11\/2023 \u2013 Resultado CAD\u00daNICORESULTADO DAS COTASEDITAL N\u00ba 15\/2023 \u2013 Inscri\u00e7\u00f5es homologadasEDITAL N\u00ba 16\/2023 \u2013 Resultado Fase IEDITAL N\u00ba 17\/2023 \u2013 Resultado Fase II EDITAL N\u00ba 18\/2023 \u2013 Resultado recurso Fase IEDITAL N\u00ba 19\/2023 \u2013 Cronograma entrevistas Fase IIIEDITAL [&hellip;]<\/p>\n","protected":false},"author":9,"featured_media":0,"parent":0,"menu_order":0,"comment_status":"closed","ping_status":"closed","template":"","meta":{"_acf_changed":false,"footnotes":""},"class_list":["post-122","page","type-page","status-publish","hentry"],"acf":[],"_links":{"self":[{"href":"https:\/\/pos.uel.br\/letras\/wp-json\/wp\/v2\/pages\/122","targetHints":{"allow":["GET"]}}],"collection":[{"href":"https:\/\/pos.uel.br\/letras\/wp-json\/wp\/v2\/pages"}],"about":[{"href":"https:\/\/pos.uel.br\/letras\/wp-json\/wp\/v2\/types\/page"}],"author":[{"embeddable":true,"href":"https:\/\/pos.uel.br\/letras\/wp-json\/wp\/v2\/users\/9"}],"replies":[{"embeddable":true,"href":"https:\/\/pos.uel.br\/letras\/wp-json\/wp\/v2\/comments?post=122"}],"version-history":[{"count":61,"href":"https:\/\/pos.uel.br\/letras\/wp-json\/wp\/v2\/pages\/122\/revisions"}],"predecessor-version":[{"id":9956,"href":"https:\/\/pos.uel.br\/letras\/wp-json\/wp\/v2\/pages\/122\/revisions\/9956"}],"wp:attachment":[{"href":"https:\/\/pos.uel.br\/letras\/wp-json\/wp\/v2\/media?parent=122"}],"curies":[{"name":"wp","href":"https:\/\/api.w.org\/{rel}","templated":true}]}}