{"id":120,"date":"2021-07-06T15:30:53","date_gmt":"2021-07-06T18:30:53","guid":{"rendered":"https:\/\/pos.uel.br\/letras\/?page_id=120"},"modified":"2025-03-19T23:31:09","modified_gmt":"2025-03-20T02:31:09","slug":"selecao-2023-1","status":"publish","type":"page","link":"https:\/\/pos.uel.br\/letras\/selecao-2023-1\/","title":{"rendered":"Sele\u00e7\u00e3o 2023\/1"},"content":{"rendered":"\n<div class=\"wp-block-columns is-layout-flex wp-container-core-columns-is-layout-9d6595d7 wp-block-columns-is-layout-flex\">\n<div class=\"wp-block-column is-layout-flow wp-block-column-is-layout-flow\" style=\"flex-basis:66.66%\">\n<p style=\"font-size:15px\"><a href=\"https:\/\/pos.uel.br\/letras\/wp-content\/uploads\/2022\/09\/Edital-25-2022-processo-seletivo-correto.pdf\" target=\"_blank\" rel=\"noreferrer noopener\">EDITAL N\u00ba 25\/2022<\/a> \u2013 Sele\u00e7\u00e3o de Mestrado e Doutorado <br><a href=\"https:\/\/pos.uel.br\/letras\/wp-content\/uploads\/2022\/09\/Modelo_pre_projeto-site-atualizado.pdf\" target=\"_blank\" rel=\"noreferrer noopener\">MODELO DE PR\u00c9-PROJETO DE PESQUISA<\/a><br><a href=\"https:\/\/www.sistemasweb.uel.br\/index.php?contents=system\/insc\/index.php&amp;pagina=view\/inscricoes\/seleciona_evento.php&amp;cod_evento=7665\" target=\"_blank\" rel=\"noreferrer noopener\">REQUERIMENTO DE ISEN\u00c7\u00c3O CA\u00daNICO<\/a><br><a href=\"https:\/\/pos.uel.br\/letras\/wp-content\/uploads\/2022\/09\/Edital-chamada-proficiencia-2022-2.pdf\" target=\"_blank\" rel=\"noreferrer noopener\">EDITAL N\u00ba 26\/2022<\/a> \u2013 Profici\u00eancia em L\u00edngua estrangeira<br><a href=\"https:\/\/pos.uel.br\/letras\/wp-content\/uploads\/2022\/09\/Edital-27-2022-Recurso-Isenc\u0327a\u0303o-1.pdf\" target=\"_blank\" rel=\"noreferrer noopener\">EDITAL N\u00ba 27\/2022<\/a> \u2013 Resultado CA\u00daNICO<br><a href=\"https:\/\/pos.uel.br\/letras\/wp-content\/uploads\/2022\/11\/188-RESULTADO-ACOES-AFIRMATIVAS-COTAS.pdf\" target=\"_blank\" rel=\"noreferrer noopener\">RESULTADO DAS COTAS<\/a><br><a href=\"https:\/\/pos.uel.br\/letras\/wp-content\/uploads\/2022\/12\/edital-33-2022-inscricoes-homologadas-selecao.pdf\" target=\"_blank\" rel=\"noreferrer noopener\">EDITAL N\u00ba 33\/2022<\/a> \u2013 Inscri\u00e7\u00f5es homologadas<br><a href=\"https:\/\/pos.uel.br\/letras\/wp-content\/uploads\/2022\/12\/Edital-34_2022_Aprovados-Fase-I.pdf\" target=\"_blank\" rel=\"noreferrer noopener\">EDITAL N\u00ba 34\/2022<\/a> \u2013 Resultado Fase I<br><a href=\"https:\/\/pos.uel.br\/letras\/wp-content\/uploads\/2022\/12\/Edital-35_2022_Aprovados-Fase-II.pdf\" target=\"_blank\" rel=\"noreferrer noopener\">EDITAL N\u00ba 35\/2022<\/a> \u2013 Resultado Fase II<br><a href=\"https:\/\/pos.uel.br\/letras\/wp-content\/uploads\/2022\/12\/Edital-36_2022_Cronograma-entrevistas.pdf\" target=\"_blank\" rel=\"noreferrer noopener\">EDITAL N\u00ba 36\/2022<\/a> \u2013 Entrevistas Fase III<br><a href=\"https:\/\/pos.uel.br\/letras\/wp-content\/uploads\/2022\/12\/Edital-37_2022_Resultado-Entrevistas.pdf\" target=\"_blank\" rel=\"noreferrer noopener\">EDITAL N\u00ba 37\/2022<\/a> \u2013 Resultado Fase III<br><a href=\"https:\/\/pos.uel.br\/letras\/wp-content\/uploads\/2023\/01\/8-Edital-02_2023_Resultado-Final_convocacao-matricula_DOUTORADO-1.pdf\" data-type=\"attachment\" data-id=\"2929\" target=\"_blank\" rel=\"noreferrer noopener\">EDITAL N\u00ba 02\/2023<\/a> \u2013 Matr\u00edcula Doutorado<br><a href=\"https:\/\/pos.uel.br\/letras\/wp-content\/uploads\/2023\/01\/9-Edital-03_2023_Resultado-Final_convocacao-matricula_MESTRADO.pdf\" data-type=\"attachment\" data-id=\"2924\" target=\"_blank\" rel=\"noreferrer noopener\">EDITAL N\u00ba 03\/2023<\/a> \u2013 Matr\u00edcula Mestrado<\/p>\n\n\n\n<p style=\"font-size:15px\"><br><strong>EDITAIS PARA ESTUDANTE ESPECIAL<\/strong><\/p>\n\n\n\n<p style=\"font-size:15px\"><a href=\"https:\/\/pos.uel.br\/letras\/wp-content\/uploads\/2023\/01\/1-Edital_01_2023-Oferta-Estudante-Especial-PPGL-2023_1.pdf\" target=\"_blank\" rel=\"noreferrer noopener\">EDITAL N\u00ba 01\/2023<\/a> \u2013 Sele\u00e7\u00e3o Estudante Especial<br><a href=\"https:\/\/pos.uel.br\/letras\/wp-content\/uploads\/2023\/02\/2-Edital-Resultado-Estudante-Especial-PPGL-2023-1.pdf\" target=\"_blank\" rel=\"noreferrer noopener\">EDITAL N\u00ba 06\/2023 <\/a>\u2013 Resultado e Convoca\u00e7\u00e3o para a matr\u00edcula<\/p>\n<\/div>\n<\/div>\n","protected":false},"excerpt":{"rendered":"<p>EDITAL N\u00ba 25\/2022 \u2013 Sele\u00e7\u00e3o de Mestrado e Doutorado MODELO DE PR\u00c9-PROJETO DE PESQUISAREQUERIMENTO DE ISEN\u00c7\u00c3O CA\u00daNICOEDITAL N\u00ba 26\/2022 \u2013 Profici\u00eancia em L\u00edngua estrangeiraEDITAL N\u00ba 27\/2022 \u2013 Resultado CA\u00daNICORESULTADO DAS COTASEDITAL N\u00ba 33\/2022 \u2013 Inscri\u00e7\u00f5es homologadasEDITAL N\u00ba 34\/2022 \u2013 Resultado Fase IEDITAL N\u00ba 35\/2022 \u2013 Resultado Fase IIEDITAL N\u00ba 36\/2022 \u2013 Entrevistas Fase IIIEDITAL N\u00ba [&hellip;]<\/p>\n","protected":false},"author":9,"featured_media":0,"parent":0,"menu_order":0,"comment_status":"closed","ping_status":"closed","template":"","meta":{"_acf_changed":false,"footnotes":""},"class_list":["post-120","page","type-page","status-publish","hentry"],"acf":[],"_links":{"self":[{"href":"https:\/\/pos.uel.br\/letras\/wp-json\/wp\/v2\/pages\/120","targetHints":{"allow":["GET"]}}],"collection":[{"href":"https:\/\/pos.uel.br\/letras\/wp-json\/wp\/v2\/pages"}],"about":[{"href":"https:\/\/pos.uel.br\/letras\/wp-json\/wp\/v2\/types\/page"}],"author":[{"embeddable":true,"href":"https:\/\/pos.uel.br\/letras\/wp-json\/wp\/v2\/users\/9"}],"replies":[{"embeddable":true,"href":"https:\/\/pos.uel.br\/letras\/wp-json\/wp\/v2\/comments?post=120"}],"version-history":[{"count":68,"href":"https:\/\/pos.uel.br\/letras\/wp-json\/wp\/v2\/pages\/120\/revisions"}],"predecessor-version":[{"id":9957,"href":"https:\/\/pos.uel.br\/letras\/wp-json\/wp\/v2\/pages\/120\/revisions\/9957"}],"wp:attachment":[{"href":"https:\/\/pos.uel.br\/letras\/wp-json\/wp\/v2\/media?parent=120"}],"curies":[{"name":"wp","href":"https:\/\/api.w.org\/{rel}","templated":true}]}}