{"id":654,"date":"2025-07-10T11:12:58","date_gmt":"2025-07-10T14:12:58","guid":{"rendered":"https:\/\/pos.uel.br\/industrial\/?page_id=654"},"modified":"2025-07-10T11:30:09","modified_gmt":"2025-07-10T14:30:09","slug":"localizacao","status":"publish","type":"page","link":"https:\/\/pos.uel.br\/industrial\/localizacao\/","title":{"rendered":"Localiza\u00e7\u00e3o"},"content":{"rendered":"\n<p>Secretaria de P\u00f3s-Gradua\u00e7\u00e3o Lato Sensu no CESA \u2013 Centro de Estudos Sociais Aplicados:<\/p>\n\n\n\n<iframe src=\"https:\/\/www.google.com\/maps\/embed?pb=!1m18!1m12!1m3!1d3458.5789065250806!2d-51.20724272483404!3d-23.326335952999546!2m3!1f0!2f0!3f0!3m2!1i1024!2i768!4f13.1!3m3!1m2!1s0x94eb5c9e6edb06cb%3A0xad650f515f9a4cd2!2sCESA%20-%20Centro%20de%20Estudos%20Sociais%20Aplicados!5e1!3m2!1spt-BR!2sbr!4v1752157719869!5m2!1spt-BR!2sbr\" width=\"1200\" height=\"600\" style=\"border:0;\" allowfullscreen=\"\" loading=\"lazy\" referrerpolicy=\"no-referrer-when-downgrade\"><\/iframe>\n","protected":false},"excerpt":{"rendered":"<p>Secretaria de P\u00f3s-Gradua\u00e7\u00e3o Lato Sensu no CESA \u2013 Centro de Estudos Sociais Aplicados:<\/p>\n","protected":false},"author":9,"featured_media":0,"parent":0,"menu_order":0,"comment_status":"closed","ping_status":"closed","template":"","meta":{"_acf_changed":false,"_themeisle_gutenberg_block_has_review":false,"footnotes":""},"class_list":["post-654","page","type-page","status-publish","hentry"],"acf":[],"_links":{"self":[{"href":"https:\/\/pos.uel.br\/industrial\/wp-json\/wp\/v2\/pages\/654","targetHints":{"allow":["GET"]}}],"collection":[{"href":"https:\/\/pos.uel.br\/industrial\/wp-json\/wp\/v2\/pages"}],"about":[{"href":"https:\/\/pos.uel.br\/industrial\/wp-json\/wp\/v2\/types\/page"}],"author":[{"embeddable":true,"href":"https:\/\/pos.uel.br\/industrial\/wp-json\/wp\/v2\/users\/9"}],"replies":[{"embeddable":true,"href":"https:\/\/pos.uel.br\/industrial\/wp-json\/wp\/v2\/comments?post=654"}],"version-history":[{"count":3,"href":"https:\/\/pos.uel.br\/industrial\/wp-json\/wp\/v2\/pages\/654\/revisions"}],"predecessor-version":[{"id":670,"href":"https:\/\/pos.uel.br\/industrial\/wp-json\/wp\/v2\/pages\/654\/revisions\/670"}],"wp:attachment":[{"href":"https:\/\/pos.uel.br\/industrial\/wp-json\/wp\/v2\/media?parent=654"}],"curies":[{"name":"wp","href":"https:\/\/api.w.org\/{rel}","templated":true}]}}