{"id":637,"date":"2025-07-10T10:05:46","date_gmt":"2025-07-10T13:05:46","guid":{"rendered":"https:\/\/pos.uel.br\/industrial\/?page_id=637"},"modified":"2025-10-02T15:32:01","modified_gmt":"2025-10-02T18:32:01","slug":"sobre-o-curso","status":"publish","type":"page","link":"https:\/\/pos.uel.br\/industrial\/sobre-o-curso\/","title":{"rendered":"Sobre o curso"},"content":{"rendered":"\n<p class=\"has-primary-accent-color has-text-color has-link-color wp-elements-af84d4d43b2572d127b4e79417a40381\"><strong>OBJETIVOS<\/strong><\/p>\n\n\n\n<p>\u2013 Capacitar o participante a desenvolver suas compet\u00eancias na gest\u00e3o da ind\u00fastria e dos neg\u00f3cios.<\/p>\n\n\n\n<p>\u2013 Aplicar as novas metodologias de ferramentas da ind\u00fastria 4.0.<\/p>\n\n\n\n<p>\u2013 Compreender as novas formas de se desenvolver neg\u00f3cios no contexto de novas tecnologias de informa\u00e7\u00e3o e processamento em um ambiente em transforma\u00e7\u00e3o.<\/p>\n\n\n\n<p>\u2013 Oferecer \u00e0s empresas da regi\u00e3o a forma\u00e7\u00e3o atualizada para seus colaboradores.<\/p>\n\n\n\n<p>\u2013 Construir base para o desenvolvimento da massa cr\u00edtica profissional no contexto de neg\u00f3cios.<\/p>\n\n\n\n<hr class=\"wp-block-separator has-alpha-channel-opacity is-style-wide\" \/>\n\n\n\n<p class=\"has-primary-accent-color has-text-color has-link-color wp-elements-f659a05abe45c6874286a1b5100f7698\"><strong>P\u00daBLICO ALVO<\/strong><\/p>\n\n\n\n<p>Poder\u00e3o candidatar-se ao Curso graduados ou graduandos, gestores, empreendedores e profissionais atuantes no setor de&nbsp;ind\u00fastrias e neg\u00f3cios, desde que comprovem a conclus\u00e3o da gradua\u00e7\u00e3o at\u00e9 a matr\u00edcula.<\/p>\n\n\n\n<hr class=\"wp-block-separator has-alpha-channel-opacity is-style-wide\" \/>\n\n\n\n<p class=\"has-primary-accent-color has-text-color has-link-color wp-elements-8a5d50c40a3f9ef95e96ecd795253bd0\"><strong>N\u00daMERO DE VAGAS<\/strong><\/p>\n\n\n\n<p>M\u00ednimo: 30 (trinta)<br>M\u00e1ximo: 40 (quarenta)<\/p>\n\n\n\n<hr class=\"wp-block-separator has-alpha-channel-opacity is-style-wide\" \/>\n\n\n\n<p class=\"has-primary-accent-color has-text-color has-link-color wp-elements-6848bac0283c7d3a57065ed731b47198\"><strong>INVESTIMENTO<\/strong><\/p>\n\n\n\n<p>15 parcelas de R$ 390,00 (a primeira parcela, no ato da matr\u00edcula)&nbsp;<\/p>\n\n\n\n<hr class=\"wp-block-separator has-alpha-channel-opacity is-style-wide\" \/>\n\n\n\n<p class=\"has-primary-accent-color has-text-color has-link-color wp-elements-286bb88d9cb9de9a94be3bd86454892b\"><strong>IN\u00cdCIO E T\u00c9RMINO DAS AULAS | CURSO<\/strong><\/p>\n\n\n\n<p>In\u00edcio das aulas: 21\/03\/2026<\/p>\n\n\n\n<p>T\u00e9rmino: dezembro de 2026<\/p>\n\n\n\n<p>As aulas s\u00e3o ministradas \u00e0s sextas-feiras \u00e0 noite e aos s\u00e1bados de manh\u00e3 e \u00e0 tarde, podendo ocorrer aulas em semanas alternadas ou em semanas sequenciais. Totalizando 24 (vinte e quatro) finais de semana com aula.<\/p>\n\n\n\n<hr class=\"wp-block-separator has-alpha-channel-opacity is-style-wide\" \/>\n\n\n\n<h5 class=\"wp-block-heading has-primary-accent-color has-text-color has-link-color wp-elements-cec12c0234445921f0ee3442a045a44d\">Turma com in\u00edcio em 2026<\/h5>\n\n\n\n<p>Presencial.<\/p>\n\n\n\n<hr class=\"wp-block-separator has-alpha-channel-opacity is-style-wide\" \/>\n\n\n\n<h5 class=\"wp-block-heading has-primary-accent-color has-text-color has-link-color wp-elements-26153a125e06ad00c06ba48520887ce6\">Inscri\u00e7\u00f5es online<\/h5>\n\n\n\n<p>Realize o upload da documenta\u00e7\u00e3o somente via sistema de Inscri\u00e7\u00e3o online \u2013 Acesse o Edital de Oferta no menu INSCRI\u00c7\u00d5ES.<\/p>\n\n\n\n<hr class=\"wp-block-separator has-alpha-channel-opacity is-style-wide\" \/>\n\n\n\n<div class=\"wp-block-columns is-layout-flex wp-container-core-columns-is-layout-9d6595d7 wp-block-columns-is-layout-flex\">\n<div class=\"wp-block-column is-layout-flow wp-block-column-is-layout-flow\"><\/div>\n<\/div>\n\n\n\n<p><\/p>\n","protected":false},"excerpt":{"rendered":"<p>OBJETIVOS \u2013 Capacitar o participante a desenvolver suas compet\u00eancias na gest\u00e3o da ind\u00fastria e dos neg\u00f3cios. \u2013 Aplicar as novas metodologias de ferramentas da ind\u00fastria 4.0. \u2013 Compreender as novas formas de se desenvolver neg\u00f3cios no contexto de novas tecnologias de informa\u00e7\u00e3o e processamento em um ambiente em transforma\u00e7\u00e3o. \u2013 Oferecer \u00e0s empresas da regi\u00e3o [&hellip;]<\/p>\n","protected":false},"author":9,"featured_media":0,"parent":0,"menu_order":0,"comment_status":"closed","ping_status":"closed","template":"","meta":{"_acf_changed":false,"_themeisle_gutenberg_block_has_review":false,"footnotes":""},"class_list":["post-637","page","type-page","status-publish","hentry"],"acf":[],"_links":{"self":[{"href":"https:\/\/pos.uel.br\/industrial\/wp-json\/wp\/v2\/pages\/637","targetHints":{"allow":["GET"]}}],"collection":[{"href":"https:\/\/pos.uel.br\/industrial\/wp-json\/wp\/v2\/pages"}],"about":[{"href":"https:\/\/pos.uel.br\/industrial\/wp-json\/wp\/v2\/types\/page"}],"author":[{"embeddable":true,"href":"https:\/\/pos.uel.br\/industrial\/wp-json\/wp\/v2\/users\/9"}],"replies":[{"embeddable":true,"href":"https:\/\/pos.uel.br\/industrial\/wp-json\/wp\/v2\/comments?post=637"}],"version-history":[{"count":7,"href":"https:\/\/pos.uel.br\/industrial\/wp-json\/wp\/v2\/pages\/637\/revisions"}],"predecessor-version":[{"id":703,"href":"https:\/\/pos.uel.br\/industrial\/wp-json\/wp\/v2\/pages\/637\/revisions\/703"}],"wp:attachment":[{"href":"https:\/\/pos.uel.br\/industrial\/wp-json\/wp\/v2\/media?parent=637"}],"curies":[{"name":"wp","href":"https:\/\/api.w.org\/{rel}","templated":true}]}}