{"id":58,"date":"2021-05-16T12:21:04","date_gmt":"2021-05-16T15:21:04","guid":{"rendered":"https:\/\/pos.uel.br\/historiasocial\/?page_id=58"},"modified":"2025-06-09T16:49:43","modified_gmt":"2025-06-09T19:49:43","slug":"publicacoes","status":"publish","type":"page","link":"https:\/\/pos.uel.br\/historiasocial\/publicacoes\/","title":{"rendered":"Publica\u00e7\u00f5es:"},"content":{"rendered":"\n<p><strong>DISSERTA\u00c7\u00d5ES DEFENDIDAS:<\/strong><\/p>\n\n\n\n<p>As disserta\u00e7\u00f5es defendidas no \u00e2mbito do Programa de P\u00f3s-Gradua\u00e7\u00e3o em Hist\u00f3ria Social da Universidade Estadual de Londrina pode ser acessadas no<\/p>\n\n\n\n<p><strong><a href=\"https:\/\/repositorio.uel.br\/collections\/0c7b5e22-2f72-43f7-aee6-e6b7293aa251\" data-type=\"link\" data-id=\"https:\/\/repositorio.uel.br\/collections\/0c7b5e22-2f72-43f7-aee6-e6b7293aa251\">REPOSIT\u00d3RIO DE DISSERTA\u00c7\u00d5ES E TESES<\/a><\/strong><\/p>\n\n\n\n<p><strong>NOVO LIVROS: <\/strong><\/p>\n\n\n\n<div data-wp-interactive=\"core\/file\" class=\"wp-block-file\"><object data-wp-bind--hidden=\"!state.hasPdfPreview\" hidden class=\"wp-block-file__embed\" data=\"https:\/\/pos.uel.br\/historiasocial\/wp-content\/uploads\/2023\/09\/tudo-que-eu-achava-que-era-uma-coisa-na-verdade-era-algo-muito-mais-complexo-o-ensino-de-historia-a-lei-10-639-03-e-a-formacao-do-pensamento-historico-de-jovens-estudantes.pdf\" type=\"application\/pdf\" style=\"width:100%;height:600px\" aria-label=\"Incorporado de tudo-que-eu-achava-que-era-uma-coisa-na-verdade-era-algo-muito-mais-complexo-o-ensino-de-historia-a-lei-10-639-03-e-a-formacao-do-pensamento-historico-de-jovens-estudantes.\"><\/object><a id=\"wp-block-file--media-10a8ec23-3ecd-4b6f-98c7-65cd67e69b1c\" href=\"https:\/\/pos.uel.br\/historiasocial\/wp-content\/uploads\/2023\/09\/tudo-que-eu-achava-que-era-uma-coisa-na-verdade-era-algo-muito-mais-complexo-o-ensino-de-historia-a-lei-10-639-03-e-a-formacao-do-pensamento-historico-de-jovens-estudantes.pdf\">tudo-que-eu-achava-que-era-uma-coisa-na-verdade-era-algo-muito-mais-complexo-o-ensino-de-historia-a-lei-10-639-03-e-a-formacao-do-pensamento-historico-de-jovens-estudantes<\/a><a href=\"https:\/\/pos.uel.br\/historiasocial\/wp-content\/uploads\/2023\/09\/tudo-que-eu-achava-que-era-uma-coisa-na-verdade-era-algo-muito-mais-complexo-o-ensino-de-historia-a-lei-10-639-03-e-a-formacao-do-pensamento-historico-de-jovens-estudantes.pdf\" class=\"wp-block-file__button wp-element-button\" download aria-describedby=\"wp-block-file--media-10a8ec23-3ecd-4b6f-98c7-65cd67e69b1c\">Baixar<\/a><\/div>\n\n\n\n<div data-wp-interactive=\"core\/file\" class=\"wp-block-file\"><object data-wp-bind--hidden=\"!state.hasPdfPreview\" hidden class=\"wp-block-file__embed\" data=\"https:\/\/pos.uel.br\/historiasocial\/wp-content\/uploads\/2023\/08\/da-vida-comum-ao-protagonismo-historico-a-construcao-da-memoria-de-madre-leonia-milito-em-londrina-1953-1980-1.pdf\" type=\"application\/pdf\" style=\"width:100%;height:600px\" aria-label=\"Incorporado de da-vida-comum-ao-protagonismo-historico-a-construcao-da-memoria-de-madre-leonia-milito-em-londrina-1953-1980-1.\"><\/object><a id=\"wp-block-file--media-c7a73344-0dde-480f-b369-bb4096792c4e\" href=\"https:\/\/pos.uel.br\/historiasocial\/wp-content\/uploads\/2023\/08\/da-vida-comum-ao-protagonismo-historico-a-construcao-da-memoria-de-madre-leonia-milito-em-londrina-1953-1980-1.pdf\">da-vida-comum-ao-protagonismo-historico-a-construcao-da-memoria-de-madre-leonia-milito-em-londrina-1953-1980-1<\/a><a href=\"https:\/\/pos.uel.br\/historiasocial\/wp-content\/uploads\/2023\/08\/da-vida-comum-ao-protagonismo-historico-a-construcao-da-memoria-de-madre-leonia-milito-em-londrina-1953-1980-1.pdf\" class=\"wp-block-file__button wp-element-button\" download aria-describedby=\"wp-block-file--media-c7a73344-0dde-480f-b369-bb4096792c4e\">Baixar<\/a><\/div>\n\n\n\n<div data-wp-interactive=\"core\/file\" class=\"wp-block-file\"><object data-wp-bind--hidden=\"!state.hasPdfPreview\" hidden class=\"wp-block-file__embed\" data=\"https:\/\/pos.uel.br\/historiasocial\/wp-content\/uploads\/2023\/08\/o-advogado-suicidado-marcas-da-ditadura-militar-no-norte-do-parana-1.pdf\" type=\"application\/pdf\" style=\"width:100%;height:600px\" aria-label=\"Incorporado de o-advogado-suicidado-marcas-da-ditadura-militar-no-norte-do-parana-1.\"><\/object><a id=\"wp-block-file--media-e6e424f5-7376-4a6e-8911-048484f1d840\" href=\"https:\/\/pos.uel.br\/historiasocial\/wp-content\/uploads\/2023\/08\/o-advogado-suicidado-marcas-da-ditadura-militar-no-norte-do-parana-1.pdf\">o-advogado-suicidado-marcas-da-ditadura-militar-no-norte-do-parana-1<\/a><a href=\"https:\/\/pos.uel.br\/historiasocial\/wp-content\/uploads\/2023\/08\/o-advogado-suicidado-marcas-da-ditadura-militar-no-norte-do-parana-1.pdf\" class=\"wp-block-file__button wp-element-button\" download aria-describedby=\"wp-block-file--media-e6e424f5-7376-4a6e-8911-048484f1d840\">Baixar<\/a><\/div>\n\n\n\n<div data-wp-interactive=\"core\/file\" class=\"wp-block-file\"><object data-wp-bind--hidden=\"!state.hasPdfPreview\" hidden class=\"wp-block-file__embed\" data=\"https:\/\/pos.uel.br\/historiasocial\/wp-content\/uploads\/2023\/08\/emocoes-e-ruptura-entre-jung-e-freud-em-suas-correspondencias-1906-1923-1.pdf\" type=\"application\/pdf\" style=\"width:100%;height:600px\" aria-label=\"Incorporado de emocoes-e-ruptura-entre-jung-e-freud-em-suas-correspondencias-1906-1923-1.\"><\/object><a id=\"wp-block-file--media-36441541-0bd2-4e2b-93dd-7c9d12dc5588\" href=\"https:\/\/pos.uel.br\/historiasocial\/wp-content\/uploads\/2023\/08\/emocoes-e-ruptura-entre-jung-e-freud-em-suas-correspondencias-1906-1923-1.pdf\">emocoes-e-ruptura-entre-jung-e-freud-em-suas-correspondencias-1906-1923-1<\/a><a href=\"https:\/\/pos.uel.br\/historiasocial\/wp-content\/uploads\/2023\/08\/emocoes-e-ruptura-entre-jung-e-freud-em-suas-correspondencias-1906-1923-1.pdf\" class=\"wp-block-file__button wp-element-button\" download aria-describedby=\"wp-block-file--media-36441541-0bd2-4e2b-93dd-7c9d12dc5588\">Baixar<\/a><\/div>\n\n\n\n<p><a href=\"https:\/\/www.editorafi.org\/ebook\/525prata\" data-type=\"URL\" data-id=\"https:\/\/www.editorafi.org\/ebook\/525prata\"><strong>Espelho do Prata: a representa\u00e7\u00e3o do outro na guerra ilustrada da Tr\u00edplice Alian\u00e7a contra o Paraguai (1865-1867)<\/strong><\/a><\/p>\n\n\n\n<figure class=\"wp-block-image size-large is-resized\"><img loading=\"lazy\" decoding=\"async\" width=\"1024\" height=\"538\" src=\"https:\/\/pos.uel.br\/historiasocial\/wp-content\/uploads\/2022\/07\/525-FACE-1-1024x538.jpg\" alt=\"\" class=\"wp-image-656\" style=\"width:253px;height:133px\" srcset=\"https:\/\/pos.uel.br\/historiasocial\/wp-content\/uploads\/2022\/07\/525-FACE-1-1024x538.jpg 1024w, https:\/\/pos.uel.br\/historiasocial\/wp-content\/uploads\/2022\/07\/525-FACE-1-300x158.jpg 300w, https:\/\/pos.uel.br\/historiasocial\/wp-content\/uploads\/2022\/07\/525-FACE-1-768x403.jpg 768w, https:\/\/pos.uel.br\/historiasocial\/wp-content\/uploads\/2022\/07\/525-FACE-1-1536x807.jpg 1536w, https:\/\/pos.uel.br\/historiasocial\/wp-content\/uploads\/2022\/07\/525-FACE-1-2048x1075.jpg 2048w\" sizes=\"auto, (max-width: 1024px) 100vw, 1024px\" \/><\/figure>\n\n\n\n<p><a href=\"https:\/\/www.editorafi.org\/ebook\/505fascismo\" data-type=\"URL\" data-id=\"https:\/\/www.editorafi.org\/ebook\/505fascismo\"><strong>FASCISMO E ENSINO: UMA INVESTIGA\u00c7\u00c3O SOBRE A EMPATIA HIST\u00d3RICA EM SALA DE AULA<\/strong><\/a><\/p>\n\n\n\n<figure class=\"wp-block-image size-large is-resized\"><img loading=\"lazy\" decoding=\"async\" width=\"1024\" height=\"538\" src=\"https:\/\/pos.uel.br\/historiasocial\/wp-content\/uploads\/2022\/06\/505-FACE-1024x538.jpg\" alt=\"\" class=\"wp-image-641\" style=\"width:248px;height:131px\" srcset=\"https:\/\/pos.uel.br\/historiasocial\/wp-content\/uploads\/2022\/06\/505-FACE-1024x538.jpg 1024w, https:\/\/pos.uel.br\/historiasocial\/wp-content\/uploads\/2022\/06\/505-FACE-300x158.jpg 300w, https:\/\/pos.uel.br\/historiasocial\/wp-content\/uploads\/2022\/06\/505-FACE-768x403.jpg 768w, https:\/\/pos.uel.br\/historiasocial\/wp-content\/uploads\/2022\/06\/505-FACE-1536x807.jpg 1536w, https:\/\/pos.uel.br\/historiasocial\/wp-content\/uploads\/2022\/06\/505-FACE-2048x1075.jpg 2048w\" sizes=\"auto, (max-width: 1024px) 100vw, 1024px\" \/><\/figure>\n\n\n\n<p><a href=\"https:\/\/www.editorafi.org\/ebook\/499senzala\" data-type=\"URL\" data-id=\"https:\/\/www.editorafi.org\/ebook\/499senzala\"><strong>A flor de senzalas mi\u00fadas: escravid\u00e3o e parentesco nos campos de Castro (1789-1836)<\/strong><\/a><\/p>\n\n\n\n<figure class=\"wp-block-image size-large is-resized\"><img loading=\"lazy\" decoding=\"async\" width=\"1024\" height=\"538\" src=\"https:\/\/pos.uel.br\/historiasocial\/wp-content\/uploads\/2022\/06\/499-FACE-1024x538.jpg\" alt=\"\" class=\"wp-image-630\" style=\"width:244px;height:128px\" srcset=\"https:\/\/pos.uel.br\/historiasocial\/wp-content\/uploads\/2022\/06\/499-FACE-1024x538.jpg 1024w, https:\/\/pos.uel.br\/historiasocial\/wp-content\/uploads\/2022\/06\/499-FACE-300x158.jpg 300w, https:\/\/pos.uel.br\/historiasocial\/wp-content\/uploads\/2022\/06\/499-FACE-768x403.jpg 768w, https:\/\/pos.uel.br\/historiasocial\/wp-content\/uploads\/2022\/06\/499-FACE-1536x807.jpg 1536w, https:\/\/pos.uel.br\/historiasocial\/wp-content\/uploads\/2022\/06\/499-FACE-2048x1075.jpg 2048w\" sizes=\"auto, (max-width: 1024px) 100vw, 1024px\" \/><\/figure>\n\n\n\n<p><strong><a href=\"https:\/\/www.editorafi.org\/ebook\/495vasques\" data-type=\"URL\" data-id=\"https:\/\/www.editorafi.org\/ebook\/495vasques\">Dramaturgia e impress\u00e3o de textos teatrais: uma investiga\u00e7\u00e3o a partir da produ\u00e7\u00e3o dram\u00e1tica de Francisco Correa Vasques (1862 \u2013 1884)<\/a><\/strong><\/p>\n\n\n\n<figure class=\"wp-block-image size-large is-resized\"><img loading=\"lazy\" decoding=\"async\" width=\"1024\" height=\"538\" src=\"https:\/\/pos.uel.br\/historiasocial\/wp-content\/uploads\/2022\/06\/495-FACE-1-1024x538.jpg\" alt=\"\" class=\"wp-image-627\" style=\"width:240px;height:126px\" srcset=\"https:\/\/pos.uel.br\/historiasocial\/wp-content\/uploads\/2022\/06\/495-FACE-1-1024x538.jpg 1024w, https:\/\/pos.uel.br\/historiasocial\/wp-content\/uploads\/2022\/06\/495-FACE-1-300x158.jpg 300w, https:\/\/pos.uel.br\/historiasocial\/wp-content\/uploads\/2022\/06\/495-FACE-1-768x403.jpg 768w, https:\/\/pos.uel.br\/historiasocial\/wp-content\/uploads\/2022\/06\/495-FACE-1-1536x807.jpg 1536w, https:\/\/pos.uel.br\/historiasocial\/wp-content\/uploads\/2022\/06\/495-FACE-1-2048x1075.jpg 2048w\" sizes=\"auto, (max-width: 1024px) 100vw, 1024px\" \/><\/figure>\n\n\n\n<p><strong><a href=\"https:\/\/www.editorafi.org\/ebook\/492yamato\" data-type=\"URL\" data-id=\"https:\/\/www.editorafi.org\/ebook\/492yamato\">O esp\u00edrito de Yamato: O xinto\u00edsmo de Estado e o Ky\u014diku Chokugo na forma\u00e7\u00e3o do nacionalismo japon\u00eas e a imigra\u00e7\u00e3o para o Brasil (1890-1980)<\/a><\/strong><\/p>\n\n\n\n<figure class=\"wp-block-image size-large is-resized\"><img loading=\"lazy\" decoding=\"async\" width=\"1024\" height=\"538\" src=\"https:\/\/pos.uel.br\/historiasocial\/wp-content\/uploads\/2022\/06\/492-FACE-1024x538.jpg\" alt=\"\" class=\"wp-image-619\" style=\"width:239px;height:125px\" srcset=\"https:\/\/pos.uel.br\/historiasocial\/wp-content\/uploads\/2022\/06\/492-FACE-1024x538.jpg 1024w, https:\/\/pos.uel.br\/historiasocial\/wp-content\/uploads\/2022\/06\/492-FACE-300x158.jpg 300w, https:\/\/pos.uel.br\/historiasocial\/wp-content\/uploads\/2022\/06\/492-FACE-768x404.jpg 768w, https:\/\/pos.uel.br\/historiasocial\/wp-content\/uploads\/2022\/06\/492-FACE-1536x807.jpg 1536w, https:\/\/pos.uel.br\/historiasocial\/wp-content\/uploads\/2022\/06\/492-FACE-2048x1076.jpg 2048w\" sizes=\"auto, (max-width: 1024px) 100vw, 1024px\" \/><\/figure>\n\n\n\n<h1 class=\"wp-block-heading\"><\/h1>\n\n\n\n<p>Revista Ant\u00edteses: <a href=\"http:\/\/www.uel.br\/revistas\/uel\/index.php\/antiteses\/\">Ant\u00edteses (uel.br)<\/a><\/p>\n\n\n\n<p>Revista Dom\u00ednios da Imagem: <a href=\"http:\/\/www.uel.br\/revistas\/uel\/index.php\/dominiosdaimagem\">Dom\u00ednios da Imagem (uel.br)<\/a><\/p>\n\n\n\n<p>Revista Hist\u00f3ria e Ensino: <a href=\"http:\/\/www.uel.br\/revistas\/uel\/index.php\/histensino\/index\">Hist\u00f3ria &amp; Ensino (uel.br)<\/a><\/p>\n\n\n\n<hr class=\"wp-block-separator has-css-opacity\" \/>\n\n\n\n<p><a href=\"https:\/\/www.youtube.com\/channel\/UCxnoVylusKMUdUiHnXuoNoA\">Programa de P\u00f3s-Gradua\u00e7\u00e3o Hist\u00f3ria Social UEL &#8211; YouTube<\/a><\/p>\n\n\n\n<hr class=\"wp-block-separator has-css-opacity\" \/>\n\n\n\n<p><strong>ANAIS DAS SEMANAS DE HIST\u00d3RIA<\/strong><\/p>\n\n\n\n<p><em>2011 &#8211; V Semin\u00e1rio de Pesquisa <\/em><\/p>\n\n\n\n<div class=\"wp-block-file\"><a id=\"wp-block-file--media-9a117905-0cda-4c0f-85f7-6765056c77b0\" href=\"https:\/\/pos.uel.br\/historiasocial\/wp-content\/uploads\/2021\/07\/Anais-V-Seminario-2011Volume-1-pdf.pdf\">Anais-V-Seminario-2011Volume-1-pdf<\/a><a href=\"https:\/\/pos.uel.br\/historiasocial\/wp-content\/uploads\/2021\/07\/Anais-V-Seminario-2011Volume-1-pdf.pdf\" class=\"wp-block-file__button wp-element-button\" download aria-describedby=\"wp-block-file--media-9a117905-0cda-4c0f-85f7-6765056c77b0\">Baixar<\/a><\/div>\n\n\n\n<div class=\"wp-block-file\"><a id=\"wp-block-file--media-5410ce87-258b-47bf-8615-c65be6976108\" href=\"https:\/\/pos.uel.br\/historiasocial\/wp-content\/uploads\/2021\/07\/Anais-V-seminario-2011-Volume-2-pdf.pdf\">Anais-V-seminario-2011-Volume-2-pdf<\/a><a href=\"https:\/\/pos.uel.br\/historiasocial\/wp-content\/uploads\/2021\/07\/Anais-V-seminario-2011-Volume-2-pdf.pdf\" class=\"wp-block-file__button wp-element-button\" download aria-describedby=\"wp-block-file--media-5410ce87-258b-47bf-8615-c65be6976108\">Baixar<\/a><\/div>\n\n\n\n<div class=\"wp-block-file\"><a id=\"wp-block-file--media-7662a36a-0f94-454e-92f7-4830d6c5f6dd\" href=\"https:\/\/pos.uel.br\/historiasocial\/wp-content\/uploads\/2021\/07\/AnaisVolume3pdf.pdf\">AnaisVolume3pdf<\/a><a href=\"https:\/\/pos.uel.br\/historiasocial\/wp-content\/uploads\/2021\/07\/AnaisVolume3pdf.pdf\" class=\"wp-block-file__button wp-element-button\" download aria-describedby=\"wp-block-file--media-7662a36a-0f94-454e-92f7-4830d6c5f6dd\">Baixar<\/a><\/div>\n\n\n\n<p><em>VI SEMIN\u00c1RIO DE PESQUISA DO PPGHS &#8211; XIII SEMANA DE HIST\u00d3RIA &#8211; I ENCONTRO DAS ESPECIAL IZA\u00c7\u00d5ES EM HIST\u00d3RIA DA<br>UNIVERSIDADE ESTADUAL DE LONDRINA &#8211; 2012<\/em><\/p>\n\n\n\n<div class=\"wp-block-file\"><a id=\"wp-block-file--media-443a6cd5-3eb0-474c-9aaa-3f5d086ce9ec\" href=\"https:\/\/pos.uel.br\/historiasocial\/wp-content\/uploads\/2021\/07\/anais-VI-seminario-de-pesquisa-mestrado-2012.pdf\">anais-VI-seminario-de-pesquisa-mestrado-2012<\/a><a href=\"https:\/\/pos.uel.br\/historiasocial\/wp-content\/uploads\/2021\/07\/anais-VI-seminario-de-pesquisa-mestrado-2012.pdf\" class=\"wp-block-file__button wp-element-button\" download aria-describedby=\"wp-block-file--media-443a6cd5-3eb0-474c-9aaa-3f5d086ce9ec\">Baixar<\/a><\/div>\n\n\n\n<p><em>2015 &#8211; Anais da XV Semana de Hist\u00f3ria, VIII Semin\u00e1rio de Pesquisa do Programa de P\u00f3s-Gradua\u00e7\u00e3o em Hist\u00f3ria Social, III Encontro das Especializa\u00e7\u00f5es em Hist\u00f3ria, I Encontro Estadual da ABED (Associa\u00e7\u00e3o Brasileira de Estudos de Defesa &#8211; PR)<\/em><\/p>\n\n\n\n<div class=\"wp-block-file\"><a id=\"wp-block-file--media-23985a03-8547-455b-97f8-0551d2d71dc3\" href=\"https:\/\/pos.uel.br\/historiasocial\/wp-content\/uploads\/2021\/06\/ANAIS-2015.pdf\">ANAIS-2015<\/a><a href=\"https:\/\/pos.uel.br\/historiasocial\/wp-content\/uploads\/2021\/06\/ANAIS-2015.pdf\" class=\"wp-block-file__button wp-element-button\" download aria-describedby=\"wp-block-file--media-23985a03-8547-455b-97f8-0551d2d71dc3\">Baixar<\/a><\/div>\n\n\n\n<p><em>2016 &#8211; Anais da XVI Semana de Hist\u00f3ria, IX Semin\u00e1rio de Pesquisa do Programa de P\u00f3s Gradua\u00e7\u00e3o em Hist\u00f3ria Social e do IV Encontro das Especializa\u00e7\u00f5es em Hist\u00f3ria.<\/em><\/p>\n\n\n\n<div class=\"wp-block-file\"><a id=\"wp-block-file--media-25beceb6-5e6c-4a05-a292-ea125832d15f\" href=\"https:\/\/pos.uel.br\/historiasocial\/wp-content\/uploads\/2021\/06\/ANAIS-2016.pdf\">ANAIS-2016<\/a><a href=\"https:\/\/pos.uel.br\/historiasocial\/wp-content\/uploads\/2021\/06\/ANAIS-2016.pdf\" class=\"wp-block-file__button wp-element-button\" download aria-describedby=\"wp-block-file--media-25beceb6-5e6c-4a05-a292-ea125832d15f\">Baixar<\/a><\/div>\n\n\n\n<p><em>2017 &#8211; Anais da XVII Semana de Hist\u00f3ria, X Semin\u00e1rio de Pesquisa do Programa de P\u00f3s Gradua\u00e7\u00e3o em Hist\u00f3ria Social, V Encontro das especializa\u00e7\u00f5es em Hist\u00f3ria.<\/em><\/p>\n\n\n\n<div class=\"wp-block-file\"><a id=\"wp-block-file--media-56267381-5bc5-4f3d-8457-949c7a58151b\" href=\"https:\/\/pos.uel.br\/historiasocial\/wp-content\/uploads\/2021\/06\/ANAIS-2017.pdf\">ANAIS-2017<\/a><a href=\"https:\/\/pos.uel.br\/historiasocial\/wp-content\/uploads\/2021\/06\/ANAIS-2017.pdf\" class=\"wp-block-file__button wp-element-button\" download aria-describedby=\"wp-block-file--media-56267381-5bc5-4f3d-8457-949c7a58151b\">Baixar<\/a><\/div>\n\n\n\n<p><em>2018 &#8211; Anais da XVIII Semana de Hist\u00f3ria, do XI Semin\u00e1rio de Pesquisa do Programa de P\u00f3s Gradua\u00e7\u00e3o em Hist\u00f3ria Social e do VI Encontro das especializa\u00e7\u00f5es em Hist\u00f3ria.<\/em><\/p>\n\n\n\n<div class=\"wp-block-file\"><a id=\"wp-block-file--media-9d970206-4bf1-44f8-b9c8-cee9eb2cc315\" href=\"https:\/\/pos.uel.br\/historiasocial\/wp-content\/uploads\/2021\/06\/ANAIS-2018.pdf\">ANAIS-2018<\/a><a href=\"https:\/\/pos.uel.br\/historiasocial\/wp-content\/uploads\/2021\/06\/ANAIS-2018.pdf\" class=\"wp-block-file__button wp-element-button\" download aria-describedby=\"wp-block-file--media-9d970206-4bf1-44f8-b9c8-cee9eb2cc315\">Baixar<\/a><\/div>\n\n\n\n<p><em>2019 &#8211; Anais da XIX Semana de Hist\u00f3ria, do XII Semin\u00e1rio de Pesquisa do Programa de P\u00f3s Gradua\u00e7\u00e3o em Hist\u00f3ria Social e do VI Encontro das Especializa\u00e7\u00f5es em Hist\u00f3ria.<\/em><\/p>\n\n\n\n<div class=\"wp-block-file\"><a id=\"wp-block-file--media-da6e563d-b695-49d4-911c-8e08c24ba679\" href=\"https:\/\/pos.uel.br\/historiasocial\/wp-content\/uploads\/2021\/06\/ANAIS-DA-XIX-SEMANA-DE-HISTORIA-UEL-atualizado-1.pdf\">ANAIS-DA-XIX-SEMANA-DE-HISTORIA-UEL-atualizado-1<\/a><a href=\"https:\/\/pos.uel.br\/historiasocial\/wp-content\/uploads\/2021\/06\/ANAIS-DA-XIX-SEMANA-DE-HISTORIA-UEL-atualizado-1.pdf\" class=\"wp-block-file__button wp-element-button\" download aria-describedby=\"wp-block-file--media-da6e563d-b695-49d4-911c-8e08c24ba679\">Baixar<\/a><\/div>\n\n\n\n<hr class=\"wp-block-separator has-css-opacity\" \/>\n\n\n\n<p><\/p>\n\n\n\n<figure class=\"wp-block-gallery has-nested-images columns-default is-cropped wp-block-gallery-1 is-layout-flex wp-block-gallery-is-layout-flex\"><\/figure>\n\n\n\n<p><\/p>\n","protected":false},"excerpt":{"rendered":"<p>DISSERTA\u00c7\u00d5ES DEFENDIDAS: As disserta\u00e7\u00f5es defendidas no \u00e2mbito do Programa de P\u00f3s-Gradua\u00e7\u00e3o em Hist\u00f3ria Social da Universidade Estadual de Londrina pode ser acessadas no REPOSIT\u00d3RIO DE DISSERTA\u00c7\u00d5ES E TESES NOVO LIVROS: Espelho do Prata: a representa\u00e7\u00e3o do outro na guerra ilustrada da Tr\u00edplice Alian\u00e7a contra o Paraguai (1865-1867) FASCISMO E ENSINO: UMA INVESTIGA\u00c7\u00c3O SOBRE A EMPATIA [&hellip;]<\/p>\n","protected":false},"author":7,"featured_media":0,"parent":0,"menu_order":0,"comment_status":"closed","ping_status":"closed","template":"","meta":{"footnotes":""},"class_list":["post-58","page","type-page","status-publish","hentry"],"_links":{"self":[{"href":"https:\/\/pos.uel.br\/historiasocial\/wp-json\/wp\/v2\/pages\/58","targetHints":{"allow":["GET"]}}],"collection":[{"href":"https:\/\/pos.uel.br\/historiasocial\/wp-json\/wp\/v2\/pages"}],"about":[{"href":"https:\/\/pos.uel.br\/historiasocial\/wp-json\/wp\/v2\/types\/page"}],"author":[{"embeddable":true,"href":"https:\/\/pos.uel.br\/historiasocial\/wp-json\/wp\/v2\/users\/7"}],"replies":[{"embeddable":true,"href":"https:\/\/pos.uel.br\/historiasocial\/wp-json\/wp\/v2\/comments?post=58"}],"version-history":[{"count":28,"href":"https:\/\/pos.uel.br\/historiasocial\/wp-json\/wp\/v2\/pages\/58\/revisions"}],"predecessor-version":[{"id":1420,"href":"https:\/\/pos.uel.br\/historiasocial\/wp-json\/wp\/v2\/pages\/58\/revisions\/1420"}],"wp:attachment":[{"href":"https:\/\/pos.uel.br\/historiasocial\/wp-json\/wp\/v2\/media?parent=58"}],"curies":[{"name":"wp","href":"https:\/\/api.w.org\/{rel}","templated":true}]}}