{"id":55,"date":"2021-05-16T12:21:04","date_gmt":"2021-05-16T15:21:04","guid":{"rendered":"https:\/\/pos.uel.br\/historiasocial\/?page_id=55"},"modified":"2021-06-23T08:01:56","modified_gmt":"2021-06-23T11:01:56","slug":"ensino","status":"publish","type":"page","link":"https:\/\/pos.uel.br\/historiasocial\/ensino\/","title":{"rendered":"Ensino"},"content":{"rendered":"\n<p>PROGRAMA RESID\u00caNCIA PEDAG\u00d3GICA &#8211; HIST\u00d3RIA<\/p>\n\n\n\n<p>(Docente do PPGHis envolvido: Rivail Carvalho Rolim) <\/p>\n\n\n\n<div class=\"wp-block-file\"><a href=\"https:\/\/pos.uel.br\/historiasocial\/wp-content\/uploads\/2021\/06\/ens_projetoscadastrados_2021-06-23_07-57-48.pdf\">ens_projetoscadastrados_2021-06-23_07-57-48<\/a><a href=\"https:\/\/pos.uel.br\/historiasocial\/wp-content\/uploads\/2021\/06\/ens_projetoscadastrados_2021-06-23_07-57-48.pdf\" class=\"wp-block-file__button\" download>Baixar<\/a><\/div>\n\n\n\n<p>PIBID HIST\u00d3RIA &#8211; PROGRAMA INSTITUCIONAL DE BOLSA DE INICIA\u00c7\u00c3O \u00c0 DOC\u00caNCIA &#8211; AMPLIA\u00c7\u00c3O<br>E CONSOLIDA\u00c7\u00c3O<\/p>\n\n\n\n<p>(Docente do PPGHis envolvido: Marlene Caineli)<\/p>\n\n\n\n<div class=\"wp-block-file\"><a href=\"https:\/\/pos.uel.br\/historiasocial\/wp-content\/uploads\/2021\/06\/ens_projetoscadastrados_2021-06-23_08-00-36.pdf\">ens_projetoscadastrados_2021-06-23_08-00-36<\/a><a href=\"https:\/\/pos.uel.br\/historiasocial\/wp-content\/uploads\/2021\/06\/ens_projetoscadastrados_2021-06-23_08-00-36.pdf\" class=\"wp-block-file__button\" download>Baixar<\/a><\/div>\n","protected":false},"excerpt":{"rendered":"<p>PROGRAMA RESID\u00caNCIA PEDAG\u00d3GICA &#8211; HIST\u00d3RIA (Docente do PPGHis envolvido: Rivail Carvalho Rolim) PIBID HIST\u00d3RIA &#8211; PROGRAMA INSTITUCIONAL DE BOLSA DE INICIA\u00c7\u00c3O \u00c0 DOC\u00caNCIA &#8211; AMPLIA\u00c7\u00c3OE CONSOLIDA\u00c7\u00c3O (Docente do PPGHis envolvido: Marlene Caineli)<\/p>\n","protected":false},"author":7,"featured_media":0,"parent":0,"menu_order":0,"comment_status":"closed","ping_status":"closed","template":"","meta":{"footnotes":""},"class_list":["post-55","page","type-page","status-publish","hentry"],"_links":{"self":[{"href":"https:\/\/pos.uel.br\/historiasocial\/wp-json\/wp\/v2\/pages\/55","targetHints":{"allow":["GET"]}}],"collection":[{"href":"https:\/\/pos.uel.br\/historiasocial\/wp-json\/wp\/v2\/pages"}],"about":[{"href":"https:\/\/pos.uel.br\/historiasocial\/wp-json\/wp\/v2\/types\/page"}],"author":[{"embeddable":true,"href":"https:\/\/pos.uel.br\/historiasocial\/wp-json\/wp\/v2\/users\/7"}],"replies":[{"embeddable":true,"href":"https:\/\/pos.uel.br\/historiasocial\/wp-json\/wp\/v2\/comments?post=55"}],"version-history":[{"count":3,"href":"https:\/\/pos.uel.br\/historiasocial\/wp-json\/wp\/v2\/pages\/55\/revisions"}],"predecessor-version":[{"id":132,"href":"https:\/\/pos.uel.br\/historiasocial\/wp-json\/wp\/v2\/pages\/55\/revisions\/132"}],"wp:attachment":[{"href":"https:\/\/pos.uel.br\/historiasocial\/wp-json\/wp\/v2\/media?parent=55"}],"curies":[{"name":"wp","href":"https:\/\/api.w.org\/{rel}","templated":true}]}}