{"id":45,"date":"2021-05-07T08:55:13","date_gmt":"2021-05-07T11:55:13","guid":{"rendered":"https:\/\/pos.uel.br\/historiasocial\/?page_id=45"},"modified":"2025-02-05T17:02:24","modified_gmt":"2025-02-05T20:02:24","slug":"pos-doutorado","status":"publish","type":"page","link":"https:\/\/pos.uel.br\/historiasocial\/pos-doutorado\/","title":{"rendered":"P\u00f3s-doutorado"},"content":{"rendered":"\n<figure class=\"wp-block-image size-large is-resized\"><img loading=\"lazy\" decoding=\"async\" width=\"1024\" height=\"555\" src=\"https:\/\/pos.uel.br\/historiasocial\/wp-content\/uploads\/2021\/06\/CG-1377-1o-Inspetor-Fed_-de-Ensino_Londrina-Prof_-Otavio-Peles-Rudge-Maio-1024x555.jpg\" alt=\"\" class=\"wp-image-213\" style=\"width:779px;height:auto\" srcset=\"https:\/\/pos.uel.br\/historiasocial\/wp-content\/uploads\/2021\/06\/CG-1377-1o-Inspetor-Fed_-de-Ensino_Londrina-Prof_-Otavio-Peles-Rudge-Maio-1024x555.jpg 1024w, https:\/\/pos.uel.br\/historiasocial\/wp-content\/uploads\/2021\/06\/CG-1377-1o-Inspetor-Fed_-de-Ensino_Londrina-Prof_-Otavio-Peles-Rudge-Maio-300x163.jpg 300w, https:\/\/pos.uel.br\/historiasocial\/wp-content\/uploads\/2021\/06\/CG-1377-1o-Inspetor-Fed_-de-Ensino_Londrina-Prof_-Otavio-Peles-Rudge-Maio-768x416.jpg 768w, https:\/\/pos.uel.br\/historiasocial\/wp-content\/uploads\/2021\/06\/CG-1377-1o-Inspetor-Fed_-de-Ensino_Londrina-Prof_-Otavio-Peles-Rudge-Maio.jpg 1259w\" sizes=\"auto, (max-width: 1024px) 100vw, 1024px\" \/><figcaption class=\"wp-element-caption\">s\/i. Primeiro Inspetor Federal. d\u00e9c. 40\/50. Acervo do Museu Hist\u00f3rico de Londrina. (detalhe)<br><\/figcaption><\/figure>\n\n\n\n<p><strong>P\u00d3S-DOUTORADO<\/strong><\/p>\n\n\n\n<p><strong><em>Resolu\u00e7\u00e3o 53\/2019 &#8211; (atualizado em 20\/09\/2019) &#8211; Regulamenta os est\u00e1gios de p\u00f3s-doutorado na UEL<\/em><\/strong><\/p>\n\n\n\n<div class=\"wp-block-file\"><a id=\"wp-block-file--media-e1a6445a-4999-4c3c-96d6-9f260a7408af\" href=\"https:\/\/pos.uel.br\/historiasocial\/wp-content\/uploads\/2021\/06\/Resolucao-CEPE-no-053-2019-Pos-doutoral.pdf\">Resolucao-CEPE-no-053-2019-Pos-doutoral<\/a><a href=\"https:\/\/pos.uel.br\/historiasocial\/wp-content\/uploads\/2021\/06\/Resolucao-CEPE-no-053-2019-Pos-doutoral.pdf\" class=\"wp-block-file__button wp-element-button\" download aria-describedby=\"wp-block-file--media-e1a6445a-4999-4c3c-96d6-9f260a7408af\">Baixar<\/a><\/div>\n\n\n\n<ul class=\"wp-block-list\">\n<li><a href=\"https:\/\/sites.uel.br\/proppg\/pos-doutorado\/#:~:text=Os%20principais%20objetivos%20do%20est%C3%A1gio,de%20recursos%20humanos%20de%20qualidade.\" data-type=\"link\" data-id=\"https:\/\/sites.uel.br\/proppg\/pos-doutorado\/#:~:text=Os%20principais%20objetivos%20do%20est%C3%A1gio,de%20recursos%20humanos%20de%20qualidade.\">Formul\u00e1rios de p\u00f3s-doutorado na UEL<\/a><\/li>\n<\/ul>\n\n\n\n<hr class=\"wp-block-separator has-css-opacity\" \/>\n\n\n\n<p><strong><em>EST\u00c1GIOS DE P\u00d3S-DOUTORADO REALIZADOS NO PPGHIS UEL<\/em><\/strong><\/p>\n\n\n\n<p>2021-2023 &#8211; <strong>Douglas de Castro  Carneiro <\/strong> &#8211; (Volunt\u00e1rio): <em>As representa\u00e7\u00f5es da escravid\u00e3o nas ep\u00edstolas de Paulo de Tarso<\/em>. Supervisora: Monica Selvatici<\/p>\n\n\n\n<p>2021 &#8211; <strong>Carlos Barros Gon\u00e7alves<\/strong>  &#8211; (Volunt\u00e1rio): <em>Protestantismo, higienismo e eugenia no Brasil: encontros e desencontros na Primeira Rep\u00fablica<\/em>  Supervisor:  Alfredo dos Santos Oliva<\/p>\n\n\n\n<p>2021 &#8211; <strong>Wilson de Oliveira Neto<\/strong> &#8211; (Volunt\u00e1rio): <em>Recorda\u00e7\u00f5es da frente italiana: fotografias de expedicion\u00e1rios brasileiros na Campanha da It\u00e1lia (1944 &#8211; 1945).<\/em> &nbsp;Supervisor: Francisco Cesar Alves Ferraz<\/p>\n\n\n\n<p>2020-2021 &#8211; <strong>Maria Liege Freitas Ferreira<\/strong> \u2013 (Volunt\u00e1rio): <em>Associativo religioso e cultural &#8211; A Uni\u00e3o dos Mo\u00e7os Cat\u00f3licos Cearenses e seu Clube Recreativo Cat\u00f3lico (1940-1960). <\/em>Supervisor: Rivail Carvalho Rolim<\/p>\n\n\n\n<p>2019-2020 &#8211; <strong>Anderson Francisco Ribeiro<\/strong> (PNPD): <em>Hist\u00f3ria, m\u00eddias e pornografia: um acervo para fontes e pesquisas sobre a ditadura militar. <\/em>Supervisor: Jos\u00e9 Miguel Arias Neto<\/p>\n\n\n\n<p>2018-2019 &#8211; <strong>Lukas Gabriel Grzybowski<\/strong> (PNPD): <em>A percep\u00e7\u00e3o da mudan\u00e7a religiosa: Miss\u00e3o, convers\u00e3o e cristianiza\u00e7\u00e3o do Norte da Europa e a forma\u00e7\u00e3o da religi\u00e3o crist\u00e3. <\/em>Supervisora: Monica Selvatici<\/p>\n\n\n\n<p>2018 &#8211; <strong>Pedro Ragusa<\/strong> (Volunt\u00e1rio): <em>A escrita de si como constru\u00e7\u00e3o da subjetividade: uma genealogia da autobiografia e das correspond\u00eancias de Carl Gustav Jung<\/em>. Supervisor: Alfredo dos Santos Oliva<\/p>\n\n\n\n<p>2018-2019 &#8211; <strong>F\u00e1bio Luciano Iachtechen<\/strong> (Volunt\u00e1rio): <em>The Progressive Era: elementos constitutivos da new history norte-americana no in\u00edcio do s\u00e9culo XX<\/em>. Supervisor: Cl\u00e1udio DeNipoti<\/p>\n\n\n\n<p>2017-2018 &#8211; <strong>Maria Cristina Dantas Pina<\/strong> (PNPD): <em>Ensino de Hist\u00f3ria e Curr\u00edculo no Pibid da UESB: um estudo sobre conhecimento hist\u00f3rico e pr\u00e1tica docente no per\u00edodo de 2013-2016. <\/em>Supervisora: Marlene Cainelli<\/p>\n\n\n\n<p>2016-2017 &#8211; <strong>Lourival Andrade J\u00fanior<\/strong> (PNPD): <em>Feiti\u00e7o, macumba e catimb\u00f3: as religi\u00f5es afro-brasileiras no cordel. <\/em>Supervisora: Silvia Cristina Martins da Silva<\/p>\n\n\n\n<p>2016-2017 &#8211; <strong>Reinaldo Benedito Nishikawa<\/strong> (volunt\u00e1rio): <em>A dial\u00e9tica da coloniza\u00e7\u00e3o paranaense: a escola, o com\u00e9rcio, a Igreja. <\/em>Supervisora: <em>Silvia Cristina Martins da Silva.<\/em><\/p>\n\n\n\n<p>2013-2015 &#8211; <strong>Jorge Luiz Romanello<\/strong> (PNPD): Representa\u00e7\u00f5es das religiosidades afro-brasileiras na revista &#8216;O Cruzeiro&#8217; (1952-1953). Supervisor: Alfredo dos Santos Oliva<\/p>\n\n\n\n<p><\/p>\n\n\n\n<p><\/p>\n\n\n","protected":false},"excerpt":{"rendered":"<p>P\u00d3S-DOUTORADO Resolu\u00e7\u00e3o 53\/2019 &#8211; (atualizado em 20\/09\/2019) &#8211; Regulamenta os est\u00e1gios de p\u00f3s-doutorado na UEL EST\u00c1GIOS DE P\u00d3S-DOUTORADO REALIZADOS NO PPGHIS UEL 2021-2023 &#8211; Douglas de Castro Carneiro &#8211; (Volunt\u00e1rio): As representa\u00e7\u00f5es da escravid\u00e3o nas ep\u00edstolas de Paulo de Tarso. Supervisora: Monica Selvatici 2021 &#8211; Carlos Barros Gon\u00e7alves &#8211; (Volunt\u00e1rio): Protestantismo, higienismo e eugenia no [&hellip;]<\/p>\n","protected":false},"author":7,"featured_media":0,"parent":0,"menu_order":0,"comment_status":"closed","ping_status":"closed","template":"","meta":{"footnotes":""},"class_list":["post-45","page","type-page","status-publish","hentry"],"_links":{"self":[{"href":"https:\/\/pos.uel.br\/historiasocial\/wp-json\/wp\/v2\/pages\/45","targetHints":{"allow":["GET"]}}],"collection":[{"href":"https:\/\/pos.uel.br\/historiasocial\/wp-json\/wp\/v2\/pages"}],"about":[{"href":"https:\/\/pos.uel.br\/historiasocial\/wp-json\/wp\/v2\/types\/page"}],"author":[{"embeddable":true,"href":"https:\/\/pos.uel.br\/historiasocial\/wp-json\/wp\/v2\/users\/7"}],"replies":[{"embeddable":true,"href":"https:\/\/pos.uel.br\/historiasocial\/wp-json\/wp\/v2\/comments?post=45"}],"version-history":[{"count":13,"href":"https:\/\/pos.uel.br\/historiasocial\/wp-json\/wp\/v2\/pages\/45\/revisions"}],"predecessor-version":[{"id":1301,"href":"https:\/\/pos.uel.br\/historiasocial\/wp-json\/wp\/v2\/pages\/45\/revisions\/1301"}],"wp:attachment":[{"href":"https:\/\/pos.uel.br\/historiasocial\/wp-json\/wp\/v2\/media?parent=45"}],"curies":[{"name":"wp","href":"https:\/\/api.w.org\/{rel}","templated":true}]}}