{"id":33,"date":"2021-04-29T12:41:13","date_gmt":"2021-04-29T15:41:13","guid":{"rendered":"https:\/\/pos.uel.br\/historiasocial\/?page_id=33"},"modified":"2025-08-15T09:41:44","modified_gmt":"2025-08-15T12:41:44","slug":"regimento-resolucoes-e-normas","status":"publish","type":"page","link":"https:\/\/pos.uel.br\/historiasocial\/regimento-resolucoes-e-normas\/","title":{"rendered":"Regimento, resolu\u00e7\u00f5es e normas"},"content":{"rendered":"\n<figure class=\"wp-block-image size-large is-resized\"><img loading=\"lazy\" decoding=\"async\" width=\"1024\" height=\"721\" src=\"https:\/\/pos.uel.br\/historiasocial\/wp-content\/uploads\/2021\/06\/F07-NF-34659_tif-1024x721.jpg\" alt=\"\" class=\"wp-image-191\" style=\"aspect-ratio:1.420265780730897;width:604px;height:auto\" srcset=\"https:\/\/pos.uel.br\/historiasocial\/wp-content\/uploads\/2021\/06\/F07-NF-34659_tif-1024x721.jpg 1024w, https:\/\/pos.uel.br\/historiasocial\/wp-content\/uploads\/2021\/06\/F07-NF-34659_tif-300x211.jpg 300w, https:\/\/pos.uel.br\/historiasocial\/wp-content\/uploads\/2021\/06\/F07-NF-34659_tif-768x541.jpg 768w, https:\/\/pos.uel.br\/historiasocial\/wp-content\/uploads\/2021\/06\/F07-NF-34659_tif.jpg 1028w\" sizes=\"auto, (max-width: 1024px) 100vw, 1024px\" \/><figcaption class=\"wp-element-caption\">Kimiye Tommasino. Aldeia Barreiro. TIApucaraninha. 1989. Acervo do Museu Hist\u00f3rico de Londrina. (detalhe)<br><\/figcaption><\/figure>\n\n\n\n<p><strong><em>Regulamento dos Programas de P\u00f3s-Gradua\u00e7\u00e3o Stricto Sensu da Universidade Estadual de Londrina:<\/em><\/strong><\/p>\n\n\n\n<div class=\"wp-block-file\"><a href=\"https:\/\/pos.uel.br\/historiasocial\/wp-content\/uploads\/2021\/06\/Regulamento-Geral-PROPPG.pdf\">Regulamento-Geral-PROPPG<\/a><a href=\"https:\/\/pos.uel.br\/historiasocial\/wp-content\/uploads\/2021\/06\/Regulamento-Geral-PROPPG.pdf\" class=\"wp-block-file__button wp-element-button\" download>Baixar<\/a><\/div>\n\n\n\n<p><em><strong>Regimento do Programa de P\u00f3s-Gradua\u00e7\u00e3o em Hist\u00f3ria Social (PPGHS)<\/strong><\/em><\/p>\n\n\n\n<div class=\"wp-block-file\"><a id=\"wp-block-file--media-4d1401f7-d81d-4a74-a14b-c81eb6e99c80\" href=\"https:\/\/pos.uel.br\/historiasocial\/wp-content\/uploads\/2025\/06\/Resol-CEPE-24-2025-Regimento-PPG-Historia-Social.pdf\">Regimento 2025<\/a><a href=\"https:\/\/pos.uel.br\/historiasocial\/wp-content\/uploads\/2025\/06\/Resol-CEPE-24-2025-Regimento-PPG-Historia-Social.pdf\" class=\"wp-block-file__button wp-element-button\" download aria-describedby=\"wp-block-file--media-4d1401f7-d81d-4a74-a14b-c81eb6e99c80\">Baixar<\/a><\/div>\n\n\n\n<div class=\"wp-block-file\"><a href=\"https:\/\/pos.uel.br\/historiasocial\/wp-content\/uploads\/2021\/06\/Regimento-do-Programa-2019.pdf\">Regimento-do-Programa-2019<\/a><a href=\"https:\/\/pos.uel.br\/historiasocial\/wp-content\/uploads\/2021\/06\/Regimento-do-Programa-2019.pdf\" class=\"wp-block-file__button wp-element-button\" download>Baixar<\/a><\/div>\n\n\n\n<p><em><strong>Normas, formul\u00e1rios e instru\u00e7\u00f5es para Defesa com Banca Remota <\/strong><\/em><\/p>\n\n\n\n<div class=\"wp-block-file\"><a href=\"https:\/\/pos.uel.br\/historiasocial\/wp-content\/uploads\/2021\/06\/IS-PROPPG-001-Defesa-Remota.pdf\">IS-PROPPG-001-Defesa-Remota<\/a><a href=\"https:\/\/pos.uel.br\/historiasocial\/wp-content\/uploads\/2021\/06\/IS-PROPPG-001-Defesa-Remota.pdf\" class=\"wp-block-file__button wp-element-button\" download>Baixar<\/a><\/div>\n\n\n\n<div class=\"wp-block-file\"><a href=\"https:\/\/pos.uel.br\/historiasocial\/wp-content\/uploads\/2021\/06\/formularios-para-defesa-ATA.doc\">formularios-para-defesa-ATA<\/a><a href=\"https:\/\/pos.uel.br\/historiasocial\/wp-content\/uploads\/2021\/06\/formularios-para-defesa-ATA.doc\" class=\"wp-block-file__button wp-element-button\" download>Baixar<\/a><\/div>\n\n\n\n<div class=\"wp-block-file\"><a href=\"https:\/\/pos.uel.br\/historiasocial\/wp-content\/uploads\/2021\/06\/formulario-para-defesa-Anexo-IIA.doc\">formulario-para-defesa-Anexo-IIA<\/a><a href=\"https:\/\/pos.uel.br\/historiasocial\/wp-content\/uploads\/2021\/06\/formulario-para-defesa-Anexo-IIA.doc\" class=\"wp-block-file__button wp-element-button\" download>Baixar<\/a><\/div>\n\n\n\n<div class=\"wp-block-file\"><a href=\"https:\/\/pos.uel.br\/historiasocial\/wp-content\/uploads\/2021\/06\/formularios-para-defesa-Anexo-IIB.doc\">formularios-para-defesa-Anexo-IIB<\/a><a href=\"https:\/\/pos.uel.br\/historiasocial\/wp-content\/uploads\/2021\/06\/formularios-para-defesa-Anexo-IIB.doc\" class=\"wp-block-file__button wp-element-button\" download>Baixar<\/a><\/div>\n\n\n\n<p><\/p>\n","protected":false},"excerpt":{"rendered":"<p>Regulamento dos Programas de P\u00f3s-Gradua\u00e7\u00e3o Stricto Sensu da Universidade Estadual de Londrina: Regimento do Programa de P\u00f3s-Gradua\u00e7\u00e3o em Hist\u00f3ria Social (PPGHS) Normas, formul\u00e1rios e instru\u00e7\u00f5es para Defesa com Banca Remota<\/p>\n","protected":false},"author":7,"featured_media":0,"parent":0,"menu_order":0,"comment_status":"closed","ping_status":"closed","template":"","meta":{"footnotes":""},"class_list":["post-33","page","type-page","status-publish","hentry"],"_links":{"self":[{"href":"https:\/\/pos.uel.br\/historiasocial\/wp-json\/wp\/v2\/pages\/33","targetHints":{"allow":["GET"]}}],"collection":[{"href":"https:\/\/pos.uel.br\/historiasocial\/wp-json\/wp\/v2\/pages"}],"about":[{"href":"https:\/\/pos.uel.br\/historiasocial\/wp-json\/wp\/v2\/types\/page"}],"author":[{"embeddable":true,"href":"https:\/\/pos.uel.br\/historiasocial\/wp-json\/wp\/v2\/users\/7"}],"replies":[{"embeddable":true,"href":"https:\/\/pos.uel.br\/historiasocial\/wp-json\/wp\/v2\/comments?post=33"}],"version-history":[{"count":8,"href":"https:\/\/pos.uel.br\/historiasocial\/wp-json\/wp\/v2\/pages\/33\/revisions"}],"predecessor-version":[{"id":1457,"href":"https:\/\/pos.uel.br\/historiasocial\/wp-json\/wp\/v2\/pages\/33\/revisions\/1457"}],"wp:attachment":[{"href":"https:\/\/pos.uel.br\/historiasocial\/wp-json\/wp\/v2\/media?parent=33"}],"curies":[{"name":"wp","href":"https:\/\/api.w.org\/{rel}","templated":true}]}}