{"id":31,"date":"2021-04-29T12:41:13","date_gmt":"2021-04-29T15:41:13","guid":{"rendered":"https:\/\/pos.uel.br\/historiasocial\/?page_id=31"},"modified":"2025-06-09T17:18:48","modified_gmt":"2025-06-09T20:18:48","slug":"corpo-docente","status":"publish","type":"page","link":"https:\/\/pos.uel.br\/historiasocial\/corpo-docente\/","title":{"rendered":"Corpo docente"},"content":{"rendered":"\n<figure class=\"wp-block-image size-large is-resized\"><img loading=\"lazy\" decoding=\"async\" width=\"1024\" height=\"396\" src=\"https:\/\/pos.uel.br\/historiasocial\/wp-content\/uploads\/2021\/06\/PASSEIO-PESCARIA_150CM_final_60x495-1024x396.jpg\" alt=\"\" class=\"wp-image-83\" style=\"width:686px;height:auto\" srcset=\"https:\/\/pos.uel.br\/historiasocial\/wp-content\/uploads\/2021\/06\/PASSEIO-PESCARIA_150CM_final_60x495-1024x396.jpg 1024w, https:\/\/pos.uel.br\/historiasocial\/wp-content\/uploads\/2021\/06\/PASSEIO-PESCARIA_150CM_final_60x495-300x116.jpg 300w, https:\/\/pos.uel.br\/historiasocial\/wp-content\/uploads\/2021\/06\/PASSEIO-PESCARIA_150CM_final_60x495-768x297.jpg 768w, https:\/\/pos.uel.br\/historiasocial\/wp-content\/uploads\/2021\/06\/PASSEIO-PESCARIA_150CM_final_60x495-1536x593.jpg 1536w, https:\/\/pos.uel.br\/historiasocial\/wp-content\/uploads\/2021\/06\/PASSEIO-PESCARIA_150CM_final_60x495-2048x791.jpg 2048w\" sizes=\"auto, (max-width: 1024px) 100vw, 1024px\" \/><figcaption class=\"wp-element-caption\">George. C. Smith. Pescaria. d\u00e9c. 1920. Acervo do Museu Hist\u00f3rico de Londrina. (detalhe)<\/figcaption><\/figure>\n\n\n\n<p><strong>Coordena\u00e7\u00e3o (2021-2023)<\/strong><\/p>\n\n\n\n<p>Claudio Luiz DeNipoti (Coordenador)<\/p>\n\n\n\n<p>M\u00f4nica Selvatici (Vice-coordenadora)<\/p>\n\n\n\n<p>Cl\u00e1udia Eliane Parreiras Marques Martinez (representante docente)<\/p>\n\n\n\n<p><\/p>\n\n\n\n<p><strong>Comiss\u00e3o de Avalia\u00e7\u00e3o<\/strong><\/p>\n\n\n\n<p>Rivail Carvalho Rolim <\/p>\n\n\n\n<p>Francisco C\u00e9sar Alvez Ferraz&nbsp;<\/p>\n\n\n\n<p>Richard Gon\u00e7alves Andr\u00e9&nbsp;<\/p>\n\n\n\n<p>MATHEUS PELAQUIM SILVA (Representante discente)<\/p>\n\n\n\n<p>Vinicius Augusto Andrade de Assis (Representante dos egressos)<\/p>\n\n\n\n<p><strong>Comiss\u00e3o de Bolsas<\/strong><\/p>\n\n\n\n<p>Alexandre Fiuza<br>Cl\u00e1udia Eliane Parreiras Marques Martinez<br>Francisco C\u00e9sar Alvez Ferraz<br>Lukas Grzybowski (suplente)<br>MATHEUS PELAQUIM SILVA (representante discente).<br>VANDER FELIPE ORTIZ DOS SANTOS (representante discente &#8211; suplente)<\/p>\n\n\n\n<p><strong>CORPO DOCENTE<\/strong><\/p>\n\n\n\n<p><strong>Permanentes<\/strong><\/p>\n\n\n\n<figure class=\"wp-block-table\"><table class=\"has-fixed-layout\"><tbody><tr><td>Nome<\/td><td>\u00c1rea de interesse<\/td><td>Grupos de pesquisa<\/td><td>Informa\u00e7\u00f5es adicionais<\/td><\/tr><tr><td><strong><a href=\"http:\/\/lattes.cnpq.br\/5432939945934180\">Alexandre Fiuza<\/a><\/strong><\/td><td><em>Ensino de Hist\u00f3ria e Linguagens Art\u00edsticas no \u00e2mbito das ditaduras ibero-americanas; ensino de hist\u00f3ria e hist\u00f3ria da m\u00fasica popular ibero-americana no s\u00e9culo XX-XXI.<\/em><\/td><td><a href=\"http:\/\/dgp.cnpq.br\/dgp\/espelhogrupo\/8325636732850938\" data-type=\"link\" data-id=\"http:\/\/dgp.cnpq.br\/dgp\/espelhogrupo\/8325636732850938\">Hist\u00f3ria e historiografia na educa\u00e7\u00e3o<\/a> (UNIOESTE)<\/td><td><a href=\"mailto:alefiuza@uel.br\">alefiuza@uel.br<\/a> <br><a href=\"https:\/\/orcid.org\/0000-0003-2270-6816\">Orcid<\/a> <br><a href=\"https:\/\/scholar.google.com.br\/citations?user=gRCRpIsAAAAJ&amp;hl=pt-BR%20https:\/\/dialnet.unirioja.es\/servlet\/autor?codigo=1225405\">Google Acad\u00eamico<\/a><\/td><\/tr><tr><td><strong><a href=\"http:\/\/buscatextual.cnpq.br\/buscatextual\/visualizacv.do?id=K4759969A5\" target=\"_blank\" rel=\"noreferrer noopener\">Alfredo dos Santos Oliva<\/a>&nbsp;<\/strong><\/td><td><em>Teoria da hist\u00f3ria foucaultiana, hist\u00f3ria e historiografia do cristianismo primitivo.<\/em><\/td><td><a href=\"http:\/\/dgp.cnpq.br\/dgp\/faces\/consulta\/consulta_parametrizada.jsf#\">Deleuze\/Guattari e Foucault, elos e resson\u00e2ncias<\/a> (UNESP)<\/td><td><a href=\"mailto:alfredoliva@uel.br\">alfredoliva@uel.br<\/a><br><a href=\"https:\/\/orcid.org\/0000-0002-1071-6016\" data-type=\"link\" data-id=\"https:\/\/orcid.org\/0000-0002-1071-6016\">Orcid<\/a><\/td><\/tr><tr><td><strong><a href=\"http:\/\/buscatextual.cnpq.br\/buscatextual\/visualizacv.do?id=K4728106U3\">Angelita Marques Visalli&nbsp;<\/a><\/strong><\/td><td><em>Idade M\u00e9dia; Cultura Visual Medieval; Iconografia Franciscana.<\/em><\/td><td><\/td><td><a href=\"mailto:visalli@uel.br\">visalli@uel.br<\/a><br><a href=\"https:\/\/www.researchgate.net\/profile\/Angelita-Visalli\" data-type=\"link\" data-id=\"https:\/\/www.researchgate.net\/profile\/Angelita-Visalli\">Research Gate<\/a><br><a href=\"https:\/\/orcid.org\/0000-0001-7406-5980\" data-type=\"link\" data-id=\"https:\/\/orcid.org\/0000-0001-7406-5980\">Orcid<\/a><\/td><\/tr><tr><td><strong><a href=\"http:\/\/buscatextual.cnpq.br\/buscatextual\/visualizacv.do?id=K4130274T7\">Carolina Amaral de Aguiar&nbsp;<\/a><\/strong><\/td><td><em>Hist\u00f3ria da Am\u00e9rica; Hist\u00f3ria e Cinema; Hist\u00f3ria da Arte; Ditaduras; Cultura e Pol\u00edtica.<\/em><\/td><td><a href=\"http:\/\/dgp.cnpq.br\/dgp\/faces\/consulta\/consulta_parametrizada.jsf#\">Hist\u00f3ria e Audiovisual: circularidades e formas de comunica\u00e7\u00e3o<\/a> (USP)<\/td><td><a href=\"mailto:carolina.aguiar@uel.br\">carolina.aguiar@uel.br<\/a><br><a href=\"https:\/\/universidadeestadualdelondrina.academia.edu\/CarolinaAmaraldeAguiar\" target=\"_blank\" rel=\"noreferrer noopener\">Academia<\/a> <br><a href=\"https:\/\/scholar.google.com.br\/citations?user=3W4o0aMAAAAJ&amp;hl=pt-BR\" target=\"_blank\" rel=\"noreferrer noopener\">Google Acad\u00eamico<\/a><br><a href=\"https:\/\/www.researchgate.net\/profile\/Carolina-Aguiar-14\" data-type=\"link\" data-id=\"https:\/\/www.researchgate.net\/profile\/Carolina-Aguiar-14\">Research Gate<\/a><br><a href=\"https:\/\/orcid.org\/0000-0003-1447-1527\" data-type=\"link\" data-id=\"https:\/\/orcid.org\/0000-0003-1447-1527\">Orcid<\/a><\/td><\/tr><tr><td><strong><a href=\"http:\/\/buscatextual.cnpq.br\/buscatextual\/visualizacv.do?id=K4709869Z3\" target=\"_blank\" rel=\"noreferrer noopener\">Cl\u00e1udia Eliane Parreiras Marques Martinez<\/a><\/strong><\/td><td><em>Cultura material, patrim\u00f4nio cultural, museu e arte barroca<\/em><\/td><td><a href=\"http:\/\/dgp.cnpq.br\/dgp\/faces\/consulta\/consulta_parametrizada.jsf#\">CEIbero &#8211; Cultura e Educa\u00e7\u00e3o nos Imp\u00e9rios Ib\u00e9ricos<\/a> (UFMG)<br><br><a href=\"http:\/\/dgp.cnpq.br\/dgp\/faces\/consulta\/consulta_parametrizada.jsf#\">Hist\u00f3ria, Cultura Material e Arte<\/a> (UEL)<\/td><td><a href=\"mailto:cepmartinez@uel.br\">cepmartinez@uel.br<\/a><br><a href=\"https:\/\/orcid.org\/0000-0002-3540-6460\" data-type=\"link\" data-id=\"https:\/\/orcid.org\/0000-0002-3540-6460\">Orcid<\/a><\/td><\/tr><tr><td><strong><a href=\"http:\/\/buscatextual.cnpq.br\/buscatextual\/visualizacv.do?id=K4799787D4\" target=\"_blank\" rel=\"noreferrer noopener\">Cl\u00e1udio DeNipoti<\/a><\/strong><\/td><td><em>Hist\u00f3ria da leitura, teoria da hist\u00f3ria e hist\u00f3ria da cultura<\/em>, <em>imp\u00e9rio portugu\u00eas, iluminismo<\/em><\/td><td><a href=\"http:\/\/dgp.cnpq.br\/dgp\/faces\/consulta\/consulta_parametrizada.jsf#\">CEIbero &#8211; Cultura e Educa\u00e7\u00e3o nos Imp\u00e9rios Ib\u00e9ricos<\/a> (UFMG)<br><br><a href=\"http:\/\/dgp.cnpq.br\/dgp\/faces\/consulta\/consulta_parametrizada.jsf#\">Hist\u00f3ria, Cultura Material e Arte<\/a> (UEL)<\/td><td><a href=\"mailto:denipoti@uel.br\">denipoti@uel.br<\/a> <br><a href=\"https:\/\/uepg.academia.edu\/Cl%C3%A1udioDeNipoti\" target=\"_blank\" rel=\"noreferrer noopener\">Academia<\/a> <br><a href=\"https:\/\/scholar.google.com.br\/citations?user=EK_84jAAAAAJ&amp;hl=pt-BR\" target=\"_blank\" rel=\"noreferrer noopener\">Google Acad\u00eamico<\/a> <br><a href=\"https:\/\/www.researchgate.net\/profile\/Claudio_Denipoti\" target=\"_blank\" rel=\"noreferrer noopener\">Research Gate<\/a> <br><a href=\"http:\/\/orcid.org\/0000-0002-0862-5203\" target=\"_blank\" rel=\"noreferrer noopener\">Orcid<\/a><\/td><\/tr><tr><td><strong><a href=\"http:\/\/buscatextual.cnpq.br\/buscatextual\/visualizacv.do?id=K4782344D1\">Francisco C\u00e9sar Alvez Ferraz<\/a>&nbsp;<\/strong><\/td><td><em>For\u00e7as armadas e sociedade, Segunda Guerra Mundial, For\u00e7a Expedicion\u00e1ria Brasileira, hist\u00f3ria dos Estados Unidos, pol\u00edticas sociais.<\/em><\/td><td><a href=\"http:\/\/dgp.cnpq.br\/dgp\/faces\/consulta\/consulta_parametrizada.jsf#\">Estudos Pol\u00edticos e Militares Contempor\u00e2neos<\/a> (UEL)<\/td><td><a href=\"mailto:fcaferraz@uel.br\">fcaferraz@uel.br<\/a><br><a href=\"https:\/\/www.researchgate.net\/profile\/Francisco-Ferraz-4\" data-type=\"link\" data-id=\"https:\/\/www.researchgate.net\/profile\/Francisco-Ferraz-4\">Research Gate<\/a><br><a href=\"https:\/\/orcid.org\/0000-0002-2840-2074\" data-type=\"link\" data-id=\"https:\/\/orcid.org\/0000-0002-2840-2074\">Orcid<\/a><\/td><\/tr><tr><td><strong><a href=\"http:\/\/lattes.cnpq.br\/6248251258332201\">Jean Moreno<\/a><\/strong><\/td><td><em>Ensino de Hist\u00f3ria; interculturalidade; interseccionalidade (g\u00eanero, ra\u00e7a, classe); decolonialidade, livros did\u00e1ticos, cinema, m\u00fasica \/ can\u00e7\u00e3o; Did\u00e1tica da Hist\u00f3ria; curr\u00ed\u00adculos de Hist\u00f3ria; Hist\u00f3ria do Ensino de Hist\u00f3ria; identidades e afetos sociais.<\/em><\/td><td><a href=\"http:\/\/dgp.cnpq.br\/dgp\/faces\/consulta\/consulta_parametrizada.jsf#\">Grupo de Estudos em Did\u00e1tica da Hist\u00f3ria &#8211; GEDHI<\/a> (UEPG)<br><br><a href=\"http:\/\/dgp.cnpq.br\/dgp\/faces\/consulta\/consulta_parametrizada.jsf#\">N\u00facleo de Pesquisa em Did\u00e1tica da Hist\u00f3ria e Interculturalidade Cr\u00edtica (NUPEDHIC)<\/a> (UEM)<\/td><td><a href=\"mailto:jeanmoreno09@gmail.com\">jeanmoreno09@gmail.com<\/a> <br><a href=\"http:\/\/orcid.org\/0000-0002-8781-9590\">Orcid<\/a> <br><a href=\"https:\/\/scholar.google.com\/citations?user=2b0Bix4AAAAJ&amp;hl=pt-BR\">Google Acad\u00eamico<\/a><br><a href=\"https:\/\/www.researchgate.net\/profile\/Jean-Moreno-4\" data-type=\"link\" data-id=\"https:\/\/www.researchgate.net\/profile\/Jean-Moreno-4\">Research Gate<\/a><\/td><\/tr><tr><td><strong><a href=\"http:\/\/buscatextual.cnpq.br\/buscatextual\/visualizacv.do?id=K4785306Z9\" target=\"_blank\" rel=\"noreferrer noopener\">Jos\u00e9 Miguel Arias Neto<\/a>&nbsp;<\/strong><\/td><td><em>Hist\u00f3ria do Brasil Imp\u00e9rio,Hist\u00f3ria Moderna e Contempor\u00e2nea, hist\u00f3ria das guerras, estudos culturais, pol\u00edtica e m\u00eddia<\/em><\/td><td><a href=\"http:\/\/dgp.cnpq.br\/dgp\/faces\/consulta\/consulta_parametrizada.jsf#\">Democracia, Militares e a Esquerda Militar<\/a>(UNESP)<br><a href=\"http:\/\/dgp.cnpq.br\/dgp\/faces\/consulta\/consulta_parametrizada.jsf#\">Estudos Culturais, Pol\u00edtica e M\u00eddia<\/a><br>(UEL)<\/td><td><a href=\"mailto:jneto@uel.br\">jneto@uel.br<\/a><br><a href=\"https:\/\/www.researchgate.net\/profile\/Jose-Arias-Neto\" data-type=\"link\" data-id=\"https:\/\/www.researchgate.net\/profile\/Jose-Arias-Neto\">Research Gate<\/a><br><a href=\"https:\/\/orcid.org\/0000-0002-7247-1296\" data-type=\"link\" data-id=\"https:\/\/orcid.org\/0000-0002-7247-1296\">Orcid<\/a><\/td><\/tr><tr><td><strong><a href=\"http:\/\/lattes.cnpq.br\/9470193514863846\">Lukas&nbsp;Grzybowski&nbsp;<\/a><\/strong><\/td><td><em>Hist\u00f3ria e Historiografia medieval (VIII-XIII); Escandinav\u00edstica medieval (VIII-XIV); Pensamento pol\u00edtico medieval (VIII-XII); Recep\u00e7\u00e3o e ressignifica\u00e7\u00e3o da Idade M\u00e9dia.&nbsp;<\/em><\/td><td><a href=\"http:\/\/dgp.cnpq.br\/dgp\/espelhogrupo\/2736970395812781\">LEM &#8211; Leituras da Escandin\u00e1via Medieval<\/a> (UEL) &#8211; L\u00edder<br><a href=\"http:\/\/dgp.cnpq.br\/dgp\/espelhogrupo\/3866559164950649\">N\u00facleo de Estudos Mediterr\u00e2nicos<\/a> (UFPR)<br><a href=\"http:\/\/dgp.cnpq.br\/dgp\/espelhogrupo\/2502896630666511\">Cultura e Poder<\/a> (UFPR)<\/td><td><a href=\"mailto:lukas.grzybowski@uel.br\">lukas.grzybowski@uel.br<\/a><br><a href=\"https:\/\/universidadeestadualdelondrina.academia.edu\/LukasGrzybowski\">Academia<\/a><br><a href=\"https:\/\/www.researchgate.net\/profile\/Lukas_Grzybowski\">Research Gate<\/a> <br><a href=\"https:\/\/orcid.org\/0000-0002-5573-1922\">Orcid<\/a><\/td><\/tr><tr><td><strong><a href=\"http:\/\/buscatextual.cnpq.br\/buscatextual\/visualizacv.do?id=K4126717Z8\" target=\"_blank\" rel=\"noreferrer noopener\">Maria Renata da Cruz Duran<\/a><\/strong><\/td><td><em>Ret\u00f3rica e literatura na transi\u00e7\u00e3o da modernidade para a contemporaneidade; orat\u00f3ria sagrada dos s\u00e9culos XVI-XIX, pol\u00edticas p\u00fablicas em tecnologias educacionais e humanidades digitais nos s\u00e9culos XX e XXI.<\/em><\/td><td><a href=\"http:\/\/dgp.cnpq.br\/dgp\/faces\/consulta\/consulta_parametrizada.jsf#\">Pol\u00edtica, tecnologia e educa\u00e7\u00e3o<\/a> (UEL)<br><br><a href=\"http:\/\/dgp.cnpq.br\/dgp\/faces\/consulta\/consulta_parametrizada.jsf#\">Ret\u00f3rica, ci\u00eancia e literatura da modernidade \u00e0 contempor\u00e2neidade<\/a> (UEL)<\/td><td><a href=\"mailto:mrcduran@uel.br\">mrcduran@uel.br <\/a><br><a href=\"https:\/\/www.researchgate.net\/profile\/Maria-Renata-Da-Cruz-Duran-Duran\" target=\"_blank\" rel=\"noreferrer noopener\">Research Gate<\/a> <br><a href=\"https:\/\/universidadeestadualdelondrina.academia.edu\/MariaRenataDuran%20https:\/\/orcid.org\/0000-0003-1949-4103\">Academia<\/a> <br><a href=\"https:\/\/orcid.org\/0000-0003-1949-4103\" data-type=\"link\" data-id=\"https:\/\/orcid.org\/0000-0003-1949-4103\">Orcid<\/a><\/td><\/tr><tr><td><a href=\"http:\/\/lattes.cnpq.br\/5308910884125246\" data-type=\"link\" data-id=\"http:\/\/lattes.cnpq.br\/5308910884125246\"><strong>M\u00e1rcio Santos de Santana<\/strong><\/a><\/td><td><em>(i) Teoria e metodologia da Hist\u00f3ria; (ii) Historiografia e raz\u00e3o hist\u00f3rica; (iii) Atores e sujeitos, identidades e subjetiva\u00e7\u00f5es; (iv) As idades da vida e a historicidade; (v) Hist\u00f3ria e Rela\u00e7\u00f5es Internacionais.<\/em><\/td><td><a href=\"http:\/\/dgp.cnpq.br\/dgp\/espelhogrupo\/6863449845885411\" data-type=\"link\" data-id=\"dgp.cnpq.br\/dgp\/espelhogrupo\/6863449845885411\">[Theoria\/Philosophia] Estudos Interdisciplinares em Teoria e Filosofia da Hist\u00f3ria&nbsp;<br><\/a><\/td><td><a href=\"mailto:msantana@uel.br\">msantana@uel.br<\/a><br><a href=\"https:\/\/orcid.org\/0000-0002-4131-217X\" data-type=\"link\" data-id=\"https:\/\/orcid.org\/0000-0002-4131-217X\">Orcid iD\u00a0<br><\/a><a href=\"https:\/\/scholar.google.com.br\/citations?user=-BPXoK0AAAAJ&amp;hl=pt-BR\" data-type=\"link\" data-id=\"https:\/\/scholar.google.com.br\/citations?user=-BPXoK0AAAAJ&amp;hl=pt-BR\">Google Acad\u00eamico\u00a0<\/a><\/td><\/tr><tr><td><strong><a href=\"http:\/\/buscatextual.cnpq.br\/buscatextual\/visualizacv.do?id=K4779906P7\" target=\"_blank\" rel=\"noreferrer noopener\">Monica Selvatici<\/a><\/strong><\/td><td><em>Juda\u00edsmo e cristianismo no Imp\u00e9rio Romano, atua\u00e7\u00e3o dos crist\u00e3os judaizantes nos s\u00e9culos I e II d.C.<\/em><\/td><td><a href=\"http:\/\/dgp.cnpq.br\/dgp\/faces\/consulta\/consulta_parametrizada.jsf#\">Arqueologia hist\u00f3rica<\/a> (UNICAMP)<br><br><a href=\"http:\/\/dgp.cnpq.br\/dgp\/faces\/consulta\/consulta_parametrizada.jsf#\">Hist\u00f3ria, Sociedade e Religi\u00e3o<\/a> (UEL)<\/td><td><a href=\"mailto:mselvatici@uel.br\">mselvatici@uel.br<\/a> <br><a href=\"https:\/\/universidadeestadualdelondrina.academia.edu\/MonicaSelvatici\">Academia<\/a><br><a href=\"https:\/\/www.researchgate.net\/profile\/Monica-Selvatici\" data-type=\"link\" data-id=\"https:\/\/www.researchgate.net\/profile\/Monica-Selvatici\">Research Gate<\/a><br><a href=\"https:\/\/orcid.org\/0000-0002-8684-1753\" data-type=\"link\" data-id=\"https:\/\/orcid.org\/0000-0002-8684-1753\">Orcid<\/a><\/td><\/tr><tr><td><strong><a href=\"http:\/\/buscatextual.cnpq.br\/buscatextual\/visualizacv.do?id=K4764888P2\" target=\"_blank\" rel=\"noreferrer noopener\">Richard Gon\u00e7alves Andr\u00e9<\/a>&nbsp;<\/strong><\/td><td><em>Metodologia e t\u00e9cnica de pesquisa, hist\u00f3ria ambiental, hist\u00f3ria das religi\u00f5es (com \u00eanfase em religi\u00f5es japonesas), imigra\u00e7\u00e3o japonesa, fontes imag\u00e9ticas (principalmente fotogr\u00e1ficas) e cultura material.<\/em><\/td><td><a href=\"http:\/\/dgp.cnpq.br\/dgp\/faces\/consulta\/consulta_parametrizada.jsf#\">CERAL- Centro de Estudo de Religi\u00f5es Alternativas de Origem Oriental<\/a> (PUC\/SP)<br><br><a href=\"http:\/\/dgp.cnpq.br\/dgp\/faces\/consulta\/consulta_parametrizada.jsf#\">Grupo de Estudos de Fotografia Japonesa Kaigen<\/a> (UEL)<br><br><a href=\"http:\/\/dgp.cnpq.br\/dgp\/faces\/consulta\/consulta_parametrizada.jsf#\">Laborat\u00f3rio de Pesquisa sobre Culturas Orientais (LAPECO)<\/a> (UEL)<br><br><a href=\"http:\/\/dgp.cnpq.br\/dgp\/faces\/consulta\/consulta_parametrizada.jsf#\">O fen\u00f4meno religioso em Londrina: hist\u00f3ria e historiografia<\/a> (UEL)<\/td><td><a href=\"mailto:richard_andre@uel.br\">richard_andre@uel.br<\/a> <br><a href=\"https:\/\/universidadeestadualdelondrina.academia.edu\/RichardAndr%C3%A9\" target=\"_blank\" rel=\"noreferrer noopener\">Academia<\/a><br><a href=\"https:\/\/orcid.org\/0000-0001-8492-4259\" data-type=\"link\" data-id=\"https:\/\/orcid.org\/0000-0001-8492-4259\">Orcid<\/a><\/td><\/tr><tr><td><strong><a href=\"http:\/\/buscatextual.cnpq.br\/buscatextual\/visualizacv.do?id=K4708003J4\" target=\"_blank\" rel=\"noreferrer noopener\">&nbsp;Rivail Carvalho Rolim<\/a>&nbsp;<\/strong><\/td><td><em>Institui\u00e7\u00f5es, cultura jur\u00eddica, pol\u00edcia, direitos humanos, cidadania.<\/em><\/td><td><a href=\"http:\/\/dgp.cnpq.br\/dgp\/faces\/consulta\/consulta_parametrizada.jsf#\">Laborat\u00f3rio de Estudos sobre Governan\u00e7a da Seguran\u00e7a &#8211; LEGS<\/a> (UEL)<\/td><td><a href=\"mailto:rivailrolim@uel.br\">rivailrolim@uel.br<\/a><br><a href=\"https:\/\/orcid.org\/0000-0002-3048-7978\" data-type=\"link\" data-id=\"https:\/\/orcid.org\/0000-0002-3048-7978\">Orcid<\/a><\/td><\/tr><tr><td><strong><a href=\"http:\/\/buscatextual.cnpq.br\/buscatextual\/visualizacv.do?id=K4123481D2\" target=\"_blank\" rel=\"noreferrer noopener\">Ronaldo Cardoso Alves<\/a>&nbsp;<\/strong><\/td><td><em>Hist\u00f3ria do ensino de hist\u00f3ria, narrativas, fontes hist\u00f3ricas no aprendizado hist\u00f3rico, pol\u00edticas p\u00fablicas, forma\u00e7\u00e3o de professores, materiais did\u00e1ticos<\/em><\/td><td><a href=\"http:\/\/dgp.cnpq.br\/dgp\/faces\/consulta\/consulta_parametrizada.jsf#\">Centro de Tecnologias e Humanidades &#8211; UNESP &#8211; #Veredas_Digitais<\/a> (UNESP)<br><br><a href=\"http:\/\/dgp.cnpq.br\/dgp\/faces\/consulta\/consulta_parametrizada.jsf#\">Grupo de Estudos e Pesquisas em Educa\u00e7\u00e3o de Jovens e Adultos &#8211; GEPEJA<\/a> (UNESP)<br><br><a href=\"http:\/\/dgp.cnpq.br\/dgp\/faces\/consulta\/consulta_parametrizada.jsf#\">Laborat\u00f3rio de Estudos e Pesquisas em Did\u00e1tica da Hist\u00f3ria &#8211; LEPEDIH<\/a> (UNESP)<\/td><td><a href=\"mailto:ronaldoc_br@yahoo.com.br\">ronaldoc_br@yahoo.com.br<\/a><br><a href=\"https:\/\/orcid.org\/0000-0002-9466-9965\" data-type=\"link\" data-id=\"https:\/\/orcid.org\/0000-0002-9466-9965\">Orcid<\/a><\/td><\/tr><tr><td><strong><a href=\"http:\/\/buscatextual.cnpq.br\/buscatextual\/visualizacv.do?id=K4799691P6\" target=\"_blank\" rel=\"noreferrer noopener\">Silvia Cristina Martins de Souza<\/a><\/strong><\/td><td><em>hist\u00f3ria, cultura, m\u00fasica, pol\u00edtica, literatura e teatro fluminenses do s\u00e9culo XIX<\/em><\/td><td><a href=\"http:\/\/dgp.cnpq.br\/dgp\/faces\/consulta\/consulta_parametrizada.jsf#\">Hist\u00f3ria Social da Arte<\/a> (UFPA)<\/td><td><a href=\"mailto:smartins@uel.br\">smartins@uel.br<\/a><br><\/td><\/tr><tr><td><strong><a href=\"http:\/\/lattes.cnpq.br\/3497875179823124\">Wander de Lara Proen\u00e7a<\/a><\/strong><\/td><td><em>Hist\u00f3ria cultural, movimentos religiosos contempor\u00e2neos e hist\u00f3ria e historiografia do Paran\u00e1.<strong>&nbsp;<\/strong><\/em><\/td><td><a href=\"http:\/\/dgp.cnpq.br\/dgp\/faces\/consulta\/consulta_parametrizada.jsf#\">O fen\u00f4meno religioso em Londrina: hist\u00f3ria e historiografia<\/a> (UEL)<\/td><td><a href=\"mailto:wander@uel.br\">wander@uel.br<\/a> <br><a href=\"https:\/\/orcid.org\/0000-0002-5974-5571\" target=\"_blank\" rel=\"noreferrer noopener\">Orcid<\/a><\/td><\/tr><tr><td><strong>COLABORADORES<\/strong><\/td><td><\/td><td><\/td><td><\/td><\/tr><tr><td><a href=\"http:\/\/lattes.cnpq.br\/8461184416774373\" data-type=\"link\" data-id=\"http:\/\/lattes.cnpq.br\/8461184416774373\"><strong>Andr\u00e9 Lopes Ferreira<\/strong><\/a><\/td><td><em>Hist\u00f3ria da Am\u00e9rica Latina, especialmente nos temas: partidos pol\u00edticos, democracia crist\u00e3, comunismo, luta armada e ditadura militar.<strong>&nbsp;<\/strong><\/em><\/td><td><\/td><td><a href=\"mailto:alfamerica@uel.br\">alfamerica@uel.br<\/a><\/td><\/tr><tr><td><a href=\"http:\/\/lattes.cnpq.br\/1966745656154021\" data-type=\"link\" data-id=\"http:\/\/lattes.cnpq.br\/1966745656154021\"><strong>Dora Shellard  Correa<\/strong><\/a><\/td><td>hist\u00f3ria ambiental, historiografia, hist\u00f3ria e paisagem.<\/td><td><\/td><td><a href=\"mailto:dshellard@uel.br\">dshellard@uel.br<\/a><br><a href=\"https:\/\/www.researchgate.net\/profile\/Dora-Shellard-Correa-3\" data-type=\"link\" data-id=\"https:\/\/www.researchgate.net\/profile\/Dora-Shellard-Correa-3\">Research Gate<\/a><br><a href=\"https:\/\/orcid.org\/0000-0001-7443-4838\" data-type=\"link\" data-id=\"https:\/\/orcid.org\/0000-0001-7443-4838\">Orcid<\/a><\/td><\/tr><tr><td><strong><a href=\"http:\/\/lattes.cnpq.br\/5132804060560336\" data-type=\"link\" data-id=\"http:\/\/lattes.cnpq.br\/5132804060560336\">Edm\u00e9ia Aparecida Ribeiro<\/a><\/strong><\/td><td>Hist\u00f3ria da Am\u00e9rica hisp\u00e2nica.<\/td><td><a href=\"http:\/\/dgp.cnpq.br\/dgp\/faces\/consulta\/consulta_parametrizada.jsf#\">N\u00facleo de Estudos de Hist\u00f3ria da Am\u00e9rica Latina<\/a> (UNESP)<\/td><td><a href=\"mailto:edmeialondrina@uel.br\">edmeialondrina@uel.br<\/a><br><a href=\"https:\/\/orcid.org\/0009-0002-5232-5459\" data-type=\"link\" data-id=\"https:\/\/orcid.org\/0009-0002-5232-5459\">Orcid<\/a><\/td><\/tr><\/tbody><\/table><\/figure>\n\n\n","protected":false},"excerpt":{"rendered":"<p>Coordena\u00e7\u00e3o (2021-2023) Claudio Luiz DeNipoti (Coordenador) M\u00f4nica Selvatici (Vice-coordenadora) Cl\u00e1udia Eliane Parreiras Marques Martinez (representante docente) Comiss\u00e3o de Avalia\u00e7\u00e3o Rivail Carvalho Rolim Francisco C\u00e9sar Alvez Ferraz&nbsp; Richard Gon\u00e7alves Andr\u00e9&nbsp; MATHEUS PELAQUIM SILVA (Representante discente) Vinicius Augusto Andrade de Assis (Representante dos egressos) Comiss\u00e3o de Bolsas Alexandre FiuzaCl\u00e1udia Eliane Parreiras Marques MartinezFrancisco C\u00e9sar Alvez FerrazLukas Grzybowski [&hellip;]<\/p>\n","protected":false},"author":7,"featured_media":0,"parent":0,"menu_order":0,"comment_status":"closed","ping_status":"closed","template":"","meta":{"footnotes":""},"class_list":["post-31","page","type-page","status-publish","hentry"],"_links":{"self":[{"href":"https:\/\/pos.uel.br\/historiasocial\/wp-json\/wp\/v2\/pages\/31","targetHints":{"allow":["GET"]}}],"collection":[{"href":"https:\/\/pos.uel.br\/historiasocial\/wp-json\/wp\/v2\/pages"}],"about":[{"href":"https:\/\/pos.uel.br\/historiasocial\/wp-json\/wp\/v2\/types\/page"}],"author":[{"embeddable":true,"href":"https:\/\/pos.uel.br\/historiasocial\/wp-json\/wp\/v2\/users\/7"}],"replies":[{"embeddable":true,"href":"https:\/\/pos.uel.br\/historiasocial\/wp-json\/wp\/v2\/comments?post=31"}],"version-history":[{"count":37,"href":"https:\/\/pos.uel.br\/historiasocial\/wp-json\/wp\/v2\/pages\/31\/revisions"}],"predecessor-version":[{"id":1422,"href":"https:\/\/pos.uel.br\/historiasocial\/wp-json\/wp\/v2\/pages\/31\/revisions\/1422"}],"wp:attachment":[{"href":"https:\/\/pos.uel.br\/historiasocial\/wp-json\/wp\/v2\/media?parent=31"}],"curies":[{"name":"wp","href":"https:\/\/api.w.org\/{rel}","templated":true}]}}