{"id":24,"date":"2021-04-29T12:31:44","date_gmt":"2021-04-29T15:31:44","guid":{"rendered":"https:\/\/pos.uel.br\/historiasocial\/?page_id=24"},"modified":"2026-03-27T15:46:56","modified_gmt":"2026-03-27T18:46:56","slug":"mestrado","status":"publish","type":"page","link":"https:\/\/pos.uel.br\/historiasocial\/mestrado\/","title":{"rendered":"Mestrado"},"content":{"rendered":"\n<p>Mestrado em Hist\u00f3ria Social<\/p>\n\n\n\n<figure class=\"wp-block-image size-large\"><img loading=\"lazy\" decoding=\"async\" width=\"1024\" height=\"471\" src=\"https:\/\/pos.uel.br\/historiasocial\/wp-content\/uploads\/2021\/06\/George-Craig-Smith-funcionario-da-Fazenda-Santa-Emilia-e-seu-cao-viralata-chamado-Jupiter_-Fotografo-desconhecido_-1929_-Acervo-Museu-Historico-de-Londrina_-2-1024x471.jpg\" alt=\"\" class=\"wp-image-202\" srcset=\"https:\/\/pos.uel.br\/historiasocial\/wp-content\/uploads\/2021\/06\/George-Craig-Smith-funcionario-da-Fazenda-Santa-Emilia-e-seu-cao-viralata-chamado-Jupiter_-Fotografo-desconhecido_-1929_-Acervo-Museu-Historico-de-Londrina_-2-1024x471.jpg 1024w, https:\/\/pos.uel.br\/historiasocial\/wp-content\/uploads\/2021\/06\/George-Craig-Smith-funcionario-da-Fazenda-Santa-Emilia-e-seu-cao-viralata-chamado-Jupiter_-Fotografo-desconhecido_-1929_-Acervo-Museu-Historico-de-Londrina_-2-300x138.jpg 300w, https:\/\/pos.uel.br\/historiasocial\/wp-content\/uploads\/2021\/06\/George-Craig-Smith-funcionario-da-Fazenda-Santa-Emilia-e-seu-cao-viralata-chamado-Jupiter_-Fotografo-desconhecido_-1929_-Acervo-Museu-Historico-de-Londrina_-2-768x353.jpg 768w, https:\/\/pos.uel.br\/historiasocial\/wp-content\/uploads\/2021\/06\/George-Craig-Smith-funcionario-da-Fazenda-Santa-Emilia-e-seu-cao-viralata-chamado-Jupiter_-Fotografo-desconhecido_-1929_-Acervo-Museu-Historico-de-Londrina_-2-1536x707.jpg 1536w, https:\/\/pos.uel.br\/historiasocial\/wp-content\/uploads\/2021\/06\/George-Craig-Smith-funcionario-da-Fazenda-Santa-Emilia-e-seu-cao-viralata-chamado-Jupiter_-Fotografo-desconhecido_-1929_-Acervo-Museu-Historico-de-Londrina_-2-2048x942.jpg 2048w\" sizes=\"auto, (max-width: 1024px) 100vw, 1024px\" \/><figcaption class=\"wp-element-caption\">s\/i. George Craig Smith e seu c\u00e3o. 1929. Acervo do Museu Hist\u00f3rico de Londrina. (detalhe)<br><\/figcaption><\/figure>\n\n\n\n<p><strong>COMISS\u00c3O COORDENADORA<\/strong> &#8211; 2025-2027<\/p>\n\n\n\n<div class=\"wp-block-columns is-layout-flex wp-container-core-columns-is-layout-9d6595d7 wp-block-columns-is-layout-flex\">\n<div class=\"wp-block-column is-layout-flow wp-block-column-is-layout-flow\" style=\"flex-basis:100%\">\n<figure class=\"wp-block-table\"><table><tbody><tr><td><strong>Coordenador<\/strong><\/td><td>Lukas Gabriel Grzybowski<\/td><\/tr><tr><td><strong>Vice-Coordenador<\/strong><\/td><td>Alexandre Fiuza<\/td><\/tr><tr><td><strong>Rep. Docente<\/strong><\/td><td>Cl\u00e1udia Eliane Parreiras Marques Martinez<\/td><\/tr><tr><td><strong>Rep. Discente<\/strong><\/td><td>Patrick Eduardo de Barros<\/td><\/tr><\/tbody><\/table><\/figure>\n<\/div>\n<\/div>\n\n\n\n<p>2023-2025<\/p>\n\n\n\n<figure class=\"wp-block-table\"><table><tbody><tr><td><strong>Coordenador<\/strong><\/td><td>Cl\u00e1udio DeNipoti&nbsp;<\/td><\/tr><tr><td><strong>Vice-coordenadora<\/strong><\/td><td>Monica Selvatici<\/td><\/tr><tr><td><strong>Rep. Docente<\/strong><\/td><td>Cl\u00e1udia Eliane Parreiras Marques Martinez<\/td><\/tr><tr><td><strong>Rep. Discente<\/strong><\/td><td>Daniel Almeida da Silva Junior<\/td><\/tr><\/tbody><\/table><\/figure>\n\n\n\n<p><strong>COMISS\u00c3O DE BOLSAS&nbsp;<\/strong><\/p>\n\n\n\n<figure class=\"wp-block-table\"><table><tbody><tr><td><strong>Docente<\/strong><\/td><td><br>Alexandre Fiuza<\/td><\/tr><tr><td><strong>Docente<\/strong><\/td><td>Cl\u00e1udia Eliane Parreiras Marques Martinez<\/td><\/tr><tr><td><strong>Docente&nbsp;<\/strong><\/td><td>Francisco C\u00e9sar Alvez Ferraz<\/td><\/tr><tr><td><strong>Docente&nbsp;<\/strong>(suplente)<\/td><td>Lukas Grzybowski<\/td><\/tr><tr><td><strong>Discente&nbsp;<\/strong><\/td><td>Guilherme Tavares Lopes Balau<\/td><\/tr><tr><td><strong>Discente <\/strong>(suplente)<\/td><td>Thereza Cristina de Oliveira e Silva<\/td><\/tr><\/tbody><\/table><\/figure>\n\n\n\n<div data-wp-interactive=\"core\/file\" class=\"wp-block-file\"><object data-wp-bind--hidden=\"!state.hasPdfPreview\" hidden class=\"wp-block-file__embed\" data=\"https:\/\/pos.uel.br\/historiasocial\/wp-content\/uploads\/2023\/08\/resolucao-001-23.pdf\" type=\"application\/pdf\" style=\"width:100%;height:600px\" aria-label=\"Incorporado de resolucao-001-23.\"><\/object><a id=\"wp-block-file--media-d28b48cb-df92-4417-9b2a-74a10cd706d3\" href=\"https:\/\/pos.uel.br\/historiasocial\/wp-content\/uploads\/2023\/08\/resolucao-001-23.pdf\">resolucao-001-23<\/a><a href=\"https:\/\/pos.uel.br\/historiasocial\/wp-content\/uploads\/2023\/08\/resolucao-001-23.pdf\" class=\"wp-block-file__button wp-element-button\" download aria-describedby=\"wp-block-file--media-d28b48cb-df92-4417-9b2a-74a10cd706d3\">Baixar<\/a><\/div>\n","protected":false},"excerpt":{"rendered":"<p>Mestrado em Hist\u00f3ria Social COMISS\u00c3O COORDENADORA &#8211; 2025-2027 Coordenador Lukas Gabriel Grzybowski Vice-Coordenador Alexandre Fiuza Rep. Docente Cl\u00e1udia Eliane Parreiras Marques Martinez Rep. Discente Patrick Eduardo de Barros 2023-2025 Coordenador Cl\u00e1udio DeNipoti&nbsp; Vice-coordenadora Monica Selvatici Rep. Docente Cl\u00e1udia Eliane Parreiras Marques Martinez Rep. Discente Daniel Almeida da Silva Junior COMISS\u00c3O DE BOLSAS&nbsp; Docente Alexandre Fiuza [&hellip;]<\/p>\n","protected":false},"author":7,"featured_media":0,"parent":0,"menu_order":0,"comment_status":"closed","ping_status":"closed","template":"","meta":{"footnotes":""},"class_list":["post-24","page","type-page","status-publish","hentry"],"_links":{"self":[{"href":"https:\/\/pos.uel.br\/historiasocial\/wp-json\/wp\/v2\/pages\/24","targetHints":{"allow":["GET"]}}],"collection":[{"href":"https:\/\/pos.uel.br\/historiasocial\/wp-json\/wp\/v2\/pages"}],"about":[{"href":"https:\/\/pos.uel.br\/historiasocial\/wp-json\/wp\/v2\/types\/page"}],"author":[{"embeddable":true,"href":"https:\/\/pos.uel.br\/historiasocial\/wp-json\/wp\/v2\/users\/7"}],"replies":[{"embeddable":true,"href":"https:\/\/pos.uel.br\/historiasocial\/wp-json\/wp\/v2\/comments?post=24"}],"version-history":[{"count":9,"href":"https:\/\/pos.uel.br\/historiasocial\/wp-json\/wp\/v2\/pages\/24\/revisions"}],"predecessor-version":[{"id":1496,"href":"https:\/\/pos.uel.br\/historiasocial\/wp-json\/wp\/v2\/pages\/24\/revisions\/1496"}],"wp:attachment":[{"href":"https:\/\/pos.uel.br\/historiasocial\/wp-json\/wp\/v2\/media?parent=24"}],"curies":[{"name":"wp","href":"https:\/\/api.w.org\/{rel}","templated":true}]}}