{"id":210,"date":"2021-06-23T11:15:13","date_gmt":"2021-06-23T14:15:13","guid":{"rendered":"https:\/\/pos.uel.br\/historiasocial\/?page_id=210"},"modified":"2021-06-23T11:15:13","modified_gmt":"2021-06-23T14:15:13","slug":"infraestrutura","status":"publish","type":"page","link":"https:\/\/pos.uel.br\/historiasocial\/infraestrutura\/","title":{"rendered":"Infraestrutura"},"content":{"rendered":"\n<p><strong>Instituto de Refer\u00eancia em Ci\u00eancias Humanas (IRCH).<\/strong><strong><\/strong><\/p>\n\n\n\n<p>Possui sede pr\u00f3pria e composto por laborat\u00f3rios e \u00f3rg\u00e3os de apoio. Visa desenvolver a excel\u00eancia no ensino, pesquisa e extens\u00e3o do CLCH. Abriga o Centro de Documenta\u00e7\u00e3o e Pesquisa Hist\u00f3rica; os Laborat\u00f3rios de Ensino de Hist\u00f3ria, de L\u00ednguas e dos Estudos dos Dom\u00ednios da Imagem e as salas de projetos de pesquisa e extens\u00e3o de diversos cursos do centro.<\/p>\n\n\n\n<p><strong><a href=\"http:\/\/www.uel.br\/cch\/cdph\/portal\/\" target=\"_blank\" rel=\"noreferrer noopener\">N\u00facleo de Documenta\u00e7\u00e3o e Pesquisa Hist\u00f3rica (NDPH)<\/a><\/strong><\/p>\n\n\n\n<p>O NDPH tem por tema e acervo a Hist\u00f3ria Regional\/Local: O Norte do Paran\u00e1, mas seu acervo est\u00e1 aberto \u00e0s aquisi\u00e7\u00f5es documentais dos projetos desenvolvidos por docentes e discentes do PPGHS, atendendo suas linhas de pesquisa. O NDPH promove exposi\u00e7\u00f5es, cursos de capacita\u00e7\u00e3o e treinamento na gest\u00e3o de documenta\u00e7\u00e3o arquivistica, pol\u00edticas de conserva\u00e7\u00e3o, preserva\u00e7\u00e3o e reparos de documentos; incentiva a capacita\u00e7\u00e3o do quadro de funcion\u00e1rios; recebe estagi\u00e1rios dos cursos de Hist\u00f3ria e de Ci\u00eancias da Computa\u00e7\u00e3o; envolve alunos de gradua\u00e7\u00e3o em Hist\u00f3ria, Engenharia da Produ\u00e7\u00e3o, Arquivologia, Arquitetura e Engenharia Civil nas atividades internas.<\/p>\n\n\n\n<p><strong><a href=\"http:\/\/www.uel.br\/laboratorios\/labhis\/\">Laborat\u00f3rio de Ensino de Hist\u00f3ria<\/a><\/strong><\/p>\n\n\n\n<p>Visa proporcionar educa\u00e7\u00e3o continuada e a atualiza\u00e7\u00e3o a profissionais de hist\u00f3ria do ensino fundamental e m\u00e9dio; criar espa\u00e7o de discuss\u00f5es te\u00f3rico-metodol\u00f3gicas, trocas de experi\u00eancia e forma\u00e7\u00e3o profissional aos graduandos do curso de Hist\u00f3ria, professores de Hist\u00f3ria do ensino fundamental e m\u00e9dio e da rede municipal de ensino de 1\u00aa a 4\u00aa s\u00e9ries; orientar professores do ensino fundamental e m\u00e9dio na elabora\u00e7\u00e3o de recursos did\u00e1ticos pedag\u00f3gicos; elaborar recursos did\u00e1ticos pedag\u00f3gicos para utiliza\u00e7\u00e3o dos professores do ensino fundamental e m\u00e9dio.<\/p>\n\n\n\n<p><strong><a href=\"http:\/\/www.uel.br\/cch\/his\/ledi\/\" target=\"_blank\" rel=\"noreferrer noopener\">Laborat\u00f3rio de Estudos dos Dom\u00ednios da Imagem &#8211; LEDI<\/a><\/strong><\/p>\n\n\n\n<p>Visa a inter-rela\u00e7\u00e3o entre pesquisa cient\u00edfica e demanda da comunidade, por meio de atividades culturais e cient\u00edficas; acesso \u00e0s pesquisas do LEDI; integrar pesquisadores de diferentes \u00e1reas e n\u00edveis, que tenham a imagem como fonte de pesquisa; oferecer aos professores do ensino M\u00e9dio e Fundamental novas possibilidades pr\u00e1ticas, te\u00f3ricas e pedag\u00f3gicas de abordagem; ministrar cursos de extens\u00e3o; realizar encontros cient\u00edficos internacionais, nacionais e regionais; estabelecer p\u00f3lo de refer\u00eancia para estudo dos dom\u00ednios da imagem na Hist\u00f3ria e produzir material para exposi\u00e7\u00f5es itinerantes<\/p>\n\n\n\n<p><strong><a href=\"http:\/\/www.uel.br\/museu\/\" target=\"_blank\" rel=\"noreferrer noopener\">Museu Hist\u00f3rico de Londrina (MHL)<\/a><\/strong><\/p>\n\n\n\n<p>Visa desenvolver a\u00e7\u00f5es de resgate, preserva\u00e7\u00e3o e divulga\u00e7\u00e3o do patrim\u00f4nio cultural de Londrina e regi\u00e3o, procurando tornar vis\u00edvel a trajet\u00f3ria hist\u00f3rica de sua sociedade; dar suporte ao ensino, pesquisa e extens\u00e3o; promover a reflex\u00e3o cr\u00edtica da realidade hist\u00f3rica, contribuindo para a renova\u00e7\u00e3o e melhoria da qualidade de vida e da dimens\u00e3o cultural da popula\u00e7\u00e3o<\/p>\n\n\n\n<p><strong><a href=\"http:\/\/www.uel.br\/laboratorios\/religiosidade\/pages\/apresentacao.php\" target=\"_blank\" rel=\"noreferrer noopener\">Laborat\u00f3rio de Estudos sobre Religi\u00f5es e Religiosidades \u2013 LERR<\/a><\/strong><\/p>\n\n\n\n<p>Busca consolidar a linha de pesquisa Cultura, Representa\u00e7\u00f5es e Religiosidades atrav\u00e9s de a\u00e7\u00f5es de ensino, pesquisa e extens\u00e3o que agreguem discentes do curso de Hist\u00f3ria, de outros cursos e a comunidade externa. Desenvolve 5 projetos de pesquisa com financiamento de alunos pesquisadores por meio de bolsa de Inicia\u00e7\u00e3o Cient\u00edfica (CNPq, Funda\u00e7\u00e3o Arauc\u00e1ria e UEL).&nbsp;&nbsp; Tem acervo pr\u00f3prio composto por dois fundos abertos para a pesquisa: Cole\u00e7\u00e3o LERR e a Cole\u00e7\u00e3o Judaica&nbsp; (CDPH\/UEL)<\/p>\n","protected":false},"excerpt":{"rendered":"<p>Instituto de Refer\u00eancia em Ci\u00eancias Humanas (IRCH). Possui sede pr\u00f3pria e composto por laborat\u00f3rios e \u00f3rg\u00e3os de apoio. Visa desenvolver a excel\u00eancia no ensino, pesquisa e extens\u00e3o do CLCH. Abriga o Centro de Documenta\u00e7\u00e3o e Pesquisa Hist\u00f3rica; os Laborat\u00f3rios de Ensino de Hist\u00f3ria, de L\u00ednguas e dos Estudos dos Dom\u00ednios da Imagem e as salas [&hellip;]<\/p>\n","protected":false},"author":9,"featured_media":0,"parent":0,"menu_order":0,"comment_status":"closed","ping_status":"closed","template":"","meta":{"footnotes":""},"class_list":["post-210","page","type-page","status-publish","hentry"],"_links":{"self":[{"href":"https:\/\/pos.uel.br\/historiasocial\/wp-json\/wp\/v2\/pages\/210","targetHints":{"allow":["GET"]}}],"collection":[{"href":"https:\/\/pos.uel.br\/historiasocial\/wp-json\/wp\/v2\/pages"}],"about":[{"href":"https:\/\/pos.uel.br\/historiasocial\/wp-json\/wp\/v2\/types\/page"}],"author":[{"embeddable":true,"href":"https:\/\/pos.uel.br\/historiasocial\/wp-json\/wp\/v2\/users\/9"}],"replies":[{"embeddable":true,"href":"https:\/\/pos.uel.br\/historiasocial\/wp-json\/wp\/v2\/comments?post=210"}],"version-history":[{"count":1,"href":"https:\/\/pos.uel.br\/historiasocial\/wp-json\/wp\/v2\/pages\/210\/revisions"}],"predecessor-version":[{"id":211,"href":"https:\/\/pos.uel.br\/historiasocial\/wp-json\/wp\/v2\/pages\/210\/revisions\/211"}],"wp:attachment":[{"href":"https:\/\/pos.uel.br\/historiasocial\/wp-json\/wp\/v2\/media?parent=210"}],"curies":[{"name":"wp","href":"https:\/\/api.w.org\/{rel}","templated":true}]}}