{"id":170,"date":"2021-06-23T10:19:05","date_gmt":"2021-06-23T13:19:05","guid":{"rendered":"https:\/\/pos.uel.br\/historiasocial\/?page_id=170"},"modified":"2021-06-23T10:29:08","modified_gmt":"2021-06-23T13:29:08","slug":"credenciamento-recredenciamento","status":"publish","type":"page","link":"https:\/\/pos.uel.br\/historiasocial\/sobre-o-programa\/credenciamento-recredenciamento\/","title":{"rendered":"Credenciamento\/Recredenciamento"},"content":{"rendered":"\n<p><strong>UNIVERSIDADE ESTADUAL DE LONDRINA<\/strong><\/p>\n\n\n\n<p><strong>CENTRO DE LETRAS E CI\u00caNCIAS HUMANAS<\/strong><\/p>\n\n\n\n<p><strong>DEPARTAMENTO DE HIST\u00d3RIA<\/strong><\/p>\n\n\n\n<p><strong>PROGRAMA DE P\u00d3S-GRADUA\u00c7\u00c3O EM HIST\u00d3RIA SOCIAL<\/strong><\/p>\n\n\n\n<p>Regulamenta o credenciamento e o recredenciamento dos Docentes Permanentes do Programa de P\u00f3s-Gradua\u00e7\u00e3o em Hist\u00f3ria Social (PPGHS).<\/p>\n\n\n\n<p>Do credenciamento<\/p>\n\n\n\n<p>Art. 1\u00ba &#8211; Para ser credenciado como docente permanente do Programa de P\u00f3s-Gradua\u00e7\u00e3o em Hist\u00f3ria Social o solicitante dever\u00e1 atender os seguintes crit\u00e9rios:<\/p>\n\n\n\n<p>a &#8211; Participar em projeto de pesquisa em andamento, na condi\u00e7\u00e3o de coordenador, aprovado pela PROPPG\/UEL ou por ag\u00eancia de fomento estadual, nacional ou internacional;<\/p>\n\n\n\n<p>b &#8211; Estar vinculado a grupo(s) de pesquisa cadastrado(s) no CNPq;<\/p>\n\n\n\n<p>c &#8211; Exercer atividades de doc\u00eancia na gradua\u00e7\u00e3o;<\/p>\n\n\n\n<p>d &#8211; Apresentar o Curr\u00edculo Lattes atualizado, referente aos \u00faltimos quatro anos;<\/p>\n\n\n\n<p>e &#8211; Apresentar a Ficha de Pontua\u00e7\u00e3o da produ\u00e7\u00e3o devidamente preenchida, em conson\u00e2ncia com as informa\u00e7\u00f5es constantes do Curr\u00edculo Lattes.<\/p>\n\n\n\n<p>f &#8211; Comprovar produ\u00e7\u00e3o bibliogr\u00e1fica quadrienal igual ou superior a 350 (trezentos e cinquenta) pontos, sendo 50% (cinquenta por cento) obrigatoriamente em revistas qualificadas no estrato \u201cA\u201d pelo Qualis Peri\u00f3dicos e\/ou livros autorais, organiza\u00e7\u00e3o de livros e cap\u00edtulos de livros qualificados pelo Qualis Livro.<\/p>\n\n\n\n<p>Art. 2\u00ba &#8211; O processo de credenciamento tomar\u00e1 como base de avalia\u00e7\u00e3o os \u00faltimos 4 (quatro) anos de produ\u00e7\u00e3o cient\u00edfica do docente solicitante.<\/p>\n\n\n\n<p>Do recredenciamento<\/p>\n\n\n\n<p>Art. 3\u00ba &#8211; Em conformidade com o Art. 18 do presente Regimento Geral do Programa de P\u00f3s-Gradua\u00e7\u00e3o em Hist\u00f3ria Social, uma vez por ano a Comiss\u00e3o Coordenadora, com aux\u00edlio do Colegiado do PPGHS, efetuar\u00e1 o processo de recredenciamento dos docentes permanentes do Programa.<\/p>\n\n\n\n<p>Art. 4\u00ba &#8211; O processo de recredenciamento de docentes ser\u00e1 aberto por Edital, emitido pela Coordena\u00e7\u00e3o do Programa, conforme crit\u00e9rios previamente estabelecidos por esta Regulamenta\u00e7\u00e3o.<\/p>\n\n\n\n<p>Art. 5\u00ba &#8211; O processo de recredenciamento tomar\u00e1 como base de avalia\u00e7\u00e3o os \u00faltimos 4 (quatro) anos de produ\u00e7\u00e3o cient\u00edficas e demais atividades no Programa, efetuados pelo Docente Permanente.<\/p>\n\n\n\n<p>Art. 6\u00b0 &#8211; O processo de recredenciamento dos docentes dever\u00e1 atender aos seguintes crit\u00e9rios:<\/p>\n\n\n\n<p>b) Participar em projeto de pesquisa em andamento, na condi\u00e7\u00e3o de Coordenador, aprovado pela PROPPG\/UEL ou por ag\u00eancia de fomento estadual, nacional ou internacional;<\/p>\n\n\n\n<p>c) Estar vinculado a grupo(s) de pesquisa cadastrado(s) no CNPq;<\/p>\n\n\n\n<p>d) Exercer atividades de doc\u00eancia na gradua\u00e7\u00e3o;<\/p>\n\n\n\n<p>e) Apresentar o Curr\u00edculo Lattes atualizado, referente aos \u00faltimos quatro anos;<\/p>\n\n\n\n<p>f) Apresentar a Ficha de Pontua\u00e7\u00e3o da Produ\u00e7\u00e3o devidamente preenchida, em conson\u00e2ncia com as informa\u00e7\u00f5es constantes do Curr\u00edculo Lattes. A ficha de Pontua\u00e7\u00e3o ser\u00e1 emitida e divulgada anualmente no Edital de Recredenciamento, conforme estabelecido no Art. 2\u00ba;<\/p>\n\n\n\n<p>g) Comprovar produ\u00e7\u00e3o bibliogr\u00e1fica quadrienal igual ou superior a 350 (trezentos e cinquenta) pontos, sendo 50% (cinquenta por cento) obrigatoriamente em revistas qualificadas no extrato &#8220;A&#8221; pelo Qualis Peri\u00f3dicos e\/ou livros autorais, organiza\u00e7\u00e3o de livros e cap\u00edtulos de livros qualificados pelo Qualis Livro.&nbsp;<\/p>\n\n\n\n<p>Art. 7\u00ba &#8211; Caber\u00e1 \u00e0 Comiss\u00e3o Coordenadora atribuir pontua\u00e7\u00e3o \u00e0 produ\u00e7\u00e3o bibliogr\u00e1fica que n\u00e3o tiver definida, no momento do processo de credenciamento e recredenciamento, pelo Comit\u00ea de \u00c1rea da CAPES. Para este fim, ser\u00e3o tomados como base os crit\u00e9rios contidos em documentos emitidos por aquele Comit\u00ea.<\/p>\n\n\n\n<p>\u00a7 1\u00ba Do resultado da Comiss\u00e3o de Avalia\u00e7\u00e3o do PPGHS caber\u00e1 recurso, interposto \u00e0 Comiss\u00e3o Coordenadora.<\/p>\n\n\n\n<p>Art. 8\u00b0 &#8211; Formalizado o descredenciamento, em caso de haver orienta\u00e7\u00e3o em andamento, o docente poder\u00e1, autorizado pelo Colegiado do Programa, assumir a condi\u00e7\u00e3o de professor colaborador, em car\u00e1ter tempor\u00e1rio, at\u00e9 a defesa das disserta\u00e7\u00f5es sob a sua orienta\u00e7\u00e3o, dentro dos prazos m\u00e1ximos definidos pela Coordena\u00e7\u00e3o do Programa.<\/p>\n\n\n\n<p>Art. 9\u00b0 &#8211; Os docentes descredenciados do programa poder\u00e3o requerer novo credenciamento desde que apresentem produ\u00e7\u00e3o compat\u00edvel com as metas do programa de acordo com todos os crit\u00e9rios deste Anexo.<\/p>\n\n\n\n<p>Art. 10\u00b0 &#8211; Toda documenta\u00e7\u00e3o de que trata esta Regulamenta\u00e7\u00e3o dever\u00e1 ser dirigida \u00e0 coordena\u00e7\u00e3o do PPGHS, para abertura do referido processo.<\/p>\n\n\n\n<p>Art. 11\u00b0 &#8211; A Coordena\u00e7\u00e3o do PPGHS informar\u00e1 oficialmente ao(s) solicitante(s) o resultado da solicita\u00e7\u00e3o de credenciamento\/recredenciamento, bem como \u00e0 PROPPG, para provid\u00eancias devidas.<\/p>\n\n\n\n<p>Art. 12\u00ba &#8211; Da abertura do processo interno at\u00e9 a sua finaliza\u00e7\u00e3o, os prazos devem respeitar o calend\u00e1rio da institui\u00e7\u00e3o para a oferta de disciplina e de vagas para orienta\u00e7\u00e3o.<\/p>\n\n\n\n<p>Art. 13 &#8211; Caber\u00e1 ao Colegiado do Programa a decis\u00e3o sobre os casos omissos e os recursos interpostos em decorr\u00eancia da aplica\u00e7\u00e3o desta Regulamenta\u00e7\u00e3o.<\/p>\n\n\n\n<p>Art. 14 &#8211; Esta Regulamenta\u00e7\u00e3o entrar\u00e1 em vigor na data de publica\u00e7\u00e3o da presente resolu\u00e7\u00e3o, sendo revogadas as disposi\u00e7\u00f5es em contr\u00e1rio.<\/p>\n\n\n\n<div class=\"wp-block-file\"><a href=\"https:\/\/pos.uel.br\/historiasocial\/wp-content\/uploads\/2021\/06\/Tabela-credenciamento.doc\">Tabela-credenciamento<\/a><a href=\"https:\/\/pos.uel.br\/historiasocial\/wp-content\/uploads\/2021\/06\/Tabela-credenciamento.doc\" class=\"wp-block-file__button\" download>Baixar<\/a><\/div>\n","protected":false},"excerpt":{"rendered":"<p>UNIVERSIDADE ESTADUAL DE LONDRINA CENTRO DE LETRAS E CI\u00caNCIAS HUMANAS DEPARTAMENTO DE HIST\u00d3RIA PROGRAMA DE P\u00d3S-GRADUA\u00c7\u00c3O EM HIST\u00d3RIA SOCIAL Regulamenta o credenciamento e o recredenciamento dos Docentes Permanentes do Programa de P\u00f3s-Gradua\u00e7\u00e3o em Hist\u00f3ria Social (PPGHS). Do credenciamento Art. 1\u00ba &#8211; Para ser credenciado como docente permanente do Programa de P\u00f3s-Gradua\u00e7\u00e3o em Hist\u00f3ria Social o [&hellip;]<\/p>\n","protected":false},"author":9,"featured_media":0,"parent":8,"menu_order":0,"comment_status":"closed","ping_status":"closed","template":"","meta":{"footnotes":""},"class_list":["post-170","page","type-page","status-publish","hentry"],"_links":{"self":[{"href":"https:\/\/pos.uel.br\/historiasocial\/wp-json\/wp\/v2\/pages\/170","targetHints":{"allow":["GET"]}}],"collection":[{"href":"https:\/\/pos.uel.br\/historiasocial\/wp-json\/wp\/v2\/pages"}],"about":[{"href":"https:\/\/pos.uel.br\/historiasocial\/wp-json\/wp\/v2\/types\/page"}],"author":[{"embeddable":true,"href":"https:\/\/pos.uel.br\/historiasocial\/wp-json\/wp\/v2\/users\/9"}],"replies":[{"embeddable":true,"href":"https:\/\/pos.uel.br\/historiasocial\/wp-json\/wp\/v2\/comments?post=170"}],"version-history":[{"count":3,"href":"https:\/\/pos.uel.br\/historiasocial\/wp-json\/wp\/v2\/pages\/170\/revisions"}],"predecessor-version":[{"id":177,"href":"https:\/\/pos.uel.br\/historiasocial\/wp-json\/wp\/v2\/pages\/170\/revisions\/177"}],"up":[{"embeddable":true,"href":"https:\/\/pos.uel.br\/historiasocial\/wp-json\/wp\/v2\/pages\/8"}],"wp:attachment":[{"href":"https:\/\/pos.uel.br\/historiasocial\/wp-json\/wp\/v2\/media?parent=170"}],"curies":[{"name":"wp","href":"https:\/\/api.w.org\/{rel}","templated":true}]}}