{"id":13,"date":"2021-04-29T12:28:13","date_gmt":"2021-04-29T15:28:13","guid":{"rendered":"https:\/\/pos.uel.br\/historiasocial\/?page_id=13"},"modified":"2025-03-31T14:43:15","modified_gmt":"2025-03-31T17:43:15","slug":"estrutura-curricular","status":"publish","type":"page","link":"https:\/\/pos.uel.br\/historiasocial\/estrutura-curricular\/","title":{"rendered":"Estrutura curricular"},"content":{"rendered":"\n<p>A)&nbsp;&nbsp;O programa ter\u00e1 a dura\u00e7\u00e3o m\u00ednima de 2 (dois) per\u00edodos letivos e a m\u00e1xima de 4 (quatro) per\u00edodos letivos.<\/p>\n\n\n\n<p>B) Estrutura curricular<\/p>\n\n\n\n<p>O aluno de <strong>mestrado <\/strong>dever\u00e1 completar 56 (cinquenta e seis) cr\u00e9ditos correspondentes a 840 (oitocentas e quarenta) horas, assim distribu\u00eddos:&nbsp;<\/p>\n\n\n\n<p>1 \u2013 08 (oito) cr\u00e9ditos nas disciplinas obrigat\u00f3rias da \u00e1rea de concentra\u00e7\u00e3o;<\/p>\n\n\n\n<p>2 \u2013 08 (oito) cr\u00e9ditos em disciplinas eletivas e\/ou atividades especiais;<\/p>\n\n\n\n<p>3 \u2013 40 (quarenta) cr\u00e9ditos em disserta\u00e7\u00e3o de Mestrado<\/p>\n\n\n\n<p>\u00a7 1o. Organiza\u00e7\u00e3o curricular do mestrado:<\/p>\n\n\n\n<ol class=\"wp-block-list\">\n<li>Disciplinas Obrigat\u00f3rias<\/li>\n<\/ol>\n\n\n\n<figure class=\"wp-block-table\"><table class=\"has-fixed-layout\"><tbody><tr><td><em>Disciplina<\/em><\/td><td>Cr\u00e9ditos<\/td><td>CH<\/td><\/tr><tr><td>Teoria da Hist\u00f3ria e Historiografia<\/td><td>4<\/td><td>60h<\/td><\/tr><tr><td>Semin\u00e1rio de pesquisa I<\/td><td>4<\/td><td>60h<\/td><\/tr><\/tbody><\/table><\/figure>\n\n\n\n<ol start=\"2\" class=\"wp-block-list\">\n<li>Disciplinas Eletivas<\/li>\n<\/ol>\n\n\n\n<figure class=\"wp-block-table\"><table class=\"has-fixed-layout\"><tbody><tr><td><em>Disciplina<\/em><\/td><td><em>cr\u00e9ditos<\/em><\/td><td><em>carga hor\u00e1ria<\/em><\/td><\/tr><tr><td>T\u00f3picos especiais em hist\u00f3ria<\/td><td>Vari\u00e1veis<\/td><td>Vari\u00e1vel<\/td><\/tr><\/tbody><\/table><\/figure>\n\n\n\n<ol start=\"3\" class=\"wp-block-list\">\n<li>Atividades Especiais<\/li>\n<\/ol>\n\n\n\n<figure class=\"wp-block-table\"><table class=\"has-fixed-layout\"><tbody><tr><td><em>Disciplina<\/em><\/td><td><em>cr\u00e9ditos<\/em><\/td><td><em>Carga hor\u00e1ria<\/em><\/td><\/tr><tr><td>Atividades Especiais I<\/td><td>04<\/td><td>60hs<\/td><\/tr><tr><td>Atividades Especiais II<\/td><td>02<\/td><td>30hs<\/td><\/tr><\/tbody><\/table><\/figure>\n\n\n\n<p>Observa\u00e7\u00e3o: O aluno poder\u00e1 aproveitar os cr\u00e9ditos referentes \u00e0s Atividades Especiais I ou II para as disciplinas eletivas em n\u00famero n\u00e3o superior a 4 (quatro) cr\u00e9ditos<\/p>\n\n\n\n<ol start=\"4\" class=\"wp-block-list\">\n<li>Disserta\u00e7\u00e3o de mestrado<\/li>\n<\/ol>\n\n\n\n<figure class=\"wp-block-table\"><table class=\"has-fixed-layout\"><tbody><tr><td><em>Disciplina<\/em><\/td><td><em>cr\u00e9ditos<\/em><\/td><td><em>Carga hor\u00e1ria<\/em><\/td><\/tr><tr><td>Disserta\u00e7\u00e3o I<\/td><td>10<\/td><td>150h<\/td><\/tr><tr><td>Disserta\u00e7\u00e3o II<\/td><td>10<\/td><td>150h<\/td><\/tr><tr><td>Disserta\u00e7\u00e3o III<\/td><td>10<\/td><td>150h<\/td><\/tr><tr><td>Disserta\u00e7\u00e3o IV<\/td><td>10<\/td><td>150h<\/td><\/tr><\/tbody><\/table><\/figure>\n\n\n\n<ol start=\"5\" class=\"wp-block-list\">\n<li>Est\u00e1gio Doc\u00eancia na gradua\u00e7\u00e3o (obrigat\u00f3rio para bolsistas da Capes)<\/li>\n<\/ol>\n\n\n\n<figure class=\"wp-block-table\"><table class=\"has-fixed-layout\"><tbody><tr><td><em>Disciplina<\/em><\/td><td><em>cr\u00e9ditos<\/em><\/td><td><em>Carga hor\u00e1ria<\/em><\/td><\/tr><tr><td>Est\u00e1gio doc\u00eancia<\/td><td>02<\/td><td>30h<\/td><\/tr><\/tbody><\/table><\/figure>\n\n\n\n<p><strong>Grade semestral recomendada- Mestrado em Hist\u00f3ria Social<\/strong>:<\/p>\n\n\n\n<p><strong>Primeiro Semestre<\/strong>:<\/p>\n\n\n\n<p>Teoria da Hist\u00f3ria e historiografia<\/p>\n\n\n\n<p>Disciplinas eletivas<\/p>\n\n\n\n<p>Disserta\u00e7\u00e3o&nbsp; I<\/p>\n\n\n\n<p><strong>Segundo Semestre<\/strong><\/p>\n\n\n\n<p>Semin\u00e1rio de Pesquisa<\/p>\n\n\n\n<p>Disciplinas eletivas<\/p>\n\n\n\n<p>Disserta\u00e7\u00e3o II<\/p>\n\n\n\n<p><strong>Terceiro Semestre<\/strong><\/p>\n\n\n\n<p>Disserta\u00e7\u00e3o III<\/p>\n\n\n\n<p><strong>Quarto Semestre<\/strong><\/p>\n\n\n\n<p>Disserta\u00e7\u00e3o IV<\/p>\n\n\n\n<p><\/p>\n\n\n\n<h2 class=\"wp-block-heading\"><strong>Ement\u00e1rio<\/strong><\/h2>\n\n\n\n<p><strong>2 HIS 085 &#8211; TEORIA DA HIST\u00d3RIA E HISTORIOGRAFIA &#8211; 4 cr 60 h&nbsp;<\/strong><\/p>\n\n\n\n<p>Ementa: Reflex\u00f5es te\u00f3ricas sobre conceitos e perspectivas de abordagem da hist\u00f3ria, considerando suas fundamenta\u00e7\u00f5es, metodologias e modelos constru\u00eddos para a produ\u00e7\u00e3o de um saber hist\u00f3rico cr\u00edtico.&nbsp;<\/p>\n\n\n\n<p><strong>2 HIS ??? &#8211; SEMIN\u00c1RIO DE PESQUISA I &#8211;&nbsp; 4 cr 60 h&nbsp;<\/strong><\/p>\n\n\n\n<p>Discuss\u00e3o te\u00f3rica e metodol\u00f3gica dos projetos, disserta\u00e7\u00f5es e teses dos alunos do PPGHS.&nbsp;<\/p>\n\n\n\n<p><strong>2 HIS 271 &#8211; ATIVIDADES ESPECIAIS I 4 cr 60 h&nbsp;<\/strong><\/p>\n\n\n\n<p>Publica\u00e7\u00e3o de um artigo em revista cient\u00edfica, avaliada pela Capes-Qualis, com conceito A, B ou cap\u00edtulo de livro. Exige-se que o tema esteja de acordo com a Linha de Pesquisa a qual o estudante estiver vinculado. Aceita-se c\u00f3pia do artigo publicado ou carta da dire\u00e7\u00e3o da revista.&nbsp;<\/p>\n\n\n\n<p><strong>2 HIS 220 &#8211; ATIVIDADES ESPECIAIS II 2 cr 30 h&nbsp;<\/strong><\/p>\n\n\n\n<p>Apresenta\u00e7\u00e3o de trabalho em evento cient\u00edfico com publica\u00e7\u00e3o de texto completo nos anais do evento. O evento cient\u00edfico dever\u00e1 ter relev\u00e2ncia reconhecida na \u00e1rea de Hist\u00f3ria e para a pesquisa do discente, devidamente avaliada pela comiss\u00e3o coordenadora do PPGHS.&nbsp;<\/p>\n\n\n\n<p><strong>2 HIS 120 &#8211; EST\u00c1GIO DE DOC\u00caNCIA NA GRADUA\u00c7\u00c3O 2 cr 30 h&nbsp;<\/strong><\/p>\n\n\n\n<p>Participa\u00e7\u00e3o em aulas de Gradua\u00e7\u00e3o, treinamento de estagi\u00e1rios de inicia\u00e7\u00e3o cient\u00edfica e outras atividades correlatas a crit\u00e9rio e acompanhamento da Comiss\u00e3o Coordenadora do Programa, com a supervis\u00e3o do Coordenador e com a presen\u00e7a do Docente respons\u00e1vel pela Disciplina na Gradua\u00e7\u00e3o. (obrigat\u00f3rio para bolsistas CAPES Demanda Social)<\/p>\n\n\n\n<p><strong>As disciplinas Disserta\u00e7\u00e3o I a IV s\u00e3o de oferta autom\u00e1tica, sempre sob o nome d@ orientador@<\/strong>. Cada disciplina corresponde ao semestre em andamento no curso.<\/p>\n\n\n\n<h2 class=\"wp-block-heading\">T\u00d3PICOS ESPECIAIS (disciplinas optativas)<\/h2>\n\n\n\n<p>(ementas, carga hor\u00e1ria e bibliografia divulgados semestralmente).<\/p>\n\n\n\n<p><\/p>\n","protected":false},"excerpt":{"rendered":"<p>A)&nbsp;&nbsp;O programa ter\u00e1 a dura\u00e7\u00e3o m\u00ednima de 2 (dois) per\u00edodos letivos e a m\u00e1xima de 4 (quatro) per\u00edodos letivos. B) Estrutura curricular O aluno de mestrado dever\u00e1 completar 56 (cinquenta e seis) cr\u00e9ditos correspondentes a 840 (oitocentas e quarenta) horas, assim distribu\u00eddos:&nbsp; 1 \u2013 08 (oito) cr\u00e9ditos nas disciplinas obrigat\u00f3rias da \u00e1rea de concentra\u00e7\u00e3o; 2 [&hellip;]<\/p>\n","protected":false},"author":7,"featured_media":0,"parent":0,"menu_order":0,"comment_status":"closed","ping_status":"closed","template":"","meta":{"footnotes":""},"class_list":["post-13","page","type-page","status-publish","hentry"],"_links":{"self":[{"href":"https:\/\/pos.uel.br\/historiasocial\/wp-json\/wp\/v2\/pages\/13","targetHints":{"allow":["GET"]}}],"collection":[{"href":"https:\/\/pos.uel.br\/historiasocial\/wp-json\/wp\/v2\/pages"}],"about":[{"href":"https:\/\/pos.uel.br\/historiasocial\/wp-json\/wp\/v2\/types\/page"}],"author":[{"embeddable":true,"href":"https:\/\/pos.uel.br\/historiasocial\/wp-json\/wp\/v2\/users\/7"}],"replies":[{"embeddable":true,"href":"https:\/\/pos.uel.br\/historiasocial\/wp-json\/wp\/v2\/comments?post=13"}],"version-history":[{"count":9,"href":"https:\/\/pos.uel.br\/historiasocial\/wp-json\/wp\/v2\/pages\/13\/revisions"}],"predecessor-version":[{"id":1366,"href":"https:\/\/pos.uel.br\/historiasocial\/wp-json\/wp\/v2\/pages\/13\/revisions\/1366"}],"wp:attachment":[{"href":"https:\/\/pos.uel.br\/historiasocial\/wp-json\/wp\/v2\/media?parent=13"}],"curies":[{"name":"wp","href":"https:\/\/api.w.org\/{rel}","templated":true}]}}