{"id":12,"date":"2021-04-29T12:28:13","date_gmt":"2021-04-29T15:28:13","guid":{"rendered":"https:\/\/pos.uel.br\/historiasocial\/?page_id=12"},"modified":"2022-04-12T11:30:25","modified_gmt":"2022-04-12T14:30:25","slug":"contatos","status":"publish","type":"page","link":"https:\/\/pos.uel.br\/historiasocial\/contatos\/","title":{"rendered":"Contatos"},"content":{"rendered":"\n<p>Universidade Estadual de Londrina<\/p>\n\n\n\n<p>Centro de Letras e Ci\u00eancias Humanas<\/p>\n\n\n\n<p>Secretaria de P\u00f3s-Gradua\u00e7\u00e3o<\/p>\n\n\n\n<p>Programa de P\u00f3s-Gradua\u00e7\u00e3o em Hist\u00f3ria Social<\/p>\n\n\n\n<p>Campus Universit\u00e1rio &#8211; Rod. Celso Garcia Cid, km. 380 (PR-445)<\/p>\n\n\n\n<p>Cx. Postal 10.011 &#8211; CEP 86057-970 &#8211; Londrina &#8211; PR<\/p>\n\n\n\n<p><strong>Hor\u00e1rio de atendimento da Secretaria:<\/strong><\/p>\n\n\n\n<p>De segunda \u00e0 sexta-feira, 8h \u00e0s 12h e das 13h30 \u00e0s 17h:00<\/p>\n\n\n\n<p><strong>Equipe Respons\u00e1vel:<\/strong><\/p>\n\n\n\n<p>Ricardo Praia M\u00fcller<\/p>\n\n\n\n<p>Rosely Fernandes Lopes<\/p>\n\n\n\n<p><strong>Fone:<\/strong>&nbsp;(43)3371-4624<\/p>\n\n\n\n<p><strong>E-mail da secretaria:<\/strong>&nbsp;secposcch@uel.br<\/p>\n\n\n\n<p><strong>E-mail da coordena\u00e7\u00e3o:<\/strong>&nbsp;ppghsuel@uel.br<\/p>\n","protected":false},"excerpt":{"rendered":"<p>Universidade Estadual de Londrina Centro de Letras e Ci\u00eancias Humanas Secretaria de P\u00f3s-Gradua\u00e7\u00e3o Programa de P\u00f3s-Gradua\u00e7\u00e3o em Hist\u00f3ria Social Campus Universit\u00e1rio &#8211; Rod. Celso Garcia Cid, km. 380 (PR-445) Cx. Postal 10.011 &#8211; CEP 86057-970 &#8211; Londrina &#8211; PR Hor\u00e1rio de atendimento da Secretaria: De segunda \u00e0 sexta-feira, 8h \u00e0s 12h e das 13h30 \u00e0s [&hellip;]<\/p>\n","protected":false},"author":7,"featured_media":0,"parent":0,"menu_order":0,"comment_status":"closed","ping_status":"closed","template":"","meta":{"footnotes":""},"class_list":["post-12","page","type-page","status-publish","hentry"],"_links":{"self":[{"href":"https:\/\/pos.uel.br\/historiasocial\/wp-json\/wp\/v2\/pages\/12","targetHints":{"allow":["GET"]}}],"collection":[{"href":"https:\/\/pos.uel.br\/historiasocial\/wp-json\/wp\/v2\/pages"}],"about":[{"href":"https:\/\/pos.uel.br\/historiasocial\/wp-json\/wp\/v2\/types\/page"}],"author":[{"embeddable":true,"href":"https:\/\/pos.uel.br\/historiasocial\/wp-json\/wp\/v2\/users\/7"}],"replies":[{"embeddable":true,"href":"https:\/\/pos.uel.br\/historiasocial\/wp-json\/wp\/v2\/comments?post=12"}],"version-history":[{"count":5,"href":"https:\/\/pos.uel.br\/historiasocial\/wp-json\/wp\/v2\/pages\/12\/revisions"}],"predecessor-version":[{"id":585,"href":"https:\/\/pos.uel.br\/historiasocial\/wp-json\/wp\/v2\/pages\/12\/revisions\/585"}],"wp:attachment":[{"href":"https:\/\/pos.uel.br\/historiasocial\/wp-json\/wp\/v2\/media?parent=12"}],"curies":[{"name":"wp","href":"https:\/\/api.w.org\/{rel}","templated":true}]}}