{"id":11,"date":"2021-04-29T12:28:13","date_gmt":"2021-04-29T15:28:13","guid":{"rendered":"https:\/\/pos.uel.br\/historiasocial\/?page_id=11"},"modified":"2025-06-18T11:56:40","modified_gmt":"2025-06-18T14:56:40","slug":"linhas-de-pesquisa","status":"publish","type":"page","link":"https:\/\/pos.uel.br\/historiasocial\/linhas-de-pesquisa\/","title":{"rendered":"Linhas de pesquisa"},"content":{"rendered":"\n<p>Linhas de pesquisa (<strong>aprovadas no colegiado dos cursos de P\u00f3s-Gradua\u00e7\u00e3o Stricto Sensu em reuni\u00e3o de 10 de fevereiro de 2025<\/strong>)<\/p>\n\n\n\n<h2 class=\"wp-block-heading has-primary-accent-color has-text-color\"><strong>Ensino e Hist\u00f3ria P\u00fablica<\/strong><\/h2>\n\n\n\n<figure class=\"wp-block-image size-large is-resized\"><img loading=\"lazy\" decoding=\"async\" width=\"1024\" height=\"461\" src=\"https:\/\/pos.uel.br\/historiasocial\/wp-content\/uploads\/2021\/06\/66_GINASIO-PARANAENSE_03_05_37-1024x461.jpg\" alt=\"\" class=\"wp-image-119\" style=\"width:809px;height:auto\" srcset=\"https:\/\/pos.uel.br\/historiasocial\/wp-content\/uploads\/2021\/06\/66_GINASIO-PARANAENSE_03_05_37-1024x461.jpg 1024w, https:\/\/pos.uel.br\/historiasocial\/wp-content\/uploads\/2021\/06\/66_GINASIO-PARANAENSE_03_05_37-300x135.jpg 300w, https:\/\/pos.uel.br\/historiasocial\/wp-content\/uploads\/2021\/06\/66_GINASIO-PARANAENSE_03_05_37-768x346.jpg 768w, https:\/\/pos.uel.br\/historiasocial\/wp-content\/uploads\/2021\/06\/66_GINASIO-PARANAENSE_03_05_37-1536x692.jpg 1536w, https:\/\/pos.uel.br\/historiasocial\/wp-content\/uploads\/2021\/06\/66_GINASIO-PARANAENSE_03_05_37.jpg 1960w\" sizes=\"auto, (max-width: 1024px) 100vw, 1024px\" \/><figcaption class=\"wp-element-caption\">Jos\u00e9 Juliani. Gin\u00e1sio Paranaense. 1937.&nbsp;Acervo do Museu Hist\u00f3rico de Londrina. (detalhe)<br><\/figcaption><\/figure>\n\n\n\n<p>Re\u00fane pesquisas centradas na rela\u00e7\u00e3o entre o conhecimento hist\u00f3rico acad\u00eamico e aquele presente em outros espa\u00e7os, seja na sala de aula, seja na sociedade de modo mais amplo. Assim, valoriza-se a perspectiva de que o conhecimento hist\u00f3rico se transforma e \u00e9 transformado por outros discursos e pr\u00e1ticas sociais. A rela\u00e7\u00e3o entre hist\u00f3ria e educa\u00e7\u00e3o \u00e9 central em projetos de pesquisa que discutam curr\u00edculos, pr\u00e1ticas docentes e pedag\u00f3gicas, pol\u00edticas educacionais, livros e materiais did\u00e1ticos, a intera\u00e7\u00e3o entre docente e discente, os meios de promo\u00e7\u00e3o do pensamento hist\u00f3rico etc. Por outro lado, a linha tamb\u00e9m abriga pesquisas dedicadas aos v\u00e1rios meios e espa\u00e7os sociais pelos quais circulam o conhecimento hist\u00f3rico e que colaboram para o fomento de determinadas mem\u00f3rias sociais: lugares de mem\u00f3ria, meios de comunica\u00e7\u00e3o, plataformas digitais, artefatos culturais etc.<\/p>\n\n\n\n<p><strong>Professores da linha:<\/strong><\/p>\n\n\n\n<ul class=\"wp-block-list\">\n<li><a href=\"http:\/\/lattes.cnpq.br\/5432939945934180\" data-type=\"URL\" data-id=\"http:\/\/lattes.cnpq.br\/5432939945934180\"><strong>Alexandre Fiuza<\/strong><\/a><\/li>\n\n\n\n<li><a href=\"http:\/\/lattes.cnpq.br\/6248251258332201\" data-type=\"URL\" data-id=\"http:\/\/lattes.cnpq.br\/6248251258332201\"><strong>Jean Moreno<\/strong><\/a><\/li>\n\n\n\n<li><strong><a href=\"http:\/\/buscatextual.cnpq.br\/buscatextual\/visualizacv.do?id=K4126717Z8\" target=\"_blank\" rel=\"noreferrer noopener\"><\/a><a href=\"http:\/\/buscatextual.cnpq.br\/buscatextual\/visualizacv.do?id=K4126717Z8\" target=\"_blank\" rel=\"noreferrer noopener\">Maria Renata da Cruz Duran<\/a><\/strong><\/li>\n\n\n\n<li><strong><a href=\"http:\/\/buscatextual.cnpq.br\/buscatextual\/visualizacv.do?id=K4123481D2\" target=\"_blank\" rel=\"noreferrer noopener\">Ronaldo Cardoso Alves<\/a>&nbsp;<\/strong><\/li>\n<\/ul>\n\n\n\n<p>__________________________________________________________<\/p>\n\n\n\n<h2 class=\"wp-block-heading has-primary-accent-color has-text-color\">Pr\u00e1ticas culturais e materialidades<\/h2>\n\n\n\n<figure class=\"wp-block-image size-large is-resized\"><img loading=\"lazy\" decoding=\"async\" width=\"1024\" height=\"626\" src=\"https:\/\/pos.uel.br\/historiasocial\/wp-content\/uploads\/2021\/06\/COLb-22-1024x626.jpg\" alt=\"\" class=\"wp-image-111\" style=\"width:672px;height:auto\" srcset=\"https:\/\/pos.uel.br\/historiasocial\/wp-content\/uploads\/2021\/06\/COLb-22-1024x626.jpg 1024w, https:\/\/pos.uel.br\/historiasocial\/wp-content\/uploads\/2021\/06\/COLb-22-300x183.jpg 300w, https:\/\/pos.uel.br\/historiasocial\/wp-content\/uploads\/2021\/06\/COLb-22-768x469.jpg 768w, https:\/\/pos.uel.br\/historiasocial\/wp-content\/uploads\/2021\/06\/COLb-22-1536x938.jpg 1536w, https:\/\/pos.uel.br\/historiasocial\/wp-content\/uploads\/2021\/06\/COLb-22-2048x1251.jpg 2048w\" sizes=\"auto, (max-width: 1024px) 100vw, 1024px\" \/><figcaption class=\"wp-element-caption\">Arm\u00ednio Kaiser. Colheita de &#8220;cereija&#8221; na peneira. 1958. Acervo do Museu Hist\u00f3rico de Londrina. (detalhe)<br><\/figcaption><\/figure>\n\n\n\n<p><br>Re\u00fane pesquisas dedicadas \u00e0 rela\u00e7\u00e3o entre hist\u00f3ria, cultura e sociedades, tanto do ponto de vista da natureza das fontes como das problem\u00e1ticas abordadas. Nesta linha, situam-se trabalhos que utilizem fontes visuais, audiovisuais, sonoras, teatrais, digitais, impressas, materiais, entre outras, considerando suas especificidades de linguagens e materialidade. Essas fontes se relacionam a preocupa\u00e7\u00f5es com as express\u00f5es humanas, a comunica\u00e7\u00e3o, a arte, o entretenimento, a produ\u00e7\u00e3o material, os modos de vida, entre outros aspectos relacionados \u00e0s culturas e \u00e0 pol\u00edtica como importante dimens\u00e3o dos aspectos culturais. Os estudos reunidos tamb\u00e9m procuram entender, em sua historicidade, circuitos de produ\u00e7\u00e3o, circula\u00e7\u00e3o e recep\u00e7\u00e3o dos produtos culturais. A linha abriga ainda pesquisas dedicadas \u00e0 cultura material, ao patrim\u00f4nio e \u00e0s religiosidades. Trata-se de uma linha de natureza interdisciplinar, que estabelece pontes com teorias da arte, da comunica\u00e7\u00e3o, da antropologia, da filosofia, entre outros campos do saber.<\/p>\n\n\n\n<p><strong>Professores da linha:<\/strong><\/p>\n\n\n\n<ul class=\"wp-block-list\">\n<li><strong><a href=\"http:\/\/buscatextual.cnpq.br\/buscatextual\/visualizacv.do?id=K4728106U3\">Angelita Marques Visalli&nbsp;<\/a><\/strong><\/li>\n\n\n\n<li><strong><a href=\"http:\/\/buscatextual.cnpq.br\/buscatextual\/visualizacv.do?id=K4130274T7\">Carolina Amaral de Aguiar&nbsp;<\/a><\/strong><\/li>\n\n\n\n<li><strong><a href=\"http:\/\/buscatextual.cnpq.br\/buscatextual\/visualizacv.do?id=K4709869Z3\" target=\"_blank\" rel=\"noreferrer noopener\">Cl\u00e1udia Eliane Parreiras Marques Martinez<\/a>&nbsp;<\/strong><\/li>\n\n\n\n<li><strong><a href=\"http:\/\/buscatextual.cnpq.br\/buscatextual\/visualizacv.do?id=K4799787D4\" target=\"_blank\" rel=\"noreferrer noopener\">Cl\u00e1udio DeNipoti<\/a>&nbsp;<\/strong><\/li>\n\n\n\n<li><strong><a href=\"http:\/\/buscatextual.cnpq.br\/buscatextual\/visualizacv.do?id=K4126717Z8\" target=\"_blank\" rel=\"noreferrer noopener\">Maria Renata da Cruz Duran<\/a><\/strong><\/li>\n\n\n\n<li><strong><a href=\"http:\/\/buscatextual.cnpq.br\/buscatextual\/visualizacv.do?id=K4764888P2\" target=\"_blank\" rel=\"noreferrer noopener\">Richard Gon\u00e7alves Andr\u00e9<\/a>&nbsp;<\/strong><\/li>\n\n\n\n<li><strong><a href=\"http:\/\/buscatextual.cnpq.br\/buscatextual\/visualizacv.do?id=K4799691P6\" target=\"_blank\" rel=\"noreferrer noopener\">Silvia Cristina Martins de Souza<\/a>&nbsp;<\/strong><\/li>\n\n\n\n<li><strong><a href=\"http:\/\/lattes.cnpq.br\/3497875179823124\" data-type=\"URL\" data-id=\"http:\/\/lattes.cnpq.br\/3497875179823124\">Wander de Lara Proen\u00e7a<\/a><\/strong><\/li>\n<\/ul>\n\n\n\n<p><strong>Professora colaboradora<\/strong>:<\/p>\n\n\n\n<ul class=\"wp-block-list\">\n<li><strong>   <strong><a href=\"http:\/\/lattes.cnpq.br\/5132804060560336\">Edm\u00e9ia Aparecida Ribeiro<\/a><\/strong><\/strong><\/li>\n<\/ul>\n\n\n\n<p>__________________________________________________________<\/p>\n\n\n\n<h2 class=\"wp-block-heading has-primary-accent-color has-text-color\"><strong>Espa\u00e7o pol\u00edtico e identidades<\/strong><\/h2>\n\n\n\n<figure class=\"wp-block-image size-large is-resized\"><img loading=\"lazy\" decoding=\"async\" width=\"1024\" height=\"434\" src=\"https:\/\/pos.uel.br\/historiasocial\/wp-content\/uploads\/2021\/06\/000002-2-1024x434.jpg\" alt=\"\" class=\"wp-image-114\" style=\"width:827px;height:auto\" srcset=\"https:\/\/pos.uel.br\/historiasocial\/wp-content\/uploads\/2021\/06\/000002-2-1024x434.jpg 1024w, https:\/\/pos.uel.br\/historiasocial\/wp-content\/uploads\/2021\/06\/000002-2-300x127.jpg 300w, https:\/\/pos.uel.br\/historiasocial\/wp-content\/uploads\/2021\/06\/000002-2-768x326.jpg 768w, https:\/\/pos.uel.br\/historiasocial\/wp-content\/uploads\/2021\/06\/000002-2-1536x651.jpg 1536w, https:\/\/pos.uel.br\/historiasocial\/wp-content\/uploads\/2021\/06\/000002-2-2048x868.jpg 2048w\" sizes=\"auto, (max-width: 1024px) 100vw, 1024px\" \/><figcaption class=\"wp-element-caption\">Arm\u00ednio Kaiser. Queimada. 1963. Acervo do Museu Hist\u00f3rico de Londrina. (detalhe)<br><\/figcaption><\/figure>\n\n\n\n<p>Re\u00fane pesquisas cujas problem\u00e1ticas se centram em processos hist\u00f3ricos que devem ser entendidos a partir do pol\u00edtico. Entende-se, por\u00e9m, que a hist\u00f3ria pol\u00edtica n\u00e3o est\u00e1 isolada de outros campos, como a hist\u00f3ria social, econ\u00f4mica e cultural. Nesta linha, situam-se projetos dedicados \u00e0 compreens\u00e3o de rela\u00e7\u00f5es de poder, conflitos e negocia\u00e7\u00f5es, circula\u00e7\u00e3o de pessoas e mercadorias, territorialidades, direitos humanos, etc. As preocupa\u00e7\u00f5es com o pol\u00edtico podem ser pensadas em diferentes escalas e territ\u00f3rios, mobilizando e problematizando no\u00e7\u00f5es como continente, Estado-na\u00e7\u00e3o, regi\u00e3o, cidade, territ\u00f3rio e fronteira. As pesquisas desta linha tamb\u00e9m est\u00e3o centradas na quest\u00e3o das identidades, entendidas em sua rela\u00e7\u00e3o com espa\u00e7os e tempos espec\u00edficos. Nesse sentido, a linha acolhe pesquisas que dialoguem com as no\u00e7\u00f5es de ra\u00e7a, etnicidade, g\u00eanero, origem e demais componentes presentes em discursos identit\u00e1rios.<br><\/p>\n\n\n\n<p><strong>Professores da linha<\/strong><\/p>\n\n\n\n<ul class=\"wp-block-list\">\n<li><strong><a href=\"http:\/\/buscatextual.cnpq.br\/buscatextual\/visualizacv.do?id=K4759969A5\" target=\"_blank\" rel=\"noreferrer noopener\">Alfredo dos Santos Oliva<\/a>&nbsp;<\/strong><\/li>\n\n\n\n<li><a href=\"http:\/\/lattes.cnpq.br\/5308910884125246\"><strong>M\u00e1rcio Santos de Santana<\/strong><\/a><\/li>\n\n\n\n<li><strong><a rel=\"noreferrer noopener\" href=\"http:\/\/buscatextual.cnpq.br\/buscatextual\/visualizacv.do?id=K4779906P7\" target=\"_blank\">Monica Selvatici<\/a>&nbsp;<\/strong><\/li>\n\n\n\n<li><strong><a href=\"http:\/\/buscatextual.cnpq.br\/buscatextual\/visualizacv.do?id=K4782344D1\">Francisco C\u00e9sar Alvez Ferraz<\/a>&nbsp;<\/strong><\/li>\n\n\n\n<li><strong><a href=\"http:\/\/buscatextual.cnpq.br\/buscatextual\/visualizacv.do?id=K4785306Z9\" target=\"_blank\" rel=\"noreferrer noopener\">Jos\u00e9 Miguel Arias Neto<\/a>&nbsp;<\/strong><\/li>\n\n\n\n<li><strong><a href=\"http:\/\/lattes.cnpq.br\/9470193514863846\">Lukas&nbsp;Grzybowski&nbsp;<\/a><\/strong><\/li>\n\n\n\n<li><strong><a href=\"http:\/\/buscatextual.cnpq.br\/buscatextual\/visualizacv.do?id=K4708003J4\" target=\"_blank\" rel=\"noreferrer noopener\">Rivail Carvalho Rolim<\/a>&nbsp;<\/strong><\/li>\n<\/ul>\n\n\n\n<p><strong>Professores colaborador<\/strong><strong>es<\/strong><\/p>\n\n\n\n<ul class=\"wp-block-list\">\n<li><a href=\"http:\/\/lattes.cnpq.br\/8461184416774373\"><strong>Andr\u00e9 Lopes Ferreira<\/strong><\/a><\/li>\n\n\n\n<li><strong><a href=\"http:\/\/lattes.cnpq.br\/1966745656154021\"><strong>Dora Shellard Correa<\/strong><\/a><\/strong><\/li>\n<\/ul>\n\n\n\n<p><\/p>\n","protected":false},"excerpt":{"rendered":"<p>Linhas de pesquisa (aprovadas no colegiado dos cursos de P\u00f3s-Gradua\u00e7\u00e3o Stricto Sensu em reuni\u00e3o de 10 de fevereiro de 2025) Ensino e Hist\u00f3ria P\u00fablica Re\u00fane pesquisas centradas na rela\u00e7\u00e3o entre o conhecimento hist\u00f3rico acad\u00eamico e aquele presente em outros espa\u00e7os, seja na sala de aula, seja na sociedade de modo mais amplo. Assim, valoriza-se a [&hellip;]<\/p>\n","protected":false},"author":7,"featured_media":0,"parent":0,"menu_order":0,"comment_status":"closed","ping_status":"closed","template":"","meta":{"footnotes":""},"class_list":["post-11","page","type-page","status-publish","hentry"],"_links":{"self":[{"href":"https:\/\/pos.uel.br\/historiasocial\/wp-json\/wp\/v2\/pages\/11","targetHints":{"allow":["GET"]}}],"collection":[{"href":"https:\/\/pos.uel.br\/historiasocial\/wp-json\/wp\/v2\/pages"}],"about":[{"href":"https:\/\/pos.uel.br\/historiasocial\/wp-json\/wp\/v2\/types\/page"}],"author":[{"embeddable":true,"href":"https:\/\/pos.uel.br\/historiasocial\/wp-json\/wp\/v2\/users\/7"}],"replies":[{"embeddable":true,"href":"https:\/\/pos.uel.br\/historiasocial\/wp-json\/wp\/v2\/comments?post=11"}],"version-history":[{"count":20,"href":"https:\/\/pos.uel.br\/historiasocial\/wp-json\/wp\/v2\/pages\/11\/revisions"}],"predecessor-version":[{"id":1435,"href":"https:\/\/pos.uel.br\/historiasocial\/wp-json\/wp\/v2\/pages\/11\/revisions\/1435"}],"wp:attachment":[{"href":"https:\/\/pos.uel.br\/historiasocial\/wp-json\/wp\/v2\/media?parent=11"}],"curies":[{"name":"wp","href":"https:\/\/api.w.org\/{rel}","templated":true}]}}