{"id":1065,"date":"2024-03-21T17:47:13","date_gmt":"2024-03-21T20:47:13","guid":{"rendered":"https:\/\/pos.uel.br\/historiasocial\/?page_id=1065"},"modified":"2024-03-21T17:54:02","modified_gmt":"2024-03-21T20:54:02","slug":"relatorios-da-comissao-de-auto-avaliacao","status":"publish","type":"page","link":"https:\/\/pos.uel.br\/historiasocial\/sobre-o-programa\/relatorios-da-comissao-de-auto-avaliacao\/","title":{"rendered":"Relat\u00f3rios da comiss\u00e3o de auto-avalia\u00e7\u00e3o"},"content":{"rendered":"\n<p><\/p>\n\n\n\n<p>Relat\u00f3rio de 2023<\/p>\n\n\n\n<div data-wp-interactive=\"core\/file\" class=\"wp-block-file\"><object data-wp-bind--hidden=\"!state.hasPdfPreview\" hidden class=\"wp-block-file__embed\" data=\"https:\/\/pos.uel.br\/historiasocial\/wp-content\/uploads\/2024\/03\/Relatorio-final-da-comissao-avaliadora-do-PPGHS.pdf\" type=\"application\/pdf\" style=\"width:100%;height:600px\" aria-label=\"Incorporado de Relatorio-final-da-comissao-avaliadora-do-PPGHS.\"><\/object><a id=\"wp-block-file--media-ab51a47c-3fea-46fe-a2f4-143c7b45d92f\" href=\"https:\/\/pos.uel.br\/historiasocial\/wp-content\/uploads\/2024\/03\/Relatorio-final-da-comissao-avaliadora-do-PPGHS.pdf\">Relatorio-final-da-comissao-avaliadora-do-PPGHS<\/a><a href=\"https:\/\/pos.uel.br\/historiasocial\/wp-content\/uploads\/2024\/03\/Relatorio-final-da-comissao-avaliadora-do-PPGHS.pdf\" class=\"wp-block-file__button wp-element-button\" download aria-describedby=\"wp-block-file--media-ab51a47c-3fea-46fe-a2f4-143c7b45d92f\">Baixar<\/a><\/div>\n","protected":false},"excerpt":{"rendered":"<p>Relat\u00f3rio de 2023<\/p>\n","protected":false},"author":9,"featured_media":0,"parent":8,"menu_order":1,"comment_status":"closed","ping_status":"closed","template":"","meta":{"footnotes":""},"class_list":["post-1065","page","type-page","status-publish","hentry"],"_links":{"self":[{"href":"https:\/\/pos.uel.br\/historiasocial\/wp-json\/wp\/v2\/pages\/1065","targetHints":{"allow":["GET"]}}],"collection":[{"href":"https:\/\/pos.uel.br\/historiasocial\/wp-json\/wp\/v2\/pages"}],"about":[{"href":"https:\/\/pos.uel.br\/historiasocial\/wp-json\/wp\/v2\/types\/page"}],"author":[{"embeddable":true,"href":"https:\/\/pos.uel.br\/historiasocial\/wp-json\/wp\/v2\/users\/9"}],"replies":[{"embeddable":true,"href":"https:\/\/pos.uel.br\/historiasocial\/wp-json\/wp\/v2\/comments?post=1065"}],"version-history":[{"count":1,"href":"https:\/\/pos.uel.br\/historiasocial\/wp-json\/wp\/v2\/pages\/1065\/revisions"}],"predecessor-version":[{"id":1067,"href":"https:\/\/pos.uel.br\/historiasocial\/wp-json\/wp\/v2\/pages\/1065\/revisions\/1067"}],"up":[{"embeddable":true,"href":"https:\/\/pos.uel.br\/historiasocial\/wp-json\/wp\/v2\/pages\/8"}],"wp:attachment":[{"href":"https:\/\/pos.uel.br\/historiasocial\/wp-json\/wp\/v2\/media?parent=1065"}],"curies":[{"name":"wp","href":"https:\/\/api.w.org\/{rel}","templated":true}]}}