{"id":847,"date":"2022-04-24T14:24:21","date_gmt":"2022-04-24T17:24:21","guid":{"rendered":"https:\/\/pos.uel.br\/geografia\/?page_id=847"},"modified":"2025-05-21T15:48:32","modified_gmt":"2025-05-21T18:48:32","slug":"regimentos-normas","status":"publish","type":"page","link":"https:\/\/pos.uel.br\/geografia\/regimentos-normas\/","title":{"rendered":"Regimentos e normas"},"content":{"rendered":"\n<h4 class=\"wp-block-heading\">Programa de P\u00f3s-Gradua\u00e7\u00e3o em Geografia<\/h4>\n\n\n\n<div class=\"wp-block-uel-card\">\n<h5 class=\"wp-block-heading\"><a href=\"https:\/\/pos.uel.br\/geografia\/wp-content\/uploads\/2021\/09\/Resolucao_CEPE031_2020_Altera_Regimento_Programa_Pos_Graduacao_Geografia_Mestrado_Doutorado.pdf\" data-type=\"attachment\" data-id=\"317\" target=\"_blank\" rel=\"noreferrer noopener\">Resolu\u00e7\u00e3o CEPE n.\u00ba031\/2020 &#8211; Regimento PPGEO\/UEL<\/a><\/h5>\n\n\n\n<p>Regimento do Programa de P\u00f3s-Gradua\u00e7\u00e3o em Geografia da Universidade Estadual de Londrina<\/p>\n\n\n\n<h5 class=\"wp-block-heading\"><a href=\"https:\/\/drive.google.com\/file\/d\/1TOYtm47o3TSpdurUEr1-pKFsndCLzU_X\/view?usp=sharing\" data-type=\"link\" data-id=\"https:\/\/drive.google.com\/file\/d\/1TOYtm47o3TSpdurUEr1-pKFsndCLzU_X\/view?usp=sharing\" target=\"_blank\" rel=\"noreferrer noopener\">Resolu\u00e7\u00e3o PPGEO\/UEL n\u00b0001\/2023 &#8211; Bolsas de mestrado e doutorado<\/a><\/h5>\n\n\n\n<p>Estabelece normas para a concess\u00e3o e renova\u00e7\u00e3o de bolsas de Mestrado e Doutorado <\/p>\n\n\n\n<h5 class=\"wp-block-heading\"><a href=\"https:\/\/pos.uel.br\/geografia\/wp-content\/uploads\/2023\/03\/portaria_no_206_de_4_de_setembro_de_2018_-dispoe_sobre_obrigatoriedade_de_citacao_da.pdf\" target=\"_blank\" rel=\"noreferrer noopener\">Portaria CAPES n.\u00ba 206\/2018 &#8211; Cita\u00e7\u00e3o da CAPES<\/a><\/h5>\n\n\n\n<p>Disp\u00f5e sobre obrigatoriedade de cita\u00e7\u00e3o da CAPES<\/p>\n\n\n\n<h5 class=\"wp-block-heading\"><a href=\"https:\/\/pos.uel.br\/geografia\/wp-content\/uploads\/2021\/08\/Deliberacao-30-2017-Reest-organ-curricular-PPGeo-1-1.pdf\" data-type=\"attachment\" data-id=\"136\" target=\"_blank\" rel=\"noreferrer noopener\">Delibera\u00e7\u00e3o Colegiado PPG Stricto sensu n.\u00ba 30\/2017 &#8211; Grade curricular<\/a><\/h5>\n\n\n\n<p>Reestrutura a grade curricular do Programa de P\u00f3s-Gradua\u00e7\u00e3o em Geografia (mestrado e doutorado)<\/p>\n\n\n\n<h5 class=\"wp-block-heading\"><a href=\"https:\/\/pos.uel.br\/geografia\/wp-content\/uploads\/2025\/05\/Programas-de-Pos-Graduacao-Stricto-sensu-Resolucao-CEPE-37-2016-3.pdf\" data-type=\"link\" data-id=\"https:\/\/pos.uel.br\/geografia\/wp-content\/uploads\/2025\/05\/Programas-de-Pos-Graduacao-Stricto-sensu-Resolucao-CEPE-37-2016-3.pdf\">Resolu\u00e7\u00e3o CEPE N\u00b0 037\/2016 &#8211; Altera o regulamento dos Programas de P\u00f3s-Gradua\u00e7\u00e3o Stricto sensu da Universidade Estadual de Londrina<\/a><\/h5>\n\n\n\n<p>Altera o regulamento dos Programas de P\u00f3s-Gradua\u00e7\u00e3o Stricto sensu da Universidade Estadual de Londrina<\/p>\n\n\n\n<h5 class=\"wp-block-heading\"><a href=\"https:\/\/pos.uel.br\/geografia\/wp-content\/uploads\/2023\/03\/IS-PROPPG-003-2016-auxilio-estudantes-de-PG-para-evento-cientifico.pdf\" data-type=\"attachment\" data-id=\"1795\" target=\"_blank\" rel=\"noreferrer noopener\">Instru\u00e7\u00e3o de Servi\u00e7o PROPPG n.\u00ba 003\/2016 &#8211; Aux\u00edlio viagem<\/a><\/h5>\n\n\n\n<p>Disp\u00f5e sobre os procedimentos para concess\u00e3o de Aux\u00edlio Financeiro a estudante de P\u00f3s-Gradua\u00e7\u00e3o para participa\u00e7\u00e3o em evento cient\u00edfico. <a href=\"https:\/\/pos.uel.br\/geografia\/solicitacao-de-auxilio-viagem\/\" data-type=\"URL\" data-id=\"https:\/\/pos.uel.br\/geografia\/formularios-arquivos\/\">Ver instru\u00e7\u00f5es<\/a><\/p>\n<\/div>\n\n\n\n<h4 class=\"wp-block-heading\">Atos normativos<\/h4>\n\n\n\n<div class=\"wp-block-uel-card\">\n<h5 class=\"wp-block-heading\"><a href=\"https:\/\/pos.uel.br\/geografia\/wp-content\/uploads\/2023\/03\/Ato-Normativo-001-2022-Informacoes-sobre-o-Exame-de-Qualificacao.pdf\" data-type=\"link\" data-id=\"https:\/\/pos.uel.br\/geografia\/wp-content\/uploads\/2023\/03\/Ato-Normativo-001-2022-Informacoes-sobre-o-Exame-de-Qualificacao.pdf\" target=\"_blank\" rel=\"noreferrer noopener\">Ato Normativo PPGEO\/UEL n.\u00ba 001\/2022<\/a><\/h5>\n\n\n\n<p>Apresenta informa\u00e7\u00f5es gerais para a realiza\u00e7\u00e3o de Exame de Qualifica\u00e7\u00e3o no PPGEO\/UEL<\/p>\n\n\n\n<h5 class=\"wp-block-heading\"><a href=\"https:\/\/pos.uel.br\/geografia\/wp-content\/uploads\/2024\/06\/Ato-Normativo-002-2022-Informacoes-sobre-a-Defesa-de-Dissertacao-ou-Tese.docx.pdf\" data-type=\"link\" data-id=\"https:\/\/pos.uel.br\/geografia\/wp-content\/uploads\/2024\/06\/Ato-Normativo-002-2022-Informacoes-sobre-a-Defesa-de-Dissertacao-ou-Tese.docx.pdf\" target=\"_blank\" rel=\"noreferrer noopener\">Ato Normativo PPGEO\/UEL n.\u00ba 002\/2022<\/a><\/h5>\n\n\n\n<p>Apresenta informa\u00e7\u00f5es gerais para a realiza\u00e7\u00e3o de Defesa de Disserta\u00e7\u00e3o ou Tese no PPGEO\/UEL<\/p>\n\n\n\n<h5 class=\"wp-block-heading\"><a href=\"https:\/\/pos.uel.br\/geografia\/wp-content\/uploads\/2023\/03\/Ato-Normativo-003-2022-Informacoes-sobre-a-Bolsa-de-Auxilio-a-Pesquisa.pdf\" data-type=\"attachment\" data-id=\"1770\" target=\"_blank\" rel=\"noreferrer noopener\">Ato Normativo PPGEO\/UEL n.\u00ba 003\/2022<\/a><\/h5>\n\n\n\n<p>Apresenta informa\u00e7\u00f5es gerais sobre bolsa aux\u00edlio-pesquisa em n\u00edveis de Mestrado e Doutorado no PPGEO\/UEL<\/p>\n<\/div>\n\n\n\n<h4 class=\"wp-block-heading\">Programa de Doutorado-Sandu\u00edche no Exterior (PDSE)<\/h4>\n\n\n\n<div class=\"wp-block-uel-card\">\n<h5 class=\"wp-block-heading\"><a href=\"https:\/\/pos.uel.br\/geografia\/?page_id=1764\" data-type=\"page\" data-id=\"1764\" target=\"_blank\" rel=\"noreferrer noopener\">Sobre<\/a><\/h5>\n\n\n\n<p>P\u00e1gina da CAPES<\/p>\n\n\n\n<h5 class=\"wp-block-heading\"><a href=\"https:\/\/pos.uel.br\/geografia\/wp-content\/uploads\/2023\/03\/08-02-Plano-internacionalizacao-da-Pesquisa-e-Pos-graduacao.pdf\" data-type=\"attachment\" data-id=\"1765\" target=\"_blank\" rel=\"noreferrer noopener\">Plano de Internacionaliza\u00e7\u00e3o da Pesquisa e P\u00f3s-Gradua\u00e7\u00e3o UEL<\/a><\/h5>\n\n\n\n<p>Pr\u00f3-Reitoria de Pesquisa e P\u00f3s-Gradua\u00e7\u00e3o da UEL<\/p>\n\n\n\n<h5 class=\"wp-block-heading\"><a href=\"https:\/\/pos.uel.br\/geografia\/wp-content\/uploads\/2023\/03\/AnexoII_CAPES_PDSE.pdf\" data-type=\"attachment\" data-id=\"1766\" target=\"_blank\" rel=\"noreferrer noopener\">Requisitos de profici\u00eancia em l\u00edngua estrangeira<\/a><\/h5>\n\n\n\n<p>Anexo II dos editais PDSE\/CAPES<\/p>\n\n\n\n<h5 class=\"wp-block-heading\"><a href=\"https:\/\/pos.uel.br\/geografia\/wp-content\/uploads\/2023\/03\/TermoOutorgaPDSE_CAPES.pdf\" data-type=\"attachment\" data-id=\"1767\" target=\"_blank\" rel=\"noreferrer noopener\">Termo de outorga e aceite de bolsa<\/a><\/h5>\n\n\n\n<p>Ato administrativo de concess\u00e3o de bolsa de estudos no exterior e estabelecimento das normas, direitos, deveres das Partes e os procedimentos para concess\u00e3o e pagamento de benef\u00edcios financeiros pela CAPES<\/p>\n<\/div>\n\n\n\n<h4 class=\"wp-block-heading\">P\u00f3s-Doutorado<\/h4>\n\n\n\n<div class=\"wp-block-uel-card\">\n<h5 class=\"wp-block-heading\"><a href=\"https:\/\/pos.uel.br\/geografia\/wp-content\/uploads\/2023\/03\/portaria_86_2013_regulamento_pnpd.pdf\" data-type=\"attachment\" data-id=\"1762\" target=\"_blank\" rel=\"noreferrer noopener\">Portaria CAPES n.\u00ba 86\/2013<\/a><\/h5>\n\n\n\n<p>Regulamento do Programa Nacional de P\u00f3s-Doutorado<\/p>\n\n\n\n<h5 class=\"wp-block-heading\"><a href=\"https:\/\/pos.uel.br\/geografia\/wp-content\/uploads\/2021\/09\/ResoluA303sectA303poundo-CEPE-nA302ordm-053-2019-PA303sup3s-doutoral.pdf\" data-type=\"attachment\" data-id=\"320\" target=\"_blank\" rel=\"noreferrer noopener\">Resolu\u00e7\u00e3o CEPE n.\u00ba 053\/2019<\/a><\/h5>\n\n\n\n<p>Normas e condi\u00e7\u00f5es para a realiza\u00e7\u00e3o do Est\u00e1gio P\u00f3s-doutoral na Universidade Estadual de Londrina<\/p>\n<\/div>\n\n\n\n<h4 class=\"wp-block-heading\">Hist\u00f3rico de resolu\u00e7\u00f5es<\/h4>\n\n\n\n<div class=\"wp-block-uel-card\">\n<h5 class=\"wp-block-heading\"><a href=\"https:\/\/pos.uel.br\/geografia\/wp-content\/uploads\/2021\/09\/resolucao_35-2011.pdf\" data-type=\"attachment\" data-id=\"360\" target=\"_blank\" rel=\"noreferrer noopener\">[Extinta] Resolu\u00e7\u00e3o CEPE n.\u00ba 35\/2011<\/a><\/h5>\n\n\n\n<p>[Extinta] Cria\u00e7\u00e3o do Curso de Doutorado e outras provid\u00eancias<\/p>\n\n\n\n<h5 class=\"wp-block-heading\"><a href=\"https:\/\/pos.uel.br\/geografia\/wp-content\/uploads\/2021\/09\/Delib-22-2013-2014.pdf\" data-type=\"attachment\" data-id=\"361\" target=\"_blank\" rel=\"noreferrer noopener\">[Extinta] Delibera\u00e7\u00e3o C\u00e2mara de P\u00f3s-Gradua\u00e7\u00e3o n.\u00ba 22\/2013<\/a><\/h5>\n\n\n\n<p>[Extinta] Reestrutura o Programa de P\u00f3s-Gradua\u00e7\u00e3o em Geografia<\/p>\n\n\n\n<h5 class=\"wp-block-heading\"><a href=\"https:\/\/pos.uel.br\/geografia\/wp-content\/uploads\/2021\/09\/Regimento_105_2_2014-1.pdf\" data-type=\"attachment\" data-id=\"370\" target=\"_blank\" rel=\"noreferrer noopener\">[Extinta] Resolu\u00e7\u00e3o CEPE n.\u00ba 105\/2013<\/a><\/h5>\n\n\n\n<p>[Extinta] Altera o Regimento do Programa de P\u00f3s-Gradua\u00e7\u00e3o em Geografia, em n\u00edvel de mestrado e Doutorado<\/p>\n\n\n\n<h5 class=\"wp-block-heading\"><a href=\"https:\/\/pos.uel.br\/geografia\/wp-content\/uploads\/2021\/09\/Resolucao-de-Bolsas-PPGGEO-2019.pdf\" data-type=\"attachment\" data-id=\"324\" target=\"_blank\" rel=\"noreferrer noopener\">[Extinta] Resolu\u00e7\u00e3o PPGEO\/UEL n.\u00ba 001\/2019<\/a><\/h5>\n\n\n\n<p>[Extinta] Bolsas do Programa de P\u00f3s-Gradua\u00e7\u00e3o em Geografia da Universidade Estadual de Londrina &#8211; desconsiderar ANEXO I para 2023\/24.<\/p>\n\n\n\n<h5 class=\"wp-block-heading\"><a href=\"https:\/\/pos.uel.br\/geografia\/wp-content\/uploads\/2021\/09\/normas_abril_2015.pdf.pdf\" data-type=\"URL\" data-id=\"https:\/\/pos.uel.br\/geografia\/wp-content\/uploads\/2021\/09\/normas_abril_2015.pdf.pdf\" target=\"_blank\" rel=\"noreferrer noopener\">[Extinta] Normas para atribui\u00e7\u00e3o de bolsas de estudo no PPGEO\/UEL (a partir de 2015)<\/a><\/h5>\n\n\n\n<p>[Extinta] Crit\u00e9rios da Comiss\u00e3o de Bolsas para distribui\u00e7\u00e3o de bolsas<\/p>\n<\/div>\n","protected":false},"excerpt":{"rendered":"<p>Programa de P\u00f3s-Gradua\u00e7\u00e3o em Geografia Atos normativos Programa de Doutorado-Sandu\u00edche no Exterior (PDSE) P\u00f3s-Doutorado Hist\u00f3rico de resolu\u00e7\u00f5es<\/p>\n","protected":false},"author":14,"featured_media":0,"parent":0,"menu_order":0,"comment_status":"closed","ping_status":"closed","template":"","meta":{"_acf_changed":false,"footnotes":""},"class_list":["post-847","page","type-page","status-publish","hentry"],"acf":[],"_links":{"self":[{"href":"https:\/\/pos.uel.br\/geografia\/wp-json\/wp\/v2\/pages\/847","targetHints":{"allow":["GET"]}}],"collection":[{"href":"https:\/\/pos.uel.br\/geografia\/wp-json\/wp\/v2\/pages"}],"about":[{"href":"https:\/\/pos.uel.br\/geografia\/wp-json\/wp\/v2\/types\/page"}],"author":[{"embeddable":true,"href":"https:\/\/pos.uel.br\/geografia\/wp-json\/wp\/v2\/users\/14"}],"replies":[{"embeddable":true,"href":"https:\/\/pos.uel.br\/geografia\/wp-json\/wp\/v2\/comments?post=847"}],"version-history":[{"count":46,"href":"https:\/\/pos.uel.br\/geografia\/wp-json\/wp\/v2\/pages\/847\/revisions"}],"predecessor-version":[{"id":3869,"href":"https:\/\/pos.uel.br\/geografia\/wp-json\/wp\/v2\/pages\/847\/revisions\/3869"}],"wp:attachment":[{"href":"https:\/\/pos.uel.br\/geografia\/wp-json\/wp\/v2\/media?parent=847"}],"curies":[{"name":"wp","href":"https:\/\/api.w.org\/{rel}","templated":true}]}}