{"id":4802,"date":"2025-11-24T10:22:09","date_gmt":"2025-11-24T13:22:09","guid":{"rendered":"https:\/\/pos.uel.br\/geografia\/?page_id=4802"},"modified":"2025-11-24T10:22:09","modified_gmt":"2025-11-24T13:22:09","slug":"sobre-el-programa","status":"publish","type":"page","link":"https:\/\/pos.uel.br\/geografia\/es\/sobre-el-programa\/","title":{"rendered":"Sobre el programa"},"content":{"rendered":"\n<p><a href=\"https:\/\/pos.uel.br\/geografia\/es\/informacion-general\/\">Informaci\u00f3n General<\/a><\/p>\n\n\n\n<p><a href=\"https:\/\/pos.uel.br\/geografia\/es\/historia\/\">Historia<\/a><\/p>\n\n\n\n<p><a href=\"https:\/\/pos.uel.br\/geografia\/es\/internacionalizacion-de-la-posgrado-uel\/\">Internacionalizaci\u00f3n<\/a><\/p>\n\n\n\n<p><a href=\"https:\/\/pos.uel.br\/geografia\/es\/personal-docente\/\">Personal Docente<br><\/a><br><a href=\"https:\/\/pos.uel.br\/geografia\/es\/infraestructura\/\">Infraestructura<\/a><\/p>\n\n\n\n<p><a href=\"https:\/\/pos.uel.br\/geografia\/es\/representantes-estudiantiles\/\">Representantes Estudiantiles<\/a><\/p>\n\n\n\n<p><a href=\"https:\/\/pos.uel.br\/geografia\/es\/comisiones\/\">Comisiones<br><\/a><br><a href=\"https:\/\/pos.uel.br\/geografia\/es\/autoevaluacion\/\">Autoevaluaci\u00f3n<\/a><\/p>\n\n\n\n<p><a href=\"https:\/\/pos.uel.br\/geografia\/es\/planificacion-de-desarrollo-estrategico-pde-ppgeo-2021-2024\/\">PDE\/PPGEO 2021-2024<\/a><\/p>\n","protected":false},"excerpt":{"rendered":"<p>Informaci\u00f3n General Historia Internacionalizaci\u00f3n Personal DocenteInfraestructura Representantes Estudiantiles ComisionesAutoevaluaci\u00f3n PDE\/PPGEO 2021-2024<\/p>\n","protected":false},"author":14,"featured_media":0,"parent":0,"menu_order":0,"comment_status":"closed","ping_status":"closed","template":"","meta":{"_acf_changed":false,"footnotes":""},"class_list":["post-4802","page","type-page","status-publish","hentry"],"acf":[],"_links":{"self":[{"href":"https:\/\/pos.uel.br\/geografia\/wp-json\/wp\/v2\/pages\/4802","targetHints":{"allow":["GET"]}}],"collection":[{"href":"https:\/\/pos.uel.br\/geografia\/wp-json\/wp\/v2\/pages"}],"about":[{"href":"https:\/\/pos.uel.br\/geografia\/wp-json\/wp\/v2\/types\/page"}],"author":[{"embeddable":true,"href":"https:\/\/pos.uel.br\/geografia\/wp-json\/wp\/v2\/users\/14"}],"replies":[{"embeddable":true,"href":"https:\/\/pos.uel.br\/geografia\/wp-json\/wp\/v2\/comments?post=4802"}],"version-history":[{"count":1,"href":"https:\/\/pos.uel.br\/geografia\/wp-json\/wp\/v2\/pages\/4802\/revisions"}],"predecessor-version":[{"id":4803,"href":"https:\/\/pos.uel.br\/geografia\/wp-json\/wp\/v2\/pages\/4802\/revisions\/4803"}],"wp:attachment":[{"href":"https:\/\/pos.uel.br\/geografia\/wp-json\/wp\/v2\/media?parent=4802"}],"curies":[{"name":"wp","href":"https:\/\/api.w.org\/{rel}","templated":true}]}}