{"id":4543,"date":"2025-05-27T08:16:34","date_gmt":"2025-05-27T11:16:34","guid":{"rendered":"https:\/\/pos.uel.br\/geografia\/?page_id=4543"},"modified":"2025-05-27T08:16:34","modified_gmt":"2025-05-27T11:16:34","slug":"mestrado-2024","status":"publish","type":"page","link":"https:\/\/pos.uel.br\/geografia\/mestrado-2024\/","title":{"rendered":"Mestrado 2024"},"content":{"rendered":"\n<h2 class=\"wp-block-heading\"><\/h2>\n\n\n\n<figure class=\"wp-block-table\"><table class=\"has-fixed-layout\"><thead><tr><th>&nbsp;<\/th><th>Ingressantes<\/th><th>Orientador(a)<\/th><\/tr><\/thead><tbody><tr><td>01<\/td><td>Carlos Cassiano Dalto<\/td><td>Eloiza Cristiane Torres<\/td><\/tr><tr><td>02<\/td><td>Giovana Sanna Maia<\/td><td>Patr\u00edcia Fernandes Paula-Shinobu<\/td><\/tr><tr><td>03<\/td><td>Pedro Henrique Brustz Mafort<\/td><td>Jos\u00e9 Paulo Peccinini Pinese<\/td><\/tr><tr><td>04<\/td><td>Rafaela da Veiga Para\u00edso Martins<\/td><td>Adriana Castreghini de Freitas Pereira<\/td><\/tr><tr><td>05<\/td><td>Rodrigo Batista da Silva<\/td><td>Jeani Delgado Paschoal Moura<\/td><\/tr><tr><td>06<\/td><td>Victoria Zaupa Montini<\/td><td>Ideni Terezinha Antonello<\/td><\/tr><tr><td>07<\/td><td>Vitor Colleto dos Santos<\/td><td>Eloiza Cristiane Torres<\/td><\/tr><tr><td>08<\/td><td>William Henrique Kurunczi Ferreira<\/td><td>Marciel Lohmann\/ Luciano Nardini Gomes<\/td><\/tr><tr><td>09<\/td><td>Luiz Gustavo Pozzobom Bernardes de Souza<\/td><td>Luciano Nardini Gomes<\/td><\/tr><tr><td>10<\/td><td>Marcelo Correa Porto<\/td><td>Jeani Delgado Paschoal Moura<\/td><\/tr><tr><td>11<\/td><td>Robson Borges Arantes<\/td><td>Margarida de C\u00e1ssia Campos<\/td><\/tr><tr><td>12<\/td><td>Welliton Fernando dos Santos<\/td><td>L\u00e9ia Aparecida Veiga<\/td><\/tr><\/tbody><\/table><\/figure>\n","protected":false},"excerpt":{"rendered":"<p>&nbsp; Ingressantes Orientador(a) 01 Carlos Cassiano Dalto Eloiza Cristiane Torres 02 Giovana Sanna Maia Patr\u00edcia Fernandes Paula-Shinobu 03 Pedro Henrique Brustz Mafort Jos\u00e9 Paulo Peccinini Pinese 04 Rafaela da Veiga Para\u00edso Martins Adriana Castreghini de Freitas Pereira 05 Rodrigo Batista da Silva Jeani Delgado Paschoal Moura 06 Victoria Zaupa Montini Ideni Terezinha Antonello 07 Vitor [&hellip;]<\/p>\n","protected":false},"author":14,"featured_media":0,"parent":0,"menu_order":0,"comment_status":"closed","ping_status":"closed","template":"","meta":{"_acf_changed":false,"footnotes":""},"class_list":["post-4543","page","type-page","status-publish","hentry"],"acf":[],"_links":{"self":[{"href":"https:\/\/pos.uel.br\/geografia\/wp-json\/wp\/v2\/pages\/4543","targetHints":{"allow":["GET"]}}],"collection":[{"href":"https:\/\/pos.uel.br\/geografia\/wp-json\/wp\/v2\/pages"}],"about":[{"href":"https:\/\/pos.uel.br\/geografia\/wp-json\/wp\/v2\/types\/page"}],"author":[{"embeddable":true,"href":"https:\/\/pos.uel.br\/geografia\/wp-json\/wp\/v2\/users\/14"}],"replies":[{"embeddable":true,"href":"https:\/\/pos.uel.br\/geografia\/wp-json\/wp\/v2\/comments?post=4543"}],"version-history":[{"count":1,"href":"https:\/\/pos.uel.br\/geografia\/wp-json\/wp\/v2\/pages\/4543\/revisions"}],"predecessor-version":[{"id":4544,"href":"https:\/\/pos.uel.br\/geografia\/wp-json\/wp\/v2\/pages\/4543\/revisions\/4544"}],"wp:attachment":[{"href":"https:\/\/pos.uel.br\/geografia\/wp-json\/wp\/v2\/media?parent=4543"}],"curies":[{"name":"wp","href":"https:\/\/api.w.org\/{rel}","templated":true}]}}