{"id":4457,"date":"2025-05-26T16:07:38","date_gmt":"2025-05-26T19:07:38","guid":{"rendered":"https:\/\/pos.uel.br\/geografia\/?page_id=4457"},"modified":"2025-05-26T16:22:51","modified_gmt":"2025-05-26T19:22:51","slug":"sobre-es","status":"publish","type":"page","link":"https:\/\/pos.uel.br\/geografia\/es\/sobre-es\/","title":{"rendered":"Sobre"},"content":{"rendered":"\n<p><\/p>\n\n\n\n<p><a href=\"https:\/\/pos.uel.br\/geografia\/es\/informacion-general\/\">Informaci\u00f3n General<\/a><\/p>\n\n\n\n<p><a href=\"https:\/\/pos.uel.br\/geografia\/es\/historia\/\" data-type=\"link\" data-id=\"https:\/\/pos.uel.br\/geografia\/es\/historia\/\">Historia<\/a><\/p>\n\n\n\n<p><a href=\"https:\/\/pos.uel.br\/geografia\/es\/internacionalizacion-de-la-posgrado-uel\/\" data-type=\"link\" data-id=\"https:\/\/pos.uel.br\/geografia\/es\/internacionalizacion-de-la-posgrado-uel\/\">Internacionalizaci\u00f3n<\/a><\/p>\n\n\n\n<p><a href=\"https:\/\/pos.uel.br\/geografia\/es\/personal-docente\/\" data-type=\"link\" data-id=\"https:\/\/pos.uel.br\/geografia\/es\/personal-docente\/\">Personal Docente<br><\/a><br><a href=\"https:\/\/pos.uel.br\/geografia\/es\/infraestructura\/\" data-type=\"link\" data-id=\"https:\/\/pos.uel.br\/geografia\/es\/infraestructura\/\">Infraestructura<\/a><\/p>\n\n\n\n<p><a href=\"https:\/\/pos.uel.br\/geografia\/es\/representantes-estudiantiles\/\" data-type=\"link\" data-id=\"https:\/\/pos.uel.br\/geografia\/es\/representantes-estudiantiles\/\">Representantes Estudiantiles<\/a><\/p>\n\n\n\n<p><a href=\"https:\/\/pos.uel.br\/geografia\/es\/comisiones\/\" data-type=\"link\" data-id=\"https:\/\/pos.uel.br\/geografia\/es\/comisiones\/\">Comisiones<br><\/a><br><a href=\"https:\/\/pos.uel.br\/geografia\/es\/autoevaluacion\/\" data-type=\"link\" data-id=\"https:\/\/pos.uel.br\/geografia\/es\/autoevaluacion\/\">Autoevaluaci\u00f3n<\/a><\/p>\n\n\n\n<p><a href=\"https:\/\/pos.uel.br\/geografia\/es\/planificacion-de-desarrollo-estrategico-pde-ppgeo-2021-2024\/\" data-type=\"link\" data-id=\"https:\/\/pos.uel.br\/geografia\/es\/planificacion-de-desarrollo-estrategico-pde-ppgeo-2021-2024\/\">PDE\/PPGEO 2021-2024<br><\/a><br><br><br><\/p>\n","protected":false},"excerpt":{"rendered":"<p>Informaci\u00f3n General Historia Internacionalizaci\u00f3n Personal DocenteInfraestructura Representantes Estudiantiles ComisionesAutoevaluaci\u00f3n PDE\/PPGEO 2021-2024<\/p>\n","protected":false},"author":14,"featured_media":0,"parent":0,"menu_order":0,"comment_status":"closed","ping_status":"closed","template":"","meta":{"_acf_changed":false,"footnotes":""},"class_list":["post-4457","page","type-page","status-publish","hentry"],"acf":[],"_links":{"self":[{"href":"https:\/\/pos.uel.br\/geografia\/wp-json\/wp\/v2\/pages\/4457","targetHints":{"allow":["GET"]}}],"collection":[{"href":"https:\/\/pos.uel.br\/geografia\/wp-json\/wp\/v2\/pages"}],"about":[{"href":"https:\/\/pos.uel.br\/geografia\/wp-json\/wp\/v2\/types\/page"}],"author":[{"embeddable":true,"href":"https:\/\/pos.uel.br\/geografia\/wp-json\/wp\/v2\/users\/14"}],"replies":[{"embeddable":true,"href":"https:\/\/pos.uel.br\/geografia\/wp-json\/wp\/v2\/comments?post=4457"}],"version-history":[{"count":2,"href":"https:\/\/pos.uel.br\/geografia\/wp-json\/wp\/v2\/pages\/4457\/revisions"}],"predecessor-version":[{"id":4464,"href":"https:\/\/pos.uel.br\/geografia\/wp-json\/wp\/v2\/pages\/4457\/revisions\/4464"}],"wp:attachment":[{"href":"https:\/\/pos.uel.br\/geografia\/wp-json\/wp\/v2\/media?parent=4457"}],"curies":[{"name":"wp","href":"https:\/\/api.w.org\/{rel}","templated":true}]}}