{"id":4428,"date":"2025-05-26T15:38:57","date_gmt":"2025-05-26T18:38:57","guid":{"rendered":"https:\/\/pos.uel.br\/geografia\/?page_id=4428"},"modified":"2025-05-28T15:13:12","modified_gmt":"2025-05-28T18:13:12","slug":"bolsistas-d","status":"publish","type":"page","link":"https:\/\/pos.uel.br\/geografia\/bolsistas-d\/","title":{"rendered":"Bolsistas"},"content":{"rendered":"\n<h3 class=\"wp-block-heading\"><strong>LISTA DE BOLSISTAS DE DOUTORADO&nbsp; (2021-2024)<\/strong><\/h3>\n\n\n\n<h3 class=\"wp-block-heading\"><strong>Lista de Bolsistas (Doutorado 2021)<\/strong><\/h3>\n\n\n\n<figure class=\"wp-block-table\"><table class=\"has-fixed-layout\"><tbody><tr><td><strong>Nome<\/strong><\/td><td><strong>Per\u00edodo da Bolsa<\/strong><\/td><td><strong>\u00d3rg\u00e3o de Fomento<\/strong><\/td><\/tr><tr><td>ANA KARLLA PENNA ROCHA<\/td><td>01\/09\/2019 28\/02\/2021<\/td><td>CAPES (PROGRAMA DE DEMANDA SOCIAL &#8211; DS)<\/td><\/tr><tr><td>CAIO CEZAR CUNHA<\/td><td>01\/03\/2021 28\/02\/2022<\/td><td>CAPES (PROGRAMA DE DEMANDA SOCIAL &#8211; DS)<\/td><\/tr><tr><td>CLARISSA GASPAR MASSI<\/td><td>01\/09\/2019 28\/02\/2022<\/td><td>CAPES (PROGRAMA DE DEMANDA SOCIAL &#8211; DS)<\/td><\/tr><tr><td>DANIELI BARBOSA DE ARAUJO<\/td><td>01\/10\/2021 31\/03\/2022<\/td><td>CAPES (PDSE &#8211; PROGRAMA DE DOUTORADO SANDU\u00cdCHE NO EXTERIOR)<\/td><\/tr><tr><td>GLAUBER STEFAN BARBOSA<\/td><td>01\/02\/2018 31\/08\/2021<\/td><td>FUNDA\u00c7\u00c3O ARAUC\u00c1RIA (ARAUC\u00c1RIA)<\/td><\/tr><tr><td>KAROLINE OLIVEIRA SANTOS<\/td><td>01\/07\/2021 28\/02\/2025<\/td><td>FUNDA\u00c7\u00c3O ARAUC\u00c1RIA (ARAUC\u00c1RIA)<\/td><\/tr><tr><td>LARISSA ALVES DE OLIVEIRA<\/td><td>01\/09\/2019 28\/02\/2022<\/td><td>CAPES (PROGRAMA DE DEMANDA SOCIAL &#8211; DS)<\/td><\/tr><tr><td>MAICO EDUARDO DIAS DIAS<\/td><td>01\/01\/2021&nbsp; 29\/02\/2024<\/td><td>CAPES (PROGRAMA DE DEMANDA SOCIAL &#8211; DS)<\/td><\/tr><tr><td>REGINA MAGNA FRANCO<\/td><td>01\/09\/2019&nbsp; 28\/02\/2023<\/td><td>CAPES (PROGRAMA DE DEMANDA SOCIAL &#8211; DS)<\/td><\/tr><tr><td>ROSANA KOSTECKI DE LIMA<\/td><td>01\/09\/2020&nbsp; 31\/07\/2023<\/td><td>CAPES (PROGRAMA DE DEMANDA SOCIAL &#8211; DS)<\/td><\/tr><tr><td>SERGIO AUGUSTO PEREIRA<\/td><td>01\/06\/2021&nbsp; 30\/04\/2022<\/td><td>CAPES (PROGRAMA DE DEMANDA SOCIAL &#8211; DS)<\/td><\/tr><tr><td>TAIS CRISTINA BERBET<\/td><td>01\/09\/2019&nbsp; 31\/05\/2021<\/td><td>CAPES (PROGRAMA DE DEMANDA SOCIAL &#8211; DS)<\/td><\/tr><tr><td>WILLIAN DA SILVA SANTOS<\/td><td>01\/09\/2019&nbsp; 28\/02\/2023<\/td><td>CAPES (PROGRAMA DE DEMANDA SOCIAL &#8211; DS)<\/td><\/tr><\/tbody><\/table><\/figure>\n\n\n\n<h3 class=\"wp-block-heading\"><strong>Lista de Bolsistas (Doutorado 2022)<\/strong><\/h3>\n\n\n\n<figure class=\"wp-block-table\"><table class=\"has-fixed-layout\"><tbody><tr><td><strong>Nome<\/strong><\/td><td><strong>Per\u00edodo da Bolsa<\/strong><\/td><td><strong>\u00d3rg\u00e3o de Fomento<\/strong><\/td><td><strong>Programa\/Modalidade<\/strong><\/td><\/tr><tr><td>AGOSTINHO PRADO ALVES JUNIOR<\/td><td>01\/03\/2022 28\/02\/2025<\/td><td>CAPES<\/td><td>Demanda Social (DS)<\/td><\/tr><tr><td>ANA KARLLA PENNA ROCHA<\/td><td>01\/03\/2022 31\/03\/2024<\/td><td>CAPES<\/td><td>Demanda Social (DS)<\/td><\/tr><tr><td>CAROLINE HATADA DE LIMA<\/td><td>01\/09\/2022 31\/03\/2023<\/td><td>CAPES (PDSE)<\/td><td>Doutorado Sandu\u00edche (University of Calgary)<\/td><\/tr><tr><td>CAROLINE HATADA DE LIMA<\/td><td>01\/03\/2022 31\/07\/2023<\/td><td>CAPES<\/td><td>Demanda Social (DS)<\/td><\/tr><tr><td>LUCAS HENRIQUE CAMPOS VASCONCELOS<\/td><td>01\/03\/2022 28\/02\/2023<\/td><td>CAPES<\/td><td>Demanda Social (DS)<\/td><\/tr><tr><td>MAICO EDUARDO DIAS DIAS<\/td><td>01\/03\/2022 29\/02\/2024<\/td><td>CAPES<\/td><td>Demanda Social (DS)<\/td><\/tr><tr><td>RAMON GUERINI CANDIDO<\/td><td>01\/03\/2022 31\/08\/2024<\/td><td>CAPES<\/td><td>Demanda Social (DS)<\/td><\/tr><\/tbody><\/table><\/figure>\n\n\n\n<h3 class=\"wp-block-heading\"><strong>Lista de Bolsistas (Doutorado 2023)<\/strong><\/h3>\n\n\n\n<figure class=\"wp-block-table\"><table class=\"has-fixed-layout\"><tbody><tr><td><strong>Nome<\/strong><\/td><td><strong>Per\u00edodo da Bolsa<\/strong><\/td><td><strong>\u00d3rg\u00e3o de Fomento<\/strong><\/td><td><strong>Programa\/Modalidade<\/strong><\/td><\/tr><tr><td>BRENO DA CONCEI\u00c7\u00c3O NETO<\/td><td>01\/05\/2023 28\/02\/2027<\/td><td>CAPES<\/td><td>Demanda Social (DS)<\/td><\/tr><tr><td>DOUGLAS VITTO<\/td><td>01\/03\/2023 28\/02\/2026<\/td><td>CAPES<\/td><td>Demanda Social (DS)<\/td><\/tr><tr><td>FELIPE COSTA AGUIAR<\/td><td>01\/03\/2023 28\/02\/2027<\/td><td>CAPES<\/td><td>PDPG Emergencial (Consolida\u00e7\u00e3o de Programas de P\u00f3s-Gradua\u00e7\u00e3o)<\/td><\/tr><tr><td>FRANCISCA DA SILVA REIS<\/td><td>01\/03\/2023 28\/02\/2027<\/td><td>CAPES<\/td><td>PDPG Emergencial (Consolida\u00e7\u00e3o de Programas de P\u00f3s-Gradua\u00e7\u00e3o)<\/td><\/tr><tr><td>HERMAN VARGAS SILVA<\/td><td>01\/06\/2023 31\/01\/2024<\/td><td>CAPES<\/td><td>Demanda Social (DS)<\/td><\/tr><tr><td>IZABELLE CRISTINA GUSMAO DA SILVA<\/td><td>01\/11\/2023 28\/02\/2027<\/td><td>CAPES<\/td><td>Demanda Social (DS)<\/td><\/tr><tr><td>JO\u00c3O VALDECIR CASAROTO FILHO<\/td><td>01\/11\/2023 28\/02\/2027<\/td><td>CAPES<\/td><td>Demanda Social (DS)<\/td><\/tr><tr><td>JOSE RAFAEL VILELA DA SILVA<\/td><td>01\/11\/2023 28\/02\/2026<\/td><td>CAPES<\/td><td>Demanda Social (DS)<\/td><\/tr><tr><td>NAIBI SOUZA JAYME<\/td><td>01\/03\/2023 28\/02\/2025<\/td><td>CAPES<\/td><td>Demanda Social (DS)<br><\/td><\/tr><tr><td>NATALIA MICHELI VILLA<\/td><td>01\/03\/2023 28\/02\/2026<\/td><td>CAPES<\/td><td>Demanda Social (DS)<\/td><\/tr><tr><td>OSMAR FABIANO DE SOUZA FILHO<\/td><td>01\/11\/2023 28\/02\/2027<\/td><td>CAPES<\/td><td>Demanda Social (DS)<\/td><\/tr><tr><td>RONALDO ADRIANO ALVES<\/td><td>01\/03\/2023 28\/02\/2026<\/td><td>CAPES<\/td><td>Demanda Social (DS)<\/td><\/tr><\/tbody><\/table><\/figure>\n\n\n\n<h3 class=\"wp-block-heading\"><strong>Lista de Bolsistas (Doutorado 2024)<\/strong><\/h3>\n\n\n\n<figure class=\"wp-block-table\"><table class=\"has-fixed-layout\"><tbody><tr><td><strong>Nome<\/strong><\/td><td><strong>Per\u00edodo da Bolsa<\/strong><\/td><td><strong>\u00d3rg\u00e3o de Fomento<\/strong><\/td><td><strong>Programa\/Modalidade<\/strong><\/td><\/tr><tr><td>EFIGENIA ROCHA BARRETO DA SILVA<\/td><td>01\/03\/2024 28\/02\/2027<\/td><td>CAPES<\/td><td>Programa de Demanda Social (DS)<\/td><\/tr><tr><td>ISABELLE TEIXEIRA BERTINI<\/td><td>04\/2024\u00a0 03\/2028<\/td><td>CNPq<\/td><td>&#8211;<\/td><\/tr><tr><td>LUCAS HENRIQUE CAMPOS VASCONCELOS<\/td><td>01\/09\/2024 28\/02\/2025<\/td><td>CAPES<\/td><td>Programa de Demanda Social (DS)<\/td><\/tr><tr><td>MARJANA VEDOVATTO<\/td><td>01\/04\/2024 28\/02\/2027<\/td><td>CAPES<\/td><td>Programa de Demanda Social (DS)<\/td><\/tr><tr><td>RODRIGO LOURENCO ARISTIDES<\/td><td>01\/04\/2024 31\/07\/2027<\/td><td>CAPES<\/td><td>Programa de Demanda Social (DS)<\/td><\/tr><tr><td>VINICIUS AUGUSTO MARQUES DOS SANTOS<\/td><td>01\/03\/2024 28\/02\/2027<\/td><td>CAPES<\/td><td>Programa de Demanda Social (DS)<\/td><\/tr><\/tbody><\/table><\/figure>\n","protected":false},"excerpt":{"rendered":"<p>LISTA DE BOLSISTAS DE DOUTORADO&nbsp; (2021-2024) Lista de Bolsistas (Doutorado 2021) Nome Per\u00edodo da Bolsa \u00d3rg\u00e3o de Fomento ANA KARLLA PENNA ROCHA 01\/09\/2019 28\/02\/2021 CAPES (PROGRAMA DE DEMANDA SOCIAL &#8211; DS) CAIO CEZAR CUNHA 01\/03\/2021 28\/02\/2022 CAPES (PROGRAMA DE DEMANDA SOCIAL &#8211; DS) CLARISSA GASPAR MASSI 01\/09\/2019 28\/02\/2022 CAPES (PROGRAMA DE DEMANDA SOCIAL &#8211; DS) [&hellip;]<\/p>\n","protected":false},"author":14,"featured_media":0,"parent":0,"menu_order":0,"comment_status":"closed","ping_status":"closed","template":"","meta":{"_acf_changed":false,"footnotes":""},"class_list":["post-4428","page","type-page","status-publish","hentry"],"acf":[],"_links":{"self":[{"href":"https:\/\/pos.uel.br\/geografia\/wp-json\/wp\/v2\/pages\/4428","targetHints":{"allow":["GET"]}}],"collection":[{"href":"https:\/\/pos.uel.br\/geografia\/wp-json\/wp\/v2\/pages"}],"about":[{"href":"https:\/\/pos.uel.br\/geografia\/wp-json\/wp\/v2\/types\/page"}],"author":[{"embeddable":true,"href":"https:\/\/pos.uel.br\/geografia\/wp-json\/wp\/v2\/users\/14"}],"replies":[{"embeddable":true,"href":"https:\/\/pos.uel.br\/geografia\/wp-json\/wp\/v2\/comments?post=4428"}],"version-history":[{"count":5,"href":"https:\/\/pos.uel.br\/geografia\/wp-json\/wp\/v2\/pages\/4428\/revisions"}],"predecessor-version":[{"id":4648,"href":"https:\/\/pos.uel.br\/geografia\/wp-json\/wp\/v2\/pages\/4428\/revisions\/4648"}],"wp:attachment":[{"href":"https:\/\/pos.uel.br\/geografia\/wp-json\/wp\/v2\/media?parent=4428"}],"curies":[{"name":"wp","href":"https:\/\/api.w.org\/{rel}","templated":true}]}}