{"id":4402,"date":"2025-05-26T15:26:10","date_gmt":"2025-05-26T18:26:10","guid":{"rendered":"https:\/\/pos.uel.br\/geografia\/?page_id=4402"},"modified":"2025-05-26T15:26:11","modified_gmt":"2025-05-26T18:26:11","slug":"eventos-2","status":"publish","type":"page","link":"https:\/\/pos.uel.br\/geografia\/es\/eventos-2\/","title":{"rendered":"Eventos"},"content":{"rendered":"\n<p><\/p>\n\n\n\n<p><strong>Encuentro Internacional de Metodolog\u00edas Cualitativas de Investigaci\u00f3n y\/o Acci\u00f3n (MQPA)<\/strong><\/p>\n\n\n\n<div class=\"wp-block-media-text alignwide is-stacked-on-mobile\"><figure class=\"wp-block-media-text__media\"><img loading=\"lazy\" decoding=\"async\" width=\"592\" height=\"234\" src=\"https:\/\/pos.uel.br\/geografia\/wp-content\/uploads\/2023\/05\/ieimqpa.png\" alt=\"\" class=\"wp-image-2409 size-full\" srcset=\"https:\/\/pos.uel.br\/geografia\/wp-content\/uploads\/2023\/05\/ieimqpa.png 592w, https:\/\/pos.uel.br\/geografia\/wp-content\/uploads\/2023\/05\/ieimqpa-300x119.png 300w\" sizes=\"auto, (max-width: 592px) 100vw, 592px\" \/><\/figure><div class=\"wp-block-media-text__content\">\n<p><\/p>\n\n\n\n<p>El Encuentro Internacional de Metodolog\u00edas Cualitativas de Investigaci\u00f3n y\/o Acci\u00f3n (MQPA) tuvo su primera edici\u00f3n en Uruguay, fruto de la colaboraci\u00f3n entre los grupos GIPAP y CTL. La segunda edici\u00f3n se realiz\u00f3 en Londrina, organizada por el PPGEO, y la tercera en Colombia. Ambas ediciones contaron con amplia participaci\u00f3n de docentes del programa, como los profesores Ideni Antonello, Eloiza Torres, L\u00e9ia Veiga, Jeani Moura y Sergio Nabarro, adem\u00e1s de integrantes de otros departamentos, universidades internacionales, estudiantes y miembros de la sociedad civil.<\/p>\n\n\n\n<p><strong>Ediciones del evento:<\/strong><\/p>\n\n\n\n<p><a href=\"https:\/\/encontromqpa.wixsite.com\/encontromqpa\" data-type=\"link\" data-id=\"https:\/\/encontromqpa.wixsite.com\/encontromqpa\"><strong><strong>I Encuentro Internacional de Metodolog\u00edas Cualitativas de Investigaci\u00f3n y\/o Acci\u00f3n<\/strong><\/strong><\/a> &#8211; Desarrollo Rural-Urbano Sostenible &#8211; Montevideo, Uruguay, 25\u201327 de mayo de 2023.<\/p>\n\n\n\n<p><a href=\"https:\/\/encontromqpa.wixsite.com\/ii-encontro-mqpa\" data-type=\"link\" data-id=\"https:\/\/encontromqpa.wixsite.com\/ii-encontro-mqpa\"><strong><strong>II Encuentro Internacional de Metodolog\u00edas Cualitativas de Investigaci\u00f3n y\/o Acci\u00f3n<\/strong><\/strong><\/a> &#8211; Desarrollo Territorial Sostenible &#8211; Londrina, Brasil, 14\u201316 de marzo de 2024.<\/p>\n\n\n\n<p><a href=\"https:\/\/encontromqpa.wixsite.com\/website\" data-type=\"link\" data-id=\"https:\/\/encontromqpa.wixsite.com\/website\"><strong><strong>III Encuentro Internacional de Metodolog\u00edas Cualitativas de Investigaci\u00f3n y\/o Acci\u00f3n<\/strong><\/strong>\u00a0<\/a> &#8211;\u00a0 Tunja, Colombia, 24\u201326 de abril de 2025.<\/p>\n<\/div><\/div>\n\n\n\n<p><\/p>\n\n\n\n<p><strong>Coloquio de Geograf\u00eda Humanista y Educaci\u00f3n (COGHE)<\/strong><\/p>\n\n\n\n<div class=\"wp-block-media-text alignwide is-stacked-on-mobile\"><figure class=\"wp-block-media-text__media\"><img loading=\"lazy\" decoding=\"async\" width=\"506\" height=\"309\" src=\"https:\/\/pos.uel.br\/geografia\/wp-content\/uploads\/2025\/05\/Sem-titulo.png\" alt=\"\" class=\"wp-image-4392 size-full\" srcset=\"https:\/\/pos.uel.br\/geografia\/wp-content\/uploads\/2025\/05\/Sem-titulo.png 506w, https:\/\/pos.uel.br\/geografia\/wp-content\/uploads\/2025\/05\/Sem-titulo-300x183.png 300w\" sizes=\"auto, (max-width: 506px) 100vw, 506px\" \/><\/figure><div class=\"wp-block-media-text__content\">\n<p><\/p>\n\n\n\n<p>El\u00a0<strong>I Coloquio de Geograf\u00eda Humanista y Educaci\u00f3n (COGHE)<\/strong>, primer evento brasile\u00f1o dedicado al tema, fue organizado en colaboraci\u00f3n con instituciones como UFPI, UFF, UNICAMP, UFPR, UNEB e IFSP, gracias a las alianzas con GHUM. Coordinado por la Prof. Jeani Delgado Paschoal Moura, cont\u00f3 con la participaci\u00f3n activa de la Prof. Jamille da Silva Lima-Payay\u00e1, la investigadora postdoctoral Daniele Barbosa de Ara\u00fajo y la egresada Larissa Alves de Oliveira, quienes tambi\u00e9n actuaron como ponentes y moderadoras.<\/p>\n\n\n\n<p><a href=\"https:\/\/coghe.weebly.com\/\" data-type=\"link\" data-id=\"https:\/\/coghe.weebly.com\/\"><strong><strong>Sitio web del evento<\/strong><\/strong><\/a><\/p>\n\n\n\n<p><a href=\"https:\/\/anais.uel.br\/portal\/index.php\/coghe\" data-type=\"link\" data-id=\"https:\/\/anais.uel.br\/portal\/index.php\/coghe\"><strong>Anales<\/strong><\/a><\/p>\n<\/div><\/div>\n\n\n\n<p><strong>Seminario de Ciencia Transformadora Latinoamericana (CTL)<\/strong><\/p>\n\n\n\n<div class=\"wp-block-media-text alignwide is-stacked-on-mobile\"><figure class=\"wp-block-media-text__media\"><img loading=\"lazy\" decoding=\"async\" width=\"504\" height=\"184\" src=\"https:\/\/pos.uel.br\/geografia\/wp-content\/uploads\/2025\/05\/Sem-titulo-1.png\" alt=\"\" class=\"wp-image-4397 size-full\" srcset=\"https:\/\/pos.uel.br\/geografia\/wp-content\/uploads\/2025\/05\/Sem-titulo-1.png 504w, https:\/\/pos.uel.br\/geografia\/wp-content\/uploads\/2025\/05\/Sem-titulo-1-300x110.png 300w\" sizes=\"auto, (max-width: 504px) 100vw, 504px\" \/><\/figure><div class=\"wp-block-media-text__content\">\n<p>El\u00a0<strong>II Seminario de Ciencia Transformadora Latinoamericana (CTL)<\/strong>, organizado por la Prof. Ideni Terezinha Antonello, el Prof. Sergio Nabarro y los investigadores postdoctorales Caio Cezar Cunha y Danieli Barbosa de Araujo, fue otro resultado de las alianzas GIPAP y CTL. El evento cont\u00f3 con la participaci\u00f3n internacional del Prof. Hor\u00e1cio Bozzano (Universidad Nacional de La Plata) y el Prof. Conrado M\u00e1rquez (Universidad Aut\u00f3noma Chapingo), as\u00ed como miembros de la sociedad civil, l\u00edderes comunitarios y representantes de asentamientos del MST.<\/p>\n<\/div><\/div>\n","protected":false},"excerpt":{"rendered":"<p>Encuentro Internacional de Metodolog\u00edas Cualitativas de Investigaci\u00f3n y\/o Acci\u00f3n (MQPA) El Encuentro Internacional de Metodolog\u00edas Cualitativas de Investigaci\u00f3n y\/o Acci\u00f3n (MQPA) tuvo su primera edici\u00f3n en Uruguay, fruto de la colaboraci\u00f3n entre los grupos GIPAP y CTL. La segunda edici\u00f3n se realiz\u00f3 en Londrina, organizada por el PPGEO, y la tercera en Colombia. Ambas ediciones [&hellip;]<\/p>\n","protected":false},"author":14,"featured_media":0,"parent":0,"menu_order":0,"comment_status":"closed","ping_status":"closed","template":"","meta":{"_acf_changed":false,"footnotes":""},"class_list":["post-4402","page","type-page","status-publish","hentry"],"acf":[],"_links":{"self":[{"href":"https:\/\/pos.uel.br\/geografia\/wp-json\/wp\/v2\/pages\/4402","targetHints":{"allow":["GET"]}}],"collection":[{"href":"https:\/\/pos.uel.br\/geografia\/wp-json\/wp\/v2\/pages"}],"about":[{"href":"https:\/\/pos.uel.br\/geografia\/wp-json\/wp\/v2\/types\/page"}],"author":[{"embeddable":true,"href":"https:\/\/pos.uel.br\/geografia\/wp-json\/wp\/v2\/users\/14"}],"replies":[{"embeddable":true,"href":"https:\/\/pos.uel.br\/geografia\/wp-json\/wp\/v2\/comments?post=4402"}],"version-history":[{"count":2,"href":"https:\/\/pos.uel.br\/geografia\/wp-json\/wp\/v2\/pages\/4402\/revisions"}],"predecessor-version":[{"id":4406,"href":"https:\/\/pos.uel.br\/geografia\/wp-json\/wp\/v2\/pages\/4402\/revisions\/4406"}],"wp:attachment":[{"href":"https:\/\/pos.uel.br\/geografia\/wp-json\/wp\/v2\/media?parent=4402"}],"curies":[{"name":"wp","href":"https:\/\/api.w.org\/{rel}","templated":true}]}}