{"id":4166,"date":"2025-05-23T15:44:33","date_gmt":"2025-05-23T18:44:33","guid":{"rendered":"https:\/\/pos.uel.br\/geografia\/?page_id=4166"},"modified":"2025-05-23T15:44:33","modified_gmt":"2025-05-23T18:44:33","slug":"programa-de-doctorado-en-modalidad-sandwich","status":"publish","type":"page","link":"https:\/\/pos.uel.br\/geografia\/es\/programa-de-doctorado-en-modalidad-sandwich\/","title":{"rendered":"Programa de Doctorado en Modalidad Sandwich"},"content":{"rendered":"\n<p><\/p>\n\n\n\n<div class=\"wp-block-media-text alignwide has-media-on-the-right is-stacked-on-mobile is-vertically-aligned-center\"><div class=\"wp-block-media-text__content\">\n<p style=\"font-size:15px\">El Programa de Posgrado en Geograf\u00eda de la Universidad Estatal de Londrina (PPGEO-UEL) comunica la publicaci\u00f3n del&nbsp;<strong>Edital N\u00b0 04\/2024<\/strong>&nbsp;en el marco del&nbsp;<strong>PROGRAMA DE DOCTORADO SANDWICH EN EL EXTERIOR | PDSE &#8211; EDITAL CAPES N\u00b0 06\/2024<\/strong>, cuyo objetivo es seleccionar&nbsp;<strong>1 (un) doctorando<\/strong>&nbsp;para fomentar el intercambio cient\u00edfico y la cualificaci\u00f3n acad\u00e9mica de estudiantes brasile\u00f1os, mediante la concesi\u00f3n de&nbsp;<strong>1 beca en el exterior<\/strong>&nbsp;en modalidad Doctorado Sandwich, por un per\u00edodo de&nbsp;<strong>3 a 6 meses<\/strong>.<\/p>\n\n\n\n<p>Para consultar la convocatoria interna del Programa de Posgrado en Geograf\u00eda (PPGEO-UEL), visite la p\u00e1gina &#8220;Editales&#8221;:<br>\ud83d\udc49&nbsp;<a href=\"https:\/\/pos.uel.br\/geografia\/editais\" target=\"_blank\" rel=\"noreferrer noopener\">Editales PPGEO-UEL<\/a><\/p>\n\n\n\n<p style=\"font-size:15px\">Para m\u00e1s informaci\u00f3n, consulte la p\u00e1gina del programa PDSE:<br>\ud83d\udc49&nbsp;<a href=\"https:\/\/www.gov.br\/capes\/pt-br\/acesso-a-informacao\/acoes-e-programas\/bolsas\/bolsas-e-auxilios-internacionais\/encontre-aqui\/paises\/multinacional\/programa-de-doutorado-sanduiche-no-exterior-pdse\" target=\"_blank\" rel=\"noreferrer noopener\">Programa PDSE CAPES<\/a><\/p>\n<\/div><figure class=\"wp-block-media-text__media\"><img loading=\"lazy\" decoding=\"async\" width=\"400\" height=\"260\" src=\"https:\/\/pos.uel.br\/geografia\/wp-content\/uploads\/2024\/04\/images-1.jpg\" alt=\"\" class=\"wp-image-3130 size-full\" srcset=\"https:\/\/pos.uel.br\/geografia\/wp-content\/uploads\/2024\/04\/images-1.jpg 400w, https:\/\/pos.uel.br\/geografia\/wp-content\/uploads\/2024\/04\/images-1-300x195.jpg 300w\" sizes=\"auto, (max-width: 400px) 100vw, 400px\" \/><\/figure><\/div>\n\n\n\n<div class=\"wp-block-media-text alignwide is-stacked-on-mobile is-vertically-aligned-center\"><figure class=\"wp-block-media-text__media\"><img loading=\"lazy\" decoding=\"async\" width=\"746\" height=\"423\" src=\"https:\/\/pos.uel.br\/geografia\/wp-content\/uploads\/2023\/01\/d393d70a07644e68ad5e8d96cf4cad3e.png\" alt=\"\" class=\"wp-image-1144 size-full\" srcset=\"https:\/\/pos.uel.br\/geografia\/wp-content\/uploads\/2023\/01\/d393d70a07644e68ad5e8d96cf4cad3e.png 746w, https:\/\/pos.uel.br\/geografia\/wp-content\/uploads\/2023\/01\/d393d70a07644e68ad5e8d96cf4cad3e-300x170.png 300w\" sizes=\"auto, (max-width: 746px) 100vw, 746px\" \/><\/figure><div class=\"wp-block-media-text__content\">\n<p style=\"font-size:15px\">El Programa de Posgrado en Geograf\u00eda de la Universidad Estatal de Londrina (PPGEO-UEL) comunica la publicaci\u00f3n del&nbsp;<strong>Edital N\u00b0 03\/2023<\/strong>&nbsp;en el marco del&nbsp;<strong>PROGRAMA DE DOCTORADO SANDWICH EN EL EXTERIOR | PDSE &#8211; EDITAL CAPES N\u00b0 44\/2022<\/strong>, que tiene como objetivo seleccionar&nbsp;<strong>1 (un) doctorando<\/strong>&nbsp;para fomentar el intercambio cient\u00edfico mediante la concesi\u00f3n de&nbsp;<strong>1 beca en el exterior<\/strong>&nbsp;en modalidad Doctorado Sandwich, por un per\u00edodo de&nbsp;<strong>6 a 10 meses<\/strong>.<\/p>\n\n\n\n<p>La beca ser\u00e1 destinada a un(a) doctorando(a) del PPGEO-UEL.<\/p>\n\n\n\n<p style=\"font-size:15px\">Para m\u00e1s informaci\u00f3n:<br>\ud83d\udc49&nbsp;<a href=\"https:\/\/www.gov.br\/capes\/pt-br\/acesso-a-informacao\/acoes-e-programas\/bolsas\/bolsas-e-auxilios-internacionais\/encontre-aqui\/paises\/multinacional\/programa-de-doutorado-sanduiche-no-exterior-pdse\" target=\"_blank\" rel=\"noreferrer noopener\">Programa PDSE CAPES<\/a><\/p>\n<\/div><\/div>\n\n\n\n<h2 class=\"wp-block-heading\"><strong>Editales e Informaci\u00f3n<\/strong><\/h2>\n\n\n\n<p>\ud83d\udcc4\u00a0<strong><a href=\"https:\/\/drive.google.com\/file\/d\/19RKaycJwbxVQIy2DZ0NenL1mnKt8Llnx\/view?usp=sharing\" data-type=\"link\" data-id=\"https:\/\/drive.google.com\/file\/d\/19RKaycJwbxVQIy2DZ0NenL1mnKt8Llnx\/view?usp=sharing\">Edital 03\/2023<\/a><\/strong><br>\ud83d\udcc4\u00a0<strong><a href=\"https:\/\/www.gov.br\/capes\/pt-br\/centrais-de-conteudo\/editais\/22122022_Edital_1882688_Edital_44_2022.pdf\" data-type=\"link\" data-id=\"https:\/\/www.gov.br\/capes\/pt-br\/centrais-de-conteudo\/editais\/22122022_Edital_1882688_Edital_44_2022.pdf\">Edital CAPES<\/a><\/strong><br>\ud83d\udcc4\u00a0<strong><a href=\"https:\/\/www.gov.br\/capes\/pt-br\/centrais-de-conteudo\/editais\/22122022_Edital_1838427_Anexo_I___Termo_de_Outorga.pdf\" data-type=\"link\" data-id=\"https:\/\/www.gov.br\/capes\/pt-br\/centrais-de-conteudo\/editais\/22122022_Edital_1838427_Anexo_I___Termo_de_Outorga.pdf\">Anexo I &#8211; T\u00e9rmino de concesi\u00f3n y aceptaci\u00f3n de beca<\/a><\/strong><br>\ud83d\udcc4\u00a0<strong><a href=\"https:\/\/www.gov.br\/capes\/pt-br\/centrais-de-conteudo\/editais\/22122022_Edital_1838445_Anexo_II___Proficiencia.pdf\" data-type=\"link\" data-id=\"https:\/\/www.gov.br\/capes\/pt-br\/centrais-de-conteudo\/editais\/22122022_Edital_1838445_Anexo_II___Proficiencia.pdf\">Anexo II &#8211; Requisitos de dominio de idioma extranjero<\/a><\/strong><br>\ud83d\udcc4\u00a0<strong><a href=\"http:\/\/www.uel.br\/proppg\/portalnovo\/pages\/proppg\/plano-de-internacionalizacao.php\" data-type=\"link\" data-id=\"http:\/\/www.uel.br\/proppg\/portalnovo\/pages\/proppg\/plano-de-internacionalizacao.php\">Plan de Internacionalizaci\u00f3n UEL<\/a><\/strong><\/p>\n\n\n\n<p>Para consultas:<br>\ud83d\udce7&nbsp;<strong><a href=\"https:\/\/mailto:propgeo@uel.br\/\" target=\"_blank\" rel=\"noreferrer noopener\">propgeo@uel.br<\/a><\/strong><\/p>\n\n\n\n<hr class=\"wp-block-separator has-text-color has-site-background-color has-alpha-channel-opacity has-site-background-background-color has-background is-style-dots\" \/>\n\n\n\n<h2 class=\"wp-block-heading\"><strong>Becarios PDSE Anteriores<\/strong><br><\/h2>\n\n\n\n<h5 class=\"wp-block-heading\">2024\/2025 &#8211; Prof. Ms. Felipe Costa Aguiar<\/h5>\n\n\n\n<p><strong>Lattes:<\/strong> <a href=\"http:\/\/lattes.cnpq.br\/2449026426008665\" target=\"_blank\" rel=\"noreferrer noopener\">http:\/\/lattes.cnpq.br\/2449026426008665<\/a><\/p>\n\n\n\n<p><strong><strong><strong>Universidad de destino<\/strong><\/strong>:<\/strong> <a href=\"https:\/\/www.cbu.ca\/\" target=\"_blank\" rel=\"noreferrer noopener\">Cape Breton University<\/a><\/p>\n\n\n\n<p><strong><strong><strong>Directores<\/strong><\/strong>:<\/strong> Prof.\u00aa Dr.\u00aa Jeani Delgado Paschoal Moura (PPGEO\/UEL) e <a href=\"https:\/\/www.cbu.ca\/faculty-staff\/directory\/ellyn-lyle\/\" data-type=\"URL\" data-id=\"https:\/\/geog.ucalgary.ca\/profiles\/gwendolyn-blue\" target=\"_blank\" rel=\"noreferrer noopener\">Prof.\u00aa Dr.\u00aa Ellyn Lyle<\/a> (Cape Breton University)<\/p>\n\n\n\n<hr class=\"wp-block-separator has-text-color has-site-background-color has-alpha-channel-opacity has-site-background-background-color has-background is-style-dots\" \/>\n\n\n\n<h5 class=\"wp-block-heading\">2024\/2025 &#8211; Prof. Ms. Ramon Guerini C\u00e2ndido<\/h5>\n\n\n\n<p><strong>Lattes:<\/strong> <a href=\"http:\/\/lattes.cnpq.br\/8159972011067376\" target=\"_blank\" rel=\"noreferrer noopener\">http:\/\/lattes.cnpq.br\/8159972011067376<\/a><\/p>\n\n\n\n<p><strong><strong><strong><strong>Universidad de destino<\/strong><\/strong><\/strong>:<\/strong> <a href=\"https:\/\/www.ulisboa.pt\/\" data-type=\"link\" data-id=\"https:\/\/www.uc3m.es\/Home\" target=\"_blank\" rel=\"noreferrer noopener\">Universidade de Lisboa (ULisboa)<\/a><\/p>\n\n\n\n<p><strong><strong><strong><strong>Directores<\/strong><\/strong><\/strong>:<\/strong> Prof.\u00aa Dr.\u00aa Adriana Castreghini de Freitas Pereira (PPGEO\/UEL) e <a href=\"https:\/\/orcid.org\/0000-0002-5477-8657\" data-type=\"URL\" data-id=\"https:\/\/geog.ucalgary.ca\/profiles\/gwendolyn-blue\" target=\"_blank\" rel=\"noreferrer noopener\">Prof.\u00aa Dr.\u00aa Patricia Abrantes<\/a> (Universidade de Lisboa)<\/p>\n\n\n\n<hr class=\"wp-block-separator has-text-color has-site-background-color has-alpha-channel-opacity has-site-background-background-color has-background is-style-dots\" \/>\n\n\n\n<h5 class=\"wp-block-heading\">2024\/2025 &#8211; Prof. Ms. Jos\u00e9 Rafael Vilela da Silva<\/h5>\n\n\n\n<p><strong>Lattes:<\/strong> <a href=\"http:\/\/lattes.cnpq.br\/0420239333191707\" target=\"_blank\" rel=\"noreferrer noopener\">http:\/\/lattes.cnpq.br\/0420239333191707<\/a><\/p>\n\n\n\n<p><strong><strong><strong>Universidad de destino<\/strong><\/strong>:<\/strong> <a href=\"https:\/\/www.uc3m.es\/Home\" data-type=\"link\" data-id=\"https:\/\/www.uc3m.es\/Home\" target=\"_blank\" rel=\"noreferrer noopener\">Universidad Carlos III de Madrid &#8211; UC3M<\/a><\/p>\n\n\n\n<p><strong><strong><strong><strong>Directores<\/strong><\/strong><\/strong>:<\/strong> Prof.\u00aa Dr.\u00aa Jeani Delgado Paschoal Moura (PPGEO\/UEL) e <a href=\"https:\/\/www.uc3m.es\/ss\/Satellite\/GruposInvestigacion\/es\/TextoMixta\/1371274952635\/Paloma_Puente_Lozano\" data-type=\"URL\" data-id=\"https:\/\/geog.ucalgary.ca\/profiles\/gwendolyn-blue\" target=\"_blank\" rel=\"noreferrer noopener\">Prof.\u00aa Dr.\u00aa Paloma Puente Lozano<\/a> (Universidad Carlos III de Madrid)<\/p>\n\n\n\n<hr class=\"wp-block-separator has-text-color has-site-background-color has-alpha-channel-opacity has-site-background-background-color has-background is-style-dots\" \/>\n\n\n\n<h5 class=\"wp-block-heading\">2022\/2023 &#8211; Prof.\u00aa Dr.\u00aa Caroline Hatada Lima Bomfim<\/h5>\n\n\n\n<p><strong>Lattes:<\/strong> <a href=\"http:\/\/lattes.cnpq.br\/7200425460098904\" target=\"_blank\" rel=\"noreferrer noopener\">http:\/\/lattes.cnpq.br\/7200425460098904<\/a><\/p>\n\n\n\n<p><strong><strong><strong>Universidad de destino<\/strong><\/strong>:<\/strong> <a href=\"https:\/\/www.ucalgary.ca\/\" data-type=\"URL\" data-id=\"https:\/\/www.ucalgary.ca\/\" target=\"_blank\" rel=\"noreferrer noopener\">University of Calgary<\/a><\/p>\n\n\n\n<p><strong><strong><strong><strong>Directores<\/strong><\/strong><\/strong>:<\/strong> Prof.\u00aa Dr.\u00aa Eloiza Cristiane Torres (PPGEO\/UEL) e <a href=\"https:\/\/geog.ucalgary.ca\/profiles\/gwendolyn-blue\" data-type=\"URL\" data-id=\"https:\/\/geog.ucalgary.ca\/profiles\/gwendolyn-blue\">Prof.\u00aa Dr.\u00aa Gwendolyn Blue<\/a> (University of\u00a0Calgary)<\/p>\n\n\n\n<hr class=\"wp-block-separator has-text-color has-site-background-color has-alpha-channel-opacity has-site-background-background-color has-background is-style-dots\" \/>\n\n\n\n<h5 class=\"wp-block-heading\">2021\/2022 &#8211; Prof.\u00aa Dr.\u00aa Danieli Barbosa de Ara\u00fajo<\/h5>\n\n\n\n<p><strong>Lattes:<\/strong> <a href=\"http:\/\/lattes.cnpq.br\/4225431099248274\" target=\"_blank\" rel=\"noreferrer noopener\">http:\/\/lattes.cnpq.br\/4225431099248274<\/a><\/p>\n\n\n\n<p><strong><strong><strong>Universidad de destino<\/strong><\/strong>:<\/strong> <a href=\"https:\/\/web.ub.edu\/\" data-type=\"URL\" data-id=\"https:\/\/web.ub.edu\/\" target=\"_blank\" rel=\"noreferrer noopener\">Universitat de Barcelona<\/a><\/p>\n\n\n\n<p><strong><strong><strong><strong>Directores<\/strong><\/strong><\/strong>:<\/strong> Prof.\u00aa Dr.\u00aa Jeani Delgado Paschoal Moura (PPGEO\/UEL) e <a href=\"http:\/\/www.ub.edu\/gram\/membres\/joan-tort-donada\/\" data-type=\"URL\" data-id=\"http:\/\/www.ub.edu\/gram\/membres\/joan-tort-donada\/\" target=\"_blank\" rel=\"noreferrer noopener\">Prof. Dr. Joan Tort i Donada<\/a> (Universitat de Barcelona)<\/p>\n\n\n\n<hr class=\"wp-block-separator has-text-color has-site-background-color has-alpha-channel-opacity has-site-background-background-color has-background is-style-dots\" \/>\n\n\n\n<h5 class=\"wp-block-heading\">2018\/2019 &#8211; Prof. Dr. Vin\u00edcius Genaro<\/h5>\n\n\n\n<p><strong>Lattes:<\/strong> <a href=\"http:\/\/lattes.cnpq.br\/4762075996936740\" data-type=\"URL\" data-id=\"http:\/\/lattes.cnpq.br\/4762075996936740\" target=\"_blank\" rel=\"noreferrer noopener\">http:\/\/lattes.cnpq.br\/4762075996936740<\/a><\/p>\n\n\n\n<p><strong><strong><strong>Universidad de destino<\/strong><\/strong>:<\/strong> <a href=\"https:\/\/www.ua.es\/es\/\" data-type=\"URL\" data-id=\"https:\/\/www.ua.es\/es\/\" target=\"_blank\" rel=\"noreferrer noopener\">Universidad de Alicante<\/a><\/p>\n\n\n\n<p><strong><strong><strong><strong><strong>Directores<\/strong><\/strong><\/strong><\/strong>:<\/strong> Prof. Dr. Jos\u00e9 Paulo Peccinini Pinese (PPGEO\/UEL) e <a href=\"https:\/\/web.ua.es\/es\/dsoc1\/personal-docente-e-investigador\/antonio-aledo-tur\/antonio-aledo-tur.html\" data-type=\"URL\" data-id=\"https:\/\/web.ua.es\/es\/dsoc1\/personal-docente-e-investigador\/antonio-aledo-tur\/antonio-aledo-tur.html\" target=\"_blank\" rel=\"noreferrer noopener\">Prof. Dr. Antonio Aledo Tur<\/a> (Universidad de Alicante)<\/p>\n\n\n\n<hr class=\"wp-block-separator has-text-color has-site-background-color has-alpha-channel-opacity has-site-background-background-color has-background is-style-dots\" \/>\n\n\n\n<h5 class=\"wp-block-heading\">2016\/2017 &#8211; Prof. Dr. Dean Gomes de Oliveira<\/h5>\n\n\n\n<p><strong>Lattes:<\/strong> <a href=\"http:\/\/lattes.cnpq.br\/7225215274092354\" target=\"_blank\" rel=\"noreferrer noopener\">http:\/\/lattes.cnpq.br\/7225215274092354<\/a><\/p>\n\n\n\n<p><strong><strong><strong>Universidad de destino<\/strong><\/strong>:<\/strong> <a href=\"https:\/\/www.uam.es\/uam\/inicio\" data-type=\"URL\" data-id=\"https:\/\/www.uam.es\/uam\/inicio\" target=\"_blank\" rel=\"noreferrer noopener\">Universidad Aut\u00f3noma de Madrid<\/a><\/p>\n\n\n\n<p><strong><strong><strong><strong><strong><strong>Directores<\/strong><\/strong><\/strong><\/strong><\/strong>:<\/strong> Prof. Dr. Nilson Cesar Fraga (PPGEO\/UEL) e <a href=\"https:\/\/www.uam.es\/FyL\/Barrado-Tim%C3%B3n,-Diego-A.-\/1242658492733.htm?language=es&amp;pid=1242658884474&amp;title=Barrado%20Tim?n,%20Diego%20A.\" data-type=\"URL\" data-id=\"https:\/\/www.uam.es\/FyL\/Barrado-Tim%C3%B3n,-Diego-A.-\/1242658492733.htm?language=es&amp;pid=1242658884474&amp;title=Barrado%20Tim?n,%20Diego%20A.\" target=\"_blank\" rel=\"noreferrer noopener\">Prof. Dr. Diego Antonio Barrado Tim\u00f3n<\/a> (Universidad Aut\u00f3noma de Madrid)<\/p>\n","protected":false},"excerpt":{"rendered":"<p>El Programa de Posgrado en Geograf\u00eda de la Universidad Estatal de Londrina (PPGEO-UEL) comunica la publicaci\u00f3n del&nbsp;Edital N\u00b0 04\/2024&nbsp;en el marco del&nbsp;PROGRAMA DE DOCTORADO SANDWICH EN EL EXTERIOR | PDSE &#8211; EDITAL CAPES N\u00b0 06\/2024, cuyo objetivo es seleccionar&nbsp;1 (un) doctorando&nbsp;para fomentar el intercambio cient\u00edfico y la cualificaci\u00f3n acad\u00e9mica de estudiantes brasile\u00f1os, mediante la concesi\u00f3n [&hellip;]<\/p>\n","protected":false},"author":14,"featured_media":0,"parent":0,"menu_order":0,"comment_status":"closed","ping_status":"closed","template":"","meta":{"_acf_changed":false,"footnotes":""},"class_list":["post-4166","page","type-page","status-publish","hentry"],"acf":[],"_links":{"self":[{"href":"https:\/\/pos.uel.br\/geografia\/wp-json\/wp\/v2\/pages\/4166","targetHints":{"allow":["GET"]}}],"collection":[{"href":"https:\/\/pos.uel.br\/geografia\/wp-json\/wp\/v2\/pages"}],"about":[{"href":"https:\/\/pos.uel.br\/geografia\/wp-json\/wp\/v2\/types\/page"}],"author":[{"embeddable":true,"href":"https:\/\/pos.uel.br\/geografia\/wp-json\/wp\/v2\/users\/14"}],"replies":[{"embeddable":true,"href":"https:\/\/pos.uel.br\/geografia\/wp-json\/wp\/v2\/comments?post=4166"}],"version-history":[{"count":1,"href":"https:\/\/pos.uel.br\/geografia\/wp-json\/wp\/v2\/pages\/4166\/revisions"}],"predecessor-version":[{"id":4167,"href":"https:\/\/pos.uel.br\/geografia\/wp-json\/wp\/v2\/pages\/4166\/revisions\/4167"}],"wp:attachment":[{"href":"https:\/\/pos.uel.br\/geografia\/wp-json\/wp\/v2\/media?parent=4166"}],"curies":[{"name":"wp","href":"https:\/\/api.w.org\/{rel}","templated":true}]}}